{"id":15445,"date":"2023-12-22T13:15:39","date_gmt":"2023-12-22T12:15:39","guid":{"rendered":"https:\/\/concellodesober.com\/alcaldia\/"},"modified":"2026-04-23T16:50:37","modified_gmt":"2026-04-23T14:50:37","slug":"alcaldia","status":"publish","type":"page","link":"https:\/\/concellodesober.com\/en\/alcaldia\/","title":{"rendered":"Alcald\u00eda"},"content":{"rendered":"[vc_row ct_row_stretch=&#8221;stretch_row_content_no_spaces&#8221; full_width=&#8221;stretch_row_content_no_spaces&#8221; use_row_as_full_screen_section=&#8221;no&#8221; type=&#8221;full_width&#8221;][vc_column][vc_single_image image=&#8221;15448&#8243; img_size=&#8221;full&#8221;][\/vc_column][\/vc_row][vc_row ct_row_stretch=&#8221;stretch_row_content_no_spaces&#8221; ct_bg_color=&#8221;#f9f9f9&#8243; bg_type=&#8221;bg_color&#8221; bg_color_value=&#8221;#f9f9f9&#8243;][vc_column]<div id=\"ultimate-heading-187369fb401719fad\" class=\"uvc-heading ult-adjust-bottom-margin ultimate-heading-187369fb401719fad uvc-2504 \" data-hspacer=\"no_spacer\"  data-halign=\"center\" style=\"text-align:center\"><div class=\"uvc-heading-spacer no_spacer\" style=\"top\"><\/div><div class=\"uvc-main-heading ult-responsive\"  data-ultimate-target='.uvc-heading.ultimate-heading-187369fb401719fad h2'  data-responsive-json-new='{\"font-size\":\"desktop:40px;tablet:40px;tablet_portrait:30px;mobile_landscape:30px;mobile:20px;\",\"line-height\":\"\"}' ><h2 style=\"font-weight:normal;color:#000000;margin-top:80px;margin-bottom:80px;\">- MAYOR'S OFFICE -<\/h2><\/div><\/div>[\/vc_column][\/vc_row][vc_row ct_row_stretch=&#8221;&#8221;][vc_column]<div class=\"ult-spacer spacer-69fb40171a02a\" data-id=\"69fb40171a02a\" data-height=\"30\" data-height-mobile=\"20\" data-height-tab=\"20\" data-height-tab-portrait=\"20\" data-height-mobile-landscape=\"20\" style=\"clear:both;display:block;\"><\/div>[\/vc_column][\/vc_row][vc_row ct_row_stretch=&#8221;&#8221;][vc_column width=&#8221;1\/4&#8243; css=&#8221;.vc_custom_1707307919031{background-color: #f0f0f0 !important;}&#8221;][vc_wp_custommenu nav_menu=&#8221;79&#8243;][\/vc_column][vc_column width=&#8221;3\/4&#8243;][vc_row_inner][vc_column_inner width=&#8221;1\/2&#8243;][vc_single_image image=&#8221;15447&#8243; img_size=&#8221;full&#8221;][\/vc_column_inner][vc_column_inner width=&#8221;1\/2&#8243;][vc_column_text]<strong>Sober welcomes you through new technologies<\/strong><\/p>\n<p>In line with our commitment to provide the Town Council with new technologies, we are pleased to introduce a website for citizen services available to everyone. This site has been significantly improved, attractively designed and intended to become a useful and effective space for dialogue.<\/p>\n<p>The goal is to keep evolving thanks to your suggestions and feedback, thereby making Sober a leading Town Council, that deserves to be shown and known as there is so much to Sober.<\/p>\n<p>Thanks to our resources, we can offer a wide and unique array of tourist, cultural, sporting, gastronomic and leisure experiences.<\/p>\n<p>For me, as Mayor and especially being a native of Sober, it is more than just a Local Council, it is a great area with a multitude of possibilities for social and cultural exchange. We have an inspiring environment that must grow and evolve so that we can all bring our personal projects to life in a climate of dynamism, respect, coexistence and creativity.<\/p>\n<p>Through this website, I invite you to share your ideas and projects with us, so that together we can design, promote and develop Sober\u2019s future, whilst valuing its present and treasuring its past.<\/p>\n<p>&nbsp;<\/p>\n<p>Lu\u00eds Fern\u00e1ndez Guiti\u00e1n<\/p>\n<p>(Mayor of Sober)<\/p>\n<p>Contact: <a href=\"mailto:alcaldia@concellodesober.com\">alcaldia@concellodesober.com<\/a>[\/vc_column_text][\/vc_column_inner][\/vc_row_inner]<div class=\"ult-spacer spacer-69fb40171a073\" data-id=\"69fb40171a073\" data-height=\"30\" data-height-mobile=\"20\" data-height-tab=\"20\" data-height-tab-portrait=\"20\" data-height-mobile-landscape=\"20\" style=\"clear:both;display:block;\"><\/div>[vc_single_image image=&#8221;15632&#8243; img_size=&#8221;full&#8221;][\/vc_column][\/vc_row][vc_row ct_row_stretch=&#8221;&#8221;][vc_column]<div class=\"ult-spacer spacer-69fb40171a0b4\" data-id=\"69fb40171a0b4\" data-height=\"86\" data-height-mobile=\"86\" data-height-tab=\"86\" data-height-tab-portrait=\"\" data-height-mobile-landscape=\"\" style=\"clear:both;display:block;\"><\/div>[\/vc_column][\/vc_row]\n","protected":false},"excerpt":{"rendered":"<p>[vc_row ct_row_stretch=&#8221;stretch_row_content_no_spaces&#8221; full_width=&#8221;stretch_row_content_no_spaces&#8221; use_row_as_full_screen_section=&#8221;no&#8221; type=&#8221;full_width&#8221;][vc_column][vc_single_image image=&#8221;15448&#8243; img_size=&#8221;full&#8221;][\/vc_column][\/vc_row][vc_row ct_row_stretch=&#8221;stretch_row_content_no_spaces&#8221; ct_bg_color=&#8221;#f9f9f9&#8243; bg_type=&#8221;bg_color&#8221; bg_color_value=&#8221;#f9f9f9&#8243;][vc_column][\/vc_column][\/vc_row][vc_row ct_row_stretch=&#8221;&#8221;][vc_column][\/vc_column][\/vc_row][vc_row ct_row_stretch=&#8221;&#8221;][vc_column width=&#8221;1\/4&#8243; css=&#8221;.vc_custom_1707307919031{background-color: #f0f0f0 !important;}&#8221;][vc_wp_custommenu nav_menu=&#8221;79&#8243;][\/vc_column][vc_column width=&#8221;3\/4&#8243;][vc_row_inner][vc_column_inner width=&#8221;1\/2&#8243;][vc_single_image image=&#8221;15447&#8243; img_size=&#8221;full&#8221;][\/vc_column_inner][vc_column_inner width=&#8221;1\/2&#8243;][vc_column_text]Sober welcomes you through new technologies In line &#8230;<\/p>\n","protected":false},"author":1,"featured_media":0,"parent":0,"menu_order":0,"comment_status":"closed","ping_status":"closed","template":"","meta":{"footnotes":""},"class_list":["post-15445","page","type-page","status-publish","hentry"],"_links":{"self":[{"href":"https:\/\/concellodesober.com\/en\/wp-json\/wp\/v2\/pages\/15445","targetHints":{"allow":["GET"]}}],"collection":[{"href":"https:\/\/concellodesober.com\/en\/wp-json\/wp\/v2\/pages"}],"about":[{"href":"https:\/\/concellodesober.com\/en\/wp-json\/wp\/v2\/types\/page"}],"author":[{"embeddable":true,"href":"https:\/\/concellodesober.com\/en\/wp-json\/wp\/v2\/users\/1"}],"replies":[{"embeddable":true,"href":"https:\/\/concellodesober.com\/en\/wp-json\/wp\/v2\/comments?post=15445"}],"version-history":[{"count":10,"href":"https:\/\/concellodesober.com\/en\/wp-json\/wp\/v2\/pages\/15445\/revisions"}],"predecessor-version":[{"id":16169,"href":"https:\/\/concellodesober.com\/en\/wp-json\/wp\/v2\/pages\/15445\/revisions\/16169"}],"wp:attachment":[{"href":"https:\/\/concellodesober.com\/en\/wp-json\/wp\/v2\/media?parent=15445"}],"curies":[{"name":"wp","href":"https:\/\/api.w.org\/{rel}","templated":true}]}}