{"id":15516,"date":"2024-04-22T12:52:33","date_gmt":"2024-04-22T10:52:33","guid":{"rendered":"https:\/\/concellodesober.com\/biblioteca-municipal\/"},"modified":"2026-04-22T17:02:41","modified_gmt":"2026-04-22T15:02:41","slug":"biblioteca-municipal","status":"publish","type":"page","link":"https:\/\/concellodesober.com\/en\/biblioteca-municipal\/","title":{"rendered":"Biblioteca municipal"},"content":{"rendered":"[vc_row ct_row_stretch=&#8221;stretch_row_content_no_spaces&#8221; full_width=&#8221;stretch_row_content_no_spaces&#8221; use_row_as_full_screen_section=&#8221;no&#8221; type=&#8221;full_width&#8221;][vc_column][vc_single_image image=&#8221;15518&#8243; img_size=&#8221;full&#8221;][\/vc_column][\/vc_row][vc_row ct_row_stretch=&#8221;&#8221; bg_type=&#8221;bg_color&#8221; bg_color_value=&#8221;#f9f9f9&#8243;][vc_column]<div id=\"ultimate-heading-176669fb5e51f3cbc\" class=\"uvc-heading ult-adjust-bottom-margin ultimate-heading-176669fb5e51f3cbc uvc-6208 \" data-hspacer=\"no_spacer\"  data-halign=\"center\" style=\"text-align:center\"><div class=\"uvc-heading-spacer no_spacer\" style=\"top\"><\/div><div class=\"uvc-main-heading ult-responsive\"  data-ultimate-target='.uvc-heading.ultimate-heading-176669fb5e51f3cbc h2'  data-responsive-json-new='{\"font-size\":\"desktop:40px;tablet:40px;tablet_portrait:30px;mobile_landscape:30px;mobile:20px;\",\"line-height\":\"\"}' ><h2 style=\"font-weight:normal;color:#000000;margin-top:80px;margin-bottom:80px;\">- BIBLIOTECA MUNICIPAL -<\/h2><\/div><\/div>[\/vc_column][\/vc_row][vc_row ct_row_stretch=&#8221;&#8221;][vc_column]<div class=\"ult-spacer spacer-69fb5e51f3d4e\" data-id=\"69fb5e51f3d4e\" data-height=\"30\" data-height-mobile=\"20\" data-height-tab=\"20\" data-height-tab-portrait=\"20\" data-height-mobile-landscape=\"20\" style=\"clear:both;display:block;\"><\/div>[\/vc_column][\/vc_row][vc_row ct_row_stretch=&#8221;&#8221;][vc_column width=&#8221;1\/4&#8243; css=&#8221;.vc_custom_1707307919031{background-color: #f0f0f0 !important;}&#8221;][vc_wp_custommenu nav_menu=&#8221;85&#8243;][\/vc_column][vc_column width=&#8221;3\/4&#8243;][vc_column_text]Creada no ano 1994, a Biblioteca P\u00fablica Municipal (BPM) do Concello de Sober at\u00f3pase situada no centro da capitalidade, na primeira planta do Edificio Sociocultural. Distribu\u00edda en dous espazos: infantil\/xuvenil e adultos. Conta ademais cunha zona con ordenadores de uso p\u00fablico.<\/p>\n<p>A biblioteca est\u00e1 integrada na Rede de Bibliotecas P\u00fablicas de Galicia e ser\u00e1 necesario un carn\u00e9, totalmente gratu\u00edto, para utilizar aqueles servizos que necesiten unha identificaci\u00f3n, por exemplo o pr\u00e9stamo de libros, revistas ou pel\u00edculas. <a href=\"https:\/\/rbgalicia.xunta.gal\/gl\/carne-da-biblioteca\">Carn\u00e9 da biblioteca | Rede de Bibliotecas de Galicia<\/a><\/p>\n<p>A Rede de Bibliotecas P\u00fablicas de Galicia pon \u00e1 s\u00faa disposici\u00f3n d\u00faas aplicaci\u00f3ns m\u00f3biles coas que pode acceder aos servizos da rede desde o seu tel\u00e9fono m\u00f3bil ou tablet: app da Rede de Bibliotecas de Galicia e app eBiblio-Galicia.<\/p>\n<p><strong>Horario da biblioteca:<br \/>\n<\/strong><strong>Inverno:<\/strong> Luns de 16:00 a 20:00 h | martes a venres de 11:00 a 13:00 e de 16:00 a 20:00 h | s\u00e1bados de 11:00 a 13:00 h.<br \/>\n<strong>Ver\u00e1n:<\/strong> Luns a venres de 9:00 a 14:00 h.<\/p>\n<p><strong><br \/>\nServizos:<br \/>\n<\/strong><\/p>\n<p>*Accesible a persoas con discapacidade f\u00edsica.<br \/>\n*Consulta do cat\u00e1logo de fondos bibliogr\u00e1ficos: <a href=\"https:\/\/rbgalicia.xunta.gal\/gl\/catalogo-da-rede-de-bibliotecas-publicas-de-galicia\">Cat\u00e1logo da Rede de Bibliotecas P\u00fablicas de Galicia | Rede de Bibliotecas de Galicia<\/a><br \/>\n*Consulta p\u00fablica e gratu\u00edta de internet; toda a biblioteca \u00e9 unha zona wifi.<br \/>\n*Formaci\u00f3n de usuarios.<br \/>\n*Informaci\u00f3n bibliogr\u00e1fica.<br \/>\n*Lectura e consulta en sala.<br \/>\n*Pr\u00e9stamo.<br \/>\n*Actividades de promoci\u00f3n da lectura e actividades culturais.<\/p>\n<p>Neste apartado destacamos a programaci\u00f3n anual destinada aos diferentes colectivos do noso municipio:<\/p>\n<ol>\n<li>Actividades de dinamizaci\u00f3n inclu\u00eddas no\u00a0<strong>Club de lectura Pintor de Castinande<\/strong>para p\u00fablico adulto.<\/li>\n<li>Obradoiros e charlas que se realizan no\u00a0<strong>\u201cFaladoiro dos luns\u201d<\/strong>.<\/li>\n<li>En relaci\u00f3n aos nenos e nenas, existe unha programaci\u00f3n anual denominada\u00a0<strong>\u201cMerendas con Contos\u201d<\/strong>, que comprende unha serie de actividades encami\u00f1adas \u00e1 promoci\u00f3n da lectura.<\/li>\n<li>No ver\u00e1n, o Concello organiza un\u00a0<strong>campamento<\/strong> para nenos e nenas entre 4 e 12 anos.<\/li>\n<\/ol>\n<p>Todas estas actividades est\u00e1n recollidas no noso blog: <strong>https:\/\/bibliotecapublicasober.blogspot.com\/<\/strong>, no noso Instagram <strong>@bibliotecasober<\/strong> ou nas redes sociais do Concello de Sober.<\/p>\n<p><strong>Centro Sociocultural \u2013 Praza do Concello s\/n<br \/>\n<\/strong><strong><a href=\"mailto:biblioteca@concellodesober.com\">biblioteca@concellodesober.com<\/a><br \/>\n<\/strong>Tel\u00e9fono: 982 460 414<br \/>\nFax: 982 460 002[\/vc_column_text]<div class=\"ult-spacer spacer-69fb5e51f3de3\" data-id=\"69fb5e51f3de3\" data-height=\"30\" data-height-mobile=\"20\" data-height-tab=\"20\" data-height-tab-portrait=\"20\" data-height-mobile-landscape=\"20\" style=\"clear:both;display:block;\"><\/div>[vc_single_image image=&#8221;15632&#8243; img_size=&#8221;full&#8221;][vc_images_carousel images=&#8221;15522,15521,15520,15519&#8243; img_size=&#8221;full&#8221; slides_per_view=&#8221;2&#8243; autoplay=&#8221;yes&#8221; hide_pagination_control=&#8221;yes&#8221; wrap=&#8221;yes&#8221;]<div class=\"ult-spacer spacer-69fb5e51f3e3e\" data-id=\"69fb5e51f3e3e\" data-height=\"30\" data-height-mobile=\"20\" data-height-tab=\"20\" data-height-tab-portrait=\"20\" data-height-mobile-landscape=\"20\" style=\"clear:both;display:block;\"><\/div>[\/vc_column][\/vc_row][vc_row ct_row_stretch=&#8221;&#8221;][vc_column]<div class=\"ult-spacer spacer-69fb5e51f3e8f\" data-id=\"69fb5e51f3e8f\" data-height=\"86\" data-height-mobile=\"86\" data-height-tab=\"86\" data-height-tab-portrait=\"\" data-height-mobile-landscape=\"\" style=\"clear:both;display:block;\"><\/div>[\/vc_column][\/vc_row]\n","protected":false},"excerpt":{"rendered":"<p>[vc_row ct_row_stretch=&#8221;stretch_row_content_no_spaces&#8221; full_width=&#8221;stretch_row_content_no_spaces&#8221; use_row_as_full_screen_section=&#8221;no&#8221; type=&#8221;full_width&#8221;][vc_column][vc_single_image image=&#8221;15518&#8243; img_size=&#8221;full&#8221;][\/vc_column][\/vc_row][vc_row ct_row_stretch=&#8221;&#8221; bg_type=&#8221;bg_color&#8221; bg_color_value=&#8221;#f9f9f9&#8243;][vc_column][\/vc_column][\/vc_row][vc_row ct_row_stretch=&#8221;&#8221;][vc_column][\/vc_column][\/vc_row][vc_row ct_row_stretch=&#8221;&#8221;][vc_column width=&#8221;1\/4&#8243; css=&#8221;.vc_custom_1707307919031{background-color: #f0f0f0 !important;}&#8221;][vc_wp_custommenu nav_menu=&#8221;85&#8243;][\/vc_column][vc_column width=&#8221;3\/4&#8243;][vc_column_text]Creada no ano 1994, a Biblioteca P\u00fablica Municipal (BPM) do Concello de Sober &#8230;<\/p>\n","protected":false},"author":1,"featured_media":0,"parent":0,"menu_order":0,"comment_status":"closed","ping_status":"closed","template":"","meta":{"footnotes":""},"class_list":["post-15516","page","type-page","status-publish","hentry"],"_links":{"self":[{"href":"https:\/\/concellodesober.com\/en\/wp-json\/wp\/v2\/pages\/15516","targetHints":{"allow":["GET"]}}],"collection":[{"href":"https:\/\/concellodesober.com\/en\/wp-json\/wp\/v2\/pages"}],"about":[{"href":"https:\/\/concellodesober.com\/en\/wp-json\/wp\/v2\/types\/page"}],"author":[{"embeddable":true,"href":"https:\/\/concellodesober.com\/en\/wp-json\/wp\/v2\/users\/1"}],"replies":[{"embeddable":true,"href":"https:\/\/concellodesober.com\/en\/wp-json\/wp\/v2\/comments?post=15516"}],"version-history":[{"count":31,"href":"https:\/\/concellodesober.com\/en\/wp-json\/wp\/v2\/pages\/15516\/revisions"}],"predecessor-version":[{"id":16156,"href":"https:\/\/concellodesober.com\/en\/wp-json\/wp\/v2\/pages\/15516\/revisions\/16156"}],"wp:attachment":[{"href":"https:\/\/concellodesober.com\/en\/wp-json\/wp\/v2\/media?parent=15516"}],"curies":[{"name":"wp","href":"https:\/\/api.w.org\/{rel}","templated":true}]}}