{"id":15555,"date":"2024-02-07T10:58:16","date_gmt":"2024-02-07T09:58:16","guid":{"rendered":"https:\/\/concellodesober.com\/corporacion-municipal\/"},"modified":"2026-04-24T13:40:41","modified_gmt":"2026-04-24T11:40:41","slug":"corporacion-municipal","status":"publish","type":"page","link":"https:\/\/concellodesober.com\/en\/corporacion-municipal\/","title":{"rendered":"Corporaci\u00f3n municipal"},"content":{"rendered":"[vc_row ct_row_stretch=&#8221;stretch_row_content_no_spaces&#8221; full_width=&#8221;stretch_row_content_no_spaces&#8221; use_row_as_full_screen_section=&#8221;no&#8221; type=&#8221;full_width&#8221;][vc_column][vc_single_image image=&#8221;15448&#8243; img_size=&#8221;full&#8221;][\/vc_column][\/vc_row][vc_row ct_row_stretch=&#8221;&#8221; bg_type=&#8221;bg_color&#8221; bg_color_value=&#8221;#f9f9f9&#8243;][vc_column]<div id=\"ultimate-heading-995969fb4c434ee1b\" class=\"uvc-heading ult-adjust-bottom-margin ultimate-heading-995969fb4c434ee1b uvc-6989 \" data-hspacer=\"no_spacer\"  data-halign=\"center\" style=\"text-align:center\"><div class=\"uvc-heading-spacer no_spacer\" style=\"top\"><\/div><div class=\"uvc-main-heading ult-responsive\"  data-ultimate-target='.uvc-heading.ultimate-heading-995969fb4c434ee1b h2'  data-responsive-json-new='{\"font-size\":\"desktop:40px;tablet:40px;tablet_portrait:30px;mobile_landscape:30px;mobile:20px;\",\"line-height\":\"\"}' ><h2 style=\"font-weight:normal;color:#000000;margin-top:80px;margin-bottom:80px;\">- COUNCIL MEMBERS -<\/h2><\/div><\/div>[\/vc_column][\/vc_row][vc_row ct_row_stretch=&#8221;&#8221;][vc_column]<div class=\"ult-spacer spacer-69fb4c434eeb5\" data-id=\"69fb4c434eeb5\" data-height=\"30\" data-height-mobile=\"20\" data-height-tab=\"20\" data-height-tab-portrait=\"20\" data-height-mobile-landscape=\"20\" style=\"clear:both;display:block;\"><\/div>[\/vc_column][\/vc_row][vc_row ct_row_stretch=&#8221;&#8221;][vc_column width=&#8221;1\/4&#8243; css=&#8221;.vc_custom_1707377719576{background-color: #f0f0f0 !important;}&#8221;][vc_wp_custommenu nav_menu=&#8221;79&#8243;][\/vc_column][vc_column width=&#8221;3\/4&#8243;][vc_row_inner][vc_column_inner width=&#8221;1\/6&#8243;][vc_single_image image=&#8221;15556&#8243; img_size=&#8221;100&#215;100&#8243; alignment=&#8221;center&#8221;]<div id=\"ultimate-heading-174369fb4c434ef1c\" class=\"uvc-heading ult-adjust-bottom-margin ultimate-heading-174369fb4c434ef1c uvc-7645 \" data-hspacer=\"no_spacer\"  data-halign=\"center\" style=\"text-align:center\"><div class=\"uvc-heading-spacer no_spacer\" style=\"top\"><\/div><div class=\"uvc-sub-heading ult-responsive\"  data-ultimate-target='.uvc-heading.ultimate-heading-174369fb4c434ef1c .uvc-sub-heading '  data-responsive-json-new='{\"font-size\":\"\",\"line-height\":\"\"}'  style=\"font-weight:normal;\">\n<p style=\"text-align: center;\"><strong>Mayor<\/strong><\/p>\n<p style=\"text-align: center;\">Luis Fern\u00e1ndez Guiti\u00e1n<\/p>\n<\/div><\/div>[\/vc_column_inner][vc_column_inner width=&#8221;1\/6&#8243;][vc_single_image image=&#8221;15556&#8243; img_size=&#8221;100&#215;100&#8243; alignment=&#8221;center&#8221;]<div id=\"ultimate-heading-486869fb4c434ef8b\" class=\"uvc-heading ult-adjust-bottom-margin ultimate-heading-486869fb4c434ef8b uvc-3414 \" data-hspacer=\"no_spacer\"  data-halign=\"center\" style=\"text-align:center\"><div class=\"uvc-heading-spacer no_spacer\" style=\"top\"><\/div><div class=\"uvc-sub-heading ult-responsive\"  data-ultimate-target='.uvc-heading.ultimate-heading-486869fb4c434ef8b .uvc-sub-heading '  data-responsive-json-new='{\"font-size\":\"\",\"line-height\":\"\"}'  style=\"font-weight:normal;\">\n<p style=\"text-align: center;\"><strong>Councillor<\/strong><\/p>\n<p style=\"text-align: center;\">Iv\u00e1n Armesto Fern\u00e1ndez<\/p>\n<\/div><\/div>[\/vc_column_inner][vc_column_inner width=&#8221;1\/6&#8243;][vc_single_image image=&#8221;15556&#8243; img_size=&#8221;100&#215;100&#8243; alignment=&#8221;center&#8221;]<div id=\"ultimate-heading-308869fb4c434eff7\" class=\"uvc-heading ult-adjust-bottom-margin ultimate-heading-308869fb4c434eff7 uvc-3277 \" data-hspacer=\"no_spacer\"  data-halign=\"center\" style=\"text-align:center\"><div class=\"uvc-heading-spacer no_spacer\" style=\"top\"><\/div><div class=\"uvc-sub-heading ult-responsive\"  data-ultimate-target='.uvc-heading.ultimate-heading-308869fb4c434eff7 .uvc-sub-heading '  data-responsive-json-new='{\"font-size\":\"\",\"line-height\":\"\"}'  style=\"font-weight:normal;\">\n<p style=\"text-align: center;\"><strong>Councillor<\/strong><\/p>\n<p style=\"text-align: center;\">Sonia Fern\u00e1ndez Mart\u00ednez<\/p>\n<\/div><\/div>[\/vc_column_inner][vc_column_inner width=&#8221;1\/6&#8243;][vc_single_image image=&#8221;15556&#8243; img_size=&#8221;100&#215;100&#8243; alignment=&#8221;center&#8221;]<div id=\"ultimate-heading-855269fb4c434f05f\" class=\"uvc-heading ult-adjust-bottom-margin ultimate-heading-855269fb4c434f05f uvc-6877 \" data-hspacer=\"no_spacer\"  data-halign=\"center\" style=\"text-align:center\"><div class=\"uvc-heading-spacer no_spacer\" style=\"top\"><\/div><div class=\"uvc-sub-heading ult-responsive\"  data-ultimate-target='.uvc-heading.ultimate-heading-855269fb4c434f05f .uvc-sub-heading '  data-responsive-json-new='{\"font-size\":\"\",\"line-height\":\"\"}'  style=\"font-weight:normal;\">\n<p style=\"text-align: center;\"><strong>\u00a0Councillor<\/strong><\/p>\n<p style=\"text-align: center;\">Carmen P\u00e9rez P\u00e9rez<\/p>\n<\/div><\/div>[\/vc_column_inner][vc_column_inner width=&#8221;1\/6&#8243;][vc_single_image image=&#8221;15556&#8243; img_size=&#8221;100&#215;100&#8243; alignment=&#8221;center&#8221;]<div id=\"ultimate-heading-674869fb4c434f0c7\" class=\"uvc-heading ult-adjust-bottom-margin ultimate-heading-674869fb4c434f0c7 uvc-7291 \" data-hspacer=\"no_spacer\"  data-halign=\"center\" style=\"text-align:center\"><div class=\"uvc-heading-spacer no_spacer\" style=\"top\"><\/div><div class=\"uvc-sub-heading ult-responsive\"  data-ultimate-target='.uvc-heading.ultimate-heading-674869fb4c434f0c7 .uvc-sub-heading '  data-responsive-json-new='{\"font-size\":\"\",\"line-height\":\"\"}'  style=\"font-weight:normal;\">\n<p style=\"text-align: center;\"><strong>Councillor<\/strong><\/p>\n<p style=\"text-align: center;\">Abel L\u00f3pez Fern\u00e1ndez<\/p>\n<\/div><\/div>[\/vc_column_inner][vc_column_inner width=&#8221;1\/6&#8243;][vc_single_image image=&#8221;15556&#8243; img_size=&#8221;100&#215;100&#8243; alignment=&#8221;center&#8221;]<div id=\"ultimate-heading-204069fb4c434f12f\" class=\"uvc-heading ult-adjust-bottom-margin ultimate-heading-204069fb4c434f12f uvc-8158 \" data-hspacer=\"no_spacer\"  data-halign=\"center\" style=\"text-align:center\"><div class=\"uvc-heading-spacer no_spacer\" style=\"top\"><\/div><div class=\"uvc-sub-heading ult-responsive\"  data-ultimate-target='.uvc-heading.ultimate-heading-204069fb4c434f12f .uvc-sub-heading '  data-responsive-json-new='{\"font-size\":\"\",\"line-height\":\"\"}'  style=\"font-weight:normal;\">\n<p style=\"text-align: center;\"><strong>Councillor<\/strong><\/p>\n<p style=\"text-align: center;\">Raquel Arias Rodr\u00edguez<\/p>\n<\/div><\/div>[\/vc_column_inner][\/vc_row_inner]<div class=\"ult-spacer spacer-69fb4c434f195\" data-id=\"69fb4c434f195\" data-height=\"30\" data-height-mobile=\"20\" data-height-tab=\"20\" data-height-tab-portrait=\"20\" data-height-mobile-landscape=\"20\" style=\"clear:both;display:block;\"><\/div>[vc_row_inner][vc_column_inner width=&#8221;1\/6&#8243;][vc_single_image image=&#8221;15556&#8243; img_size=&#8221;100&#215;100&#8243; alignment=&#8221;center&#8221;]<div id=\"ultimate-heading-795969fb4c434f1e4\" class=\"uvc-heading ult-adjust-bottom-margin ultimate-heading-795969fb4c434f1e4 uvc-8839 \" data-hspacer=\"no_spacer\"  data-halign=\"center\" style=\"text-align:center\"><div class=\"uvc-heading-spacer no_spacer\" style=\"top\"><\/div><div class=\"uvc-sub-heading ult-responsive\"  data-ultimate-target='.uvc-heading.ultimate-heading-795969fb4c434f1e4 .uvc-sub-heading '  data-responsive-json-new='{\"font-size\":\"\",\"line-height\":\"\"}'  style=\"font-weight:normal;\">\n<p style=\"text-align: center;\"><strong>Councillor<\/strong><\/p>\n<p style=\"text-align: center;\">\u00a0Francisco V\u00e1zquez P\u00e9rez<\/p>\n<\/div><\/div>[\/vc_column_inner][vc_column_inner width=&#8221;1\/6&#8243;][vc_single_image image=&#8221;15556&#8243; img_size=&#8221;100&#215;100&#8243; alignment=&#8221;center&#8221;]<div id=\"ultimate-heading-912069fb4c434f24f\" class=\"uvc-heading ult-adjust-bottom-margin ultimate-heading-912069fb4c434f24f uvc-7855 \" data-hspacer=\"no_spacer\"  data-halign=\"center\" style=\"text-align:center\"><div class=\"uvc-heading-spacer no_spacer\" style=\"top\"><\/div><div class=\"uvc-sub-heading ult-responsive\"  data-ultimate-target='.uvc-heading.ultimate-heading-912069fb4c434f24f .uvc-sub-heading '  data-responsive-json-new='{\"font-size\":\"\",\"line-height\":\"\"}'  style=\"font-weight:normal;\">\n<p style=\"text-align: center;\"><strong>Councillor<\/strong><\/p>\n<p style=\"text-align: center;\">\u00a0Jos\u00e9 Quevedo P\u00e9rez<\/p>\n<\/div><\/div>[\/vc_column_inner][vc_column_inner width=&#8221;1\/6&#8243;][vc_single_image image=&#8221;15558&#8243; img_size=&#8221;100&#215;100&#8243; alignment=&#8221;center&#8221;]<div id=\"ultimate-heading-935269fb4c434f2b4\" class=\"uvc-heading ult-adjust-bottom-margin ultimate-heading-935269fb4c434f2b4 uvc-483 \" data-hspacer=\"no_spacer\"  data-halign=\"center\" style=\"text-align:center\"><div class=\"uvc-heading-spacer no_spacer\" style=\"top\"><\/div><div class=\"uvc-sub-heading ult-responsive\"  data-ultimate-target='.uvc-heading.ultimate-heading-935269fb4c434f2b4 .uvc-sub-heading '  data-responsive-json-new='{\"font-size\":\"\",\"line-height\":\"\"}'  style=\"font-weight:normal;\">\n<p style=\"text-align: center;\"><strong>\u00a0Councillor<\/strong><\/p>\n<p style=\"text-align: center;\">\u00a0Paula V\u00e1zquez Verao<\/p>\n<\/div><\/div>[\/vc_column_inner][vc_column_inner width=&#8221;1\/6&#8243;][vc_single_image image=&#8221;15558&#8243; img_size=&#8221;100&#215;100&#8243; alignment=&#8221;center&#8221;]<div id=\"ultimate-heading-166969fb4c434f321\" class=\"uvc-heading ult-adjust-bottom-margin ultimate-heading-166969fb4c434f321 uvc-5411 \" data-hspacer=\"no_spacer\"  data-halign=\"center\" style=\"text-align:center\"><div class=\"uvc-heading-spacer no_spacer\" style=\"top\"><\/div><div class=\"uvc-sub-heading ult-responsive\"  data-ultimate-target='.uvc-heading.ultimate-heading-166969fb4c434f321 .uvc-sub-heading '  data-responsive-json-new='{\"font-size\":\"\",\"line-height\":\"\"}'  style=\"font-weight:normal;\">\n<p style=\"text-align: center;\"><strong>Councillor<\/strong><\/p>\n<p style=\"text-align: center;\">Diego Xes\u00fas L\u00f3pez Gonz\u00e1lez<\/p>\n<\/div><\/div>[\/vc_column_inner][vc_column_inner width=&#8221;1\/6&#8243;][vc_single_image image=&#8221;15557&#8243; img_size=&#8221;100&#215;100&#8243; alignment=&#8221;center&#8221;]<div id=\"ultimate-heading-676169fb4c434f384\" class=\"uvc-heading ult-adjust-bottom-margin ultimate-heading-676169fb4c434f384 uvc-2236 \" data-hspacer=\"no_spacer\"  data-halign=\"center\" style=\"text-align:center\"><div class=\"uvc-heading-spacer no_spacer\" style=\"top\"><\/div><div class=\"uvc-sub-heading ult-responsive\"  data-ultimate-target='.uvc-heading.ultimate-heading-676169fb4c434f384 .uvc-sub-heading '  data-responsive-json-new='{\"font-size\":\"\",\"line-height\":\"\"}'  style=\"font-weight:normal;\">\n<p style=\"text-align: center;\"><strong>Councillor<\/strong><\/p>\n<p style=\"text-align: center;\">\u00a0Eladio Fern\u00e1ndez P\u00e9rez<\/p>\n<\/div><\/div>[\/vc_column_inner][vc_column_inner width=&#8221;1\/6&#8243;][\/vc_column_inner][\/vc_row_inner]<div class=\"ult-spacer spacer-69fb4c434f3ea\" data-id=\"69fb4c434f3ea\" data-height=\"30\" data-height-mobile=\"20\" data-height-tab=\"20\" data-height-tab-portrait=\"20\" data-height-mobile-landscape=\"20\" style=\"clear:both;display:block;\"><\/div>[vc_single_image image=&#8221;15632&#8243; img_size=&#8221;full&#8221;][\/vc_column][\/vc_row][vc_row ct_row_stretch=&#8221;&#8221;][vc_column]<div class=\"ult-spacer spacer-69fb4c434f431\" data-id=\"69fb4c434f431\" data-height=\"86\" data-height-mobile=\"86\" data-height-tab=\"86\" data-height-tab-portrait=\"\" data-height-mobile-landscape=\"\" style=\"clear:both;display:block;\"><\/div>[\/vc_column][\/vc_row]\n","protected":false},"excerpt":{"rendered":"<p>[vc_row ct_row_stretch=&#8221;stretch_row_content_no_spaces&#8221; full_width=&#8221;stretch_row_content_no_spaces&#8221; use_row_as_full_screen_section=&#8221;no&#8221; type=&#8221;full_width&#8221;][vc_column][vc_single_image image=&#8221;15448&#8243; img_size=&#8221;full&#8221;][\/vc_column][\/vc_row][vc_row ct_row_stretch=&#8221;&#8221; bg_type=&#8221;bg_color&#8221; bg_color_value=&#8221;#f9f9f9&#8243;][vc_column][\/vc_column][\/vc_row][vc_row ct_row_stretch=&#8221;&#8221;][vc_column][\/vc_column][\/vc_row][vc_row ct_row_stretch=&#8221;&#8221;][vc_column width=&#8221;1\/4&#8243; css=&#8221;.vc_custom_1707377719576{background-color: #f0f0f0 !important;}&#8221;][vc_wp_custommenu nav_menu=&#8221;79&#8243;][\/vc_column][vc_column width=&#8221;3\/4&#8243;][vc_row_inner][vc_column_inner width=&#8221;1\/6&#8243;][vc_single_image image=&#8221;15556&#8243; img_size=&#8221;100&#215;100&#8243; alignment=&#8221;center&#8221;][\/vc_column_inner][vc_column_inner width=&#8221;1\/6&#8243;][vc_single_image image=&#8221;15556&#8243; img_size=&#8221;100&#215;100&#8243; alignment=&#8221;center&#8221;][\/vc_column_inner][vc_column_inner width=&#8221;1\/6&#8243;][vc_single_image image=&#8221;15556&#8243; img_size=&#8221;100&#215;100&#8243; alignment=&#8221;center&#8221;][\/vc_column_inner][vc_column_inner &#8230;<\/p>\n","protected":false},"author":1,"featured_media":0,"parent":0,"menu_order":0,"comment_status":"closed","ping_status":"closed","template":"","meta":{"footnotes":""},"class_list":["post-15555","page","type-page","status-publish","hentry"],"_links":{"self":[{"href":"https:\/\/concellodesober.com\/en\/wp-json\/wp\/v2\/pages\/15555","targetHints":{"allow":["GET"]}}],"collection":[{"href":"https:\/\/concellodesober.com\/en\/wp-json\/wp\/v2\/pages"}],"about":[{"href":"https:\/\/concellodesober.com\/en\/wp-json\/wp\/v2\/types\/page"}],"author":[{"embeddable":true,"href":"https:\/\/concellodesober.com\/en\/wp-json\/wp\/v2\/users\/1"}],"replies":[{"embeddable":true,"href":"https:\/\/concellodesober.com\/en\/wp-json\/wp\/v2\/comments?post=15555"}],"version-history":[{"count":11,"href":"https:\/\/concellodesober.com\/en\/wp-json\/wp\/v2\/pages\/15555\/revisions"}],"predecessor-version":[{"id":16197,"href":"https:\/\/concellodesober.com\/en\/wp-json\/wp\/v2\/pages\/15555\/revisions\/16197"}],"wp:attachment":[{"href":"https:\/\/concellodesober.com\/en\/wp-json\/wp\/v2\/media?parent=15555"}],"curies":[{"name":"wp","href":"https:\/\/api.w.org\/{rel}","templated":true}]}}