{"id":15672,"date":"2024-02-09T12:09:34","date_gmt":"2024-02-09T11:09:34","guid":{"rendered":"https:\/\/concellodesober.com\/historia\/"},"modified":"2026-04-24T15:16:46","modified_gmt":"2026-04-24T13:16:46","slug":"historia","status":"publish","type":"page","link":"https:\/\/concellodesober.com\/en\/historia\/","title":{"rendered":"Historia"},"content":{"rendered":"[vc_row ct_row_stretch=&#8221;stretch_row_content_no_spaces&#8221; full_width=&#8221;stretch_row_content_no_spaces&#8221; use_row_as_full_screen_section=&#8221;no&#8221; type=&#8221;full_width&#8221;][vc_column][vc_single_image image=&#8221;15864&#8243; img_size=&#8221;full&#8221;][\/vc_column][\/vc_row][vc_row ct_row_stretch=&#8221;&#8221; bg_type=&#8221;bg_color&#8221; bg_color_value=&#8221;#f9f9f9&#8243;][vc_column]<div id=\"ultimate-heading-63369fb4c340bc76\" class=\"uvc-heading ult-adjust-bottom-margin ultimate-heading-63369fb4c340bc76 uvc-8122 \" data-hspacer=\"no_spacer\"  data-halign=\"center\" style=\"text-align:center\"><div class=\"uvc-heading-spacer no_spacer\" style=\"top\"><\/div><div class=\"uvc-main-heading ult-responsive\"  data-ultimate-target='.uvc-heading.ultimate-heading-63369fb4c340bc76 h2'  data-responsive-json-new='{\"font-size\":\"desktop:40px;tablet:40px;tablet_portrait:30px;mobile_landscape:30px;mobile:20px;\",\"line-height\":\"\"}' ><h2 style=\"font-weight:normal;color:#000000;margin-top:80px;margin-bottom:80px;\">- HISTORY OF SOBER -<\/h2><\/div><\/div>[\/vc_column][\/vc_row][vc_row ct_row_stretch=&#8221;&#8221;][vc_column]<div class=\"ult-spacer spacer-69fb4c340bd01\" data-id=\"69fb4c340bd01\" data-height=\"30\" data-height-mobile=\"20\" data-height-tab=\"20\" data-height-tab-portrait=\"20\" data-height-mobile-landscape=\"20\" style=\"clear:both;display:block;\"><\/div>[\/vc_column][\/vc_row][vc_row ct_row_stretch=&#8221;&#8221;][vc_column width=&#8221;1\/4&#8243; css=&#8221;.vc_custom_1707307919031{background-color: #f0f0f0 !important;}&#8221;][vc_wp_custommenu nav_menu=&#8221;83&#8243;][\/vc_column][vc_column width=&#8221;3\/4&#8243;][vc_row_inner][vc_column_inner][vc_column_text]The history of Sober, a municipality in the Lemos Region in the south of the Province of Lugo, is largely defined by its strategic geographical position, notably as a crossroads leading to the neighbouring lands of the Province of Ourense. The monastic orders established along the banks of the River Sil, together with the L\u00f3pez de Lemos family, Lords of Sober, Ferreira de Pant\u00f3n, and Amarante, significantly shaped the historical trajectory of this municipality.<\/p>\n<p>The fertility of Sober\u2019s fields led its soil to be long-regarded as the best in the Lemos Region. This reputation inspired the well-known local proverb:\u00a0<em>\u2018Terr\u00f3n por terr\u00f3n, vaite a Pant\u00f3n, e se che dan a escoller, vaite a Sober\u2019<\/em>\u00a0(Clod by clod, go to Pant\u00f3n, but if you have a choice, go to Sober), as recorded by authors such as Otero Pedrayo and Amor Meil\u00e1n. In medieval times, this agricultural wealth made the lands of Sober highly sought after by both feudal lords and monasteries.<\/p>\n<p>The Lemos Region is a well-defined territorial area in the\u00a0 southern part of the Province of Lugo comprising the municipalities of Sober, Pant\u00f3n, Monforte de Lemos, B\u00f3veda, Savi\u00f1ao, and A Pobra de Broll\u00f3n. The earliest written records of this region are primarily attributed to Pliny the Elder, a Roman naturalist and procurator of Hispania Citerior (Hither Iberia) in 73 A.D. In \u00a0his <em>Naturalis Historia<\/em>, he identifies the ancient Gallaecian Celtic tribe Lemavi as being settled in this area, with their capital established at Castro Dactonium, now Monforte de Lemos. The Greek geographer Ptolemy later complemented and confirmed this information about the peoples inhabiting Galicia during the second century A.D.<\/p>\n<p>Sober, along with other parts of the region situated on the banks of the Cabe and Sil rivers attracted the first hunter-gatherer tribes to settled in Galicia. Neolithic remains left by these early inhabitants can be found across the villages of Bolmente, Anllo, Brosmos, Doade, Figueiro\u00e1, Pinol, and Proendos.<\/p>\n<p>In these locations, the remains of <em>m\u00e1moas<\/em> are still visible. <em>M\u00e1moas<\/em> are burial structures from the Megalithic era, consisting of a dolmen covered by a circular earthen mound typically reaching heights of approximately five metres.<\/p>\n<p>Sober\u2019s prehistoric heritage also includes rock engravings or petroglyphs, terms used for the numerous open-air carvings found throughout Galicia. While these works feature a varied typology, the most defining characteristic of Galician rock art is the circular patterns. According to researchers Pe\u00f1a Santos and V\u00e1zquez Varela, these combinations display a complex range of designs that give the art its distinct identity.<\/p>\n<p>Sober preserves a significant number of petroglyphs, most of which are located in Proendos, as well as in the parishes of Figueiro\u00e1 and Mill\u00e1n. All these rock engravings belong to the circular pattern\u2019s typology. While their exact meaning remains unclear, they are often attributed a magical-religious symbolism. Chronologically, this artistic expression dates back to the Bronze Age, between 1800 and 1700 B.C.[\/vc_column_text][\/vc_column_inner][\/vc_row_inner]<div class=\"ult-spacer spacer-69fb4c340bd66\" data-id=\"69fb4c340bd66\" data-height=\"30\" data-height-mobile=\"20\" data-height-tab=\"20\" data-height-tab-portrait=\"20\" data-height-mobile-landscape=\"20\" style=\"clear:both;display:block;\"><\/div>[vc_single_image image=&#8221;15632&#8243; img_size=&#8221;full&#8221;][\/vc_column][\/vc_row][vc_row ct_row_stretch=&#8221;&#8221;][vc_column]<div class=\"ult-spacer spacer-69fb4c340bdc9\" data-id=\"69fb4c340bdc9\" data-height=\"86\" data-height-mobile=\"86\" data-height-tab=\"86\" data-height-tab-portrait=\"\" data-height-mobile-landscape=\"\" style=\"clear:both;display:block;\"><\/div>[\/vc_column][\/vc_row]\n","protected":false},"excerpt":{"rendered":"<p>[vc_row ct_row_stretch=&#8221;stretch_row_content_no_spaces&#8221; full_width=&#8221;stretch_row_content_no_spaces&#8221; use_row_as_full_screen_section=&#8221;no&#8221; type=&#8221;full_width&#8221;][vc_column][vc_single_image image=&#8221;15864&#8243; img_size=&#8221;full&#8221;][\/vc_column][\/vc_row][vc_row ct_row_stretch=&#8221;&#8221; bg_type=&#8221;bg_color&#8221; bg_color_value=&#8221;#f9f9f9&#8243;][vc_column][\/vc_column][\/vc_row][vc_row ct_row_stretch=&#8221;&#8221;][vc_column][\/vc_column][\/vc_row][vc_row ct_row_stretch=&#8221;&#8221;][vc_column width=&#8221;1\/4&#8243; css=&#8221;.vc_custom_1707307919031{background-color: #f0f0f0 !important;}&#8221;][vc_wp_custommenu nav_menu=&#8221;83&#8243;][\/vc_column][vc_column width=&#8221;3\/4&#8243;][vc_row_inner][vc_column_inner][vc_column_text]The history of Sober, a municipality in the Lemos Region in the south &#8230;<\/p>\n","protected":false},"author":1,"featured_media":0,"parent":0,"menu_order":0,"comment_status":"closed","ping_status":"closed","template":"","meta":{"footnotes":""},"class_list":["post-15672","page","type-page","status-publish","hentry"],"_links":{"self":[{"href":"https:\/\/concellodesober.com\/en\/wp-json\/wp\/v2\/pages\/15672","targetHints":{"allow":["GET"]}}],"collection":[{"href":"https:\/\/concellodesober.com\/en\/wp-json\/wp\/v2\/pages"}],"about":[{"href":"https:\/\/concellodesober.com\/en\/wp-json\/wp\/v2\/types\/page"}],"author":[{"embeddable":true,"href":"https:\/\/concellodesober.com\/en\/wp-json\/wp\/v2\/users\/1"}],"replies":[{"embeddable":true,"href":"https:\/\/concellodesober.com\/en\/wp-json\/wp\/v2\/comments?post=15672"}],"version-history":[{"count":6,"href":"https:\/\/concellodesober.com\/en\/wp-json\/wp\/v2\/pages\/15672\/revisions"}],"predecessor-version":[{"id":16230,"href":"https:\/\/concellodesober.com\/en\/wp-json\/wp\/v2\/pages\/15672\/revisions\/16230"}],"wp:attachment":[{"href":"https:\/\/concellodesober.com\/en\/wp-json\/wp\/v2\/media?parent=15672"}],"curies":[{"name":"wp","href":"https:\/\/api.w.org\/{rel}","templated":true}]}}