{"id":15711,"date":"2024-08-07T12:49:23","date_gmt":"2024-08-07T10:49:23","guid":{"rendered":"https:\/\/concellodesober.com\/horreum-de-proendos\/"},"modified":"2026-03-13T10:08:44","modified_gmt":"2026-03-13T09:08:44","slug":"horreum-de-proendos","status":"publish","type":"page","link":"https:\/\/concellodesober.com\/en\/horreum-de-proendos\/","title":{"rendered":"horreum de proendos"},"content":{"rendered":"[vc_row ct_row_stretch=&#8221;stretch_row_content_no_spaces&#8221; full_width=&#8221;stretch_row_content_no_spaces&#8221; use_row_as_full_screen_section=&#8221;no&#8221; type=&#8221;full_width&#8221;][vc_column][vc_single_image image=&#8221;9934&#8243; img_size=&#8221;full&#8221;][\/vc_column][\/vc_row][vc_row ct_row_stretch=&#8221;&#8221; bg_type=&#8221;bg_color&#8221; bg_color_value=&#8221;#f9f9f9&#8243;][vc_column]<div id=\"ultimate-heading-93996a09f07f8343b\" class=\"uvc-heading ult-adjust-bottom-margin ultimate-heading-93996a09f07f8343b uvc-6946 \" data-hspacer=\"no_spacer\"  data-halign=\"center\" style=\"text-align:center\"><div class=\"uvc-heading-spacer no_spacer\" style=\"top\"><\/div><div class=\"uvc-main-heading ult-responsive\"  data-ultimate-target='.uvc-heading.ultimate-heading-93996a09f07f8343b h2'  data-responsive-json-new='{\"font-size\":\"desktop:40px;tablet:40px;tablet_portrait:30px;mobile_landscape:30px;mobile:20px;\",\"line-height\":\"\"}' ><h2 style=\"font-weight:normal;color:#000000;margin-top:80px;margin-bottom:80px;\">- RESTOS ARQUEOL\u00d3XICOS -<\/h2><\/div><\/div>[\/vc_column][\/vc_row][vc_row ct_row_stretch=&#8221;&#8221;][vc_column]<div class=\"ult-spacer spacer-6a09f07f83490\" data-id=\"6a09f07f83490\" data-height=\"30\" data-height-mobile=\"20\" data-height-tab=\"20\" data-height-tab-portrait=\"20\" data-height-mobile-landscape=\"20\" style=\"clear:both;display:block;\"><\/div>[\/vc_column][\/vc_row][vc_row ct_row_stretch=&#8221;&#8221;][vc_column width=&#8221;1\/4&#8243; css=&#8221;.vc_custom_1707307919031{background-color: #f0f0f0 !important;}&#8221;][vc_wp_custommenu nav_menu=&#8221;97&#8243;][\/vc_column][vc_column width=&#8221;3\/4&#8243;][vc_column_text]<strong>Horreum de Proendos<\/strong><\/p>\n<p>O concello de Sober levou a cabo no ano 2019 varias prospecci\u00f3ns xeof\u00edsicas en 20.000 metros cadrados que xa permitiron constatar a existencia dun complexo de hipocaustos de gran extensi\u00f3n.<\/p>\n<p>Destacaba entre os restos un curioso edificio que os arque\u00f3logos chamaron \u201cen grella\u201d pola forma que ti\u00f1a.<\/p>\n<p>Este edificio coa \u00e1bsida xa fac\u00eda pensar nunha vila romana\u00a0 pero non se ti\u00f1a claro que se tratase dun horreum porque non se ti\u00f1a constancia de ning\u00fan deste tipo en Galicia.<\/p>\n<p>Coas primeiras excavaci\u00f3ns do 2020 e nunha segunda fase descubriuse cales eran as verdadeiras dimensi\u00f3ns e importancia deste celeiro.<\/p>\n<p>Trat\u00e1base dun edificio realmente singular xa que est\u00e1 constru\u00eddo mediante sete\u00a0 muros paralelos de moi boa feitura, para as\u00ed ventilar ben o cereal e favorecer a s\u00faa conservaci\u00f3n, a maiores o muro do medio \u00e9 m\u00e1is groso, quizais para soster as columnas dunha cuberta a d\u00faas augas. Hai que imaxinar que falamos do que poder\u00eda ser unha construci\u00f3n de <strong>seis metros de altura<\/strong> e quince metros de longo. Poder\u00eda ter incluso un segundo piso. Para atopar algo similar temos que ir ata Estremadura ou ao sur do Douro, en Portugal.<\/p>\n<p>Ese gran tama\u00f1o fixo pensar a os cient\u00edficos que dende Proendos sa\u00eda moito cereal que ser\u00eda consumido en moitos puntos da actual Galicia e incluso no Lucus Augusti ,o Lugo de hoxe.<\/p>\n<p>Nace as\u00ed <strong>o primeiro horreum con muros paralelos de Galicia<\/strong> que forma parte dunha <strong>vila do Alto Imperio<\/strong> cun edificio central e diferentes estructuras agr\u00edcolas asociadas cuxos restos est\u00e1n preto deste celeiro<\/p>\n<p>Grazas \u00e1s cer\u00e1micas recuperadas na excavaci\u00f3n puidose datar o horreum no s\u00e9culo I d.de C. e p\u00f3dese considerar que a vila ser\u00eda da mesma \u00e9poca.<\/p>\n<p>Na \u00e1rea central descubriuse unha grande estancia con planta en \u00e1bsida de m\u00e1is de 10 metros de longo e que se atopar\u00eda vinculada a restos de mosaicos de varias cores, localizados en posici\u00f3n secundaria. Asociada \u00e1 estancia en \u00e1bsida atopar\u00edase unha pequena habitaci\u00f3n con muros reforzados, a cal albergar\u00eda un hipocausto, un sistema de calefacci\u00f3n subterr\u00e1neo que poder\u00eda estar calefactando simplemente a estancia ou unha zona de ba\u00f1os. Este grande edificio estar\u00eda datado no Baixo Imperio e cando se abandona, nos s\u00e9culos V-VI, \u00e9 empregado para a produci\u00f3n de grandes cantidades de ferro ou cobre evidenciado polo grande n\u00famero de escouras localizadas.<\/p>\n<p>Durante os traballos localiz\u00e1ronse d\u00faas \u00e1reas con ocupaci\u00f3n romana diferenciada, unha do Alto Imperio, vinculada co horreum e estruturas agr\u00edcolas e outra do Baixo Imperio, cun grande edificio nobre con elementos de luxo, como mosaicos. Estas evidencias formulan a posible existencia en Proendos dunha complexa villa romana fundada no Alto Imperio e cunha importante ocupaci\u00f3n en \u00e9poca baixoimperial, a\u00ednda que esta hip\u00f3tese debe ser refutada con maiores investigaci\u00f3ns.<\/p>\n<p>Francisco Alonso Toucido director t\u00e9cnico da excavaci\u00f3n afirma que. \u201cEsta estrutura altoimperial indicar\u00edanos que\u00a0Roma foi capaz de organizar o territorio rural poucos anos despois de chegar a Galicia, ao noroeste da pen\u00ednsula. Estamos vendo os primeiros procesos de control do rural, desde unha l\u00f3xica romana, aqu\u00ed en Proendos. Colocar unha vila, posiblemente de algu\u00e9n importante, nunha zona rural recentemente conquistada, ten o seu m\u00e9rito\u201d<\/p>\n<p>\u201cO descubrimento deste h\u00f3rreo \u00e9 unha gran noticia arqueol\u00f3xica para Galicia pero tam\u00e9n para toda a Pen\u00ednsula Ib\u00e9rica, porque non hai tantas estruturas similares documentadas. Este celeiro xa \u00e9 un referente porque nos conecta con outros lugares de Europa\u201d<\/p>\n<p>Despois da consolidaci\u00f3n da estructura e a protecci\u00f3n para a adaptaci\u00f3n \u00e1 nova realidade e o estudo de mostras de cereal que se foron extraendo da excavaci\u00f3n\u00a0 deixouse una boa parte \u00e1 vista para poder desfrutalo.<\/p>\n<p>Durante os traballos recuper\u00e1ronse m\u00e1is de 1.200 elementos, depositados no Museo de Viladonga e para parte dos cales o Concello de Sober xestionou a s\u00faa exposici\u00f3n na propia vila, na Oficina de Turismo. Entre estes materiais destacan cer\u00e1micas de tradici\u00f3n ind\u00edxena, pezas de Terra Sigillata, cer\u00e1mica com\u00fan lucense, cer\u00e1micas com\u00fans dos s\u00e9culos V\/VI d.C. e unha conta de acibeche.<\/p>\n<p>O estudo realizado por un equipo de arque\u00f3logos revelou o ach\u00e1dego dunha posible Vila romana xunto ao horreum. Os datos obtidos polo xeoradar falan dunha construcci\u00f3n de 5000 metros cadrados que puidera ter sido a residencia do dono ou administrador do celeiro.<\/p>\n<p>Este edificio ter\u00eda a disposici\u00f3n t\u00edpica das casas rurais romanas, con varios cuartos rodeando un patio central que poder\u00eda ter un peristilo ou columnata. Os arque\u00f3logaos consideran que a cronolox\u00eda da edifcaci\u00f3n poder\u00eda coincidir coa do horreum (s. I d.C.) formando porte do complexo agr\u00edcola.<\/p>\n<p>Descartase as\u00ed que a vivenda asociada ao celeiro fora a excavada no 2020 nunha parcela lindeira, que resultou ser do s\u00e9culo IV.<\/p>\n<p>Neste estudo con xeoradar de 15.000 metros cadrados atop\u00e1ronse vestixos de\u00a0 outras edificaci\u00f3ns escondidas baixo terra, e gran parte destas est\u00e1n nun terreo lindeiro adquirido recentemente polo concello no cal se localiza tam\u00e9n parte do celeiro.<\/p>\n<p>Francisco Alonso, arque\u00f3logo que dirixiu este traballo dic\u00edaantes de comezar a segunda fase da excavaci\u00f3n que estas edificaci\u00f3ns son de dif\u00edcil interpretaci\u00f3n pero suxire a posibilidade de que formen parte da denominada &#8216;pars rustica&#8217; da vila. \u00c9 dicir, que poder\u00edan ser construcci\u00f3ns auxiliares relacionadas coas labores agr\u00edcolas,ou para gardar os carros, coma almac\u00e9ns ou cortes, pero todo esto son suposici\u00f3ns.<\/p>\n<p>Proendos convirtese as\u00ed nun lugar fundamental para comprender a articulaci\u00f3n da paisaxe agr\u00edcola na Ribeira Sacra, e entender a chegada e implantaci\u00f3n do imperio romano nas terras do noroeste peninsular.<\/p>\n<p>No ano 2025 estase a realizar a excavaci\u00f3n desa posible Vila\u00a0 situada moi preto do celeiro, estamos atentos a intrerpretar os restos que se atopan ogochados no que ser\u00eda a antiga &#8220;Proencia Romana.&#8221;<\/p>\n<p>&nbsp;<\/p>\n<p>Cient\u00edficos, autoridades e amantes do patrimonio e a arqueolox\u00eda, non disimulan a s\u00faa\u00a0impaciencia por descubrir novos tesouros\u00a0na antiga Proencia. Cos resultados do xeorradar, as fincas limpas e a complicidade dos veci\u00f1os, todos queren co\u00f1ecer o verdadeiro alcance do xacemento e, por que non, levar a\u00ednda algunha sorpresa. \u201cE seguro que, aqu\u00ed, en Proendos\u201d, remata Francisco, \u201cnon son poucas\u201d[\/vc_column_text]<div class=\"ult-spacer spacer-6a09f07f834be\" data-id=\"6a09f07f834be\" data-height=\"30\" data-height-mobile=\"20\" data-height-tab=\"20\" data-height-tab-portrait=\"20\" data-height-mobile-landscape=\"20\" style=\"clear:both;display:block;\"><\/div>[vc_single_image image=&#8221;15632&#8243; img_size=&#8221;full&#8221;][vc_images_carousel images=&#8221;10279,10281&#8243; img_size=&#8221;full&#8221; slides_per_view=&#8221;2&#8243; hide_pagination_control=&#8221;yes&#8221;][\/vc_column][\/vc_row][vc_row ct_row_stretch=&#8221;&#8221;][vc_column]<div class=\"ult-spacer spacer-6a09f07f834e6\" data-id=\"6a09f07f834e6\" data-height=\"86\" data-height-mobile=\"86\" data-height-tab=\"86\" data-height-tab-portrait=\"\" data-height-mobile-landscape=\"\" style=\"clear:both;display:block;\"><\/div>[\/vc_column][\/vc_row]\n","protected":false},"excerpt":{"rendered":"<p>[vc_row ct_row_stretch=&#8221;stretch_row_content_no_spaces&#8221; full_width=&#8221;stretch_row_content_no_spaces&#8221; use_row_as_full_screen_section=&#8221;no&#8221; type=&#8221;full_width&#8221;][vc_column][vc_single_image image=&#8221;9934&#8243; img_size=&#8221;full&#8221;][\/vc_column][\/vc_row][vc_row ct_row_stretch=&#8221;&#8221; bg_type=&#8221;bg_color&#8221; bg_color_value=&#8221;#f9f9f9&#8243;][vc_column][\/vc_column][\/vc_row][vc_row ct_row_stretch=&#8221;&#8221;][vc_column][\/vc_column][\/vc_row][vc_row ct_row_stretch=&#8221;&#8221;][vc_column width=&#8221;1\/4&#8243; css=&#8221;.vc_custom_1707307919031{background-color: #f0f0f0 !important;}&#8221;][vc_wp_custommenu nav_menu=&#8221;97&#8243;][\/vc_column][vc_column width=&#8221;3\/4&#8243;][vc_column_text]Horreum de Proendos O concello de Sober levou a cabo no ano 2019 &#8230;<\/p>\n","protected":false},"author":1,"featured_media":0,"parent":0,"menu_order":0,"comment_status":"closed","ping_status":"closed","template":"","meta":{"footnotes":""},"class_list":["post-15711","page","type-page","status-publish","hentry"],"_links":{"self":[{"href":"https:\/\/concellodesober.com\/en\/wp-json\/wp\/v2\/pages\/15711","targetHints":{"allow":["GET"]}}],"collection":[{"href":"https:\/\/concellodesober.com\/en\/wp-json\/wp\/v2\/pages"}],"about":[{"href":"https:\/\/concellodesober.com\/en\/wp-json\/wp\/v2\/types\/page"}],"author":[{"embeddable":true,"href":"https:\/\/concellodesober.com\/en\/wp-json\/wp\/v2\/users\/1"}],"replies":[{"embeddable":true,"href":"https:\/\/concellodesober.com\/en\/wp-json\/wp\/v2\/comments?post=15711"}],"version-history":[{"count":3,"href":"https:\/\/concellodesober.com\/en\/wp-json\/wp\/v2\/pages\/15711\/revisions"}],"predecessor-version":[{"id":15714,"href":"https:\/\/concellodesober.com\/en\/wp-json\/wp\/v2\/pages\/15711\/revisions\/15714"}],"wp:attachment":[{"href":"https:\/\/concellodesober.com\/en\/wp-json\/wp\/v2\/media?parent=15711"}],"curies":[{"name":"wp","href":"https:\/\/api.w.org\/{rel}","templated":true}]}}