{"id":15729,"date":"2024-04-22T12:32:52","date_gmt":"2024-04-22T10:32:52","guid":{"rendered":"https:\/\/concellodesober.com\/musica\/"},"modified":"2026-04-28T14:29:31","modified_gmt":"2026-04-28T12:29:31","slug":"musica","status":"publish","type":"page","link":"https:\/\/concellodesober.com\/en\/musica\/","title":{"rendered":"M\u00fasica"},"content":{"rendered":"[vc_row ct_row_stretch=&#8221;stretch_row_content_no_spaces&#8221; full_width=&#8221;stretch_row_content_no_spaces&#8221; use_row_as_full_screen_section=&#8221;no&#8221; type=&#8221;full_width&#8221;][vc_column][vc_single_image image=&#8221;15732&#8243; img_size=&#8221;full&#8221;][\/vc_column][\/vc_row][vc_row ct_row_stretch=&#8221;&#8221; bg_type=&#8221;bg_color&#8221; source=&#8221;&#8221; main_heading=&#8221;- ALCALD\u00cdA -&#8221; heading_tag=&#8221;h2&#8243; main_heading_color=&#8221;#000000&#8243; sub_heading_color=&#8221;&#8221; alignment=&#8221;center&#8221; spacer=&#8221;no_spacer&#8221; spacer_position=&#8221;top&#8221; spacer_img_width=&#8221;48&#8243; line_style=&#8221;solid&#8221; line_height=&#8221;1&#8243; line_color=&#8221;#333333&#8243; line_icon_fixer=&#8221;10&#8243; main_heading_font_size=&#8221;desktop:40px;tablet:40px;tablet_portrait:30px;mobile_landscape:30px;mobile:20px;&#8221; main_heading_margin=&#8221;margin-top:80px;margin-bottom:80px;&#8221; margin_design_tab_text=&#8221;&#8221; main_heading_typograpy=&#8221;&#8221; main_heading_font_family=&#8221;&#8221; main_heading_style=&#8221;&#8221; main_heading_line_height=&#8221;&#8221; sub_heading_typograpy=&#8221;&#8221; sub_heading_font_family=&#8221;&#8221; sub_heading_style=&#8221;&#8221; sub_heading_font_size=&#8221;&#8221; sub_heading_line_height=&#8221;&#8221; sub_heading_margin=&#8221;&#8221; spacer_img=&#8221;&#8221; line_width=&#8221;&#8221; spacer_margin=&#8221;&#8221; bg_color_value=&#8221;#f9f9f9&#8243;][vc_column]<div id=\"ultimate-heading-911269fb4bcd4fb3c\" class=\"uvc-heading ult-adjust-bottom-margin ultimate-heading-911269fb4bcd4fb3c uvc-4822 \" data-hspacer=\"no_spacer\"  data-halign=\"center\" style=\"text-align:center\"><div class=\"uvc-heading-spacer no_spacer\" style=\"top\"><\/div><div class=\"uvc-main-heading ult-responsive\"  data-ultimate-target='.uvc-heading.ultimate-heading-911269fb4bcd4fb3c h2'  data-responsive-json-new='{\"font-size\":\"desktop:40px;tablet:40px;tablet_portrait:30px;mobile_landscape:30px;mobile:20px;\",\"line-height\":\"\"}' ><h2 style=\"font-weight:normal;color:#000000;margin-top:80px;margin-bottom:80px;\">- SOBER MUNICIPAL SCHOOL OF MUSIC -<\/h2><\/div><\/div>[\/vc_column][\/vc_row][vc_row ct_row_stretch=&#8221;&#8221;][vc_column]<div class=\"ult-spacer spacer-69fb4bcd4fbea\" data-id=\"69fb4bcd4fbea\" data-height=\"30\" data-height-mobile=\"20\" data-height-tab=\"20\" data-height-tab-portrait=\"20\" data-height-mobile-landscape=\"20\" style=\"clear:both;display:block;\"><\/div>[\/vc_column][\/vc_row][vc_row ct_row_stretch=&#8221;&#8221;][vc_column width=&#8221;1\/4&#8243; css=&#8221;.vc_custom_1707307919031{background-color: #f0f0f0 !important;}&#8221;][vc_wp_custommenu nav_menu=&#8221;85&#8243;][\/vc_column][vc_column width=&#8221;3\/4&#8243;][vc_tta_accordion][vc_tta_section title=&#8221;Escola de M\u00fasica&#8221; tab_id=&#8221;1713781916250-bea378a6-1eec&#8221;][vc_column_text]Sober Municipal School of Music was established in 1975, thanks to the initiative of Jos\u00e9 Ram\u00f3n L\u00f3pez Cu\u00f1as and Tadeo Guiti\u00e1n, with support from Heriberto P\u00e9rez, Dositeo Guiti\u00e1n, and the parish priest of Sober, Ramiro Ares.<\/p>\n<p>The inaugural class consisted of 21 students who made their debut performance with the band during the Festas do Carme in Sober in 1976.<\/p>\n<p>Since then, new musicians have been trained every year. However, the student body remained entirely male until the mid-1980s, when Montserrat Sanmartino became the first woman to join the class.<\/p>\n<p>Traditionally, the leadership of the School of Music was the responsibility of the Band Director, supported by associate musicians, who were usually the most prominent members.<\/p>\n<p>In the mid-1990s, the school began inviting external musicians to teach a range of instrumental disciplines.<\/p>\n<p>On 28 April 1997, the Municipal School of Music was officially established and accredited by the Galician Department of Education (Conseller\u00eda de Educaci\u00f3n de Galicia). From then on, it came under the authority of Town Council, with Luis Fern\u00e1ndez Guiti\u00e1n serving as its director.<\/p>\n<p>Since the early 2000s, the School of Music has been under the leadership of Laura Rodr\u00edguez Gonz\u00e1lez. Currently, the school has a team of eight teachers providing instruction in the following instruments:<\/p>\n<ul>\n<li>Percussion<\/li>\n<li>Saxophone<\/li>\n<li>Clarinet<\/li>\n<li>Flute<\/li>\n<li>Trumpet<\/li>\n<li>Trombone<\/li>\n<li>French horn<\/li>\n<li>Tuba<\/li>\n<li>Piano<\/li>\n<li>Euphonium<\/li>\n<li>Guitar<\/li>\n<li>Accordion<\/li>\n<\/ul>\n<p>The school programme also includes Music and Movement classes for children aged three to six, who later progress to introductory instrumental lessons. Additionally, it provides classes in Music Theory, Children\u2019s Band, Instrumental Combos, and Choir.<\/p>\n<p>Other disciplines offered include Batucada and music for adults, notably the Berea Choir, which is the school\u2019s permanent choral group.<\/p>\n<p>Lessons take place in the afternoons from Monday to Friday and on Saturday mornings. For further information, please contact the school via:<\/p>\n<p>E-mail: <a href=\"mailto:esmu.municipal.sober@edu.xunta.es\">esmu.municipal.sober@edu.xunta.es<\/a><\/p>\n<p>Telephone: + 34 982 460 513<\/p>\n<p>Fax: + 34 982 460 002[\/vc_column_text]<div class=\"ult-spacer spacer-69fb4bcd4fc55\" data-id=\"69fb4bcd4fc55\" data-height=\"30\" data-height-mobile=\"20\" data-height-tab=\"20\" data-height-tab-portrait=\"20\" data-height-mobile-landscape=\"20\" style=\"clear:both;display:block;\"><\/div>[vc_single_image image=&#8221;15632&#8243; img_size=&#8221;full&#8221;][vc_images_carousel images=&#8221;15733,15734,15735&#8243; img_size=&#8221;full&#8221; slides_per_view=&#8221;2&#8243; hide_pagination_control=&#8221;yes&#8221;][\/vc_tta_section][vc_tta_section title=&#8221;Banda de Sober&#8221; tab_id=&#8221;1713781916272-7edd86a7-16e7&#8243;][vc_column_text]Dous s\u00e9culos de tradici\u00f3n musical viva<\/p>\n<p>A banda de m\u00fasica de Sober, con 130 anos, \u00e9 das m\u00e1is antigas de Galicia.<br \/>\nO Concello de Sober ten varios s\u00edmbolos moi caracter\u00edsticos que destacan amplamente sobre as outras marabillas do concello e que son tam\u00e9n estandarte do Val de Lemos e da provincia de Lugo. O vi\u00f1o de Amandi, o Can\u00f3n do Sil, a cer\u00e1mica de Gundiv\u00f3s e a banda de m\u00fasica de Sober son quizais os m\u00e1is destacados. Dentro desta agrupaci\u00f3n musical \u00e9 popular o dito &#8220;Sober, terra de m\u00fasicos&#8221;.<\/p>\n<p>A historia musical de Sober \u00e9 sen d\u00fabida unha envexa para calquera concello de Galicia, pero tendo en conta que o presente musical desta terra goza de moi boa sa\u00fade todo parece indicar que o futuro est\u00e1 asegurado e ocupar\u00e1 lugares destacados na m\u00fasica galega.<\/p>\n<p>\u00d3 falar da historia musical desta &#8220;terra de Amandi&#8221;, deb\u00e9monos fixar principalmente a partir de finais do s\u00e9culo XVIII e principios do XIX, a\u00ednda ben, todo parece indicar que en etapas anteriores esta terra gozou xa de m\u00fasicos propios. Na idade media a proliferaci\u00f3n de mosteiros, priorados, capelan\u00edas e outras entidades relixiosas por esta comarca ind\u00edcannos que a m\u00fasica ocupaba un lugar privilexiado.<\/p>\n<p>A finais do s\u00e9culo XVIII o Concello de Sober contaba con 10 000 habitantes e o n\u00famero de ruadas ou festas nos m\u00e1is de 400 n\u00facleos de poboaci\u00f3n con que contaba este termo municipal, xunto cos bailes que se organizaban nos pazos e nas casas grandes, fac\u00eda que os pequenos grupos musicais -propios da \u00e9poca\u2013 ou os m\u00fasicos solistas -gaiteiros, acordeonistas, zanfoneiros etc.- existisen en abundancia en Sober.<\/p>\n<p>O momento m\u00e1is importante da historia musical de Sober podemos datalo no ano 1869, \u00f3 regresar dunha banda militar de Pamplona Casimiro P\u00e9rez L\u00f3pez alcumado &#8220;O Ch\u00e1&#8221;. Este veci\u00f1o de Canaval xuntou varios m\u00fasicos principalmente de Vilaescura, Telleiros, Canaval, Proendos e Sober; empezou a ensinar solfexo e organizou o que foi a primeira banda de m\u00fasica cun director \u00f3 fronte. Dise que &#8220;O Ch\u00e1&#8221; marchou \u00f3 ex\u00e9rcito sen co\u00f1ecementos musicais te\u00f3ricos. As s\u00faas condici\u00f3ns musicais eran tales que de neno xa fac\u00eda instrumentos musicais de vento.<\/p>\n<p>No ex\u00e9rcito formouse musicalmente e chegou a ser un profesional con soldo propio. Regresou a Canaval por medo a represi\u00f3ns \u00f3 deixar unha muller embarazada. \u00d3 cabo duns meses aquela muller apareceu en Canaval coa que se casar\u00eda m\u00e1is tarde. Deste matrimonio s\u00f3 naceu unha filla. Foi nese momento cando xuntou a t\u00f3dolos m\u00fasicos e lles ensinou o que el aprendera. Nace as\u00ed a primeira banda de m\u00fasica de Sober.<\/p>\n<p>Desa primeira formaci\u00f3n musical destacaron, entre outros, m\u00fasicos como Camilo P\u00e9rez e Andr\u00e9s Rodr\u00edguez, este \u00faltimo emigrou a Cuba e al\u00ed chegou a ser director da Banda Mmunicipal da Habana. En 1915 regresou de Cuba Andr\u00e9s Rodr\u00edguez e forma unha banda de nenos co\u00f1ecida pola &#8220;M\u00fasica Nova&#8221; ou &#8220;A Banda de Andr\u00e9s&#8221;. Uns anos antes &#8220;O Ch\u00e1&#8221; fora substitu\u00eddo por Camilo P\u00e9rez, &#8220;O Matela&#8221;, as\u00ed a banda antiga continuaba existindo co nome da &#8220;M\u00fasica Vella&#8221; ou a &#8220;Banda de Matela&#8221;.<\/p>\n<p>Por esa mesma \u00e9poca acababa de formarse na parroquia de Santa Cruz de Brosmos outra banda de m\u00fasica que se co\u00f1ec\u00eda como &#8220;A Banda do Pomares&#8221;. Esta terceira banda incorporou a Andr\u00e9s Rodr\u00edguez como profesor de m\u00fasica, sendo substitu\u00eddo m\u00e1is tarde polo seu irm\u00e1n Amancio Rodr\u00edguez, este \u00f3s poucos anos deixou \u00e1 s\u00faa fronte \u00f3 seu fillo tam\u00e9n chamado Amancio. A Amancio fillo sucedeulle Sergio Rodr\u00edguez -falecido en xaneiro do 1998-, e que ocupou a direcci\u00f3n desta banda durante moitos anos nas \u00e9pocas m\u00e1is dif\u00edciles, ensaiando na s\u00faa propia casa onde \u00f3 mesmo tempo formou a m\u00e1is dun centenar de mozos. Durante m\u00e1is de tres d\u00e9cadas funcionaron tres bandas de m\u00fasica en Sober.<\/p>\n<p>Antes da guerra &#8220;incivil&#8221; as d\u00faas bandas de Sober \u00fanense formando un grupo de m\u00e1is de 50 elementos, \u00f3 tempo que a de Santa Cruz contin\u00faa co seu labor. Durante a guerra non hab\u00eda festas, pero os m\u00fasicos non chamados a filas xunt\u00e1banse de vez en cando para ensaiar. Despois da guerra reorgan\u00edzanse as bandas de Sober e a de Santa Cruz. Cara \u00f3 ano 1960 a banda de Sober desfaise por falta de elementos e a causa, principalmente, da formaci\u00f3n de orquestras de baile. Quedando soamente a banda de Santa Cruz de Brosmos.<\/p>\n<p>Ademais dos directores citados foron parte moi importante da historia das bandas de Sober Jos\u00e9 Ram\u00f3n L\u00f3pez, &#8220;O Cu\u00f1as&#8221;, e Tadeo Guiti\u00e1n. Ambos xa xubilados das s\u00faas profesi\u00f3ns organizaron no 1975 unha escola de m\u00fasica que a\u00ednda hoxe contin\u00faa viva e que foi o xerme do presente musical de Sober. Axudoulles moito Heriberto P\u00e9rez que fora o subdirector da banda de Sober en moitas ocasi\u00f3ns. Tadeo e Jos\u00e9 Ram\u00f3n foron directores da Banda de Sober de mozos, de maduros e de vellos.<\/p>\n<p>Desde 1975 compartiron a direcci\u00f3n da banda e a formaci\u00f3n de m\u00fasicos ata os seus \u00faltimos d\u00edas de vida.<\/p>\n<p>En 1975, \u00f3 formarse a Escola de M\u00fasica de Sober e \u00f3 incorporarse un bo n\u00famero de nenos da capital do concello e de Proendos, a banda de Santa Cruz pasa a denominarse Banda de M\u00fasica de Sober. Da escola saen t\u00f3dolos anos mozos educados. Fai unha d\u00e9cada que o n\u00famero de rapazas est\u00e1 superando \u00f3 de rapaces.<\/p>\n<p>Na actualidade e escola conta con sete profesores e m\u00e1is dun centenar de alumnos. Foi reco\u00f1ecida oficialmente pola Conseller\u00eda de Educaci\u00f3n da Xunta de Galicia.<\/p>\n<p>Outros directores que pasaron polas bandas deste concello antes do 1975 foron: Antonio P\u00e9rez Rey, Pedro Garc\u00e9s, Antonio Taibo, Bernardo Cort\u00e9s, Pedro Rubio, Salvador S\u00e1nchez ou Antonio Rodr\u00edguez Guiti\u00e1n &#8211; sobri\u00f1o de Tadeo -.<\/p>\n<p>No 1985 f\u00edxose cargo da banda Alfonso Gonz\u00e1lez Fern\u00e1ndez, &#8220;O Casete&#8221;. Con Alfonso Gonz\u00e1lez a Banda de Sober actuou no programa &#8220;Gente Joven&#8221; de TVE, e actuou en Valladolid, Cornell\u00e1 ou Madrid entre outros lugares. No ano 1988 foi un monfortino ex-compo\u00f1ente da banda do Xeneral\u00edsimo quen dirixiu a banda ata o ano 1989, Julio Dopacio.<br \/>\nEntre 1989 e 1991 ocupou a direcci\u00f3n Nicanor Dom\u00ednguez Cid, profesor de clarinete do Conservatorio de Ourense e membro da Banda Municipal de Ourense. Entre 1991 e 1993 f\u00edxose cargo da banda un destacado membro dela, Alfonseo Campos P\u00e9rez, iniciado musicalmente na primeira promoci\u00f3n da escola de m\u00fasica no 1975. Hoxe contin\u00faa \u00f3 p\u00e9 do can\u00f3n como membro da banda da que \u00e9 fillo musical \u00f3 tempo que dirixe a Coral RENFE de Monforte, a Coral de B\u00f3veda e imparte clases na Escola Municipal de M\u00fasica de Quiroga e na propia Escola de M\u00fasica de Sober. Alfonso Campos foi substitu\u00eddo no 1993 por Jes\u00fas L\u00f3pez Prado, un novo m\u00fasico sarri\u00e1n. Na actualidade comparte o ensino de clarinete no Conservatorio de M\u00fasica de Lugo coa direcci\u00f3n da banda de m\u00fasica de Melide. Desde\u00a01997, ata o 2002 estivo ao fronte da banda Luis Fern\u00e1ndez Guiti\u00e1n,\u00a0integrante da banda desde 1975 -tam\u00e9n pertence, como Alfonso Campos, \u00e1 primeira fornada da escola de m\u00fasica-. O seguinte director foi Carlos Dieguez Beltran, trombonista formado na Escola de Musica de Sober, sustituiuno o profesor de tuba Miguel Rodriguez Barrio e actualmente o director e o tamen profesor de tuba Miguel Franqueiro Becerra.<\/p>\n<p>A Banda de Sober actuou en varias ocasi\u00f3ns para distintas televisi\u00f3ns. Na s\u00faa longa vida actuou en directo para personaxes relevantes como o rei Alfonso XIII, o l\u00edder cubano Fidel Castro, t\u00f3dolos presidentes cos que contou a Xunta de Galicia, o ex-presidente Calvo Sotelo, etc.<\/p>\n<p>Destacan nesta formaci\u00f3n musical: o primeiro premio das festas de San Froil\u00e1n do 1919 en Lugo; o segundo das festas do H\u00e1beas de Ourense non 1933; actuaci\u00f3ns en Barcelona, Valladolid, Madrid, Oviedo, Zamora, a pr\u00e1ctica totalidade dos concellos de Galicia e moitos de Asturias e Castilla-Le\u00f3n. Ten editados dous discos: un LP con dez temas galegos (1984) con Dial discos e unha casete na colecci\u00f3n Fonoteca 92 de &#8220;El Correo Gallego&#8221;.<\/p>\n<p>A banda organizou multitude de actuaci\u00f3ns ben\u00e9ficas, entre as que destacan bailes anuais para a terceira idade, un concerto para as monxas de clausura de Pant\u00f3n ou a organizaci\u00f3n dun festival Pro-Ruanda.<\/p>\n<p>En 1994 la Banda de Sober celebr\u00f3 llena de vida su 125 aniversario con una importante serie de actos entre los que destac\u00f3 una reuni\u00f3n de todos los m\u00fasicos vivos que pasaron por alguna de las bandas con que cont\u00f3 el ayuntamiento y que reuni\u00f3 a m\u00e1s de 200.<\/p>\n<p>Este ano a banda recibiu o premio Lucense del A\u00f1o. Entre os moitos agasallos e felicitaci\u00f3ns destacou o poema que &#8220;O poeta da Terra Ch\u00e1&#8221; e &#8220;Amigo de honra da Banda de Sober&#8221;, Manuel Mar\u00eda, dedicou a este colectivo musical e que di:<\/p>\n<p>Banda de Sober, os anos<br \/>\nD\u00e9ronche o son do sublime<br \/>\nQue purifica e redime<br \/>\nOs sentimentos humanos.<\/p>\n<p>Qua a tua arte musical,<br \/>\nTal como nos as queremos,<br \/>\n\u00a1 atopou no Val de Lemos<br \/>\no seu pais natural&#8230;!<\/p>\n<p>a m\u00fasica \u00e9 a certeza,<br \/>\no prodixio, a levedade<br \/>\ne la voz da natureza.<\/p>\n<p>A m\u00fasica, coa sua pureza,<br \/>\n\u00a1 l\u00e9vanos a soedade \u00a1<br \/>\ne trainos sempre a beleza![\/vc_column_text]<div class=\"ult-spacer spacer-69fb4bcd4fccf\" data-id=\"69fb4bcd4fccf\" data-height=\"30\" data-height-mobile=\"20\" data-height-tab=\"20\" data-height-tab-portrait=\"20\" data-height-mobile-landscape=\"20\" style=\"clear:both;display:block;\"><\/div>[vc_single_image image=&#8221;15632&#8243; img_size=&#8221;full&#8221;][vc_images_carousel images=&#8221;15736,15737&#8243; img_size=&#8221;full&#8221; slides_per_view=&#8221;2&#8243; hide_pagination_control=&#8221;yes&#8221;][\/vc_tta_section][\/vc_tta_accordion]<div class=\"ult-spacer spacer-69fb4bcd4fd21\" data-id=\"69fb4bcd4fd21\" data-height=\"30\" data-height-mobile=\"20\" data-height-tab=\"20\" data-height-tab-portrait=\"20\" data-height-mobile-landscape=\"20\" style=\"clear:both;display:block;\"><\/div>[vc_single_image image=&#8221;15632&#8243; img_size=&#8221;full&#8221;][\/vc_column][\/vc_row][vc_row ct_row_stretch=&#8221;&#8221;][vc_column]<div class=\"ult-spacer spacer-69fb4bcd4fd7e\" data-id=\"69fb4bcd4fd7e\" data-height=\"86\" data-height-mobile=\"86\" data-height-tab=\"86\" data-height-tab-portrait=\"\" data-height-mobile-landscape=\"\" style=\"clear:both;display:block;\"><\/div>[\/vc_column][\/vc_row]\n","protected":false},"excerpt":{"rendered":"<p>[vc_row ct_row_stretch=&#8221;stretch_row_content_no_spaces&#8221; full_width=&#8221;stretch_row_content_no_spaces&#8221; use_row_as_full_screen_section=&#8221;no&#8221; type=&#8221;full_width&#8221;][vc_column][vc_single_image image=&#8221;15732&#8243; img_size=&#8221;full&#8221;][\/vc_column][\/vc_row][vc_row ct_row_stretch=&#8221;&#8221; bg_type=&#8221;bg_color&#8221; source=&#8221;&#8221; main_heading=&#8221;- ALCALD\u00cdA -&#8221; heading_tag=&#8221;h2&#8243; main_heading_color=&#8221;#000000&#8243; sub_heading_color=&#8221;&#8221; alignment=&#8221;center&#8221; spacer=&#8221;no_spacer&#8221; spacer_position=&#8221;top&#8221; spacer_img_width=&#8221;48&#8243; line_style=&#8221;solid&#8221; line_height=&#8221;1&#8243; line_color=&#8221;#333333&#8243; line_icon_fixer=&#8221;10&#8243; main_heading_font_size=&#8221;desktop:40px;tablet:40px;tablet_portrait:30px;mobile_landscape:30px;mobile:20px;&#8221; main_heading_margin=&#8221;margin-top:80px;margin-bottom:80px;&#8221; margin_design_tab_text=&#8221;&#8221; main_heading_typograpy=&#8221;&#8221; main_heading_font_family=&#8221;&#8221; main_heading_style=&#8221;&#8221; &#8230;<\/p>\n","protected":false},"author":1,"featured_media":0,"parent":0,"menu_order":0,"comment_status":"closed","ping_status":"closed","template":"","meta":{"footnotes":""},"class_list":["post-15729","page","type-page","status-publish","hentry"],"_links":{"self":[{"href":"https:\/\/concellodesober.com\/en\/wp-json\/wp\/v2\/pages\/15729","targetHints":{"allow":["GET"]}}],"collection":[{"href":"https:\/\/concellodesober.com\/en\/wp-json\/wp\/v2\/pages"}],"about":[{"href":"https:\/\/concellodesober.com\/en\/wp-json\/wp\/v2\/types\/page"}],"author":[{"embeddable":true,"href":"https:\/\/concellodesober.com\/en\/wp-json\/wp\/v2\/users\/1"}],"replies":[{"embeddable":true,"href":"https:\/\/concellodesober.com\/en\/wp-json\/wp\/v2\/comments?post=15729"}],"version-history":[{"count":6,"href":"https:\/\/concellodesober.com\/en\/wp-json\/wp\/v2\/pages\/15729\/revisions"}],"predecessor-version":[{"id":16247,"href":"https:\/\/concellodesober.com\/en\/wp-json\/wp\/v2\/pages\/15729\/revisions\/16247"}],"wp:attachment":[{"href":"https:\/\/concellodesober.com\/en\/wp-json\/wp\/v2\/media?parent=15729"}],"curies":[{"name":"wp","href":"https:\/\/api.w.org\/{rel}","templated":true}]}}