{"id":15743,"date":"2024-02-09T11:32:06","date_gmt":"2024-02-09T10:32:06","guid":{"rendered":"https:\/\/concellodesober.com\/oleria-de-gundivos\/"},"modified":"2026-04-28T14:37:11","modified_gmt":"2026-04-28T12:37:11","slug":"oleria-de-gundivos","status":"publish","type":"page","link":"https:\/\/concellodesober.com\/en\/oleria-de-gundivos\/","title":{"rendered":"Oleiros de Gundiv\u00f3s"},"content":{"rendered":"[vc_row ct_row_stretch=&#8221;stretch_row_content_no_spaces&#8221; full_width=&#8221;stretch_row_content_no_spaces&#8221; use_row_as_full_screen_section=&#8221;no&#8221; type=&#8221;full_width&#8221;][vc_column][vc_single_image image=&#8221;15876&#8243; img_size=&#8221;full&#8221;][\/vc_column][\/vc_row][vc_row ct_row_stretch=&#8221;&#8221; bg_type=&#8221;bg_color&#8221; source=&#8221;&#8221; main_heading=&#8221;- ALCALD\u00cdA -&#8221; heading_tag=&#8221;h2&#8243; main_heading_color=&#8221;#000000&#8243; sub_heading_color=&#8221;&#8221; alignment=&#8221;center&#8221; spacer=&#8221;no_spacer&#8221; spacer_position=&#8221;top&#8221; spacer_img_width=&#8221;48&#8243; line_style=&#8221;solid&#8221; line_height=&#8221;1&#8243; line_color=&#8221;#333333&#8243; line_icon_fixer=&#8221;10&#8243; main_heading_font_size=&#8221;desktop:40px;tablet:40px;tablet_portrait:30px;mobile_landscape:30px;mobile:20px;&#8221; main_heading_margin=&#8221;margin-top:80px;margin-bottom:80px;&#8221; margin_design_tab_text=&#8221;&#8221; main_heading_typograpy=&#8221;&#8221; main_heading_font_family=&#8221;&#8221; main_heading_style=&#8221;&#8221; main_heading_line_height=&#8221;&#8221; sub_heading_typograpy=&#8221;&#8221; sub_heading_font_family=&#8221;&#8221; sub_heading_style=&#8221;&#8221; sub_heading_font_size=&#8221;&#8221; sub_heading_line_height=&#8221;&#8221; sub_heading_margin=&#8221;&#8221; spacer_img=&#8221;&#8221; line_width=&#8221;&#8221; spacer_margin=&#8221;&#8221; bg_color_value=&#8221;#f9f9f9&#8243;][vc_column]<div id=\"ultimate-heading-611369fb4bcd2b86a\" class=\"uvc-heading ult-adjust-bottom-margin ultimate-heading-611369fb4bcd2b86a uvc-559 \" data-hspacer=\"no_spacer\"  data-halign=\"center\" style=\"text-align:center\"><div class=\"uvc-heading-spacer no_spacer\" style=\"top\"><\/div><div class=\"uvc-main-heading ult-responsive\"  data-ultimate-target='.uvc-heading.ultimate-heading-611369fb4bcd2b86a h2'  data-responsive-json-new='{\"font-size\":\"desktop:40px;tablet:40px;tablet_portrait:30px;mobile_landscape:30px;mobile:20px;\",\"line-height\":\"\"}' ><h2 style=\"font-weight:normal;color:#000000;margin-top:80px;margin-bottom:80px;\">- POTTERS OF SOBER-<\/h2><\/div><\/div>[\/vc_column][\/vc_row][vc_row ct_row_stretch=&#8221;&#8221;][vc_column]<div class=\"ult-spacer spacer-69fb4bcd2b8e9\" data-id=\"69fb4bcd2b8e9\" data-height=\"30\" data-height-mobile=\"20\" data-height-tab=\"20\" data-height-tab-portrait=\"20\" data-height-mobile-landscape=\"20\" style=\"clear:both;display:block;\"><\/div>[\/vc_column][\/vc_row][vc_row ct_row_stretch=&#8221;&#8221;][vc_column width=&#8221;1\/4&#8243; css=&#8221;.vc_custom_1707307919031{background-color: #f0f0f0 !important;}&#8221;][vc_wp_custommenu nav_menu=&#8221;82&#8243;][\/vc_column][vc_column width=&#8221;3\/4&#8243;][vc_tta_accordion][vc_tta_section title=&#8221;Rectoral de Gundiv\u00f3s &#8221; tab_id=&#8221;1713779790562-c5af9687-001f&#8221;][vc_column_text]Artisan: El\u00edas Gonz\u00e1lez Prieto<\/p>\n<p>Address: Gundiv\u00f3s 11, 27460, Sober, Lugo.<\/p>\n<p>Telephone: +34 626 966 280<\/p>\n<p>E-mail: <a href=\"mailto:eliasgundivos@yahoo.es\">eliasgundivos@yahoo.es<\/a><\/p>\n<p>Website: <a href=\"https:\/\/rectoraldegundivos.es\/\">https:\/\/rectoraldegundivos.es\/<\/a>[\/vc_column_text]<span id=\"creative-link-wrap-7802\" class=\"ult_main_cl ult-adjust-bottom-margin  \" >\n\t \t\t\t<span class=\"ult_cl_link_1  ult_crlink\" >\n\t\t\t\t\t<a  data-ultimate-target='#creative-link-wrap-7802 .ult_colorlink'  data-responsive-json-new='{\"font-size\":\"\",\"line-height\":\"\"}'  href=\"http:\/\/www.rectoraldegundivos.es\" title=\"www.rectoraldegundivos.es\" target=\"_blank\" rel=\"noopener\"  class=\"ult_colorlink ult-responsive \" style=\"float:left;font-weight:normal;color:#333333; \"  data-textcolor=\"#333333\" data-texthover=\"#333333\"data-style=\"Style_1\">\n\t\t\t\t\t\t\n\t\t\t\t\t\t<span data-hover=\"www.rectoraldegundivos.es\" style=\"color:#333333;;;\" class=\"ult_btn10_span   \">www.rectoraldegundivos.es<\/span>\n\t\t\t\t\t\t\n\t\t\t\t\t<\/a>\n\t\t\t\t<\/span>\n\t\t\t<\/span>[\/vc_tta_section][vc_tta_section title=&#8221;Figulus &#8221; tab_id=&#8221;1713779790585-b82e236b-23cd&#8221;][vc_column_text]Artisans: Otilia Arias Garc\u00eda &amp; Tom\u00e1s L\u00f3pez Gonz\u00e1lez<\/p>\n<p>Address: Corvelle, Proendos, 27460 Sober, Lugo.<\/p>\n<p>Telephone: +34 982 460 546 \/ +34 616 706 356<\/p>\n<p>E-mail: <a href=\"mailto:proencia1@gmail.com\">proencia1@gmail.com<\/a><\/p>\n<p>Facebook: <a href=\"https:\/\/www.facebook.com\/Oleria-Figulus-1033652930008284\/\">Oleria Figulus<\/a>[\/vc_column_text]<span id=\"creative-link-wrap-4683\" class=\"ult_main_cl ult-adjust-bottom-margin  \" >\n\t \t\t\t<span class=\"  ult_crlink\" >\n\t\t\t\t\t<a  data-ultimate-target='#creative-link-wrap-4683 .ult_colorlink'  data-responsive-json-new='{\"font-size\":\"\",\"line-height\":\"\"}'  href=\"http:\/\/www.figulus.es.mn\" target=\"_blank\" rel=\"noopener\"  class=\"ult_colorlink ult-responsive \" style=\"float:left;font-weight:normal; \"  data-textcolor=\"#333333\" data-texthover=\"#333333\"data-style=\"\">\n\t\t\t\t\t\t\n\t\t\t\t\t\t<span data-hover=\"www.figulus.es.mn\" style=\"color:#333333;;;\" class=\"ult_btn10_span   \">www.figulus.es.mn<\/span>\n\t\t\t\t\t\t\n\t\t\t\t\t<\/a>\n\t\t\t\t<\/span>\n\t\t\t<\/span>[\/vc_tta_section][\/vc_tta_accordion]<div class=\"ult-spacer spacer-69fb4bcd2ba1e\" data-id=\"69fb4bcd2ba1e\" data-height=\"50\" data-height-mobile=\"30\" data-height-tab=\"40\" data-height-tab-portrait=\"40\" data-height-mobile-landscape=\"30\" style=\"clear:both;display:block;\"><\/div>[vc_images_carousel images=&#8221;15744,15875,15874,15873,15745,15746,15747&#8243; img_size=&#8221;full&#8221; slides_per_view=&#8221;2&#8243; autoplay=&#8221;yes&#8221; hide_pagination_control=&#8221;yes&#8221;]<div class=\"ult-spacer spacer-69fb4bcd2ba69\" data-id=\"69fb4bcd2ba69\" data-height=\"50\" data-height-mobile=\"30\" data-height-tab=\"40\" data-height-tab-portrait=\"40\" data-height-mobile-landscape=\"30\" style=\"clear:both;display:block;\"><\/div>[vc_single_image image=&#8221;15632&#8243; img_size=&#8221;full&#8221;][\/vc_column][\/vc_row][vc_row ct_row_stretch=&#8221;&#8221;][vc_column]<div class=\"ult-spacer spacer-69fb4bcd2bab9\" data-id=\"69fb4bcd2bab9\" data-height=\"86\" data-height-mobile=\"86\" data-height-tab=\"86\" data-height-tab-portrait=\"\" data-height-mobile-landscape=\"\" style=\"clear:both;display:block;\"><\/div>[\/vc_column][\/vc_row]\n","protected":false},"excerpt":{"rendered":"<p>[vc_row ct_row_stretch=&#8221;stretch_row_content_no_spaces&#8221; full_width=&#8221;stretch_row_content_no_spaces&#8221; use_row_as_full_screen_section=&#8221;no&#8221; type=&#8221;full_width&#8221;][vc_column][vc_single_image image=&#8221;15876&#8243; img_size=&#8221;full&#8221;][\/vc_column][\/vc_row][vc_row ct_row_stretch=&#8221;&#8221; bg_type=&#8221;bg_color&#8221; source=&#8221;&#8221; main_heading=&#8221;- ALCALD\u00cdA -&#8221; heading_tag=&#8221;h2&#8243; main_heading_color=&#8221;#000000&#8243; sub_heading_color=&#8221;&#8221; alignment=&#8221;center&#8221; spacer=&#8221;no_spacer&#8221; spacer_position=&#8221;top&#8221; spacer_img_width=&#8221;48&#8243; line_style=&#8221;solid&#8221; line_height=&#8221;1&#8243; line_color=&#8221;#333333&#8243; line_icon_fixer=&#8221;10&#8243; main_heading_font_size=&#8221;desktop:40px;tablet:40px;tablet_portrait:30px;mobile_landscape:30px;mobile:20px;&#8221; main_heading_margin=&#8221;margin-top:80px;margin-bottom:80px;&#8221; margin_design_tab_text=&#8221;&#8221; main_heading_typograpy=&#8221;&#8221; main_heading_font_family=&#8221;&#8221; main_heading_style=&#8221;&#8221; &#8230;<\/p>\n","protected":false},"author":1,"featured_media":0,"parent":0,"menu_order":0,"comment_status":"closed","ping_status":"closed","template":"","meta":{"footnotes":""},"class_list":["post-15743","page","type-page","status-publish","hentry"],"_links":{"self":[{"href":"https:\/\/concellodesober.com\/en\/wp-json\/wp\/v2\/pages\/15743","targetHints":{"allow":["GET"]}}],"collection":[{"href":"https:\/\/concellodesober.com\/en\/wp-json\/wp\/v2\/pages"}],"about":[{"href":"https:\/\/concellodesober.com\/en\/wp-json\/wp\/v2\/types\/page"}],"author":[{"embeddable":true,"href":"https:\/\/concellodesober.com\/en\/wp-json\/wp\/v2\/users\/1"}],"replies":[{"embeddable":true,"href":"https:\/\/concellodesober.com\/en\/wp-json\/wp\/v2\/comments?post=15743"}],"version-history":[{"count":6,"href":"https:\/\/concellodesober.com\/en\/wp-json\/wp\/v2\/pages\/15743\/revisions"}],"predecessor-version":[{"id":16251,"href":"https:\/\/concellodesober.com\/en\/wp-json\/wp\/v2\/pages\/15743\/revisions\/16251"}],"wp:attachment":[{"href":"https:\/\/concellodesober.com\/en\/wp-json\/wp\/v2\/media?parent=15743"}],"curies":[{"name":"wp","href":"https:\/\/api.w.org\/{rel}","templated":true}]}}