{"id":15759,"date":"2024-08-07T11:19:22","date_gmt":"2024-08-07T09:19:22","guid":{"rendered":"https:\/\/concellodesober.com\/outros-servizos-publicos\/"},"modified":"2026-04-13T14:29:26","modified_gmt":"2026-04-13T12:29:26","slug":"outros-servizos-publicos","status":"publish","type":"page","link":"https:\/\/concellodesober.com\/en\/outros-servizos-publicos\/","title":{"rendered":"Outros servizos p\u00fablicos"},"content":{"rendered":"[vc_row ct_row_stretch=&#8221;stretch_row_content_no_spaces&#8221; full_width=&#8221;stretch_row_content_no_spaces&#8221; use_row_as_full_screen_section=&#8221;no&#8221; type=&#8221;full_width&#8221;][vc_column][vc_single_image image=&#8221;9962&#8243; img_size=&#8221;full&#8221;][\/vc_column][\/vc_row][vc_row ct_row_stretch=&#8221;&#8221; bg_type=&#8221;bg_color&#8221; bg_color_value=&#8221;#f9f9f9&#8243;][vc_column]<div id=\"ultimate-heading-102569fb5c94727b1\" class=\"uvc-heading ult-adjust-bottom-margin ultimate-heading-102569fb5c94727b1 uvc-7987 \" data-hspacer=\"no_spacer\"  data-halign=\"center\" style=\"text-align:center\"><div class=\"uvc-heading-spacer no_spacer\" style=\"top\"><\/div><div class=\"uvc-main-heading ult-responsive\"  data-ultimate-target='.uvc-heading.ultimate-heading-102569fb5c94727b1 h2'  data-responsive-json-new='{\"font-size\":\"desktop:40px;tablet:40px;tablet_portrait:30px;mobile_landscape:30px;mobile:20px;\",\"line-height\":\"\"}' ><h2 style=\"font-weight:normal;color:#000000;margin-top:80px;margin-bottom:80px;\">- ADDITIONAL SERVICES -<\/h2><\/div><\/div>[\/vc_column][\/vc_row][vc_row ct_row_stretch=&#8221;&#8221;][vc_column]<div class=\"ult-spacer spacer-69fb5c9472823\" data-id=\"69fb5c9472823\" data-height=\"30\" data-height-mobile=\"20\" data-height-tab=\"20\" data-height-tab-portrait=\"20\" data-height-mobile-landscape=\"20\" style=\"clear:both;display:block;\"><\/div>[\/vc_column][\/vc_row][vc_row ct_row_stretch=&#8221;&#8221;][vc_column width=&#8221;1\/4&#8243; css=&#8221;.vc_custom_1707307919031{background-color: #f0f0f0 !important;}&#8221;][vc_wp_custommenu nav_menu=&#8221;84&#8243;][\/vc_column][vc_column width=&#8221;3\/4&#8243;][vc_row_inner][vc_column_inner][vc_column_text]\n<p style=\"text-align: center;\"><strong>CENTRO DE SA\u00daDE DE SOBER<\/strong> (Sober Health Centre)<\/p>\n<p style=\"text-align: center;\">Address: R\u00faa da Mina s\/n, 27460 Sober, Lugo.<\/p>\n<p style=\"text-align: center;\">Telephone: +34 982 460 701<\/p>\n<p style=\"text-align: center;\">Opening hours: Monday to Friday from 8:00 a.m. to 3:00 p.m.<\/p>\n<p>&nbsp;<\/p>\n<p style=\"text-align: center;\"><strong>RESIDENCIA NUESTRA SE\u00d1ORA DEL CARMEN<\/strong> (Nursing Home)<\/p>\n<p style=\"text-align: center;\">Fundaci\u00f3n San Rosendo<\/p>\n<p style=\"text-align: center;\">Address: Carretera de Gundiv\u00f3s s\/n, 27460 Sober, Lugo.<\/p>\n<p style=\"text-align: center;\">Telephone: +34 982 460 094<\/p>\n<p style=\"text-align: center;\">E-mail: <a href=\"mailto:sober@fundacionsanrosendo.es\">sober@fundacionsanrosendo.es<\/a><\/p>\n<p style=\"text-align: center;\">Website: <a href=\"http:\/\/www.fundacionsanrosendo.es\/residencia-nuestra-senora-carmen\">www.fundacionsanrosendo.es\/residencia-nuestra-senora-carmen<\/a><\/p>\n<p>&nbsp;<\/p>\n<p style=\"text-align: center;\"><strong>POST OFFICE <\/strong><\/p>\n<p>&nbsp;<\/p>\n<p style=\"text-align: center;\"><strong>Correos<\/strong><\/p>\n<p style=\"text-align: center;\">Location: Socio-Cultural Centre \u2013 Praza do Concello.<\/p>\n<p style=\"text-align: center;\">Opening hours: Monday to Friday: 9:00 a.m. to 10:30 a.m.<\/p>\n<p style=\"text-align: center;\">Telephone: +34 902 197 197<\/p>\n<p style=\"text-align: center;\">Website: <a href=\"http:\/\/www.correos.es\">www.correos.es<\/a><\/p>\n<p>&nbsp;<\/p>\n<p style=\"text-align: center;\"><strong>BANK OFFICES<\/strong><\/p>\n<p>&nbsp;<\/p>\n<p style=\"text-align: center;\"><strong>ABANCA<\/strong><\/p>\n<p style=\"text-align: center;\">Address: Av. Belan, Praza do Concello, 27460, Sober, Lugo<\/p>\n<p style=\"text-align: center;\">Opening hours: Monday to Friday: 8:15 a.m. to 2:00 p.m.<\/p>\n<p style=\"text-align: center;\">Telephone: +34 982 460 030<\/p>\n<p style=\"text-align: center;\">Website: <a href=\"http:\/\/www.abanca.com\/es\/oficinas\/oficina\/0144\">www.abanca.com\/es\/oficinas\/oficina\/0144<\/a><\/p>\n<p>&nbsp;<\/p>\n<p style=\"text-align: center;\"><strong>BBVA<\/strong> (Authorised Agent)<\/p>\n<p style=\"text-align: center;\">Praza do Concello, 1, 27460 Sober, Lugo<\/p>\n<p style=\"text-align: center;\">Opening hours: Monday to Friday: 9:00 a.m. to 2:00 p.m.<\/p>\n<p style=\"text-align: center;\">Telephone:\u00a0 +34 982 460 305<\/p>\n<p style=\"text-align: center;\">Website: <a href=\"http:\/\/www.bbva.es\">www.bbva.es<\/a><\/p>\n<p>&nbsp;<\/p>\n<p style=\"text-align: center;\"><strong>PHARMACIES<\/strong><\/p>\n<p>&nbsp;<\/p>\n<p style=\"text-align: center;\"><strong>Farmacia Paula Su\u00e1rez D\u00edaz<\/strong> (Pharmacy)<\/p>\n<p style=\"text-align: center;\">Address: Praza do Concello, 17, 27460, Sober<\/p>\n<p style=\"text-align: center;\">Opening hours:<\/p>\n<p style=\"text-align: center;\">Monday to Friday: 9:00 a.m. to 10 p.m.<\/p>\n<p style=\"text-align: center;\">\u00a0Saturday: 9:00 a.m. to 2:30 p.m.<\/p>\n<p style=\"text-align: center;\">Telephone: +34 982 460 012<\/p>\n<p style=\"text-align: center;\">Website: <a href=\"https:\/\/paulafarma.wixsite.com\/farmaciasober\">https:\/\/paulafarma.wixsite.com\/farmaciasober<\/a><\/p>\n<p>&nbsp;<\/p>\n<p style=\"text-align: center;\"><strong>Farmacia \u00d3ptica Jos\u00e9 Lu\u00eds P\u00e9rez Coto<\/strong> (Pharmacy &amp; Optician)<\/p>\n<p style=\"text-align: center;\">Address: R\u00faa da Mina, 1, 27460, Sober<\/p>\n<p style=\"text-align: center;\">Opening hours: Monday to Friday: 9:00 a.m. to 8:00 p.m.<\/p>\n<p style=\"text-align: center;\">Saturday:\u00a0 9:00 a.m. to 2:00 p.m.<\/p>\n<p style=\"text-align: center;\">Telephone: +34 982 460 007<\/p>\n<p style=\"text-align: center;\">Website: <a href=\"https:\/\/farmaciaopticasober.com\/\">https:\/\/farmaciaopticasober.com\/<\/a><\/p>\n<p>&nbsp;<\/p>\n<p style=\"text-align: center;\"><strong>PUBLIC TRANSPORT<\/strong><\/p>\n<p>&nbsp;<\/p>\n<p style=\"text-align: center;\"><strong>TAXIS<\/strong><\/p>\n<p style=\"text-align: center;\">Address: R\u00faa do Comercio, 1, 27460 Sober, Lugo<\/p>\n<p style=\"text-align: center;\">Taxi-drivers:<\/p>\n<p style=\"text-align: center;\">-Jos\u00e9 Luis Gonz\u00e1lez Salgado: Telephone: +34 677 436 091<\/p>\n<p style=\"text-align: center;\">-Roberto P\u00e9rez: Telephone: +34 617 911 073<\/p>\n<p>&nbsp;<\/p>\n<p style=\"text-align: center;\"><strong>TRAIN<\/strong><\/p>\n<p style=\"text-align: center;\">Canabal Train Station (Renfe \u2013 Adif)<\/p>\n<p style=\"text-align: center;\">Address: Traves\u00eda Estaci\u00f3n Ferrocarril, 19, 27440, Canaval, Sober, Lugo<\/p>\n<p style=\"text-align: center;\">Telephone: +34 912 320 320<\/p>\n<p style=\"text-align: center;\">Website: <a href=\"https:\/\/www.renfe.com\/\">https:\/\/www.renfe.com\/<\/a><\/p>\n<p>&nbsp;<\/p>\n<p style=\"text-align: center;\"><strong>BUS<\/strong><\/p>\n<p style=\"text-align: center;\">Routes: XG 64500101; XG 64500201; XG 64500901; XG 64501101<\/p>\n<p style=\"text-align: center;\">On-demand routes: XG 64800501; XG 64801401; XG 74300101; XG 74300401<\/p>\n<p style=\"text-align: center;\">Telephone: +34 988 687 800 (Monday to Friday: 8:00 a.m. to 7:00 p.m.)<\/p>\n<p style=\"text-align: center;\">Website: <a href=\"http:\/\/www.bus.gal\">www.bus.gal<\/a><\/p>\n[\/vc_column_text][\/vc_column_inner][\/vc_row_inner]<div class=\"ult-spacer spacer-69fb5c9472860\" data-id=\"69fb5c9472860\" data-height=\"30\" data-height-mobile=\"20\" data-height-tab=\"20\" data-height-tab-portrait=\"20\" data-height-mobile-landscape=\"20\" style=\"clear:both;display:block;\"><\/div>[vc_single_image image=&#8221;15632&#8243; img_size=&#8221;full&#8221;][\/vc_column][\/vc_row][vc_row ct_row_stretch=&#8221;&#8221;][vc_column]<div class=\"ult-spacer spacer-69fb5c9472894\" data-id=\"69fb5c9472894\" data-height=\"86\" data-height-mobile=\"86\" data-height-tab=\"86\" data-height-tab-portrait=\"\" data-height-mobile-landscape=\"\" style=\"clear:both;display:block;\"><\/div>[\/vc_column][\/vc_row]\n","protected":false},"excerpt":{"rendered":"<p>[vc_row ct_row_stretch=&#8221;stretch_row_content_no_spaces&#8221; full_width=&#8221;stretch_row_content_no_spaces&#8221; use_row_as_full_screen_section=&#8221;no&#8221; type=&#8221;full_width&#8221;][vc_column][vc_single_image image=&#8221;9962&#8243; img_size=&#8221;full&#8221;][\/vc_column][\/vc_row][vc_row ct_row_stretch=&#8221;&#8221; bg_type=&#8221;bg_color&#8221; bg_color_value=&#8221;#f9f9f9&#8243;][vc_column][\/vc_column][\/vc_row][vc_row ct_row_stretch=&#8221;&#8221;][vc_column][\/vc_column][\/vc_row][vc_row ct_row_stretch=&#8221;&#8221;][vc_column width=&#8221;1\/4&#8243; css=&#8221;.vc_custom_1707307919031{background-color: #f0f0f0 !important;}&#8221;][vc_wp_custommenu nav_menu=&#8221;84&#8243;][\/vc_column][vc_column width=&#8221;3\/4&#8243;][vc_row_inner][vc_column_inner][vc_column_text] CENTRO DE SA\u00daDE DE SOBER (Sober Health Centre) Address: R\u00faa da Mina &#8230;<\/p>\n","protected":false},"author":1,"featured_media":0,"parent":0,"menu_order":0,"comment_status":"closed","ping_status":"closed","template":"","meta":{"footnotes":""},"class_list":["post-15759","page","type-page","status-publish","hentry"],"_links":{"self":[{"href":"https:\/\/concellodesober.com\/en\/wp-json\/wp\/v2\/pages\/15759","targetHints":{"allow":["GET"]}}],"collection":[{"href":"https:\/\/concellodesober.com\/en\/wp-json\/wp\/v2\/pages"}],"about":[{"href":"https:\/\/concellodesober.com\/en\/wp-json\/wp\/v2\/types\/page"}],"author":[{"embeddable":true,"href":"https:\/\/concellodesober.com\/en\/wp-json\/wp\/v2\/users\/1"}],"replies":[{"embeddable":true,"href":"https:\/\/concellodesober.com\/en\/wp-json\/wp\/v2\/comments?post=15759"}],"version-history":[{"count":5,"href":"https:\/\/concellodesober.com\/en\/wp-json\/wp\/v2\/pages\/15759\/revisions"}],"predecessor-version":[{"id":15989,"href":"https:\/\/concellodesober.com\/en\/wp-json\/wp\/v2\/pages\/15759\/revisions\/15989"}],"wp:attachment":[{"href":"https:\/\/concellodesober.com\/en\/wp-json\/wp\/v2\/media?parent=15759"}],"curies":[{"name":"wp","href":"https:\/\/api.w.org\/{rel}","templated":true}]}}