{"id":15763,"date":"2024-04-18T12:43:03","date_gmt":"2024-04-18T10:43:03","guid":{"rendered":"https:\/\/concellodesober.com\/parroquias\/"},"modified":"2026-04-14T13:56:55","modified_gmt":"2026-04-14T11:56:55","slug":"parroquias","status":"publish","type":"page","link":"https:\/\/concellodesober.com\/en\/parroquias\/","title":{"rendered":"Parroquias"},"content":{"rendered":"[vc_row ct_row_stretch=&#8221;stretch_row_content_no_spaces&#8221; full_width=&#8221;stretch_row_content_no_spaces&#8221; use_row_as_full_screen_section=&#8221;no&#8221; type=&#8221;full_width&#8221;][vc_column][vc_single_image image=&#8221;15864&#8243; img_size=&#8221;full&#8221;][\/vc_column][\/vc_row][vc_row ct_row_stretch=&#8221;&#8221; bg_type=&#8221;bg_color&#8221; bg_color_value=&#8221;#f9f9f9&#8243;][vc_column]<div id=\"ultimate-heading-904569fb4e0d7c3fa\" class=\"uvc-heading ult-adjust-bottom-margin ultimate-heading-904569fb4e0d7c3fa uvc-6980 \" data-hspacer=\"no_spacer\"  data-halign=\"center\" style=\"text-align:center\"><div class=\"uvc-heading-spacer no_spacer\" style=\"top\"><\/div><div class=\"uvc-main-heading ult-responsive\"  data-ultimate-target='.uvc-heading.ultimate-heading-904569fb4e0d7c3fa h2'  data-responsive-json-new='{\"font-size\":\"desktop:40px;tablet:40px;tablet_portrait:30px;mobile_landscape:30px;mobile:20px;\",\"line-height\":\"\"}' ><h2 style=\"font-weight:normal;color:#000000;margin-top:80px;margin-bottom:80px;\">- PARISHES -<\/h2><\/div><\/div>[\/vc_column][\/vc_row][vc_row ct_row_stretch=&#8221;&#8221;][vc_column]<div class=\"ult-spacer spacer-69fb4e0d7c454\" data-id=\"69fb4e0d7c454\" data-height=\"30\" data-height-mobile=\"20\" data-height-tab=\"20\" data-height-tab-portrait=\"20\" data-height-mobile-landscape=\"20\" style=\"clear:both;display:block;\"><\/div>[\/vc_column][\/vc_row][vc_row ct_row_stretch=&#8221;&#8221;][vc_column width=&#8221;1\/4&#8243;][vc_wp_custommenu nav_menu=&#8221;83&#8243;][\/vc_column][vc_column width=&#8221;3\/4&#8243;][vc_tta_accordion][vc_tta_section title=&#8221;Amandi (Santa Mar\u00eda)&#8221; tab_id=&#8221;1713778877232-900ce9fc-5aa0&#8243;][vc_column_text]Amandi is renowned not only for its vineyards but also for lending its name to the wine designation of origin covering eight parishes in the southeast of the municipality.<\/p>\n<p>Furthermore, this parish is the seat of the archpriesthood, and it is prominent for its historical significance as one of the sixty jurisdictions of the ancient Kingdom of Galicia.<\/p>\n<p>According to a document dating back to 842, the Monastery of Santa Mar\u00eda de Amandi stood on this site, near the river, until its destruction by Ishmaelites raids. The current church is built upon those original foundations.[\/vc_column_text][\/vc_tta_section][vc_tta_section title=&#8221;Anllo (Santo Estevo)&#8221; tab_id=&#8221;1713778877258-d75d0aa9-d8de&#8221;][vc_column_text]This parish is of remarkable scenic beauty, overlooking banks of the Sil and Cabe rivers and marking their confluence at the place where these two rivers meet known as A Barca.<\/p>\n<p>Another highlight of the local landscape is the Portiz\u00f3 stream, which historically powered numerous watermills and, until recently, some of them remained in use by the parish residents.<\/p>\n<p>Local tradition holds that once it was a priory at Portiz\u00f3, today, only a house remains bearing an inscription from 1669.<\/p>\n<p>This parish is the birthplace of the renowned late-18<sup>th<\/sup>-century painter Juan Bernardo P\u00e9rez de Castinande whose works can still be seen in several manor houses in the municipality, including the Rectoral de Anllo.[\/vc_column_text][\/vc_tta_section][vc_tta_section title=&#8221;Anllo (San Marti\u00f1o)&#8221; tab_id=&#8221;1713778969733-356c5d0c-cc24&#8243;][vc_column_text]San Marti\u00f1o de Anllo boast a territory that overlooks the Sil Canyon. In the village of Xabrega, the Lugo Provincial Council built a dock which, along with those at Ponte do Sil and Abeleda, serves the catamarans and boats navigating the canyon along the River Sil\u2019s calm waters.<\/p>\n<p>This parish as Santo Estevo de Anllo, was home to numerous watermills, powered by the Camilo stream, also known as Xabrega and Riachuelo de los Molinos. Several of these buildings can still be restored.<\/p>\n<p>Additionally, in the villages of Fervenza and Naz, various manor houses bear witness to their noble past; in fact, Naz once served as the seat of the municipal authorities.[\/vc_column_text][\/vc_tta_section][vc_tta_section title=&#8221;Arrox\u00f3 (San Marti\u00f1o)&#8221; tab_id=&#8221;1731405329223-da9f4835-f482&#8243;][vc_column_text]This parish is home to Sober town centre. It is predominantly of recent construction and serves as its commercial and administrative hub. Most essential services are concentrated here, including the town hall, medical and community centres, school and a variety of local businesses from banks and pharmacies to traditional, bakeries and restaurants, among others.<\/p>\n<p>In his book <em>Descripci\u00f3n del t\u00e9rmino municipal de Sober, <\/em>Enrique Fern\u00e1ndez Llano mentions that the parish once held a manorial house with a heraldic coat of arms featuring a lion set upon an irregular field. Due to its proximity to the Palace-Fortress of the L\u00f3pez de Lemos, Lords of Pant\u00f3n and Sober, the parish&#8217;s history has been closely tied to that noble family.[\/vc_column_text][\/vc_tta_section][vc_tta_section title=&#8221;Barantes (San Xo\u00e1n)&#8221; tab_id=&#8221;1713778994324-8d278ce9-7fb8&#8243;][vc_column_text]The 1905 <em>Geographical\u2011Historical Monograph<\/em> of Galicia records that this parish has twelve mineral-rich springs. Part of the parish is bordered by the River Sil, whose banks were once home to numerous <em>albarizas<\/em>, which were circular or oval stone structures built to protect beehives from wild animals, primarily bears.<\/p>\n<p>In the early 1940s, amid the Second World War, Barantes hosted a military detachment in the schoolhouse.<\/p>\n<p>According to the historian Germ\u00e1n V\u00e1zquez, the 17<sup>th<\/sup>-century master sculptor Gregorio Blanco was born in this parish. Blanco was commissioned by the Bernardine nuns of Ferreira de Pant\u00f3n to build the altarpiece for their convent\u2019s main chapel.[\/vc_column_text][\/vc_tta_section][vc_tta_section title=&#8221;Bolmente (Santa Mar\u00eda)&#8221; tab_id=&#8221;1713779014805-558f52fb-fead&#8221;][vc_column_text]Nesta parroquia enc\u00f3ntranse dous dos\u00a0 miradoiros sobre os can\u00f3ns do Sil que existen no municipio. A s\u00faa igrexa, de orixe rom\u00e1nica, foi totalmente reconstru\u00edda no s\u00e9culo XVIII.<\/p>\n<p>Esta parroquia ten un solo moi rico o que favoreceu un importante desenvolvemento da agricultura e da gander\u00eda, como pon de manifesto o feito de que se encontre aqu\u00ed a maior concentraci\u00f3n de h\u00f3rreos do municipio, sobre todo no pobo co\u00f1ecido como O Pi\u00f1eiro. En tempos foi importante a produci\u00f3n de seda.<\/p>\n<p>Tam\u00e9n foi e \u00e9 terra de augardenteiros.<\/p>\n<p>Bolmente ten unha das maiores \u00e1reas de monte com\u00fan poboado, cun total de 220 hect\u00e1reas ocupadas por pi\u00f1eiro pinastra. Pola contra, dos antigos soutos de casti\u00f1eiros apenas queda o recordo.[\/vc_column_text][\/vc_tta_section][vc_tta_section title=&#8221;Brosmos (Santa Cruz)&#8221; tab_id=&#8221;1713779038993-259d371f-ffd1&#8243;][vc_column_text]Esta parroquia situada \u00f3 leste do municipio, nun rech\u00e1n e rodeada polas parroquias de Doade, Bulso e Gundiv\u00f3s, foi tam\u00e9n zona de mu\u00ed\u00f1os \u00f3 amparo do arroio de Sante.<\/p>\n<p>\u00c1 xente de Santa Cruz corresp\u00f3ndelle o honor de lograr mante-la da banda de m\u00fasica, destacando como art\u00edfice do mesmo Sergio Rodr\u00edguez.[\/vc_column_text][\/vc_tta_section][vc_tta_section title=&#8221;Bulso (San Pedro)&#8221; tab_id=&#8221;1713779064591-1625e70a-e3d6&#8243;][vc_column_text]Bulso foi sempre unha parroquia eminentemente agr\u00edcola. \u00c1 s\u00faa lama acud\u00edan e seguen acudindo os oleiros de Gundiv\u00f3s para extrae-lo barro que, xunto co que levan de Figueiro\u00e1, lles serve de materia prima.<\/p>\n<p>No nomencl\u00e1tor do ano 1940 figura Bulso como lugar onde existiu unha torre-fortaleza e a\u00ednda que non queda sinal dela si hai unha casa co\u00f1ecida como a Casa da Torre.[\/vc_column_text][\/vc_tta_section][vc_tta_section title=&#8221;Canaval(San Pedro)&#8221; tab_id=&#8221;1713779097942-abadb1b5-76ae&#8221;][vc_column_text]Canaval est\u00e1 situada \u00e1 marxe esquerda do r\u00edo Cabe. Esta parroquia foi tradicionalmente a m\u00e1is industrial do municipio, debido en parte \u00e1 existencia dunha estaci\u00f3n de ferrocarril e \u00e1 abundancia de barrais que aportaron abundante materia prima \u00e1s tres cer\u00e1micas que existiron nesta localidade. A \u00faltima desapareceu no nadal de 1994.<\/p>\n<p>A s\u00faa igrexa aparece relacionada co mosteiro de San Pedro de Valverde no s\u00e9culo XII, m\u00e1is tarde coa Orde do Temple e posteriormente coa Casa de Lemos. O edificio, de planta rectangular, con \u00e1bsida tam\u00e9n rectangular e sancrist\u00eda pegada pola cara norte, foi restaurado no s\u00e9culo XVIII. Da anterior igrexa rom\u00e1nica quedan alg\u00fans restos, tanto no interior como na fachada principal.<\/p>\n<p>Nos arredores do pobo de Campo Rairo houbo un campamento romano que controlaba a entrada \u00f3 Val de Lemos.[\/vc_column_text][\/vc_tta_section][vc_tta_section title=&#8221;Doade(San Marti\u00f1o)&#8221; tab_id=&#8221;1713779143170-1f721e15-db1f&#8221;][vc_column_text]Doade \u00e9 unha parroquia eminentemente vin\u00edcola, pertence \u00e1 subzona de Amandi. \u00c9 a m\u00e1is grande e a m\u00e1is oriental das parroquias do municipio de Sober, tam\u00e9n a m\u00e1is afastada da capitalidade a\u00ednda que est\u00e1 moi ben comunicada con esta. A estrada LU-601 cruza este municipio unindo Monforte con Castro Caldelas.<\/p>\n<p>Por aqu\u00ed pasou na \u00e9poca dos romanos a V\u00eda Nova, que un\u00eda Braga con Astorga, tal como relata Germ\u00e1n V\u00e1zquez: \u201centre los caminos accesorios, la existencia de uno entre Castro Caldelas a Praesidium, centro de la gran arteria estrat\u00e9gica o V\u00eda Nova de Braga a Astorga, hacia Monforte, despu\u00e9s de pasar el Sil por la Barca de Paradela\u201d. Esta ponte, hoxe sepultada polas augas do encoro de Santo Estevo, xa figuraba nas notas de Plinio e Ptolomeo sobre Gallaecia. Dicir, por \u00faltimo, que parte desta v\u00eda romana a\u00ednda se conserva.<\/p>\n<p>A presenza dos celtas nesta parroquia queda tam\u00e9n constatada coa existencia de numerosos castros, outeiros e croas.<\/p>\n<p>Tam\u00e9n se conserva o edificio dun priorado. Desta parroquia \u00e9 ori\u00fanda a familia Mart\u00ednez-Anido, ligada durante moito tempo \u00e1 pol\u00edtica espa\u00f1ola.[\/vc_column_text][\/vc_tta_section][vc_tta_section title=&#8221;Figueiro\u00e1 (San Salvador)&#8221; tab_id=&#8221;1713779179371-197cf728-66b1&#8243;][vc_column_text]Figueiro\u00e1 est\u00e1 intimamente ligada \u00e1 parroquia de Gundiv\u00f3s, \u00e1 que lle proporciona a maior\u00eda do barro utilizado na oleir\u00eda daquel pobo.<\/p>\n<p>Os amantes da historia poder\u00e1n ver nesta parroquia unha medorra e os petr\u00f3glifos dos C\u00f3taros.<\/p>\n<p>Tam\u00e9n se conservan en bo estado os mu\u00ed\u00f1os de auga, movidos no seu d\u00eda polo arroio de Pousavedra.[\/vc_column_text][\/vc_tta_section][vc_tta_section title=&#8221;Gundiv\u00f3s (Santiago)&#8221; tab_id=&#8221;1713779209292-5603db04-9336&#8243;][vc_column_text]Tal vez sexa esta a parroquia m\u00e1is co\u00f1ecida f\u00f3ra das fronteiras municipais. O m\u00e9rito d\u00e9beselles \u00f3s oleiros que a\u00ednda hoxe traballan nela. Quen se acerque a Gundiv\u00f3s poder\u00e1 ve-los talleres dos oleiros, os t\u00edpicos fornos nos que cocen as s\u00faas pezas, e comprar algunha destas pezas.<\/p>\n<p>No lugar de Seoane existe un castro. Ten uns accesos moi dif\u00edciles e a vexetaci\u00f3n dificulta a s\u00faa visi\u00f3n.[\/vc_column_text][\/vc_tta_section][vc_tta_section title=&#8221;Li\u00f1aran (San Marti\u00f1o)&#8221; tab_id=&#8221;1713779233848-19d5d41a-f03c&#8221;][vc_column_text]No pequeno p\u00f3rtico lateral que ten a igrexa pola ala norte, hai un ara romana coa inscrici\u00f3n LVGBO ARQUIENB CAIVS IVLIVS HISPANVS V.S.L.M. Conta a tradici\u00f3n que este monolito foi tra\u00eddo das ru\u00ednas dunha capela que noutros tempos exist\u00eda no monte de San Roque.<\/p>\n<p>Seguindo coa igrexa parroquial gustar\u00edame apuntar un dito popular segundo o cal o tanguido da camp\u00e1 di claramente &#8220;vale quen ten&#8221;.<\/p>\n<p>Enrique Fern\u00e1ndez Llano afirma que nesta parroquia se plantaron os primeiros pi\u00f1eiros do municipio de Sober.[\/vc_column_text][\/vc_tta_section][vc_tta_section title=&#8221;Lobios (San Xillao)&#8221; tab_id=&#8221;1713779267629-86dba59c-bca1&#8243;][vc_column_text]Os apreciados vi\u00f1os Amandi que se colleitan tam\u00e9n nesta parroquia e as fermosas vistas sobre o r\u00edo Sil ser\u00edan un motivo suficiente para visitar este lugar, no que ademais atoparemos importantes obras arquitect\u00f3nicas.<\/p>\n<p>A igrexa de Lobios \u00e9 unha interesante mostra do rom\u00e1nico rural, con elementos de transici\u00f3n e oxivais. A s\u00faa construci\u00f3n data do s\u00e9culo XIII. A sancrist\u00eda, sen embargo, \u00e9 posterior e a espadana \u00e9 barroca, do 1806. Os materiais empregados na s\u00faa construci\u00f3n son perpia\u00f1os de granito moi regulares.<\/p>\n<p>Antes desta igrexa hab\u00eda un mosteiro visigodo do s\u00e9culo X. Actualmente o top\u00f3nimo mosteiro cons\u00e9rvase a\u00ednda nun barrio desta parroquia.<\/p>\n<p>Moi preti\u00f1o da igrexa est\u00e1 a capela da Ra\u00ed\u00f1a dos Anxos. Esta capela est\u00e1 ligada a unha fermosa lenda. Segundo conta esta unha moza do lugar rouboulle unha cadea de ouro a una moura, esta inmediatamente se transformou en serpe. A rapaza, que lle \u00eda escapando, \u00f3 pasar por diante da capela encomendouse \u00e1 Virxe e a serpe adquiriu de novo a figura humana.<\/p>\n<p>Entre a igrexa e a capela hai un interesante cruceiro \u00e1 marxe dereita da estrada que une a capital do municipio con Doade.[\/vc_column_text][\/vc_tta_section][vc_tta_section title=&#8221;Mill\u00e1n (San Nicolao)&#8221; tab_id=&#8221;1713779316845-80c3fe8b-9412&#8243;][vc_column_text]Mill\u00e1n \u00e9 terra de roscas e lendas. Unha destas lendas dinos que as lexi\u00f3ns romanas vi\u00f1an curarse \u00e1 fonte de Fonterd\u00e1, \u00e1 que se lle atrib\u00faen poderes medicinais, especialmente os males relacionados coa dixesti\u00f3n. \u00d3s nenos do veci\u00f1o pobo de Francos, na parroquia de Proendos, advert\u00edaselles do perigo de ir ata esta fonte xa que nela habitaba o saca\u00fantos.<\/p>\n<p>A auga da fonte do Cura \u00e9 boa para evita-la dor de moas. Ademais perdura a crenza de que na Pena de Bel\u00e1n estivo oculta Santa Polonia, en tempos da invasi\u00f3n b\u00e1rbara.<\/p>\n<p>Con respecto \u00e1s roscas, hai que destacar que foron famosas en toda a comarca, os artes\u00e1ns de Mill\u00e1n vend\u00edanas directamente polas festas, feiras e romar\u00edas dos distintos pobos. Na actualidade s\u00f3 existe un rosqueiro nesta parroquia.[\/vc_column_text][\/vc_tta_section][vc_tta_section title=&#8221;Neiras (San Salvador)&#8221; tab_id=&#8221;1713779348312-235f7b63-44fb&#8221;][vc_column_text]Esta parroquia est\u00e1 nun val e cr\u00fazaa o r\u00edo Neiras ou Ferved\u00f3n. Limita co municipio de Monforte polo norte e o leste.<\/p>\n<p>\u00c9 unha zona eminentemente agr\u00edcola, gandeira e forestal. Por esta parroquia, as\u00ed como pola de Refoxo e a de Canaval, pasaba o telef\u00e9rico que transportaba o mineral das minas de Freixo ata a estaci\u00f3n de Ferrocarril de Canaval. Actualmente a\u00ednda se conservan as columnas que soportaban o tendido el\u00e9ctrico.<\/p>\n<p>No lugar da Devesa existe un recuncho pintoresco, protagonizado polo regato e a edificaci\u00f3n dun mu\u00ed\u00f1o que hoxe se utiliza como carpinter\u00eda.[\/vc_column_text][\/vc_tta_section][vc_tta_section title=&#8221;Pinol (San Vicente)&#8221; tab_id=&#8221;1713779381107-56ce5beb-6038&#8243;][vc_column_text]A vila de Pinol aparece a comezos do s\u00e9culo XI, dependendo ata o s\u00e9culo XV do mosteiro de Santa Cristina de Ribas de Sil. M\u00e1is tarde esta parroquia foi beneficio da Casa de Lemos, desempe\u00f1ando incluso o Gran Rodrigo de Castro, comoe procurador, o cargo de p\u00e1rroco da mesma.<\/p>\n<p>Unha vez m\u00e1is atop\u00e1monos na zona dos Amandi, colleitados fundamentalmente nos lugares de Chanteiro e A Barca de Sampil. Na ribeira contin\u00faa existindo ademais unha gran cantidade de \u00e1rbores aut\u00f3ctonas e herbas arom\u00e1ticas e medicinais.<\/p>\n<p>Esta parroquia alberga o santuario da Nosa Se\u00f1ora a Sant\u00edsima Virxe de Cadeiras, constru\u00eddo no s\u00e9culo XVIII e que cada oito de setembro conv\u00e9rtese en lugar de peregrinaci\u00f3n, debido \u00f3s milagres que se lle atrib\u00faen a esta advocaci\u00f3n da Virxe.<\/p>\n<p>Como dato curioso, Enrique Fern\u00e1ndez Llano destaca que a maior distancia da provincia de Lugo, de norte a sur, \u00e9 entre a illa Coelleira e o Monte de Cadeiras.<\/p>\n<p>A igrexa parroquial de Pinol \u00e9 un edificio rom\u00e1nico constru\u00eddo, segundo parece, a comezos do s\u00e9culo XIII. A sancrist\u00eda pegada \u00f3 \u00e1ngulo esquerdo \u00e9 posterior.<\/p>\n[\/vc_column_text][\/vc_tta_section][vc_tta_section title=&#8221;Proendos (Santa Mar\u00eda)&#8221; tab_id=&#8221;1713779427125-104e24a7-9327&#8243;][vc_column_text]Atop\u00e1monos na parroquia de maior interese hist\u00f3rico dentro do municipio. Linda coa de Sober. Presenta un territorio practicamente chan sendo A Peni\u00f1a-Mer o lugar m\u00e1is elevado, con 492 metros sobre o nivel do mar. O punto m\u00e1is baixo, de 432 metros, sit\u00faase en Outeiro.<\/p>\n<p>\u00d3 redor da igrexa parroquial asent\u00e1base a cidade de Proencia. A maior\u00eda dos historiadores atrib\u00faenlle unha orixe romana, a\u00ednda que hai quen defende que a s\u00faa orixe \u00e9 sueva.<\/p>\n<p>Constantemente aparecen restos deste antigo poboado. Os de maior interese arqueol\u00f3xico descubr\u00edronse no ano 1945, nesa ocasi\u00f3n atopouse unha tumba, un esqueleto, d\u00faas camp\u00e1s e outros obxectos de bronce e cer\u00e1mica que foron depositados no Museo Provincial de Lugo.<\/p>\n<p>En estudios posteriores no ano 2020 l\u00f3grase por en valor o primeiro Horreum con muros paralelos de Galicia que forma parte dunha vila do Alto Imperio cun un edificio central e diferentes estructuras agr\u00edcolas asociadas cuxos restos s\u00edguense a excavar actualmente moi preto deste horreum.<\/p>\n<p>P\u00f3dense ver ademais varios petr\u00f3glifos entre os que destacan os da finca O Xestal, tam\u00e9n nas proximidades da igrexa parroquial. A importancia destes xacementos radica, xunto co seu valor intr\u00ednseco, na s\u00faa localizaci\u00f3n, moi oriental, afastada do foco principal de gravados rupestres en Galicia, que se sit\u00faa na provincia de Pontevedra.<\/p>\n<p>Polo que respecta \u00e1 igrexa parroquial, o edificio actual lev\u00e1ntase sobre a primitiva f\u00e1brica rom\u00e1nica, da que a\u00ednda se conservan alg\u00fans restos, que datan probablemente da segunda metade do s\u00e9culo XII. No seu interior cons\u00e9rvanse interesantes pinturas murais.<\/p>\n<p>Ademais das distintas casas brasonadas que se poden ver nesta parroquia destaca a Casa-Palacio que no ano 740 mandou constru\u00edr Lope L\u00f3pez de Lemos y Sober, que foi se\u00f1or de Ferreira de Pant\u00f3n e Sober. Hoxe en d\u00eda o edificio est\u00e1 en ru\u00ednas, s\u00f3 permanecen en p\u00e9 as fachadas exteriores e parte do tellado. Nos seus muros cons\u00e9rvase o escudo familiar que deu orixe \u00f3 escudo do municipio de Sober.<\/p>\n<p>Nesta parroquia, no lugar de Sober o Vello, permanec\u00edan as dependencias municipais ata que foron tranladadas \u00e1 localidade de Berea (hoxe co\u00f1ecida xa como Sober).[\/vc_column_text][\/vc_tta_section][vc_tta_section title=&#8221;Refoxo (Santo Estevo)&#8221; tab_id=&#8221;1713779539989-1a0e0260-3000&#8243;][vc_column_text]Parroquia situada entre as de Proendos, Arroxo, Canaval, Gundiv\u00f3s e Neir\u00e1s.<\/p>\n<p>A igrexa est\u00e1 situada no lugar co\u00f1ecido como O Burato, de grande interese paisax\u00edstico.<br \/>\nEsta fegres\u00eda xa se mencionaba nun documento p\u00fablico datado no ano 1128 onde o rei don Alfonso e a ra\u00ed\u00f1a dona Urraca lle fixeron a merc\u00e9 das Sinecuras (cargo ou emprego retribu\u00eddo que non d\u00e1 traballo ou moi pouco) de Santo Estevo de Refoxo a D. Alonso L\u00f3pez de Sober y Lemos.<\/p>\n<p>Do lugar de Pousada foron naturais os irm\u00e1ns plebiscitarios Manuel e Victoriano \u00c1lvarez Fern\u00e1ndez. O primeiro ocupou durante moito tempo o cargo de capel\u00e1n e confesor da ra\u00ed\u00f1a Cristina, o segundo foi capel\u00e1n da Mari\u00f1a. Tam\u00e9n a estes irm\u00e1ns, especialmente a Manuel \u00c1lvarez, se lles debe a construci\u00f3n da estrada entre Monforte e Sober.[\/vc_column_text][\/vc_tta_section][vc_tta_section title=&#8221;Rosende (San Miguel)&#8221; tab_id=&#8221;1713779575109-76e64421-b43e&#8221;][vc_column_text]A parroquia de Rosende experimentou un gran desenvolvemento nos \u00faltimos anos, \u00f3 converterse en sede da fundaci\u00f3n Belarmino Fern\u00e1ndez Iglesias.<\/p>\n<p>A fundaci\u00f3n Belarmiro Fern\u00e1ndez est\u00e1 asentada na Casa de Ribas, de cuxo avoengo nos falan os bras\u00f3ns e escudos que ostenta. \u00d3 abeiro da mesma funciona desde o curso 1997-1998 unha escola de hostaler\u00eda.<\/p>\n<p>Adem\u00e1s de esta escuela de hosteler\u00eda, la fundaci\u00f3n tambi\u00e9n tuvo instalaciones deportivas con piscinas y pistas de tenis, a las que tuvo acceso el p\u00fablico en general hasta la construcci\u00f3n de las actuales instalaciones municipales con lo cual las de la fundaci\u00f3n dejaron de estar en uso.<\/p>\n<p>Merecen tam\u00e9n unha visita a igrexa e a casa rectoral, tipo mosteiro ou priorado.<\/p>\n<p>Rosende \u00e9 unha zona vin\u00edcola inclu\u00edda na denominaci\u00f3n de orixe da Ribeira Sacra, na subzona de Ribeiras do Mi\u00f1o. Nesta parroquia cel\u00e9brase a festividade de San Miguel. Nos \u00faltimos anos trasladouse a festividade do mes de setembro \u00f3 mes de agosto por motivos climatol\u00f3xicos.[\/vc_column_text][\/vc_tta_section][vc_tta_section title=&#8221;Satiorxo (San Xurxo)&#8221; tab_id=&#8221;1713779602705-2e4dada9-fe3d&#8221;][vc_column_text]Vilaescura est\u00e1 ba\u00f1ada polo Cabe, r\u00edo que entra no municipio por Canaval e percorre, ademais destas d\u00faas parroquias, as parroquias de Rosende e Santo Estevo de Anllo onde desemboca.<\/p>\n<p>No lugar de Vilaescura at\u00f3pase un castro, situado sobre o punto de ruptura da pendente que marca o inicio do Can\u00f3n do r\u00edo Cabe, nunha propiedade privada.<\/p>\n<p>Tanto este xacemento como o seu entorno enc\u00f3ntranse baixo unha agradable carballeira, que facilita o paseo ata o lugar desde a igrexa con vistas do r\u00edo Cabe, unha zona de extraordinaria beleza.<\/p>\n<p>Hai que dicir, sen embargo, que boa parte das estruturas p\u00e9treas deste castro est\u00e1n desmanteladas.[\/vc_column_text][\/vc_tta_section][vc_tta_section title=&#8221;Vilaescura (Santa Mar\u00eda)&#8221; tab_id=&#8221;1713779636056-8a4481ce-2784&#8243;][vc_column_text]Vilaescura est\u00e1 ba\u00f1ada polo Cabe, r\u00edo que entra no municipio por Canaval e percorre, ademais destas d\u00faas parroquias, as parroquias de Rosende e Santo Estevo de Anllo onde desemboca.<\/p>\n<p>No lugar de Vilaescura at\u00f3pase un castro, situado sobre o punto de ruptura da pendente que marca o inicio do Can\u00f3n do r\u00edo Cabe, nunha propiedade privada.<\/p>\n<p>Tanto este xacemento como o seu entorno enc\u00f3ntranse baixo unha agradable carballeira, que facilita o paseo ata o lugar desde a igrexa con vistas do r\u00edo Cabe, unha zona de extraordinaria beleza.<\/p>\n<p>Hai que dicir, sen embargo, que boa parte das estruturas p\u00e9treas deste castro est\u00e1n desmanteladas.[\/vc_column_text][\/vc_tta_section][\/vc_tta_accordion][\/vc_column][\/vc_row][vc_row ct_row_stretch=&#8221;&#8221;][vc_column]<div class=\"ult-spacer spacer-69fb4e0d7c47f\" data-id=\"69fb4e0d7c47f\" data-height=\"86\" data-height-mobile=\"86\" data-height-tab=\"86\" data-height-tab-portrait=\"\" data-height-mobile-landscape=\"\" style=\"clear:both;display:block;\"><\/div>[\/vc_column][\/vc_row]\n","protected":false},"excerpt":{"rendered":"<p>[vc_row ct_row_stretch=&#8221;stretch_row_content_no_spaces&#8221; full_width=&#8221;stretch_row_content_no_spaces&#8221; use_row_as_full_screen_section=&#8221;no&#8221; type=&#8221;full_width&#8221;][vc_column][vc_single_image image=&#8221;15864&#8243; img_size=&#8221;full&#8221;][\/vc_column][\/vc_row][vc_row ct_row_stretch=&#8221;&#8221; bg_type=&#8221;bg_color&#8221; bg_color_value=&#8221;#f9f9f9&#8243;][vc_column][\/vc_column][\/vc_row][vc_row ct_row_stretch=&#8221;&#8221;][vc_column][\/vc_column][\/vc_row][vc_row ct_row_stretch=&#8221;&#8221;][vc_column width=&#8221;1\/4&#8243;][vc_wp_custommenu nav_menu=&#8221;83&#8243;][\/vc_column][vc_column width=&#8221;3\/4&#8243;][vc_tta_accordion][vc_tta_section title=&#8221;Amandi (Santa Mar\u00eda)&#8221; tab_id=&#8221;1713778877232-900ce9fc-5aa0&#8243;][vc_column_text]Amandi is renowned not only for its vineyards but also for lending &#8230;<\/p>\n","protected":false},"author":1,"featured_media":0,"parent":0,"menu_order":0,"comment_status":"closed","ping_status":"closed","template":"","meta":{"footnotes":""},"class_list":["post-15763","page","type-page","status-publish","hentry"],"_links":{"self":[{"href":"https:\/\/concellodesober.com\/en\/wp-json\/wp\/v2\/pages\/15763","targetHints":{"allow":["GET"]}}],"collection":[{"href":"https:\/\/concellodesober.com\/en\/wp-json\/wp\/v2\/pages"}],"about":[{"href":"https:\/\/concellodesober.com\/en\/wp-json\/wp\/v2\/types\/page"}],"author":[{"embeddable":true,"href":"https:\/\/concellodesober.com\/en\/wp-json\/wp\/v2\/users\/1"}],"replies":[{"embeddable":true,"href":"https:\/\/concellodesober.com\/en\/wp-json\/wp\/v2\/comments?post=15763"}],"version-history":[{"count":9,"href":"https:\/\/concellodesober.com\/en\/wp-json\/wp\/v2\/pages\/15763\/revisions"}],"predecessor-version":[{"id":16015,"href":"https:\/\/concellodesober.com\/en\/wp-json\/wp\/v2\/pages\/15763\/revisions\/16015"}],"wp:attachment":[{"href":"https:\/\/concellodesober.com\/en\/wp-json\/wp\/v2\/media?parent=15763"}],"curies":[{"name":"wp","href":"https:\/\/api.w.org\/{rel}","templated":true}]}}