{"id":15834,"date":"2024-08-13T13:04:19","date_gmt":"2024-08-13T11:04:19","guid":{"rendered":"https:\/\/concellodesober.com\/sendeiro-dos-vinedos-da-ribeira-sacra\/"},"modified":"2026-03-13T10:41:30","modified_gmt":"2026-03-13T09:41:30","slug":"sendeiro-dos-vinedos-da-ribeira-sacra","status":"publish","type":"page","link":"https:\/\/concellodesober.com\/en\/sendeiro-dos-vinedos-da-ribeira-sacra\/","title":{"rendered":"Sendeiro dos vi\u00f1edos da ribeira sacra"},"content":{"rendered":"[vc_row ct_row_stretch=&#8221;stretch_row_content_no_spaces&#8221; full_width=&#8221;stretch_row_content_no_spaces&#8221; use_row_as_full_screen_section=&#8221;no&#8221; type=&#8221;full_width&#8221;][vc_column][vc_single_image image=&#8221;15842&#8243; img_size=&#8221;full&#8221;][\/vc_column][\/vc_row][vc_row ct_row_stretch=&#8221;&#8221; bg_type=&#8221;bg_color&#8221; bg_color_value=&#8221;#f9f9f9&#8243;][vc_column]<div id=\"ultimate-heading-26169fb7222d4b5f\" class=\"uvc-heading ult-adjust-bottom-margin ultimate-heading-26169fb7222d4b5f uvc-3614 \" data-hspacer=\"no_spacer\"  data-halign=\"center\" style=\"text-align:center\"><div class=\"uvc-heading-spacer no_spacer\" style=\"top\"><\/div><div class=\"uvc-main-heading ult-responsive\"  data-ultimate-target='.uvc-heading.ultimate-heading-26169fb7222d4b5f h2'  data-responsive-json-new='{\"font-size\":\"desktop:40px;tablet:40px;tablet_portrait:30px;mobile_landscape:30px;mobile:20px;\",\"line-height\":\"\"}' ><h2 style=\"font-weight:normal;color:#000000;margin-top:80px;margin-bottom:80px;\">- PR-G 86 SENDEIRO DOS VI\u00d1EDOS DA RIBEIRA SACRA -<\/h2><\/div><\/div>[\/vc_column][\/vc_row][vc_row ct_row_stretch=&#8221;&#8221;][vc_column]<div class=\"ult-spacer spacer-69fb7222d4bb6\" data-id=\"69fb7222d4bb6\" data-height=\"30\" data-height-mobile=\"20\" data-height-tab=\"20\" data-height-tab-portrait=\"20\" data-height-mobile-landscape=\"20\" style=\"clear:both;display:block;\"><\/div>[\/vc_column][\/vc_row][vc_row ct_row_stretch=&#8221;&#8221;][vc_column width=&#8221;1\/4&#8243; css=&#8221;.vc_custom_1707307919031{background-color: #f0f0f0 !important;}&#8221;][\/vc_column][vc_column width=&#8221;3\/4&#8243;][vc_column_text]Esta ruta homologada no ano 2015 comunica o pobo de Rosende co r\u00edo Sil nun trazado lineal de 12,3 km atravesando varios pobos, vi\u00f1edos, pi\u00f1eirais e rematando nun descenso entre antigos mui\u00f1os ata o Sil.<\/p>\n<p>Aqu\u00ed si pinchas en saber m\u00e1is non se pode acceder a explicaci\u00f3n<\/p>\n<ul>\n<li><strong>Distancia da Ruta<\/strong>: 12.3 km<\/li>\n<li><strong>Tempo estimado<\/strong>: 4 horas<\/li>\n<li><strong>Altura m\u00e1xima<\/strong>: 520 m<\/li>\n<li><strong>Desnivel acumulado<\/strong>: 325m<\/li>\n<li><strong>Comezo<\/strong>: San Miguel de Rosende<\/li>\n<li><strong>Chegada<\/strong>: Os Chanc\u00eds<\/li>\n<li><strong>Dificultade<\/strong>: Media<\/li>\n<\/ul>\n<p>A ruta comeza no pobo de Rosende percorrendo o can\u00f3n do Cabe entre vi\u00f1edos distribuidos en socalcos, descenderemos m\u00e1is tarde ata os pobos de Souto Novo e Hort\u00e1s.non sen antes parar a deleitarnos coa fermosa <strong>Fervenza de Portiz\u00f3<\/strong>. Por pistas entre pi\u00f1eirais, continuamos cara o Can\u00f3n do Sil e chegaremos ao pobo de Arrox\u00f3.<\/p>\n<p>Dende Arrox\u00f3 o sendeiro segue o curso do r\u00edo Xabrega, o cal conta con numerosos mui\u00f1os, parcialmente restaurados. A ruta finaliza no embarcadoiro dos Chanc\u00eds, onde poderemos facer unha ruta no catamar\u00e1n que ten al\u00ed o seu embarcadoiro.<\/p>\n<p>Para descargar a ruta podemos facelo no seguinte link:<\/p>\n<p><a href=\"https:\/\/es.wikiloc.com\/rutas-senderismo\/pr-g-86-sendeiro-dos-vinedos-da-ribeira-sacra-12072405\">https:\/\/es.wikiloc.com\/rutas-senderismo\/pr-g-86-sendeiro-dos-vinedos-da-ribeira-sacra-12072405<\/a><\/p>\n[\/vc_column_text]<div class=\"ult-spacer spacer-69fb7222d4be5\" data-id=\"69fb7222d4be5\" data-height=\"30\" data-height-mobile=\"20\" data-height-tab=\"20\" data-height-tab-portrait=\"20\" data-height-mobile-landscape=\"20\" style=\"clear:both;display:block;\"><\/div>[vc_single_image image=&#8221;15632&#8243; img_size=&#8221;full&#8221;][vc_images_carousel images=&#8221;15835,15836,15837,15839,15841&#8243; img_size=&#8221;960&#215;539&#8243; slides_per_view=&#8221;2&#8243; autoplay=&#8221;yes&#8221; hide_pagination_control=&#8221;yes&#8221; wrap=&#8221;yes&#8221;][\/vc_column][\/vc_row][vc_row ct_row_stretch=&#8221;&#8221;][vc_column]<div class=\"ult-spacer spacer-69fb7222d4c0c\" data-id=\"69fb7222d4c0c\" data-height=\"86\" data-height-mobile=\"86\" data-height-tab=\"86\" data-height-tab-portrait=\"\" data-height-mobile-landscape=\"\" style=\"clear:both;display:block;\"><\/div>[\/vc_column][\/vc_row]\n","protected":false},"excerpt":{"rendered":"<p>[vc_row ct_row_stretch=&#8221;stretch_row_content_no_spaces&#8221; full_width=&#8221;stretch_row_content_no_spaces&#8221; use_row_as_full_screen_section=&#8221;no&#8221; type=&#8221;full_width&#8221;][vc_column][vc_single_image image=&#8221;15842&#8243; img_size=&#8221;full&#8221;][\/vc_column][\/vc_row][vc_row ct_row_stretch=&#8221;&#8221; bg_type=&#8221;bg_color&#8221; bg_color_value=&#8221;#f9f9f9&#8243;][vc_column][\/vc_column][\/vc_row][vc_row ct_row_stretch=&#8221;&#8221;][vc_column][\/vc_column][\/vc_row][vc_row ct_row_stretch=&#8221;&#8221;][vc_column width=&#8221;1\/4&#8243; css=&#8221;.vc_custom_1707307919031{background-color: #f0f0f0 !important;}&#8221;][\/vc_column][vc_column width=&#8221;3\/4&#8243;][vc_column_text]Esta ruta homologada no ano 2015 comunica o pobo de Rosende co r\u00edo Sil &#8230;<\/p>\n","protected":false},"author":1,"featured_media":0,"parent":0,"menu_order":0,"comment_status":"closed","ping_status":"closed","template":"","meta":{"footnotes":""},"class_list":["post-15834","page","type-page","status-publish","hentry"],"_links":{"self":[{"href":"https:\/\/concellodesober.com\/en\/wp-json\/wp\/v2\/pages\/15834","targetHints":{"allow":["GET"]}}],"collection":[{"href":"https:\/\/concellodesober.com\/en\/wp-json\/wp\/v2\/pages"}],"about":[{"href":"https:\/\/concellodesober.com\/en\/wp-json\/wp\/v2\/types\/page"}],"author":[{"embeddable":true,"href":"https:\/\/concellodesober.com\/en\/wp-json\/wp\/v2\/users\/1"}],"replies":[{"embeddable":true,"href":"https:\/\/concellodesober.com\/en\/wp-json\/wp\/v2\/comments?post=15834"}],"version-history":[{"count":4,"href":"https:\/\/concellodesober.com\/en\/wp-json\/wp\/v2\/pages\/15834\/revisions"}],"predecessor-version":[{"id":16302,"href":"https:\/\/concellodesober.com\/en\/wp-json\/wp\/v2\/pages\/15834\/revisions\/16302"}],"wp:attachment":[{"href":"https:\/\/concellodesober.com\/en\/wp-json\/wp\/v2\/media?parent=15834"}],"curies":[{"name":"wp","href":"https:\/\/api.w.org\/{rel}","templated":true}]}}