{"id":15859,"date":"2024-08-07T11:25:08","date_gmt":"2024-08-07T09:25:08","guid":{"rendered":"https:\/\/concellodesober.com\/servizos-privados\/"},"modified":"2026-04-14T12:19:02","modified_gmt":"2026-04-14T10:19:02","slug":"servizos-privados","status":"publish","type":"page","link":"https:\/\/concellodesober.com\/en\/servizos-privados\/","title":{"rendered":"Servizos privados"},"content":{"rendered":"[vc_row ct_row_stretch=&#8221;stretch_row_content_no_spaces&#8221; full_width=&#8221;stretch_row_content_no_spaces&#8221; use_row_as_full_screen_section=&#8221;no&#8221; type=&#8221;full_width&#8221;][vc_column][vc_single_image image=&#8221;9962&#8243; img_size=&#8221;full&#8221;][\/vc_column][\/vc_row][vc_row ct_row_stretch=&#8221;&#8221; bg_type=&#8221;bg_color&#8221; bg_color_value=&#8221;#f9f9f9&#8243;][vc_column]<div id=\"ultimate-heading-839769fb5e6373305\" class=\"uvc-heading ult-adjust-bottom-margin ultimate-heading-839769fb5e6373305 uvc-1742 \" data-hspacer=\"no_spacer\"  data-halign=\"center\" style=\"text-align:center\"><div class=\"uvc-heading-spacer no_spacer\" style=\"top\"><\/div><div class=\"uvc-main-heading ult-responsive\"  data-ultimate-target='.uvc-heading.ultimate-heading-839769fb5e6373305 h2'  data-responsive-json-new='{\"font-size\":\"desktop:40px;tablet:40px;tablet_portrait:30px;mobile_landscape:30px;mobile:20px;\",\"line-height\":\"\"}' ><h2 style=\"font-weight:normal;color:#000000;margin-top:80px;margin-bottom:80px;\">- SMALL BUSINESSES -<\/h2><\/div><\/div>[\/vc_column][\/vc_row][vc_row ct_row_stretch=&#8221;&#8221;][vc_column]<div class=\"ult-spacer spacer-69fb5e6373384\" data-id=\"69fb5e6373384\" data-height=\"30\" data-height-mobile=\"20\" data-height-tab=\"20\" data-height-tab-portrait=\"20\" data-height-mobile-landscape=\"20\" style=\"clear:both;display:block;\"><\/div>[\/vc_column][\/vc_row][vc_row ct_row_stretch=&#8221;&#8221;][vc_column width=&#8221;1\/4&#8243; css=&#8221;.vc_custom_1707307919031{background-color: #f0f0f0 !important;}&#8221;][vc_wp_custommenu nav_menu=&#8221;84&#8243;][\/vc_column][vc_column width=&#8221;3\/4&#8243;][vc_row_inner][vc_column_inner][vc_column_text]\n<p style=\"text-align: center;\"><strong>SUPERMARKETS<\/strong><\/p>\n<p style=\"text-align: center;\"><strong><em>Supermercado Claudio-Fra\u00f1\u00f3n<\/em><\/strong><\/p>\n<p style=\"text-align: center;\">Address: R\u00faa da Mina, 6, 27460 Sober, Lugo.<\/p>\n<p style=\"text-align: center;\">Opening hours: Monday to Saturday: 9:30 a.m. to 2:00 p.m. and 4:30 p.m. to 8:30 p.m. (in winter) or from 5:00 p.m. to 9:00 p.m. (in summer).<\/p>\n<p style=\"text-align: center;\">Telephone: +34 982 460 321<\/p>\n<p>&nbsp;<\/p>\n<p style=\"text-align: center;\"><strong><em>Super Onda Alimentaci\u00f3n Natalia<\/em><\/strong><\/p>\n<p style=\"text-align: center;\">Address: R\u00faa Comercio, 8, 27460 Sober, Lugo.<\/p>\n<p style=\"text-align: center;\">Opening hours: Monday to Saturday: 9:30 a.m. to 1:30 p.m. and 4:00 p.m. to 8:00 p.m. (in winter) or from 5:00 p.m. to 9:00 p.m. (in summer).<\/p>\n<p style=\"text-align: center;\">Telephone: +34 982 460 011<\/p>\n<p>&nbsp;<\/p>\n<p style=\"text-align: center;\"><strong>BAKERIES<\/strong><\/p>\n<p style=\"text-align: center;\"><strong><em>Panader\u00eda La Soberana<\/em><\/strong><\/p>\n<p style=\"text-align: center;\">Address: Barrio de Outeiro, 2, 27460, Sober, Lugo.<\/p>\n<p style=\"text-align: center;\">Opening hours: Monday to Saturday: 8:00 a.m. to 3:00 p.m.<\/p>\n<p style=\"text-align: center;\">Telephone: +34 982 460 022<\/p>\n<p>&nbsp;<\/p>\n<p style=\"text-align: center;\"><strong><em>Casa Rosqueiro<\/em><\/strong><\/p>\n<p style=\"text-align: center;\">Address: Lugar Os Ferreiros, 27, Mill\u00e1n, 27460 Sober, Lugo.<\/p>\n<p style=\"text-align: center;\">Opening hours: Tuesday to Sunday: 9:00 a.m. to 3:00 p.m.<\/p>\n<p style=\"text-align: center;\">Telephone: +34 627 680 043 \/ +34 670 082 137 (WhatsApp)<\/p>\n<p>&nbsp;<\/p>\n<p style=\"text-align: center;\"><strong>SPECIALISED STORES &amp; SERVICES<\/strong><\/p>\n<p style=\"text-align: center;\"><strong><em>Agrotenda Senra<\/em><\/strong> (Farm &amp; Garden Supply)<\/p>\n<p style=\"text-align: center;\">Address: Praza do Toural, 9, 27460 Sober, Lugo.<\/p>\n<p style=\"text-align: center;\">Opening hours:<\/p>\n<p style=\"text-align: center;\">Monday to Friday: 9:30 a.m. to 2:00 p.m. and 4:00 p.m. to 8:00 p.m.<\/p>\n<p style=\"text-align: center;\">Saturday: 9:30 a.m. to 2:00 p.m.<\/p>\n<p style=\"text-align: center;\">Telephone: +34 982 100 470<\/p>\n<p style=\"text-align: center;\">Website: <a href=\"https:\/\/www.piensossenra.es\/\">https:\/\/www.piensossenra.es\/<\/a><\/p>\n<p>&nbsp;<\/p>\n<p style=\"text-align: center;\"><strong><em>Anditel Instalaciones el\u00e9ctricas y fontaner\u00eda, venta de electrodom\u00e9sticos<\/em><\/strong><\/p>\n<p style=\"text-align: center;\">(Electrical Installations, Plumbing, Household Appliances)<\/p>\n<p style=\"text-align: center;\">Address: Avda. Bel\u00e1n, 1 Bajo, 27460 Sober, Lugo.<\/p>\n<p style=\"text-align: center;\">Opening hours: Monday to Friday: 10:00 a.m. to 1:00 p.m.<\/p>\n<p style=\"text-align: center;\">Telephone: +34 699 432 756 (WhatsApp)<\/p>\n<p>&nbsp;<\/p>\n<p style=\"text-align: center;\"><strong><em>Cl\u00ednica Dental Diamonde<\/em><\/strong> (Dental Clinic)<\/p>\n<p style=\"text-align: center;\">Address: R\u00faa Comercio, 10 Bajo, 27460 Sober, Lugo.<\/p>\n<p style=\"text-align: center;\">Telephone: +34 982 003 689<\/p>\n<p style=\"text-align: center;\">E-mail: <a href=\"mailto:info@clinicadiamondedacosta.com\">info@clinicadiamondedacosta.com<\/a><\/p>\n<p>&nbsp;<\/p>\n<p style=\"text-align: center;\"><strong><em>Estanco Ferreter\u00eda Casa Carballo<\/em><\/strong> (Tobacco &amp; Hardware Store)<\/p>\n<p style=\"text-align: center;\">Address: R\u00faa Comercio, 24, 27460 Sober, Lugo.<\/p>\n<p style=\"text-align: center;\">Opening hours:<\/p>\n<p style=\"text-align: center;\">Monday to Friday from 10:00 a.m. to 2:00 p.m. and 5:00 p.m. to 8:00 p.m.<\/p>\n<p style=\"text-align: center;\">Saturday and Sunday from 10:30 a.m. to 2:00 p.m.<\/p>\n<p style=\"text-align: center;\">Telephone: +34 982 460 008<\/p>\n<p>&nbsp;<\/p>\n<p style=\"text-align: center;\"><strong><em>Ferreter\u00eda Marisa Loter\u00edas e Apostas do Estado <\/em><\/strong><\/p>\n<p style=\"text-align: center;\">(Hardware Store &amp; National Lottery Seller)<\/p>\n<p style=\"text-align: center;\">Address: Praza do Concello, 20, 27460 Sober, Lugo.<\/p>\n<p style=\"text-align: center;\">Opening hours:<\/p>\n<p style=\"text-align: center;\">Monday to Friday: 9:00 a.m. to 2:00 p.m. and 3:00 p.m. to 8:00 p.m.<\/p>\n<p style=\"text-align: center;\">Saturday from 9:30 a.m. to 1:30 p.m. (Open also in July and August: 4:00 p.m. to 8:00\u00a0p.m.)<\/p>\n<p style=\"text-align: center;\">Telephone: +34 647 042 201 \/ +34 661 479 196<\/p>\n<p>&nbsp;<\/p>\n<p style=\"text-align: center;\"><strong><em>Peluquer\u00eda Mar<\/em><\/strong> (Hairdresser)<\/p>\n<p style=\"text-align: center;\">Address: R\u00faa Comercio, 13 Bajo, 27460 Sober, Lugo.<\/p>\n<p style=\"text-align: center;\">Opening hours:<\/p>\n<p style=\"text-align: center;\">Tuesday to Friday: 9:30 a.m. to 1:30 p.m. and 4:00 p.m. to 8:00 p.m.<\/p>\n<p style=\"text-align: center;\">Saturday: 9:30 a.m. to 1:30 p.m.<\/p>\n<p style=\"text-align: center;\">Telephone: +34 609 123 760<\/p>\n<p>&nbsp;<\/p>\n<p style=\"text-align: center;\"><strong><em>Pulverizadores y Herrajes Pulviplass<\/em><\/strong> (Floral) (Sprayers and Fittings)<\/p>\n<p style=\"text-align: center;\">Address: R\u00faa Cuartel, s\/n, 27460 Sober, Lugo.<\/p>\n<p style=\"text-align: center;\">Opening hours: Monday to Friday: 9:00 a.m. to 2:00 p.m.<\/p>\n<p style=\"text-align: center;\">Telephone: +34 982 460 123<\/p>\n<p style=\"text-align: center;\">Website: <a href=\"http:\/\/www.pulviplass.com\">www.pulviplass.com<\/a><\/p>\n<p>&nbsp;<\/p>\n<p style=\"text-align: center;\"><strong><em>Tenda Vaquero Mari Roupa<\/em><\/strong> (Clothing Store)<\/p>\n<p style=\"text-align: center;\">Address: R\u00faa Comercio, 5, 27460 Sober, Lugo.<\/p>\n<p style=\"text-align: center;\">Opening hours: Monday to Saturday from 9:30 a.m. to 2:00 p.m. and 4:30 p.m. to 8:00 p.m.<\/p>\n<p style=\"text-align: center;\">Telephone: +34 982 460 204<\/p>\n<p>&nbsp;<\/p>\n<p style=\"text-align: center;\"><strong>ARCHITECTS<\/strong><\/p>\n<p style=\"text-align: center;\"><strong><em>Estudio de Arquitectura Santi Alcal\u00e1<\/em><\/strong> (Architecture Studio)<\/p>\n<p style=\"text-align: center;\">Address: R\u00faa Progreso, 1, 27460 Sober, Lugo.<\/p>\n<p style=\"text-align: center;\">Telephone: +34 659 479 718 (WhatsApp)<\/p>\n<p style=\"text-align: center;\">Website: <a href=\"https:\/\/santialcala.es\">santialcala.es<\/a><\/p>\n<p>&nbsp;<\/p>\n<p style=\"text-align: center;\"><strong>CARPENTRY <\/strong><\/p>\n<p style=\"text-align: center;\"><strong><em>Muebles Mayma Carpinter\u00eda Ebanister\u00eda<\/em><\/strong> (Carpentry and Cabinet-making)<\/p>\n<p style=\"text-align: center;\">Address: R\u00faa da Mina, 27, 27460 Sober, Lugo.<\/p>\n<p style=\"text-align: center;\">Opening hours: Monday to Friday from 9:00 a.m. to 1:00 p.m. and 3:30 p.m. to 7:30 p.m.<\/p>\n<p style=\"text-align: center;\">Telephone: +34 982 460 509<\/p>\n<p style=\"text-align: center;\">Website: <a href=\"https:\/\/maymamoble.es\/\">https:\/\/maymamoble.es\/<\/a><\/p>\n<p>&nbsp;<\/p>\n<p style=\"text-align: center;\"><strong><em>Carpinter\u00eda Madeira Rodr\u00edguez<\/em><\/strong> (Carpentry)<\/p>\n<p style=\"text-align: center;\">Address: R\u00faa Outeiro, 8, 27460 Sober, Lugo.<\/p>\n<p style=\"text-align: center;\">Telephone: \u00a0+34 982 460 482 \/ +34 619 723 411 (WhatsApp)<\/p>\n<p>&nbsp;<\/p>\n<p style=\"text-align: center;\"><strong>FUNERAL SERVICES<\/strong><\/p>\n<p style=\"text-align: center;\"><strong><em>Tanatorio Funeraria Rivas<\/em><\/strong> (Funeral Home)<\/p>\n<p style=\"text-align: center;\">Address: R\u00faa Las Huertas, 15 Bajo, 27460 Sober, Lugo.<\/p>\n<p style=\"text-align: center;\">Open 24\/7 (Every day, 24 hours)<\/p>\n<p style=\"text-align: center;\">Telephone: +34 982 460 150\/ +34 607 647 272 \/ +34 600 076 887 (WhatsApp)<\/p>\n<p>&nbsp;<\/p>\n<p style=\"text-align: center;\"><strong><em>Tanatorio Sober<\/em><\/strong> (Funeral Home)<\/p>\n<p style=\"text-align: center;\">Address: R\u00faa Comercio, 16, 27460 Sober, Lugo.<\/p>\n<p style=\"text-align: center;\">Open 24\/7 (Every day, 24 hours)<\/p>\n<p style=\"text-align: center;\">Telephone: +34 982 400 151 \/ +34 982 402 789<\/p>\n<p style=\"text-align: center;\">Website: <a href=\"https:\/\/www.funerariamonforte.com\/\">https:\/\/www.funerariamonforte.com\/<\/a><\/p>\n[\/vc_column_text][\/vc_column_inner][\/vc_row_inner]<div class=\"ult-spacer spacer-69fb5e63733d1\" data-id=\"69fb5e63733d1\" data-height=\"30\" data-height-mobile=\"20\" data-height-tab=\"20\" data-height-tab-portrait=\"20\" data-height-mobile-landscape=\"20\" style=\"clear:both;display:block;\"><\/div>[vc_single_image image=&#8221;15632&#8243; img_size=&#8221;full&#8221;][\/vc_column][\/vc_row][vc_row ct_row_stretch=&#8221;&#8221;][vc_column]<div class=\"ult-spacer spacer-69fb5e6373415\" data-id=\"69fb5e6373415\" data-height=\"86\" data-height-mobile=\"86\" data-height-tab=\"86\" data-height-tab-portrait=\"\" data-height-mobile-landscape=\"\" style=\"clear:both;display:block;\"><\/div>[\/vc_column][\/vc_row]\n","protected":false},"excerpt":{"rendered":"<p>[vc_row ct_row_stretch=&#8221;stretch_row_content_no_spaces&#8221; full_width=&#8221;stretch_row_content_no_spaces&#8221; use_row_as_full_screen_section=&#8221;no&#8221; type=&#8221;full_width&#8221;][vc_column][vc_single_image image=&#8221;9962&#8243; img_size=&#8221;full&#8221;][\/vc_column][\/vc_row][vc_row ct_row_stretch=&#8221;&#8221; bg_type=&#8221;bg_color&#8221; bg_color_value=&#8221;#f9f9f9&#8243;][vc_column][\/vc_column][\/vc_row][vc_row ct_row_stretch=&#8221;&#8221;][vc_column][\/vc_column][\/vc_row][vc_row ct_row_stretch=&#8221;&#8221;][vc_column width=&#8221;1\/4&#8243; css=&#8221;.vc_custom_1707307919031{background-color: #f0f0f0 !important;}&#8221;][vc_wp_custommenu nav_menu=&#8221;84&#8243;][\/vc_column][vc_column width=&#8221;3\/4&#8243;][vc_row_inner][vc_column_inner][vc_column_text] SUPERMARKETS Supermercado Claudio-Fra\u00f1\u00f3n Address: R\u00faa da Mina, 6, 27460 Sober, Lugo. Opening &#8230;<\/p>\n","protected":false},"author":1,"featured_media":0,"parent":0,"menu_order":0,"comment_status":"closed","ping_status":"closed","template":"","meta":{"footnotes":""},"class_list":["post-15859","page","type-page","status-publish","hentry"],"_links":{"self":[{"href":"https:\/\/concellodesober.com\/en\/wp-json\/wp\/v2\/pages\/15859","targetHints":{"allow":["GET"]}}],"collection":[{"href":"https:\/\/concellodesober.com\/en\/wp-json\/wp\/v2\/pages"}],"about":[{"href":"https:\/\/concellodesober.com\/en\/wp-json\/wp\/v2\/types\/page"}],"author":[{"embeddable":true,"href":"https:\/\/concellodesober.com\/en\/wp-json\/wp\/v2\/users\/1"}],"replies":[{"embeddable":true,"href":"https:\/\/concellodesober.com\/en\/wp-json\/wp\/v2\/comments?post=15859"}],"version-history":[{"count":7,"href":"https:\/\/concellodesober.com\/en\/wp-json\/wp\/v2\/pages\/15859\/revisions"}],"predecessor-version":[{"id":16006,"href":"https:\/\/concellodesober.com\/en\/wp-json\/wp\/v2\/pages\/15859\/revisions\/16006"}],"wp:attachment":[{"href":"https:\/\/concellodesober.com\/en\/wp-json\/wp\/v2\/media?parent=15859"}],"curies":[{"name":"wp","href":"https:\/\/api.w.org\/{rel}","templated":true}]}}