{"id":15871,"date":"2024-02-09T11:33:31","date_gmt":"2024-02-09T10:33:31","guid":{"rendered":"https:\/\/concellodesober.com\/tradicion-e-historia-gundivos\/"},"modified":"2026-04-29T00:29:15","modified_gmt":"2026-04-28T22:29:15","slug":"tradicion-e-historia-gundivos","status":"publish","type":"page","link":"https:\/\/concellodesober.com\/en\/tradicion-e-historia-gundivos\/","title":{"rendered":"tradici\u00f3n e historia"},"content":{"rendered":"[vc_row ct_row_stretch=&#8221;stretch_row_content_no_spaces&#8221; full_width=&#8221;stretch_row_content_no_spaces&#8221; use_row_as_full_screen_section=&#8221;no&#8221; type=&#8221;full_width&#8221;][vc_column][vc_single_image image=&#8221;15876&#8243; img_size=&#8221;full&#8221;][\/vc_column][\/vc_row][vc_row ct_row_stretch=&#8221;&#8221; bg_type=&#8221;bg_color&#8221; bg_color_value=&#8221;#f9f9f9&#8243;][vc_column]<div id=\"ultimate-heading-64769fb3d243f16f\" class=\"uvc-heading ult-adjust-bottom-margin ultimate-heading-64769fb3d243f16f uvc-8090 \" data-hspacer=\"no_spacer\"  data-halign=\"center\" style=\"text-align:center\"><div class=\"uvc-heading-spacer no_spacer\" style=\"top\"><\/div><div class=\"uvc-main-heading ult-responsive\"  data-ultimate-target='.uvc-heading.ultimate-heading-64769fb3d243f16f h2'  data-responsive-json-new='{\"font-size\":\"desktop:40px;tablet:40px;tablet_portrait:30px;mobile_landscape:30px;mobile:20px;\",\"line-height\":\"\"}' ><h2 style=\"font-weight:normal;color:#000000;margin-top:80px;margin-bottom:80px;\">- TRADITION AND HISTORY -<\/h2><\/div><\/div>[\/vc_column][\/vc_row][vc_row ct_row_stretch=&#8221;&#8221;][vc_column]<div class=\"ult-spacer spacer-69fb3d243f1be\" data-id=\"69fb3d243f1be\" data-height=\"30\" data-height-mobile=\"20\" data-height-tab=\"20\" data-height-tab-portrait=\"20\" data-height-mobile-landscape=\"20\" style=\"clear:both;display:block;\"><\/div>[\/vc_column][\/vc_row][vc_row ct_row_stretch=&#8221;&#8221;][vc_column width=&#8221;1\/4&#8243; css=&#8221;.vc_custom_1707307919031{background-color: #f0f0f0 !important;}&#8221;][vc_wp_custommenu nav_menu=&#8221;82&#8243;][\/vc_column][vc_column width=&#8221;3\/4&#8243;][vc_row_inner][vc_column_inner][vc_column_text]In Sober, we take pride in one of the Iberian Peninsula\u2019s oldest pottery traditions: Gundiv\u00f3s pottery.<\/p>\n<p>\u201cPassing through Gundiv\u00f3s<\/p>\n<p>the first thing meets the eye<\/p>\n<p>are the pots out to dry<\/p>\n<p>and the kilns alight.\u201d<\/p>\n<p>Nowadays, the excellent craftsmanship of Gundiv\u00f3s pottery is preserved by the hands of the artisans Otilia Arias, Tom\u00e1s L\u00f3pez at Figulus and El\u00edas Gonz\u00e1lez at the Rectoral de Gundiv\u00f3s.<\/p>\n<p>Gundiv\u00f3s\u2019 ancient pottery craft is intrinsically linked to the ancestral heroic viticulture of the Amandi sub-region. During Roman times, the celebrated wine of this area was transported in amphorae crafted by Sober\u2019s potters. For these reasons, Gundiv\u00f3s pottery is considered one of the oldest not only in the Iberian Peninsula, but also across Europe.<\/p>\n<p>This pottery tradition stands out for its quality and prestige, as it is a fully handcrafted labour intimately tied to the wine-making heritage that defines the local identity. However, the arrival of more durable and cheaper materials, such as plastic and glass, posed a serious threat to the survival of this trade in the mid-20<sup>th<\/sup>-century, a situation worsened by the mass emigration of the local population.<\/p>\n<p>Thanks to a few dedicated potters who cherished the tradition and this incredible heritage this craft survived by focusing on pieces intended for use in the kitchen, the wine cellar, or traditional butchering. Other distinctive handcrafted items were the rooftop-finials, regarded as fertility symbols.<\/p>\n<p>There is no doubt that when the wine is tasted from Gundiv\u00f3s bowls or cups and liqueurs served in clay <em>chopos<\/em> simply tastes better! The reason is simple: these handcrafted pieces have the unique power to enhance the qualities of the products they contain, from drinks to honey. The remarkable artisanal techniques used in their creation aimed to preserve and bring out the very best in both liquids and foods.<\/p>\n<p>Its location at the very heart of heroic viticulture, and the availability of clay deposits found in neighbouring parishes made this pottery become a point of reference throughout the Ribeira Sacra.<\/p>\n<p>Since\u00a0ancient times, Gundiv\u00f3s has provided earthenware for daily household use and for wineries across the region. Key items include bowls, jugs, decanters, as well as the famous honey pots indispensable for beekeeping, an activity that remains very much alive in the area.<\/p>\n<p>This ancient art ensures that each piece with its unique pre-Roman style shape perfectly combine beauty and functionality, keeping foods and drinks in optimum condition. Today, this remains distinguished by the use of local clay and traditional wood-fired kilns fueled by branches of <em>carqueixa<\/em>, a local broom-like shrub. The pottery achieves its distinctive glossy black\u00a0hue through a final smoking process carried out over a small fire of <em>carqueixa<\/em> branches. Then, while still hot, vessels intended for cold or lukewarm liquids are sealed with\u00a0pitch resin, an age-old-technique used to waterproof them.<\/p>\n<p>Time seems to stand still when stepping into the workshops of artisans Otilia Arias Garc\u00eda and Tom\u00e1s L\u00f3pez Gonz\u00e1lez (Figulus, in Corvelle) and El\u00edas Gonz\u00e1lez (Rectoral de Gundiv\u00f3s). Tom\u00e1s is committed to preserving the living legacy of Gundiv\u00f3s craftmanship, a tradition that has endured and been passed down through countless generations. As the potter reminds us, this artisanal heritage has its origins in the Iron Age and is distinguished by its exceptional techniques.<\/p>\n<p>At the Figulus workshop, visitors can admire the meticulous care and attention taken to craft the strips of clay called <em>cirillotes<\/em> or <em>churros, <\/em>which form \u00a0the base of each piece. The making of these strips, combined with the direct firing process and the pitch resin coating, define the special techniques used in this traditional pottery.<\/p>\n<p>Visiting the Figulus workshop and its beautiful vineyards is a wonderful way to enjoy a premier enotourism and cultural experience. The workshop features a shop and offers guided tours, allowing guests to delve deep into the history and craftmanship of Gundiv\u00f3s pottery.<\/p>\n<p>A visit to the Rectoral de Gundiv\u00f3s is an absolute must. This 18<sup>th<\/sup>-century former\u00a0rectory\u00a0houses its own pottery workshop, a small museum, and a shop. It offers guided tours where visitors can discover the charm of the pieces as they are shaped and lifted from the\u00a0potter\u2019s wheel. During the visit, you will learn about the history and unique traits of this craft, such as the use of a hand-turned wooden wheel and the wood-fire kiln\u00a0process, followed by the traditional\u00a0smoke-seasoning used to give each piece its final character.<\/p>\n<p>El\u00edas showcases his private collection of dozens of pieces, some over a century old. The star of the collection is the\u00a0<em>xarro,<\/em> the traditional wine jug, alongside many everyday cooking pots knows as <em>cacharreiros<\/em>. The display includes specialised items such as <em>meleiras<\/em> (honey jars) and even an old-fashioned breast pump. Visitor will discover what a <em>bigote<\/em> on a <em>xarro<\/em> is, and the reason behind the sky-blue hue found on certain pieces. The tour also includes seeing an old <em>lareira<\/em>\u00a0(a traditional Galician hearth) and a ceramic\u00a0dovecote, where each pigeon cell was hand-crafted in clay by the village\u2019s master potters.<\/p>\n<p>The experience includes a partial demonstration of the <em>xarro<\/em> making process. Since kiln-firing is a lengthy process, El\u00edas uses a previously fired piece to demonstrate the smoking technique that gives Gundiv\u00f3s pottery its characteristic black hue. The result of this meticulous craftsmanship is a collection of stunning, one-of-a-kind pieces renowned for their\u00a0durability\u00a0and\u00a0elegant, polished black sheen.<\/p>\n[\/vc_column_text][\/vc_column_inner][\/vc_row_inner]<div class=\"ult-spacer spacer-69fb3d243f1e9\" data-id=\"69fb3d243f1e9\" data-height=\"50\" data-height-mobile=\"30\" data-height-tab=\"40\" data-height-tab-portrait=\"40\" data-height-mobile-landscape=\"30\" style=\"clear:both;display:block;\"><\/div><div class=\"ult-spacer spacer-69fb3d243f210\" data-id=\"69fb3d243f210\" data-height=\"50\" data-height-mobile=\"30\" data-height-tab=\"40\" data-height-tab-portrait=\"40\" data-height-mobile-landscape=\"30\" style=\"clear:both;display:block;\"><\/div>[vc_single_image image=&#8221;15632&#8243; img_size=&#8221;full&#8221;][vc_images_carousel images=&#8221;15873,15874,15875&#8243; img_size=&#8221;full&#8221; slides_per_view=&#8221;2&#8243; hide_pagination_control=&#8221;yes&#8221;][\/vc_column][\/vc_row][vc_row ct_row_stretch=&#8221;&#8221;][vc_column]<div class=\"ult-spacer spacer-69fb3d243f232\" data-id=\"69fb3d243f232\" data-height=\"86\" data-height-mobile=\"86\" data-height-tab=\"86\" data-height-tab-portrait=\"\" data-height-mobile-landscape=\"\" style=\"clear:both;display:block;\"><\/div>[\/vc_column][\/vc_row]\n","protected":false},"excerpt":{"rendered":"<p>[vc_row ct_row_stretch=&#8221;stretch_row_content_no_spaces&#8221; full_width=&#8221;stretch_row_content_no_spaces&#8221; use_row_as_full_screen_section=&#8221;no&#8221; type=&#8221;full_width&#8221;][vc_column][vc_single_image image=&#8221;15876&#8243; img_size=&#8221;full&#8221;][\/vc_column][\/vc_row][vc_row ct_row_stretch=&#8221;&#8221; bg_type=&#8221;bg_color&#8221; bg_color_value=&#8221;#f9f9f9&#8243;][vc_column][\/vc_column][\/vc_row][vc_row ct_row_stretch=&#8221;&#8221;][vc_column][\/vc_column][\/vc_row][vc_row ct_row_stretch=&#8221;&#8221;][vc_column width=&#8221;1\/4&#8243; css=&#8221;.vc_custom_1707307919031{background-color: #f0f0f0 !important;}&#8221;][vc_wp_custommenu nav_menu=&#8221;82&#8243;][\/vc_column][vc_column width=&#8221;3\/4&#8243;][vc_row_inner][vc_column_inner][vc_column_text]In Sober, we take pride in one of the Iberian Peninsula\u2019s oldest pottery &#8230;<\/p>\n","protected":false},"author":1,"featured_media":0,"parent":0,"menu_order":0,"comment_status":"closed","ping_status":"closed","template":"","meta":{"footnotes":""},"class_list":["post-15871","page","type-page","status-publish","hentry"],"_links":{"self":[{"href":"https:\/\/concellodesober.com\/en\/wp-json\/wp\/v2\/pages\/15871","targetHints":{"allow":["GET"]}}],"collection":[{"href":"https:\/\/concellodesober.com\/en\/wp-json\/wp\/v2\/pages"}],"about":[{"href":"https:\/\/concellodesober.com\/en\/wp-json\/wp\/v2\/types\/page"}],"author":[{"embeddable":true,"href":"https:\/\/concellodesober.com\/en\/wp-json\/wp\/v2\/users\/1"}],"replies":[{"embeddable":true,"href":"https:\/\/concellodesober.com\/en\/wp-json\/wp\/v2\/comments?post=15871"}],"version-history":[{"count":5,"href":"https:\/\/concellodesober.com\/en\/wp-json\/wp\/v2\/pages\/15871\/revisions"}],"predecessor-version":[{"id":16283,"href":"https:\/\/concellodesober.com\/en\/wp-json\/wp\/v2\/pages\/15871\/revisions\/16283"}],"wp:attachment":[{"href":"https:\/\/concellodesober.com\/en\/wp-json\/wp\/v2\/media?parent=15871"}],"curies":[{"name":"wp","href":"https:\/\/api.w.org\/{rel}","templated":true}]}}