{"id":10995,"date":"2023-12-22T13:15:39","date_gmt":"2023-12-22T12:15:39","guid":{"rendered":"https:\/\/www.concellodesober.com\/?page_id=10995"},"modified":"2025-09-23T09:34:17","modified_gmt":"2025-09-23T07:34:17","slug":"alcaldia","status":"publish","type":"page","link":"https:\/\/concellodesober.com\/es\/alcaldia\/","title":{"rendered":"Alcald\u00eda"},"content":{"rendered":"[vc_row ct_row_stretch=\u00bbstretch_row_content_no_spaces\u00bb full_width=\u00bbstretch_row_content_no_spaces\u00bb use_row_as_full_screen_section=\u00bbno\u00bb type=\u00bbfull_width\u00bb][vc_column][vc_single_image image=\u00bb10742&#8243; img_size=\u00bbfull\u00bb][\/vc_column][\/vc_row][vc_row ct_row_stretch=\u00bbstretch_row_content_no_spaces\u00bb ct_bg_color=\u00bb#f9f9f9&#8243; bg_type=\u00bbbg_color\u00bb bg_color_value=\u00bb#f9f9f9&#8243;][vc_column]<div id=\"ultimate-heading-827969d441f4891bf\" class=\"uvc-heading ult-adjust-bottom-margin ultimate-heading-827969d441f4891bf uvc-5114 \" data-hspacer=\"no_spacer\"  data-halign=\"center\" style=\"text-align:center\"><div class=\"uvc-heading-spacer no_spacer\" style=\"top\"><\/div><div class=\"uvc-main-heading ult-responsive\"  data-ultimate-target='.uvc-heading.ultimate-heading-827969d441f4891bf h2'  data-responsive-json-new='{\"font-size\":\"desktop:40px;tablet:40px;tablet_portrait:30px;mobile_landscape:30px;mobile:20px;\",\"line-height\":\"\"}' ><h2 style=\"font-weight:normal;color:#000000;margin-top:80px;margin-bottom:80px;\">- ALCALD\u00cdA -<\/h2><\/div><\/div>[\/vc_column][\/vc_row][vc_row ct_row_stretch=\u00bb\u00bb][vc_column]<div class=\"ult-spacer spacer-69d441f489237\" data-id=\"69d441f489237\" data-height=\"30\" data-height-mobile=\"20\" data-height-tab=\"20\" data-height-tab-portrait=\"20\" data-height-mobile-landscape=\"20\" style=\"clear:both;display:block;\"><\/div>[\/vc_column][\/vc_row][vc_row ct_row_stretch=\u00bb\u00bb][vc_column width=\u00bb1\/4&#8243; css=\u00bb.vc_custom_1707307919031{background-color: #f0f0f0 !important;}\u00bb][vc_wp_custommenu nav_menu=\u00bb79&#8243;][\/vc_column][vc_column width=\u00bb3\/4&#8243;][vc_row_inner][vc_column_inner width=\u00bb1\/2&#8243;][vc_single_image image=\u00bb10741&#8243; img_size=\u00bbfull\u00bb][\/vc_column_inner][vc_column_inner width=\u00bb1\/2&#8243;][vc_column_text]<strong>Sober te da la bienvenida a trav\u00e9s de las nuevas tecnolog\u00edas.<\/strong><br \/>\nDe acuerdo con el compromiso de dotar al Ayuntamiento de nuevos servicios, ponemos a disposici\u00f3n de tod@s un nuevo portal de atenci\u00f3n a la ciudadan\u00eda con mejoras sustanciales y presentado de forma atractiva, con la intenci\u00f3n de convertirse en un espacio de di\u00e1logo \u00fatil y eficaz.<\/p>\n<p>El objetivo es ir evolucionando gracias a vuestras sugerencias y opiniones, y conseguir as\u00ed que Sober sea un ayuntamiento de referencia y a la vanguardia, un ayuntamiento digno de ser mostrado y conocido. Porque Sober, es mucho Sober.<\/p>\n<p>Nuestros recursos hacen posible que podamos ofrecer una amplia y \u00fanica oferta tur\u00edstica, cultural, deportiva, gastron\u00f3mica y de ocio.<\/p>\n<p>Para m\u00ed, como Alcalde, pero principalmente como soberino, Sober no es solo un ayuntamiento, es un gran espacio con multitud de posibilidades, de intercambio social y cultural; contamos con un entorno de ilusi\u00f3n que debe crecer y evolucionar para que tod@s podamos sacar adelante nuestros proyectos personales en un clima de dinamismo, respeto, convivencia y creatividad.<\/p>\n<p>Por ello, desde las ventanas abiertas que configuran esta p\u00e1gina web, os invito a compartir con nosotros vuestras ideas y proyectos, para, juntos, dise\u00f1ar, impulsar y desarrollar el Sober del futuro, contando con el Sober del presente y sin olvidar el Sober del pasado.<\/p>\n<p>Lu\u00eds Fern\u00e1ndez Guiti\u00e1n<br \/>\n(Alcalde de Sober)<br \/>\nContacto: <a href=\"mailto:alcaldia@concellodesober.com\">alcaldia@concellodesober.com<\/a>[\/vc_column_text][\/vc_column_inner][\/vc_row_inner]<div class=\"ult-spacer spacer-69d441f489283\" data-id=\"69d441f489283\" data-height=\"30\" data-height-mobile=\"20\" data-height-tab=\"20\" data-height-tab-portrait=\"20\" data-height-mobile-landscape=\"20\" style=\"clear:both;display:block;\"><\/div>[vc_single_image image=\u00bb10712&#8243; img_size=\u00bbfull\u00bb][\/vc_column][\/vc_row][vc_row ct_row_stretch=\u00bb\u00bb][vc_column]<div class=\"ult-spacer spacer-69d441f4892c6\" data-id=\"69d441f4892c6\" data-height=\"86\" data-height-mobile=\"86\" data-height-tab=\"86\" data-height-tab-portrait=\"\" data-height-mobile-landscape=\"\" style=\"clear:both;display:block;\"><\/div>[\/vc_column][\/vc_row]\n","protected":false},"excerpt":{"rendered":"<p>[vc_row ct_row_stretch=\u00bbstretch_row_content_no_spaces\u00bb full_width=\u00bbstretch_row_content_no_spaces\u00bb use_row_as_full_screen_section=\u00bbno\u00bb type=\u00bbfull_width\u00bb][vc_column][vc_single_image image=\u00bb10742&#8243; img_size=\u00bbfull\u00bb][\/vc_column][\/vc_row][vc_row ct_row_stretch=\u00bbstretch_row_content_no_spaces\u00bb ct_bg_color=\u00bb#f9f9f9&#8243; bg_type=\u00bbbg_color\u00bb bg_color_value=\u00bb#f9f9f9&#8243;][vc_column][\/vc_column][\/vc_row][vc_row ct_row_stretch=\u00bb\u00bb][vc_column][\/vc_column][\/vc_row][vc_row ct_row_stretch=\u00bb\u00bb][vc_column width=\u00bb1\/4&#8243; css=\u00bb.vc_custom_1707307919031{background-color: #f0f0f0 !important;}\u00bb][vc_wp_custommenu nav_menu=\u00bb79&#8243;][\/vc_column][vc_column width=\u00bb3\/4&#8243;][vc_row_inner][vc_column_inner width=\u00bb1\/2&#8243;][vc_single_image image=\u00bb10741&#8243; img_size=\u00bbfull\u00bb][\/vc_column_inner][vc_column_inner width=\u00bb1\/2&#8243;][vc_column_text]Sober te da la bienvenida a trav\u00e9s de &#8230;<\/p>\n","protected":false},"author":1,"featured_media":0,"parent":0,"menu_order":0,"comment_status":"closed","ping_status":"closed","template":"","meta":{"footnotes":""},"class_list":["post-10995","page","type-page","status-publish","hentry"],"_links":{"self":[{"href":"https:\/\/concellodesober.com\/es\/wp-json\/wp\/v2\/pages\/10995","targetHints":{"allow":["GET"]}}],"collection":[{"href":"https:\/\/concellodesober.com\/es\/wp-json\/wp\/v2\/pages"}],"about":[{"href":"https:\/\/concellodesober.com\/es\/wp-json\/wp\/v2\/types\/page"}],"author":[{"embeddable":true,"href":"https:\/\/concellodesober.com\/es\/wp-json\/wp\/v2\/users\/1"}],"replies":[{"embeddable":true,"href":"https:\/\/concellodesober.com\/es\/wp-json\/wp\/v2\/comments?post=10995"}],"version-history":[{"count":5,"href":"https:\/\/concellodesober.com\/es\/wp-json\/wp\/v2\/pages\/10995\/revisions"}],"predecessor-version":[{"id":11541,"href":"https:\/\/concellodesober.com\/es\/wp-json\/wp\/v2\/pages\/10995\/revisions\/11541"}],"wp:attachment":[{"href":"https:\/\/concellodesober.com\/es\/wp-json\/wp\/v2\/media?parent=10995"}],"curies":[{"name":"wp","href":"https:\/\/api.w.org\/{rel}","templated":true}]}}