{"id":10998,"date":"2024-02-07T10:58:16","date_gmt":"2024-02-07T09:58:16","guid":{"rendered":"https:\/\/www.concellodesober.com\/?page_id=10998"},"modified":"2025-09-23T09:34:54","modified_gmt":"2025-09-23T07:34:54","slug":"corporacion-municipal","status":"publish","type":"page","link":"https:\/\/concellodesober.com\/es\/corporacion-municipal\/","title":{"rendered":"Corporaci\u00f3n municipal"},"content":{"rendered":"[vc_row ct_row_stretch=\u00bbstretch_row_content_no_spaces\u00bb full_width=\u00bbstretch_row_content_no_spaces\u00bb use_row_as_full_screen_section=\u00bbno\u00bb type=\u00bbfull_width\u00bb][vc_column][vc_single_image image=\u00bb10742&#8243; img_size=\u00bbfull\u00bb][\/vc_column][\/vc_row][vc_row ct_row_stretch=\u00bb\u00bb bg_type=\u00bbbg_color\u00bb bg_color_value=\u00bb#f9f9f9&#8243;][vc_column]<div id=\"ultimate-heading-944969d4596086b20\" class=\"uvc-heading ult-adjust-bottom-margin ultimate-heading-944969d4596086b20 uvc-7235 \" data-hspacer=\"no_spacer\"  data-halign=\"center\" style=\"text-align:center\"><div class=\"uvc-heading-spacer no_spacer\" style=\"top\"><\/div><div class=\"uvc-main-heading ult-responsive\"  data-ultimate-target='.uvc-heading.ultimate-heading-944969d4596086b20 h2'  data-responsive-json-new='{\"font-size\":\"desktop:40px;tablet:40px;tablet_portrait:30px;mobile_landscape:30px;mobile:20px;\",\"line-height\":\"\"}' ><h2 style=\"font-weight:normal;color:#000000;margin-top:80px;margin-bottom:80px;\">- CORPORACI\u00d3N MUNICIPAL -<\/h2><\/div><\/div>[\/vc_column][\/vc_row][vc_row ct_row_stretch=\u00bb\u00bb][vc_column]<div class=\"ult-spacer spacer-69d4596086b9f\" data-id=\"69d4596086b9f\" data-height=\"30\" data-height-mobile=\"20\" data-height-tab=\"20\" data-height-tab-portrait=\"20\" data-height-mobile-landscape=\"20\" style=\"clear:both;display:block;\"><\/div>[\/vc_column][\/vc_row][vc_row ct_row_stretch=\u00bb\u00bb][vc_column width=\u00bb1\/4&#8243; css=\u00bb.vc_custom_1707377719576{background-color: #f0f0f0 !important;}\u00bb][vc_wp_custommenu nav_menu=\u00bb79&#8243;][\/vc_column][vc_column width=\u00bb3\/4&#8243;][vc_row_inner][vc_column_inner width=\u00bb1\/6&#8243;][vc_single_image image=\u00bb10732&#8243; img_size=\u00bb100&#215;100&#8243; alignment=\u00bbcenter\u00bb]<div id=\"ultimate-heading-538569d4596086bf0\" class=\"uvc-heading ult-adjust-bottom-margin ultimate-heading-538569d4596086bf0 uvc-4229 \" data-hspacer=\"no_spacer\"  data-halign=\"center\" style=\"text-align:center\"><div class=\"uvc-heading-spacer no_spacer\" style=\"top\"><\/div><div class=\"uvc-sub-heading ult-responsive\"  data-ultimate-target='.uvc-heading.ultimate-heading-538569d4596086bf0 .uvc-sub-heading '  data-responsive-json-new='{\"font-size\":\"\",\"line-height\":\"\"}'  style=\"font-weight:normal;\">\n<p style=\"text-align: center;\"><strong>Alcalde<\/strong><\/p>\n<p style=\"text-align: center;\">Luis fern\u00e1ndez Guitian<\/p>\n<\/div><\/div>[\/vc_column_inner][vc_column_inner width=\u00bb1\/6&#8243;][vc_single_image image=\u00bb10732&#8243; img_size=\u00bb100&#215;100&#8243; alignment=\u00bbcenter\u00bb]<div id=\"ultimate-heading-408169d4596086c4f\" class=\"uvc-heading ult-adjust-bottom-margin ultimate-heading-408169d4596086c4f uvc-533 \" data-hspacer=\"no_spacer\"  data-halign=\"center\" style=\"text-align:center\"><div class=\"uvc-heading-spacer no_spacer\" style=\"top\"><\/div><div class=\"uvc-sub-heading ult-responsive\"  data-ultimate-target='.uvc-heading.ultimate-heading-408169d4596086c4f .uvc-sub-heading '  data-responsive-json-new='{\"font-size\":\"\",\"line-height\":\"\"}'  style=\"font-weight:normal;\">\n<p style=\"text-align: center;\"><strong>Concejal<\/strong><\/p>\n<p style=\"text-align: center;\">Iv\u00e1n Armesto Fern\u00e1ndez<\/p>\n<\/div><\/div>[\/vc_column_inner][vc_column_inner width=\u00bb1\/6&#8243;][vc_single_image image=\u00bb10732&#8243; img_size=\u00bb100&#215;100&#8243; alignment=\u00bbcenter\u00bb]<div id=\"ultimate-heading-939369d4596086caa\" class=\"uvc-heading ult-adjust-bottom-margin ultimate-heading-939369d4596086caa uvc-3661 \" data-hspacer=\"no_spacer\"  data-halign=\"center\" style=\"text-align:center\"><div class=\"uvc-heading-spacer no_spacer\" style=\"top\"><\/div><div class=\"uvc-sub-heading ult-responsive\"  data-ultimate-target='.uvc-heading.ultimate-heading-939369d4596086caa .uvc-sub-heading '  data-responsive-json-new='{\"font-size\":\"\",\"line-height\":\"\"}'  style=\"font-weight:normal;\">\n<p style=\"text-align: center;\"><strong>Concejal<\/strong><\/p>\n<p style=\"text-align: center;\">Sonia Fern\u00e1ndez Mart\u00ednez<\/p>\n<\/div><\/div>[\/vc_column_inner][vc_column_inner width=\u00bb1\/6&#8243;][vc_single_image image=\u00bb10732&#8243; img_size=\u00bb100&#215;100&#8243; alignment=\u00bbcenter\u00bb]<div id=\"ultimate-heading-795769d4596086d02\" class=\"uvc-heading ult-adjust-bottom-margin ultimate-heading-795769d4596086d02 uvc-5977 \" data-hspacer=\"no_spacer\"  data-halign=\"center\" style=\"text-align:center\"><div class=\"uvc-heading-spacer no_spacer\" style=\"top\"><\/div><div class=\"uvc-sub-heading ult-responsive\"  data-ultimate-target='.uvc-heading.ultimate-heading-795769d4596086d02 .uvc-sub-heading '  data-responsive-json-new='{\"font-size\":\"\",\"line-height\":\"\"}'  style=\"font-weight:normal;\">\n<p style=\"text-align: center;\"><strong>Concejal<\/strong><\/p>\n<p style=\"text-align: center;\">Carmen P\u00e9rez P\u00e9rez<\/p>\n<\/div><\/div>[\/vc_column_inner][vc_column_inner width=\u00bb1\/6&#8243;][vc_single_image image=\u00bb10732&#8243; img_size=\u00bb100&#215;100&#8243; alignment=\u00bbcenter\u00bb]<div id=\"ultimate-heading-1969d4596086d59\" class=\"uvc-heading ult-adjust-bottom-margin ultimate-heading-1969d4596086d59 uvc-7738 \" data-hspacer=\"no_spacer\"  data-halign=\"center\" style=\"text-align:center\"><div class=\"uvc-heading-spacer no_spacer\" style=\"top\"><\/div><div class=\"uvc-sub-heading ult-responsive\"  data-ultimate-target='.uvc-heading.ultimate-heading-1969d4596086d59 .uvc-sub-heading '  data-responsive-json-new='{\"font-size\":\"\",\"line-height\":\"\"}'  style=\"font-weight:normal;\">\n<p style=\"text-align: center;\"><strong>Concejal<\/strong><\/p>\n<p style=\"text-align: center;\">Abel L\u00f3pez Fern\u00e1ndez<\/p>\n<\/div><\/div>[\/vc_column_inner][vc_column_inner width=\u00bb1\/6&#8243;][vc_single_image image=\u00bb10732&#8243; img_size=\u00bb100&#215;100&#8243; alignment=\u00bbcenter\u00bb]<div id=\"ultimate-heading-659469d4596086db0\" class=\"uvc-heading ult-adjust-bottom-margin ultimate-heading-659469d4596086db0 uvc-4095 \" data-hspacer=\"no_spacer\"  data-halign=\"center\" style=\"text-align:center\"><div class=\"uvc-heading-spacer no_spacer\" style=\"top\"><\/div><div class=\"uvc-sub-heading ult-responsive\"  data-ultimate-target='.uvc-heading.ultimate-heading-659469d4596086db0 .uvc-sub-heading '  data-responsive-json-new='{\"font-size\":\"\",\"line-height\":\"\"}'  style=\"font-weight:normal;\">\n<p style=\"text-align: center;\"><strong>Concejal<\/strong><\/p>\n<p style=\"text-align: center;\">Raquel Arias Rodr\u00edguez<\/p>\n<\/div><\/div>[\/vc_column_inner][\/vc_row_inner]<div class=\"ult-spacer spacer-69d4596086e06\" data-id=\"69d4596086e06\" data-height=\"30\" data-height-mobile=\"20\" data-height-tab=\"20\" data-height-tab-portrait=\"20\" data-height-mobile-landscape=\"20\" style=\"clear:both;display:block;\"><\/div>[vc_row_inner][vc_column_inner width=\u00bb1\/6&#8243;][vc_single_image image=\u00bb10732&#8243; img_size=\u00bb100&#215;100&#8243; alignment=\u00bbcenter\u00bb]<div id=\"ultimate-heading-874169d4596086e4d\" class=\"uvc-heading ult-adjust-bottom-margin ultimate-heading-874169d4596086e4d uvc-2040 \" data-hspacer=\"no_spacer\"  data-halign=\"center\" style=\"text-align:center\"><div class=\"uvc-heading-spacer no_spacer\" style=\"top\"><\/div><div class=\"uvc-sub-heading ult-responsive\"  data-ultimate-target='.uvc-heading.ultimate-heading-874169d4596086e4d .uvc-sub-heading '  data-responsive-json-new='{\"font-size\":\"\",\"line-height\":\"\"}'  style=\"font-weight:normal;\">\n<p style=\"text-align: center;\"><strong>Concejal<\/strong><\/p>\n<p style=\"text-align: center;\">\u00a0Francisco V\u00e1zquez P\u00e9rez<\/p>\n<\/div><\/div>[\/vc_column_inner][vc_column_inner width=\u00bb1\/6&#8243;][vc_single_image image=\u00bb10732&#8243; img_size=\u00bb100&#215;100&#8243; alignment=\u00bbcenter\u00bb]<div id=\"ultimate-heading-40969d4596086ea3\" class=\"uvc-heading ult-adjust-bottom-margin ultimate-heading-40969d4596086ea3 uvc-345 \" data-hspacer=\"no_spacer\"  data-halign=\"center\" style=\"text-align:center\"><div class=\"uvc-heading-spacer no_spacer\" style=\"top\"><\/div><div class=\"uvc-sub-heading ult-responsive\"  data-ultimate-target='.uvc-heading.ultimate-heading-40969d4596086ea3 .uvc-sub-heading '  data-responsive-json-new='{\"font-size\":\"\",\"line-height\":\"\"}'  style=\"font-weight:normal;\">\n<p style=\"text-align: center;\"><strong>Concejal<\/strong><\/p>\n<p style=\"text-align: center;\">\u00a0Jos\u00e9 Quevedo P\u00e9rez<\/p>\n<\/div><\/div>[\/vc_column_inner][vc_column_inner width=\u00bb1\/6&#8243;][vc_single_image image=\u00bb10734&#8243; img_size=\u00bb100&#215;100&#8243; alignment=\u00bbcenter\u00bb]<div id=\"ultimate-heading-514269d4596086ef9\" class=\"uvc-heading ult-adjust-bottom-margin ultimate-heading-514269d4596086ef9 uvc-3253 \" data-hspacer=\"no_spacer\"  data-halign=\"center\" style=\"text-align:center\"><div class=\"uvc-heading-spacer no_spacer\" style=\"top\"><\/div><div class=\"uvc-sub-heading ult-responsive\"  data-ultimate-target='.uvc-heading.ultimate-heading-514269d4596086ef9 .uvc-sub-heading '  data-responsive-json-new='{\"font-size\":\"\",\"line-height\":\"\"}'  style=\"font-weight:normal;\">\n<p style=\"text-align: center;\"><strong>Concejal<\/strong><\/p>\n<p style=\"text-align: center;\">\u00a0Paula V\u00e1zquez Verao<\/p>\n<\/div><\/div>[\/vc_column_inner][vc_column_inner width=\u00bb1\/6&#8243;][vc_single_image image=\u00bb10734&#8243; img_size=\u00bb100&#215;100&#8243; alignment=\u00bbcenter\u00bb]<div id=\"ultimate-heading-100069d4596086f4d\" class=\"uvc-heading ult-adjust-bottom-margin ultimate-heading-100069d4596086f4d uvc-916 \" data-hspacer=\"no_spacer\"  data-halign=\"center\" style=\"text-align:center\"><div class=\"uvc-heading-spacer no_spacer\" style=\"top\"><\/div><div class=\"uvc-sub-heading ult-responsive\"  data-ultimate-target='.uvc-heading.ultimate-heading-100069d4596086f4d .uvc-sub-heading '  data-responsive-json-new='{\"font-size\":\"\",\"line-height\":\"\"}'  style=\"font-weight:normal;\">\n<p style=\"text-align: center;\"><strong>Concejal<\/strong><\/p>\n<p style=\"text-align: center;\">Diego Xes\u00fas L\u00f3pez Gonz\u00e1lez<\/p>\n<\/div><\/div>[\/vc_column_inner][vc_column_inner width=\u00bb1\/6&#8243;][vc_single_image image=\u00bb10733&#8243; img_size=\u00bb100&#215;100&#8243; alignment=\u00bbcenter\u00bb]<div id=\"ultimate-heading-702069d4596086fa1\" class=\"uvc-heading ult-adjust-bottom-margin ultimate-heading-702069d4596086fa1 uvc-9779 \" data-hspacer=\"no_spacer\"  data-halign=\"center\" style=\"text-align:center\"><div class=\"uvc-heading-spacer no_spacer\" style=\"top\"><\/div><div class=\"uvc-sub-heading ult-responsive\"  data-ultimate-target='.uvc-heading.ultimate-heading-702069d4596086fa1 .uvc-sub-heading '  data-responsive-json-new='{\"font-size\":\"\",\"line-height\":\"\"}'  style=\"font-weight:normal;\">\n<p style=\"text-align: center;\"><strong>Concejal<\/strong><\/p>\n<p style=\"text-align: center;\">\u00a0Eladio Fern\u00e1ndez P\u00e9rez<\/p>\n<\/div><\/div>[\/vc_column_inner][vc_column_inner width=\u00bb1\/6&#8243;][\/vc_column_inner][\/vc_row_inner]<div class=\"ult-spacer spacer-69d4596086ff3\" data-id=\"69d4596086ff3\" data-height=\"30\" data-height-mobile=\"20\" data-height-tab=\"20\" data-height-tab-portrait=\"20\" data-height-mobile-landscape=\"20\" style=\"clear:both;display:block;\"><\/div>[vc_single_image image=\u00bb10712&#8243; img_size=\u00bbfull\u00bb][\/vc_column][\/vc_row][vc_row ct_row_stretch=\u00bb\u00bb][vc_column]<div class=\"ult-spacer spacer-69d4596087031\" data-id=\"69d4596087031\" data-height=\"86\" data-height-mobile=\"86\" data-height-tab=\"86\" data-height-tab-portrait=\"\" data-height-mobile-landscape=\"\" style=\"clear:both;display:block;\"><\/div>[\/vc_column][\/vc_row]\n","protected":false},"excerpt":{"rendered":"<p>[vc_row ct_row_stretch=\u00bbstretch_row_content_no_spaces\u00bb full_width=\u00bbstretch_row_content_no_spaces\u00bb use_row_as_full_screen_section=\u00bbno\u00bb type=\u00bbfull_width\u00bb][vc_column][vc_single_image image=\u00bb10742&#8243; img_size=\u00bbfull\u00bb][\/vc_column][\/vc_row][vc_row ct_row_stretch=\u00bb\u00bb bg_type=\u00bbbg_color\u00bb bg_color_value=\u00bb#f9f9f9&#8243;][vc_column][\/vc_column][\/vc_row][vc_row ct_row_stretch=\u00bb\u00bb][vc_column][\/vc_column][\/vc_row][vc_row ct_row_stretch=\u00bb\u00bb][vc_column width=\u00bb1\/4&#8243; css=\u00bb.vc_custom_1707377719576{background-color: #f0f0f0 !important;}\u00bb][vc_wp_custommenu nav_menu=\u00bb79&#8243;][\/vc_column][vc_column width=\u00bb3\/4&#8243;][vc_row_inner][vc_column_inner width=\u00bb1\/6&#8243;][vc_single_image image=\u00bb10732&#8243; img_size=\u00bb100&#215;100&#8243; alignment=\u00bbcenter\u00bb][\/vc_column_inner][vc_column_inner width=\u00bb1\/6&#8243;][vc_single_image image=\u00bb10732&#8243; img_size=\u00bb100&#215;100&#8243; alignment=\u00bbcenter\u00bb][\/vc_column_inner][vc_column_inner width=\u00bb1\/6&#8243;][vc_single_image image=\u00bb10732&#8243; img_size=\u00bb100&#215;100&#8243; alignment=\u00bbcenter\u00bb][\/vc_column_inner][vc_column_inner &#8230;<\/p>\n","protected":false},"author":1,"featured_media":0,"parent":0,"menu_order":0,"comment_status":"closed","ping_status":"closed","template":"","meta":{"footnotes":""},"class_list":["post-10998","page","type-page","status-publish","hentry"],"_links":{"self":[{"href":"https:\/\/concellodesober.com\/es\/wp-json\/wp\/v2\/pages\/10998","targetHints":{"allow":["GET"]}}],"collection":[{"href":"https:\/\/concellodesober.com\/es\/wp-json\/wp\/v2\/pages"}],"about":[{"href":"https:\/\/concellodesober.com\/es\/wp-json\/wp\/v2\/types\/page"}],"author":[{"embeddable":true,"href":"https:\/\/concellodesober.com\/es\/wp-json\/wp\/v2\/users\/1"}],"replies":[{"embeddable":true,"href":"https:\/\/concellodesober.com\/es\/wp-json\/wp\/v2\/comments?post=10998"}],"version-history":[{"count":2,"href":"https:\/\/concellodesober.com\/es\/wp-json\/wp\/v2\/pages\/10998\/revisions"}],"predecessor-version":[{"id":11000,"href":"https:\/\/concellodesober.com\/es\/wp-json\/wp\/v2\/pages\/10998\/revisions\/11000"}],"wp:attachment":[{"href":"https:\/\/concellodesober.com\/es\/wp-json\/wp\/v2\/media?parent=10998"}],"curies":[{"name":"wp","href":"https:\/\/api.w.org\/{rel}","templated":true}]}}