{"id":11001,"date":"2024-02-07T13:06:56","date_gmt":"2024-02-07T12:06:56","guid":{"rendered":"https:\/\/www.concellodesober.com\/?page_id=11001"},"modified":"2024-10-09T10:08:21","modified_gmt":"2024-10-09T08:08:21","slug":"perfil-do-contratante","status":"publish","type":"page","link":"https:\/\/concellodesober.com\/es\/perfil-do-contratante\/","title":{"rendered":"Perfil do contratante"},"content":{"rendered":"[vc_row ct_row_stretch=\u00bbstretch_row_content_no_spaces\u00bb full_width=\u00bbstretch_row_content_no_spaces\u00bb use_row_as_full_screen_section=\u00bbno\u00bb type=\u00bbfull_width\u00bb][vc_column][vc_single_image image=\u00bb10742&#8243; img_size=\u00bbfull\u00bb][\/vc_column][\/vc_row][vc_row ct_row_stretch=\u00bb\u00bb bg_type=\u00bbbg_color\u00bb bg_color_value=\u00bb#f9f9f9&#8243;][vc_column]<div id=\"ultimate-heading-293769d4706d8d936\" class=\"uvc-heading ult-adjust-bottom-margin ultimate-heading-293769d4706d8d936 uvc-3665 \" data-hspacer=\"no_spacer\"  data-halign=\"center\" style=\"text-align:center\"><div class=\"uvc-heading-spacer no_spacer\" style=\"top\"><\/div><div class=\"uvc-main-heading ult-responsive\"  data-ultimate-target='.uvc-heading.ultimate-heading-293769d4706d8d936 h2'  data-responsive-json-new='{\"font-size\":\"desktop:40px;tablet:40px;tablet_portrait:30px;mobile_landscape:30px;mobile:20px;\",\"line-height\":\"\"}' ><h2 style=\"font-weight:normal;color:#000000;margin-top:80px;margin-bottom:80px;\">- PERFIL DEL CONTRATANTEE -<\/h2><\/div><\/div>[\/vc_column][\/vc_row][vc_row ct_row_stretch=\u00bb\u00bb][vc_column]<div class=\"ult-spacer spacer-69d4706d8d98d\" data-id=\"69d4706d8d98d\" data-height=\"30\" data-height-mobile=\"20\" data-height-tab=\"20\" data-height-tab-portrait=\"20\" data-height-mobile-landscape=\"20\" style=\"clear:both;display:block;\"><\/div>[\/vc_column][\/vc_row][vc_row ct_row_stretch=\u00bb\u00bb][vc_column width=\u00bb1\/4&#8243; css=\u00bb.vc_custom_1707377676068{background-color: #f0f0f0 !important;}\u00bb][vc_wp_custommenu nav_menu=\u00bb79&#8243;][\/vc_column][vc_column width=\u00bb3\/4&#8243;][vc_column_text]Con el fin de asegurar la transparencia y el acceso p\u00fablico a la informaci\u00f3n de la actividad contractual del Concello de Sober se pone a disposici\u00f3n de todas las personas interesadas este perfil de contratante, de conformidad con lo establecido Ley 9\/2017, de 8 de noviembre, de Contratos del Sector P\u00fablico, por la que se transponen al ordenamiento jur\u00eddico espa\u00f1ol las Directivas del Parlamento Europeo y del Consejo 2014\/23\/UE y 2014\/24\/UE, de 26 de febrero de 2014.<\/p>\n<p>Puede acceder al perfil de contratante del Concello de Sober en la Plataforma de Contrataci\u00f3n del Sector P\u00fablico a trav\u00e9s de los siguientes enlaces:<\/p>\n<p>En este <a href=\"https:\/\/contrataciondelestado.es\/wps\/poc?uri=deeplink%3AperfilContratante&amp;idBp=RUF8YR138hUBPRBxZ4nJ%2Fg%3D%3D\" target=\"_blank\" rel=\"noopener\">enlace<\/a> tiene acceso a las licitaciones del Pleno<\/p>\n<p>En este <a href=\"https:\/\/contrataciondelestado.es\/wps\/portal\/!ut\/p\/b0\/FcuxCsIwEIDhZ-ng5HCdJAoZaskigqhoTbajSctheknToPTtjeMH_w8GXmAYPzRipsDoi7V1Lnri9yG6NJBvA-eEGTk76MCAiW4pWvFMPWXsy-cW0MNlU7PfKRHUVf4zsscIev-wYjvX3N1bUqf0vM0-rI2UEKdJfJuq-gEuEW4o\/\" target=\"_blank\" rel=\"noopener\">enlace<\/a> tiene acceso a las licitaciones de la Alcald\u00eda<\/p>\n<p>En este <a href=\"https:\/\/www.concellodesober.com\/perfil.php\">enlace<\/a> tiene acceso al Hist\u00f3rico.<\/p>\n<p>En este <a href=\"https:\/\/www.concellodesober.com\/perfil2.php\">enlace<\/a> Contratos menores posteriores a <strong>09\/03\/2018<\/strong>.[\/vc_column_text]<div class=\"ult-spacer spacer-69d4706d8d9bd\" data-id=\"69d4706d8d9bd\" data-height=\"30\" data-height-mobile=\"20\" data-height-tab=\"20\" data-height-tab-portrait=\"20\" data-height-mobile-landscape=\"20\" style=\"clear:both;display:block;\"><\/div>[vc_single_image image=\u00bb10712&#8243; img_size=\u00bbfull\u00bb][\/vc_column][\/vc_row][vc_row ct_row_stretch=\u00bb\u00bb][vc_column]<div class=\"ult-spacer spacer-69d4706d8d9e5\" data-id=\"69d4706d8d9e5\" data-height=\"86\" data-height-mobile=\"86\" data-height-tab=\"86\" data-height-tab-portrait=\"\" data-height-mobile-landscape=\"\" style=\"clear:both;display:block;\"><\/div>[\/vc_column][\/vc_row]\n","protected":false},"excerpt":{"rendered":"<p>[vc_row ct_row_stretch=\u00bbstretch_row_content_no_spaces\u00bb full_width=\u00bbstretch_row_content_no_spaces\u00bb use_row_as_full_screen_section=\u00bbno\u00bb type=\u00bbfull_width\u00bb][vc_column][vc_single_image image=\u00bb10742&#8243; img_size=\u00bbfull\u00bb][\/vc_column][\/vc_row][vc_row ct_row_stretch=\u00bb\u00bb bg_type=\u00bbbg_color\u00bb bg_color_value=\u00bb#f9f9f9&#8243;][vc_column][\/vc_column][\/vc_row][vc_row ct_row_stretch=\u00bb\u00bb][vc_column][\/vc_column][\/vc_row][vc_row ct_row_stretch=\u00bb\u00bb][vc_column width=\u00bb1\/4&#8243; css=\u00bb.vc_custom_1707377676068{background-color: #f0f0f0 !important;}\u00bb][vc_wp_custommenu nav_menu=\u00bb79&#8243;][\/vc_column][vc_column width=\u00bb3\/4&#8243;][vc_column_text]Con el fin de asegurar la transparencia y el acceso p\u00fablico a la &#8230;<\/p>\n","protected":false},"author":1,"featured_media":0,"parent":0,"menu_order":0,"comment_status":"closed","ping_status":"closed","template":"","meta":{"footnotes":""},"class_list":["post-11001","page","type-page","status-publish","hentry"],"_links":{"self":[{"href":"https:\/\/concellodesober.com\/es\/wp-json\/wp\/v2\/pages\/11001","targetHints":{"allow":["GET"]}}],"collection":[{"href":"https:\/\/concellodesober.com\/es\/wp-json\/wp\/v2\/pages"}],"about":[{"href":"https:\/\/concellodesober.com\/es\/wp-json\/wp\/v2\/types\/page"}],"author":[{"embeddable":true,"href":"https:\/\/concellodesober.com\/es\/wp-json\/wp\/v2\/users\/1"}],"replies":[{"embeddable":true,"href":"https:\/\/concellodesober.com\/es\/wp-json\/wp\/v2\/comments?post=11001"}],"version-history":[{"count":2,"href":"https:\/\/concellodesober.com\/es\/wp-json\/wp\/v2\/pages\/11001\/revisions"}],"predecessor-version":[{"id":11003,"href":"https:\/\/concellodesober.com\/es\/wp-json\/wp\/v2\/pages\/11001\/revisions\/11003"}],"wp:attachment":[{"href":"https:\/\/concellodesober.com\/es\/wp-json\/wp\/v2\/media?parent=11001"}],"curies":[{"name":"wp","href":"https:\/\/api.w.org\/{rel}","templated":true}]}}