{"id":11007,"date":"2024-02-09T12:09:34","date_gmt":"2024-02-09T11:09:34","guid":{"rendered":"https:\/\/www.concellodesober.com\/?page_id=11007"},"modified":"2024-10-09T10:09:52","modified_gmt":"2024-10-09T08:09:52","slug":"historia","status":"publish","type":"page","link":"https:\/\/concellodesober.com\/es\/historia\/","title":{"rendered":"Historia"},"content":{"rendered":"[vc_row ct_row_stretch=\u00bbstretch_row_content_no_spaces\u00bb full_width=\u00bbstretch_row_content_no_spaces\u00bb use_row_as_full_screen_section=\u00bbno\u00bb type=\u00bbfull_width\u00bb][vc_column][vc_single_image image=\u00bb10735&#8243; img_size=\u00bbfull\u00bb][\/vc_column][\/vc_row][vc_row ct_row_stretch=\u00bb\u00bb bg_type=\u00bbbg_color\u00bb bg_color_value=\u00bb#f9f9f9&#8243;][vc_column]<div id=\"ultimate-heading-576869d458392a3b2\" class=\"uvc-heading ult-adjust-bottom-margin ultimate-heading-576869d458392a3b2 uvc-6404 \" data-hspacer=\"no_spacer\"  data-halign=\"center\" style=\"text-align:center\"><div class=\"uvc-heading-spacer no_spacer\" style=\"top\"><\/div><div class=\"uvc-main-heading ult-responsive\"  data-ultimate-target='.uvc-heading.ultimate-heading-576869d458392a3b2 h2'  data-responsive-json-new='{\"font-size\":\"desktop:40px;tablet:40px;tablet_portrait:30px;mobile_landscape:30px;mobile:20px;\",\"line-height\":\"\"}' ><h2 style=\"font-weight:normal;color:#000000;margin-top:80px;margin-bottom:80px;\">- HISTORIA -<\/h2><\/div><\/div>[\/vc_column][\/vc_row][vc_row ct_row_stretch=\u00bb\u00bb][vc_column]<div class=\"ult-spacer spacer-69d458392a431\" data-id=\"69d458392a431\" data-height=\"30\" data-height-mobile=\"20\" data-height-tab=\"20\" data-height-tab-portrait=\"20\" data-height-mobile-landscape=\"20\" style=\"clear:both;display:block;\"><\/div>[\/vc_column][\/vc_row][vc_row ct_row_stretch=\u00bb\u00bb][vc_column width=\u00bb1\/4&#8243; css=\u00bb.vc_custom_1707307919031{background-color: #f0f0f0 !important;}\u00bb][vc_wp_custommenu nav_menu=\u00bb83&#8243;][\/vc_column][vc_column width=\u00bb3\/4&#8243;][vc_row_inner][vc_column_inner][vc_column_text]La historia de Sober, municipio del sur lucense perteneciente a la Comarca de Lemos, est\u00e1 marcada, en gran medida, por su estrat\u00e9gica posici\u00f3n geogr\u00e1fica, sobre todo, como encrucijada de caminos hacia las vecinas tierras de Ourense. Las \u00f3rdenes mon\u00e1sticas asentadas en las riberas del r\u00edo Sil y la familia de los L\u00f3pez de Lemos, se\u00f1ores de Sober, Ferreira de Pant\u00f3n y Amarante marcar\u00e1n en buena parte el recorrido hist\u00f3rico de este municipio.<\/p>\n<p>La fertilidad de los campos de Sober di\u00f3 lugar a que desde antiguamente fuesen considerados como los mejores suelos agr\u00edcolas de Lemos y a este respecto se acu\u00f1\u00f3 el famoso proverbio popular que dice: \u201cTerr\u00f3n por terr\u00f3n, vaite a Pant\u00f3n, e se che dan a escoller, vaite a Sober\u201d (Terr\u00f3n por terr\u00f3n, vete a Pant\u00f3n, y si puedes escoger, vete a Sober), recolido, entre los autores Otero Pedrayo y Amor Meil\u00e1n. Esta riqueza de las tierras de Sober dio lugar a que, en la \u00e9poca medieval, fuesen codiciadas por se\u00f1ores feudales y mosnasteiros, debido a su rica produci\u00f3n.<\/p>\n<table summary=\"foto2\" align=\"left\">\n<tbody>\n<tr>\n<td><img decoding=\"async\" src=\"https:\/\/www.concellodesober.com\/imagenes\/foto27.jpg\" alt=\"Santuario de Cadeiras\" hspace=\"5\" \/><\/td>\n<\/tr>\n<tr>\n<td>Santuario Cadeiras<\/td>\n<\/tr>\n<\/tbody>\n<\/table>\n<p>Las primeras noticias escritas en las que se habla de Lemos -zona que conforma la unidad territorial bien definida en el sur de la provincia de Lugo y en la que se engloban los municipios de Sober, Pant\u00f3n, Monforte, B\u00f3veda, Savi\u00f1ao y Broll\u00f3n- se debi\u00f3, sobre todo, al naturalista romano y procurador, en el a\u00f1o 73 d. de C. de la Hispania Citerior, Plinio el Viejo. Este, en su Naturalis historia, cita a los L\u00e9mavos como unha tribu asentada en la actual Comarca de Lemos, cuya capital se fija en el Castro Dactonium, o actual Monforte. El ge\u00f3grafo griego Ptolomeo complementa y confirma, con posterioridad, los datos aportados por Plinio sobre<\/p>\n<p>Las primeras noticias escritas en las que se habla de Lemos -zona que conforma la unidad territorial bien definida en el sur de la provincia de Lugo y en la que se engloban los municipios de Sober, Pant\u00f3n, Monforte, B\u00f3veda, Savi\u00f1ao y Broll\u00f3n- se debi\u00f3, sobre todo, al naturalista romano y procurador, en el a\u00f1o 73 d. de C. de la Hispania Citerior, Plinio el Viejo. Este, en su Naturalis historia, cita a los L\u00e9mavos como unha tribu asentada en la actual Comarca de Lemos, cuya capital se fija en el Castro Dactonium, o actual Monforte. El ge\u00f3grafo griego Ptolomeo complementa y confirma, con posterioridad, los datos aportados por Plinio sobre los pueblos que habitaban Galicia en el siglo II d. de C.<\/p>\n<table summary=\"foto3\" align=\"right\">\n<tbody>\n<tr>\n<td><img decoding=\"async\" src=\"https:\/\/www.concellodesober.com\/imagenes\/foto28.jpg\" alt=\"Petr\u00f3glifo de Proendos\" hspace=\"5\" \/><\/td>\n<\/tr>\n<tr>\n<td>Petr\u00f3glifo de Proendos<\/td>\n<\/tr>\n<\/tbody>\n<\/table>\n<p>En Sober, las riberas de los r\u00edos Cabe y Sil, al igual que en otros puntos de nuestra geograf\u00eda, fueron centros de atracci\u00f3n en los que se asentaron esas primeiras tribus de cazadores que llegaron a Galicia. Restos dejados por estes hombres neol\u00edticos en tierras soberinas se local\u00edzan en Bolmente, Anllo, Brosmos, Doade, Figueiro\u00e1, Pinol y Proendos.<\/p>\n<p>En estes lugares a\u00fan se pueden ver restos de m\u00e1moas, construcciones sepulcrales de la \u00e9poca megal\u00edtica formadas por un dolmen cubierto por un mont\u00edculo de terra de planta circular de unos cinco metros de altura.<\/p>\n<table summary=\"foto4\" align=\"left\">\n<tbody>\n<tr>\n<td><img decoding=\"async\" src=\"https:\/\/www.concellodesober.com\/imagenes\/foto29.jpg\" alt=\"Peto de \u00e1nimas de Canabal\" hspace=\"5\" \/><\/td>\n<\/tr>\n<tr>\n<td>Peto \u00e1nimas de Canabal<\/td>\n<\/tr>\n<\/tbody>\n<\/table>\n<p>En la \u00e9poca de la prehistoria de Sober tambi\u00e9n se encuadran las denominadas insculturas rupestres o petroglifos. Con este nombre se conoce a los numerosos conjuntos de gravados al aire libre que se reparten por la geograf\u00eda gallega. Aunque presentan una variada gama tipol\u00f3gica, el tema m\u00e1s caracter\u00edstico y que le confiere al arte rupestre galaico una personalidad diferenciada es lo de las combinaciones circulares, con su amplio y complejo espectro, seg\u00fan afirman los investigadores Pe\u00f1a Santos y V\u00e1zquez Varela.<\/p>\n<p>En Sober se conserva un buen n\u00famero de petroglifos, la mayor\u00eda de ellos en Proendos y tambi\u00e9n en las parroquias de Figueiro\u00e1 y Mil\u00e1n. Todas estas insculturas rupestres pertencen a la tipolog\u00eda de las combinaciones circulares. Su significado no est\u00e1 claro, aunque se les atribuye un simbolismo m\u00e1gico-relixioso. Cronol\u00f3gicamente esta manifestaci\u00f3n art\u00edstica se fija en la edad de bronce entre el a\u00f1o 1800 y el 1700 a. de C.[\/vc_column_text][\/vc_column_inner][\/vc_row_inner]<div class=\"ult-spacer spacer-69d458392a47e\" data-id=\"69d458392a47e\" data-height=\"30\" data-height-mobile=\"20\" data-height-tab=\"20\" data-height-tab-portrait=\"20\" data-height-mobile-landscape=\"20\" style=\"clear:both;display:block;\"><\/div>[vc_single_image image=\u00bb10712&#8243; img_size=\u00bbfull\u00bb][\/vc_column][\/vc_row][vc_row ct_row_stretch=\u00bb\u00bb][vc_column]<div class=\"ult-spacer spacer-69d458392a4c1\" data-id=\"69d458392a4c1\" data-height=\"86\" data-height-mobile=\"86\" data-height-tab=\"86\" data-height-tab-portrait=\"\" data-height-mobile-landscape=\"\" style=\"clear:both;display:block;\"><\/div>[\/vc_column][\/vc_row]\n","protected":false},"excerpt":{"rendered":"<p>[vc_row ct_row_stretch=\u00bbstretch_row_content_no_spaces\u00bb full_width=\u00bbstretch_row_content_no_spaces\u00bb use_row_as_full_screen_section=\u00bbno\u00bb type=\u00bbfull_width\u00bb][vc_column][vc_single_image image=\u00bb10735&#8243; img_size=\u00bbfull\u00bb][\/vc_column][\/vc_row][vc_row ct_row_stretch=\u00bb\u00bb bg_type=\u00bbbg_color\u00bb bg_color_value=\u00bb#f9f9f9&#8243;][vc_column][\/vc_column][\/vc_row][vc_row ct_row_stretch=\u00bb\u00bb][vc_column][\/vc_column][\/vc_row][vc_row ct_row_stretch=\u00bb\u00bb][vc_column width=\u00bb1\/4&#8243; css=\u00bb.vc_custom_1707307919031{background-color: #f0f0f0 !important;}\u00bb][vc_wp_custommenu nav_menu=\u00bb83&#8243;][\/vc_column][vc_column width=\u00bb3\/4&#8243;][vc_row_inner][vc_column_inner][vc_column_text]La historia de Sober, municipio del sur lucense perteneciente a la Comarca de &#8230;<\/p>\n","protected":false},"author":1,"featured_media":0,"parent":0,"menu_order":0,"comment_status":"closed","ping_status":"closed","template":"","meta":{"footnotes":""},"class_list":["post-11007","page","type-page","status-publish","hentry"],"_links":{"self":[{"href":"https:\/\/concellodesober.com\/es\/wp-json\/wp\/v2\/pages\/11007","targetHints":{"allow":["GET"]}}],"collection":[{"href":"https:\/\/concellodesober.com\/es\/wp-json\/wp\/v2\/pages"}],"about":[{"href":"https:\/\/concellodesober.com\/es\/wp-json\/wp\/v2\/types\/page"}],"author":[{"embeddable":true,"href":"https:\/\/concellodesober.com\/es\/wp-json\/wp\/v2\/users\/1"}],"replies":[{"embeddable":true,"href":"https:\/\/concellodesober.com\/es\/wp-json\/wp\/v2\/comments?post=11007"}],"version-history":[{"count":2,"href":"https:\/\/concellodesober.com\/es\/wp-json\/wp\/v2\/pages\/11007\/revisions"}],"predecessor-version":[{"id":11009,"href":"https:\/\/concellodesober.com\/es\/wp-json\/wp\/v2\/pages\/11007\/revisions\/11009"}],"wp:attachment":[{"href":"https:\/\/concellodesober.com\/es\/wp-json\/wp\/v2\/media?parent=11007"}],"curies":[{"name":"wp","href":"https:\/\/api.w.org\/{rel}","templated":true}]}}