{"id":11010,"date":"2024-04-18T12:43:03","date_gmt":"2024-04-18T10:43:03","guid":{"rendered":"https:\/\/www.concellodesober.com\/?page_id=11010"},"modified":"2024-11-12T11:16:02","modified_gmt":"2024-11-12T10:16:02","slug":"parroquias","status":"publish","type":"page","link":"https:\/\/concellodesober.com\/es\/parroquias\/","title":{"rendered":"Parroquias"},"content":{"rendered":"[vc_row ct_row_stretch=\u00bbstretch_row_content_no_spaces\u00bb full_width=\u00bbstretch_row_content_no_spaces\u00bb use_row_as_full_screen_section=\u00bbno\u00bb type=\u00bbfull_width\u00bb][vc_column][vc_single_image image=\u00bb10735&#8243; img_size=\u00bbfull\u00bb][\/vc_column][\/vc_row][vc_row ct_row_stretch=\u00bb\u00bb bg_type=\u00bbbg_color\u00bb bg_color_value=\u00bb#f9f9f9&#8243;][vc_column]<div id=\"ultimate-heading-206469d4583b94e7b\" class=\"uvc-heading ult-adjust-bottom-margin ultimate-heading-206469d4583b94e7b uvc-1069 \" data-hspacer=\"no_spacer\"  data-halign=\"center\" style=\"text-align:center\"><div class=\"uvc-heading-spacer no_spacer\" style=\"top\"><\/div><div class=\"uvc-main-heading ult-responsive\"  data-ultimate-target='.uvc-heading.ultimate-heading-206469d4583b94e7b h2'  data-responsive-json-new='{\"font-size\":\"desktop:40px;tablet:40px;tablet_portrait:30px;mobile_landscape:30px;mobile:20px;\",\"line-height\":\"\"}' ><h2 style=\"font-weight:normal;color:#000000;margin-top:80px;margin-bottom:80px;\">- PARROQUIAS -<\/h2><\/div><\/div>[\/vc_column][\/vc_row][vc_row ct_row_stretch=\u00bb\u00bb][vc_column]<div class=\"ult-spacer spacer-69d4583b94efd\" data-id=\"69d4583b94efd\" data-height=\"30\" data-height-mobile=\"20\" data-height-tab=\"20\" data-height-tab-portrait=\"20\" data-height-mobile-landscape=\"20\" style=\"clear:both;display:block;\"><\/div>[\/vc_column][\/vc_row][vc_row ct_row_stretch=\u00bb\u00bb][vc_column width=\u00bb1\/4&#8243;][vc_wp_custommenu nav_menu=\u00bb83&#8243;][\/vc_column][vc_column width=\u00bb3\/4&#8243;][vc_tta_accordion][vc_tta_section title=\u00bbAmandi (Santa Mar\u00eda)\u00bb tab_id=\u00bb1713778877232-900ce9fc-5aa0&#8243;][vc_column_text]Amandi se conoce fundamentalmente por sus vi\u00f1edos, que dan nombre a los vinos recogidos en ocho parroquias del sureste del municipio.<\/p>\n<p>Esta parroquia es sede del arciprestazgo. De la importancia hist\u00f3rica de esta parroquia nos habla el hecho de que fuera una de las sesenta jurisdicciones en las que estuvo dividido el antiguo Reino de Galicia.<\/p>\n<p>Un documento del a\u00f1o 842 ratifica que, en este lugar, cerca del r\u00edo, exist\u00eda el monasteiro de Santa Mar\u00eda de Amandi, que fue destru\u00eddo por los ismaelitas. La actual iglesia se levanta sobre sus ru\u00ednas.[\/vc_column_text][\/vc_tta_section][vc_tta_section title=\u00bbAnllo (Santo Estevo)\u00bb tab_id=\u00bb1713778877258-d75d0aa9-d8de\u00bb][vc_column_text]Parroquia de una notable belleza paisaj\u00edstica, con vistas a las riberas del Sil y del Cabe y punto adem\u00e1s de encuentro entre estes dos r\u00edos en el lugar conocido como A Barca.<\/p>\n<p>Dentro de la red hidrogr\u00e1fica destaca tambi\u00e9n el arroyo de Portiz\u00f3, que alberg\u00f3 infinidad de molinos. Hasta no hace mucho, algunos de ellos a\u00fan eran usados por los vecinos de esta parroquia.<\/p>\n<p>Cuenta la tradici\u00f3n que en este lugar de Portiz\u00f3 existi\u00f3 en tiempos un priorato, del que hoy s\u00f3lo se conserva la casa, y en ella se puede ver una inscripci\u00f3n del a\u00f1o 1669.<\/p>\n<p>En esta parroquia, en el lugar de Castinande, nace a finales del siglo XVIII el afamado pintor Juan Bernardo P\u00e9rez de Castinande. Parte de sus obras a\u00fan se conservan en numerosas casas grandes del municipio, entre ellas la casa Rectoral de Anllo.[\/vc_column_text][\/vc_tta_section][vc_tta_section title=\u00bbAnllo (San Marti\u00f1o)\u00bb tab_id=\u00bb1713778969733-356c5d0c-cc24&#8243;][vc_column_text]San Marti\u00f1o de Anllo puede presumir de tener parte de seu territorio sobre el Ca\u00f1\u00f3n del Sil. En esta parroquia en el lugar de Xabrega la Diputaci\u00f3n Provincial construy\u00f3 el embarcadero que, junto al de Ponte do sil y Abeleda, acoge los barcos que recorren este ca\u00f1\u00f3n, surcando las mansas aguas del Sil.<\/p>\n<p>Esta parroquia, al igual que la de Santo Estevo de Anllo, alberg\u00f3 numerosos molinos, al amparo do arroyo de Camilo, conocido tambi\u00e9n entre otros muchos nombres como Xabrega y Riachuelo de los Molinos. Muchas de estas edificaciones a\u00fan se pueden recuperar.<\/p>\n<p>En los lugares de Fervenza y Naz, varias casas tipo pazos nos hablan del abolengo que en otros tiempos tuvieron. Naz fue en alguna ocasi\u00f3n sede de las dependencias municipales.[\/vc_column_text][\/vc_tta_section][vc_tta_section title=\u00bbArrox\u00f3 (San Marti\u00f1o) \u00bb tab_id=\u00bb1731405866543-406079da-98be\u00bb][vc_column_text]I am text block. Click edit button to change this text. Lorem ipsum dolor sit amet, consectetur adipiscing elit. Ut elit tellus, luctus nec ullamcorper mattis, pulvinar dapibus leo.[\/vc_column_text][\/vc_tta_section][vc_tta_section title=\u00bbBarantes (San Xo\u00e1n)\u00bb tab_id=\u00bb1713778994324-8d278ce9-7fb8&#8243;][vc_column_text]Seg\u00fan los datos de la Monograf\u00eda Geogr\u00e1fica Hist\u00f3rica del a\u00f1o 1905, en esta parroquia hay doce fuentes de agua muy gruesa. Parte de su territorio est\u00e1 ba\u00f1ado por el Sil. Sus riberas fueron abrigo de numerosas alvarizas.<\/p>\n<p>A principios de los cuarenta, en plena guerra mundial, Barantes acogi\u00f3 un destacamento militar en la casa de la escuela.<\/p>\n<p>De acuerdo con los datos obtenidos por el historiador Germ\u00e1n V\u00e1zquez, en esta parroquia naci\u00f3 en el siglo XVII Gregorio Blanco, maestro escultor a qui\u00e9n las hermanas Bernardas de Ferreira de Pant\u00f3n le encomendaron la construci\u00f3n de un retablo para la capilla mayor de la iglesia de este convento.[\/vc_column_text][\/vc_tta_section][vc_tta_section title=\u00bbBolmente (Santa Mar\u00eda)\u00bb tab_id=\u00bb1713779014805-558f52fb-fead\u00bb][vc_column_text]En esta parroquia se encuentran dos de los diez miradores sobre los ca\u00f1ones del Sil que existen en el municipio. Su iglesia, de origen rom\u00e1nica, fue totalmente reconstru\u00edda en el siglo XVIII.<\/p>\n<p>Esta parroquia tiene un suelo muy rico lo que favoreci\u00f3 un importante desenvolvimiento de la agricultura y de la ganader\u00eda, como pone de manifesto el hecho de que se encuentre aqu\u00ed la mayor concentraci\u00f3n de h\u00f3rreos del municipio, sobre todo en el pueblo conocido como O Pi\u00f1eiro. En tiempos fue importante la producci\u00f3n de seda.<\/p>\n<p>Tambi\u00e9n fue y es tierra de \u201caugardenteiros\u201d que destilaban el orujo o bagazo del vino.<\/p>\n<p>Bolmente tiene una de las mayores \u00e1reas de monte com\u00fan poblado, con un total de 220 hect\u00e1reas ocupadas por pino pinaster. Por el contrario, de los antiguos casta\u00f1ares apenas queda el recuerdo.[\/vc_column_text][\/vc_tta_section][vc_tta_section title=\u00bbBrosmos (Santa Cruz)\u00bb tab_id=\u00bb1713779038993-259d371f-ffd1&#8243;][vc_column_text]Esta parroquia situada al este del municipio, en un rellano y rodeada por las parroquias de Doade, Bulso y Gundiv\u00f3s, fue tambi\u00e9n zona de molinos al abrigo del arroyo de Sante.<\/p>\n<p>A la gente de Santa Cruz le correspode el honor de lograr mantener la banda de m\u00fasica, destacando el papel como art\u00edfice de Sergio Rodr\u00edguez.[\/vc_column_text][\/vc_tta_section][vc_tta_section title=\u00bbBulso (San Pedro)\u00bb tab_id=\u00bb1713779064591-1625e70a-e3d6&#8243;][vc_column_text]Bulso fue siempre una parroquia eminentemente agr\u00edcola. A por su lama acud\u00edan y siguen acudiendo los alfareros de Gundiv\u00f3s para extraer el barro que, junto con el que llevan de Figueiro\u00e1, les sirve de materia prima.<\/p>\n<p>En el nomencl\u00e1tor del a\u00f1o 1940 figura Bulso como lugar donde existi\u00f3 una torre-fortaleza y aunque no queda se\u00f1al de ella, si hay una casa conocida como la Casa da Torre.[\/vc_column_text][\/vc_tta_section][vc_tta_section title=\u00bbCanaval(San Pedro)\u00bb tab_id=\u00bb1713779097942-abadb1b5-76ae\u00bb][vc_column_text]Canaval est\u00e1 situada al margen izquierdo del r\u00edo Cabe. Esta parroquia fue tradicionalmente la m\u00e1s industrial del municipio, debido en parte a la existencia de una estaci\u00f3n de ferrocarril y a la abundancia de barrizales que aportaron abundante materia prima a las tres cer\u00e1micas que existieron en esta localidad. La \u00faltima desapareci\u00f3 en la navidad del a\u00f1o 1994.<\/p>\n<p>Actualmente las pocas empresas que hay son familiares. Sin embargo, contin\u00faa siendo, despu\u00e9s de la capitalidad del ayuntamiento, la parroquia con m\u00e1s servicios. Es la parroquia mejor comunicada ya que posee un enlace con la N-120 y la estaci\u00f3n de tren que en los a\u00f1os 2023-2024 sufri\u00f3 una gran modificaci\u00f3n y modernizaci\u00f3n. Contaba tambi\u00e9n con la \u00fanica playa fluvial del ayuntamiento hasta la construcci\u00f3n de las piscinas municipales.<\/p>\n<p>Su iglesia aparece relacionada con el monasterio de San Pedro de Valverde en el siglo XII, m\u00e1s tarde con la Orden del Temple y posteriormente con la Casa de Lemos. El edificio de planta rectangular y sacrist\u00eda pegada por la cara norte, fue restaurada en el siglo XVIII. De la anterior iglesia rom\u00e1nica quedan algunos restos, tanto en el interior como en la fachada principal.<\/p>\n<p>En los alrededores del pueblo de Campo Rairo hubo un campamento romano que controlaba la entrada al Valle de Lemos.[\/vc_column_text][\/vc_tta_section][vc_tta_section title=\u00bbDoade(San Marti\u00f1o)\u00bb tab_id=\u00bb1713779143170-1f721e15-db1f\u00bb][vc_column_text]Doade es una parroquia eminentemente vin\u00edcola, pertenece a la subzona de Amandi. Es la m\u00e1s grande y la m\u00e1s oriental de las parroquias del municipio de Sober, tambi\u00e9n la m\u00e1s alejada de la capital, aunque est\u00e1 muy bien comunicada con esta. La carretera LU-601 cruza este ayuntamiento uniendo Monforte con Castro Caldelas.<\/p>\n<p>Por aqu\u00ed pas\u00f3 en la \u00e9poca de los romanos la V\u00eda Nova, que un\u00eda Braga con Astorga, tal como relata Germ\u00e1n V\u00e1zquez: \u201centre los caminos accesorios, la existencia de uno entre Castro Caldelas a Praesidium, centro de la gran arteria estrat\u00e9gica o V\u00eda Nova de Braga a Astorga, hacia Monforte, despu\u00e9s de pasar el Sil por la Barca de Paradela\u201d. Este puente, hoy sepultado por las aguas del embalse de Santo Estevo, ya figuraba en las notas de Plinio y Ptolomeo sobre Gallaecia. Decir, por \u00faltimo, que parte de esta v\u00eda romana a\u00fan se conserva.<\/p>\n<p>La presencia de los celtas en esta parroquia queda tambi\u00e9n constatada con la existencia de numerosos castros, outeiros y croas.<\/p>\n<p>Adem\u00e1s, se conserva el edificio de un priorato. De esta parroquia es ori\u00fanda la familia Mart\u00ednez-Anido, ligada durante mucho tiempo a la pol\u00edtica espa\u00f1ola.[\/vc_column_text][\/vc_tta_section][vc_tta_section title=\u00bbFigueiro\u00e1 (San Salvador)\u00bb tab_id=\u00bb1713779179371-197cf728-66b1&#8243;][vc_column_text]Figueiro\u00e1 est\u00e1 \u00edntimamente ligada a la parroquia de Gundiv\u00f3s, a la que le proporciona la mayor\u00eda del barro utilizado en la alfarer\u00eda de aquel pueblo.<\/p>\n<p>Los amantes de la historia podr\u00e1n ver en esta parroquia una medorra y los petroglifos de los C\u00f3taros.<\/p>\n<p>Tambi\u00e9n se conservan en buen estado los molinos de agua, movidos en seu d\u00eda por el arroyo de Pousavedra.[\/vc_column_text][\/vc_tta_section][vc_tta_section title=\u00bbGundiv\u00f3s (Santiago)\u00bb tab_id=\u00bb1713779209292-5603db04-9336&#8243;][vc_column_text]Tal vez sea esta la parroquia m\u00e1s conocida fuera de las fronteras municipales. El m\u00e9rito se les debe a los alfareros que a\u00fan hoy trabajan en ella. Quien se acerque a Gundiv\u00f3s podr\u00e1 ver los talleres de los alfareros, los t\u00edpicos hornos en los que cuecen sus piezas, y comprar alguna de estas obras de artesan\u00eda.<\/p>\n<p>En el lugar de Seoane existe un castro. Tiene unos accesos muy dif\u00edciles y la vegetaci\u00f3n dificulta su visi\u00f3n.[\/vc_column_text][\/vc_tta_section][vc_tta_section title=\u00bbLi\u00f1aran (San Marti\u00f1o)\u00bb tab_id=\u00bb1713779233848-19d5d41a-f03c\u00bb][vc_column_text]En el peque\u00f1o p\u00f3rtico lateral que tiene la iglesia por el ala norte, hay un ara romana con la inscrici\u00f3n LVGBO ARQUIENB CAIVS IVLIVS HISPANVS V.S.L.M. Cuenta la tradici\u00f3n que este monolito fue tra\u00eddo de las ru\u00ednas de una capilla que en otros tiempos exist\u00eda en el monte de San Roque.<\/p>\n<p>Siguiendo con la iglesia parroquial me gustar\u00eda apuntar un dicho popular seg\u00fan el cual, el repique de la campana dice claramente \u00abvale qui\u00e9n tiene\u00bb.<\/p>\n<p>Enrique Fern\u00e1ndez Llano afirma que en esta parroquia se plantaron los primeiros pinares del ayuntamiento de Sober.[\/vc_column_text][\/vc_tta_section][vc_tta_section title=\u00bbLobios (San Xillao)\u00bb tab_id=\u00bb1713779267629-86dba59c-bca1&#8243;][vc_column_text]Los apreciados vinos de Amandi, que se cosechan tambi\u00e9n en esta parroquia y las hermosas vistas sobre el r\u00edo Sil ser\u00edan un motivo suficiente para visitar este lugar, en el que adem\u00e1s encontraremos importantes obras arquitect\u00f3nicas.<\/p>\n<p>La iglesia de Lobios es una interesante muestra del rom\u00e1nico rural, con elementos de transici\u00f3n y ojivales. Su construcci\u00f3n data del siglo XIII. La sacrist\u00eda, sin embargo, es posterior y el campanario es barroco, del 1806. Los materiales usadados en su construcci\u00f3n son perpia\u00f1os de granito muy regulares.<\/p>\n<p>Antes de esta iglesia hab\u00eda un monasteiro visigodo del siglo X. Actualmente el top\u00f3nimo monasteiro se conserva a\u00fan en un barrio de esta parroquia.<\/p>\n<p>Muy cerca de la iglesia est\u00e1 la capilla de la Reina de los Angeles. Esta capilla est\u00e1 ligada a una hermosa leyenda. Seg\u00fan cuenta esta, una moza del lugar le rob\u00f3 una cadena de oro a una mora, esta inmediatamente se transform\u00f3 en serpiente. La chica, que \u00edba escap\u00e1ndole, al pasar por delante de la capilla se encomend\u00f3 a la Virgen y la serpiente adquiri\u00f3 de nuevo la figura humana.<\/p>\n<p>Entre la iglesia y la capilla hay un interesante crucero en el margen derecho de la carretera que une la capital del ayuntamiento con Doade.[\/vc_column_text][\/vc_tta_section][vc_tta_section title=\u00bbMill\u00e1n (San Nicolao)\u00bb tab_id=\u00bb1713779316845-80c3fe8b-9412&#8243;][vc_column_text]Mill\u00e1n es tierra de roscas y leyendas. Una de estas leyendas nos dice que las legiones romanas ven\u00edan a sanarse a la fuente de Fonterd\u00e1, a la que se le atribuyen poderes medicinales, especialmente a los males relacionados con la digesti\u00f3n. A los ni\u00f1os do vecino pueblo de Francos, en la parroquia de Proendos, se les advert\u00eda del peligro de ir hasta esta fuente ya que en ella habitaba el \u201csaca\u00fantos\u201d.<\/p>\n<p>El agua de la fuente del Cura es buena para evitar el dolor de muelas. Adem\u00e1s, perdura la creencia de que en la \u201cPena de Bel\u00e1n\u201d estuvo oculta Santa Polonia, en tiempos de la invasi\u00f3n b\u00e1rbara.<\/p>\n<p>Con respecto a las roscas, hay que destacar que fueron famosas en toda la comarca, los artesanos de Mill\u00e1n las vend\u00edan directamente por las fiestas, feiras y romer\u00edas de los distintos pueblos. Actualmente, s\u00f3lo existe un rosquero en esta parroquia.[\/vc_column_text][\/vc_tta_section][vc_tta_section title=\u00bbNeiras (San Salvador)\u00bb tab_id=\u00bb1713779348312-235f7b63-44fb\u00bb][vc_column_text]Esta parroquia est\u00e1 en un valle y la cruza el r\u00edo Neiras o Ferved\u00f3n. Limita con el ayuntamiento de Monforte por el norte y el este.<\/p>\n<p>Es una zona eminentemente agr\u00edcola, ganadera y forestal. Por esta parroquia, as\u00ed como por la de Refoxo y la de Canaval, pasaba el telef\u00e9rico que transportaba el mineral de las minas de Freixo hasta la estaci\u00f3n de Ferrocarril de Canaval. Actualmente a\u00fan se conservan las columnas que soportaban el tendido el\u00e9ctrico.<\/p>\n<p>En el lugar de a Devesa existe un rinc\u00f3n pintoresco, protagonizado por el riachuelo y la edificaci\u00f3n de un molino que hoy se utiliza como carpinter\u00eda.[\/vc_column_text][\/vc_tta_section][vc_tta_section title=\u00bbPinol (San Vicente)\u00bb tab_id=\u00bb1713779381107-56ce5beb-6038&#8243;][vc_column_text]La localidad de Pinol aparece a comienzos del siglo XI, dependiendo hasta el siglo XV del monasterio de Santa Cristina de Ribas de Sil. M\u00e1s tarde esta parroquia fu\u00e9 beneficio de la Casa de Lemos, desempe\u00f1ando incluso el Gran Rodrigo de Castro, como procurador, el cargo de p\u00e1rroco de la misma.<\/p>\n<p>Una vez m\u00e1s, nos encontramos en la zona de los vinos de Amandi, cosechados fundamentalmente en los lugares de Chanteiro y A Barca de Sampil.En la ribera contin\u00faa existiendo adem\u00e1s una gran cantidad de \u00e1rboles aut\u00f3ctonos y hierbas arom\u00e1ticas y medicinales.<\/p>\n<p>Esta parroquia alberga el santuario de Nuestra Se\u00f1ora la Sant\u00edsima Virgen de Cadeiras, constru\u00eddo en el siglo XVIII y que cada ocho de septiembre se convierte en lugar de peregrinaci\u00f3n, debido a los milagros que se le atribuyen a esta advocaci\u00f3n de la a Virgen.<\/p>\n<p>Como dato curioso, Enrique Fern\u00e1ndez Llano destaca que la mayor distancia de la provincia de Lugo, de norte a sur, es entre la isla Conejera y el Monte de Cadeiras.<\/p>\n<p>La iglesia parroquial de Pinol es un edificio rom\u00e1nico constru\u00eddo, seg\u00fan parece, a comienzos del siglo XIII. La sacrist\u00eda est\u00e1 pegada al \u00e1ngulo izquierdo y posterior.[\/vc_column_text][\/vc_tta_section][vc_tta_section title=\u00bbProendos (Santa Mar\u00eda)\u00bb tab_id=\u00bb1713779427125-104e24a7-9327&#8243;][vc_column_text]Nos encontramos en la parroquia de mayor inter\u00e9s hist\u00f3rico dentro del ayuntamiento. Linda con la de parroquia de Sober. Presenta un territorio practicamente llano siendo A Peni\u00f1a-Mer el lugar m\u00e1s elevado, con 492 metros sobre el nivel del mar. El punto m\u00e1s bajo, de 432 metros, se sit\u00faa en Outeiro.<\/p>\n<p>Alrededor de la iglesia parroquial estaba asentada la ciudad de Proencia. La mayor\u00eda de los historiadores le atribuyen un origen romano, aunque que hay quien defiende que su origen es suevo.<\/p>\n<p>Constantemente aparecen restos de este antiguo poblado. Los de mayor inter\u00e9s arqueol\u00f3gico se descubrieron en el a\u00f1o 1945, en esa ocasi\u00f3n se encontr\u00f3 una tumba, un esqueleto, dos campanas y otros objetos de bronce y cer\u00e1mica que fueron depositados en el Museo Provincial de Lugo.<\/p>\n<p>En estudios posteriores en el a\u00f1o 2020 se consigue poner en valor el primer Horreum con muros paralelos de Galicia que forma parte de una villa del Alto Imperio con un edificio central y diferentes estructuras agr\u00edcolas asociadas cuyos restos se siguen excavando actualmente muy cerca de este horreum.<\/p>\n<p>Se pueden ver adem\u00e1s de varios petroglifos entre los que destacan los de la finca de O Xestal, tambi\u00e9n en las proximidades da la iglesia parroquial. La importancia de estos yacimientos radica, junto con su valor intr\u00ednsico, en su localizaci\u00f3n, muy oriental, alejada del foco principal de gravados rupestres en Galicia, que se sit\u00faa en la provincia de Pontevedra.<\/p>\n<p>En lo que respecta a la iglesia parroquial, el edificio actual se levanta sobre la primitiva f\u00e1brica rom\u00e1nica, de la que a\u00fan se conservan algunos restos, que datan probablemente de la segunda mitad del siglo XII. En su interior se conservan interesantes pinturas murales.que han sido restauradas en la segunda d\u00e9cada del presente siglo.<\/p>\n<p>Adem\u00e1s de las distintas casas blasonadas que se pueden ver en esta parroquia, destaca la Casa-Palacio que en el a\u00f1o 740 mand\u00f3 constru\u00edr Lope L\u00f3pez de Lemos y Sober, que fue se\u00f1or de Ferreira de Pant\u00f3n y Sober. Hoy en d\u00eda el edificio est\u00e1 en ru\u00ednas, s\u00f3lo permanecen en pi\u00e9 las fachadas exteriores y la parte del tejado. En sus muros se conserva el escudo familiar que di\u00f3 origen al escudo del ayuntamiento de Sober.<\/p>\n<p>En esta parroquia, en el lugar de Sober o Vello, permanec\u00edan las dependencias municipais hasta que fueron trasladadas a la localidad de Berea (hoy conocida ya como Sober).<\/p>\n<p>En Proendos naci\u00f3 Enrique Fern\u00e1ndez Llano, autor del primer libro monogr\u00e1fico sobre este ayuntamiento, titulado Descripci\u00f3n del T\u00e9rmino Municipal de Sober. Publicado en el a\u00f1o 1977.[\/vc_column_text][\/vc_tta_section][vc_tta_section title=\u00bbRefoxo (Santo Estevo)\u00bb tab_id=\u00bb1713779539989-1a0e0260-3000&#8243;][vc_column_text]Parroquia situada entre las de Proendos, Arroxo, Canaval, Gundiv\u00f3s y Neiras.<\/p>\n<p>La iglesia est\u00e1 situada en el lugar conocido como O Burato, de gran inter\u00e9s paisaj\u00edstico.<\/p>\n<p>Esta feligres\u00eda ya se mencionaba en un documento p\u00fablico fechado en el a\u00f1o 1128 donde el rey Don Alfonso y la reina Do\u00f1a Urraca le hicieron a merc\u00e9 de las Sinecuras (cargo o empleo retribu\u00eddo que no d\u00e1 trabajo o muy poco) de Santo Estevo de Refoxo a D. Alonso L\u00f3pez de Sober y Lemos.<\/p>\n<p>Del lugar de Pousada fueron naturales los hermanos plebiscitarios Manuel y Victoriano \u00c1lvarez Fern\u00e1ndez. El primero ocup\u00f3 durante mucho tiempo el cargo de capell\u00e1n y confesor de la reina Cristina, el segundo fue capell\u00e1n de la Marina. Tambi\u00e9n a estos hermanos, especialmente a Manuel \u00c1lvarez, se les debe la construci\u00f3n de la carretera entre Monforte y Sober.[\/vc_column_text][\/vc_tta_section][vc_tta_section title=\u00bbRosende (San Miguel)\u00bb tab_id=\u00bb1713779575109-76e64421-b43e\u00bb][vc_column_text]La parroquia de Rosende experiment\u00f3 un gran desenvolvimiento en los \u00faltimos a\u00f1os, al convertirse en sede de la fundaci\u00f3n Belarmino Fern\u00e1ndez Iglesias.<\/p>\n<p>La fundaci\u00f3n Belarmiro Fern\u00e1ndez est\u00e1 asentada en la Casa de Ribas, de cuyo abolengo nos hablan los blasones y escudos que ostenta. Al abrigo de la misma, funciona desde el curso 1997-1998 una escola de hosteler\u00eda.<\/p>\n<p>Adem\u00e1s de esta escuela de hosteler\u00eda, la fundaci\u00f3n tambi\u00e9n tuvo instalaciones deportivas con piscinas y pistas de tenis, a las que tuvo acceso el p\u00fablico en general hasta la construcci\u00f3n de las actuales instalaciones municipales con lo cual las de la fundaci\u00f3n dejaron de estar en uso.<\/p>\n<p>Merecen tambi\u00e9n una visita la iglesia y la casa rectoral, tipo mosnasteiro o priorato.<\/p>\n<p>Rosende es unha zona vin\u00edcola inclu\u00edda en la denominaci\u00f3n de origen de la Ribeira Sacra, en la subzona de Riberas del Mi\u00f1o. En esta parroquia se celebra la festividad de San Miguel.En los \u00faltimos a\u00f1os se traslad\u00f3 la festividad del mes de septiembre al mes de agosto por motivos climatol\u00f3gicos.[\/vc_column_text][\/vc_tta_section][vc_tta_section title=\u00bbSatiorxo (San Xurxo)\u00bb tab_id=\u00bb1713779602705-2e4dada9-fe3d\u00bb][vc_column_text]Vilaescura est\u00e1 ba\u00f1ada polo Cabe, r\u00edo que entra no municipio por Canaval e percorre, ademais destas d\u00faas parroquias, as parroquias de Rosende e Santo Estevo de Anllo onde desemboca.<\/p>\n<p>No lugar de Vilaescura at\u00f3pase un castro, situado sobre o punto de ruptura da pendente que marca o inicio do Can\u00f3n do r\u00edo Cabe, nunha propiedade privada.<\/p>\n<p>Tanto este xacemento como o seu entorno enc\u00f3ntranse baixo unha agradable carballeira, que facilita o paseo ata o lugar desde a igrexa con vistas do r\u00edo Cabe, unha zona de extraordinaria beleza.<\/p>\n<p>Hai que dicir, sen embargo, que boa parte das estruturas p\u00e9treas deste castro est\u00e1n desmanteladas.[\/vc_column_text][\/vc_tta_section][vc_tta_section title=\u00bbVilaescura (Santa Mar\u00eda)\u00bb tab_id=\u00bb1713779636056-8a4481ce-2784&#8243;][vc_column_text]Vilaescura est\u00e1 ba\u00f1ada por el Cabe, r\u00edo que entra en el ayuntamiento por Canaval y recorre, adem\u00e1s de estas dos parroquias, las parroquias de Rosende y Santo Estevo de Anllo donde desemboca.<\/p>\n<p>En el lugar de Vilaescura se encuentra un castro, situado sobre el punto de ruptura de la pendiente que marca el inicio del Ca\u00f1\u00f3n del r\u00edo Cabe, en una propiedad privada.<\/p>\n<p>Tanto este yacimiento como su entorno se encuentran bajo un agradable robledal, que facilita el paseo hasta el lugar desde la iglesia con vistas al r\u00edo Cabe, una zona de extraordinaria belleza.<\/p>\n<p>Hai que decir, sen embargo, que buena parte de las estruturas p\u00e9treas de este castro est\u00e1n desmanteladas.[\/vc_column_text][\/vc_tta_section][\/vc_tta_accordion][\/vc_column][\/vc_row][vc_row ct_row_stretch=\u00bb\u00bb][vc_column]<div class=\"ult-spacer spacer-69d4583b94f46\" data-id=\"69d4583b94f46\" data-height=\"86\" data-height-mobile=\"86\" data-height-tab=\"86\" data-height-tab-portrait=\"\" data-height-mobile-landscape=\"\" style=\"clear:both;display:block;\"><\/div>[\/vc_column][\/vc_row]\n","protected":false},"excerpt":{"rendered":"<p>[vc_row ct_row_stretch=\u00bbstretch_row_content_no_spaces\u00bb full_width=\u00bbstretch_row_content_no_spaces\u00bb use_row_as_full_screen_section=\u00bbno\u00bb type=\u00bbfull_width\u00bb][vc_column][vc_single_image image=\u00bb10735&#8243; img_size=\u00bbfull\u00bb][\/vc_column][\/vc_row][vc_row ct_row_stretch=\u00bb\u00bb bg_type=\u00bbbg_color\u00bb bg_color_value=\u00bb#f9f9f9&#8243;][vc_column][\/vc_column][\/vc_row][vc_row ct_row_stretch=\u00bb\u00bb][vc_column][\/vc_column][\/vc_row][vc_row ct_row_stretch=\u00bb\u00bb][vc_column width=\u00bb1\/4&#8243;][vc_wp_custommenu nav_menu=\u00bb83&#8243;][\/vc_column][vc_column width=\u00bb3\/4&#8243;][vc_tta_accordion][vc_tta_section title=\u00bbAmandi (Santa Mar\u00eda)\u00bb tab_id=\u00bb1713778877232-900ce9fc-5aa0&#8243;][vc_column_text]Amandi se conoce fundamentalmente por sus vi\u00f1edos, que dan nombre a los &#8230;<\/p>\n","protected":false},"author":1,"featured_media":0,"parent":0,"menu_order":0,"comment_status":"closed","ping_status":"closed","template":"","meta":{"footnotes":""},"class_list":["post-11010","page","type-page","status-publish","hentry"],"_links":{"self":[{"href":"https:\/\/concellodesober.com\/es\/wp-json\/wp\/v2\/pages\/11010","targetHints":{"allow":["GET"]}}],"collection":[{"href":"https:\/\/concellodesober.com\/es\/wp-json\/wp\/v2\/pages"}],"about":[{"href":"https:\/\/concellodesober.com\/es\/wp-json\/wp\/v2\/types\/page"}],"author":[{"embeddable":true,"href":"https:\/\/concellodesober.com\/es\/wp-json\/wp\/v2\/users\/1"}],"replies":[{"embeddable":true,"href":"https:\/\/concellodesober.com\/es\/wp-json\/wp\/v2\/comments?post=11010"}],"version-history":[{"count":3,"href":"https:\/\/concellodesober.com\/es\/wp-json\/wp\/v2\/pages\/11010\/revisions"}],"predecessor-version":[{"id":11469,"href":"https:\/\/concellodesober.com\/es\/wp-json\/wp\/v2\/pages\/11010\/revisions\/11469"}],"wp:attachment":[{"href":"https:\/\/concellodesober.com\/es\/wp-json\/wp\/v2\/media?parent=11010"}],"curies":[{"name":"wp","href":"https:\/\/api.w.org\/{rel}","templated":true}]}}