{"id":11013,"date":"2024-04-23T10:13:41","date_gmt":"2024-04-23T08:13:41","guid":{"rendered":"https:\/\/www.concellodesober.com\/?page_id=11013"},"modified":"2024-10-09T10:10:46","modified_gmt":"2024-10-09T08:10:46","slug":"viticultura-heroica-d-o-ribeira-sacra","status":"publish","type":"page","link":"https:\/\/concellodesober.com\/es\/viticultura-heroica-d-o-ribeira-sacra\/","title":{"rendered":"Viticultura Heroica D.O. Ribeira Sacra"},"content":{"rendered":"[vc_row ct_row_stretch=\u00bbstretch_row_content_no_spaces\u00bb full_width=\u00bbstretch_row_content_no_spaces\u00bb use_row_as_full_screen_section=\u00bbno\u00bb type=\u00bbfull_width\u00bb][vc_column][vc_single_image image=\u00bb10903&#8243; img_size=\u00bbfull\u00bb][\/vc_column][\/vc_row][vc_row ct_row_stretch=\u00bb\u00bb bg_type=\u00bbbg_color\u00bb bg_color_value=\u00bb#f9f9f9&#8243;][vc_column]<div id=\"ultimate-heading-647869d44406d1ee1\" class=\"uvc-heading ult-adjust-bottom-margin ultimate-heading-647869d44406d1ee1 uvc-2156 \" data-hspacer=\"no_spacer\"  data-halign=\"center\" style=\"text-align:center\"><div class=\"uvc-heading-spacer no_spacer\" style=\"top\"><\/div><div class=\"uvc-main-heading ult-responsive\"  data-ultimate-target='.uvc-heading.ultimate-heading-647869d44406d1ee1 h2'  data-responsive-json-new='{\"font-size\":\"desktop:40px;tablet:40px;tablet_portrait:30px;mobile_landscape:30px;mobile:20px;\",\"line-height\":\"\"}' ><h2 style=\"font-weight:normal;color:#000000;margin-top:80px;margin-bottom:80px;\">- VITICULTURA HEROICA D.O. RIBEIRA SACRA -<\/h2><\/div><\/div>[\/vc_column][\/vc_row][vc_row ct_row_stretch=\u00bb\u00bb][vc_column]<div class=\"ult-spacer spacer-69d44406d1f5a\" data-id=\"69d44406d1f5a\" data-height=\"30\" data-height-mobile=\"20\" data-height-tab=\"20\" data-height-tab-portrait=\"20\" data-height-mobile-landscape=\"20\" style=\"clear:both;display:block;\"><\/div>[\/vc_column][\/vc_row][vc_row ct_row_stretch=\u00bb\u00bb][vc_column width=\u00bb1\/4&#8243; css=\u00bb.vc_custom_1707307919031{background-color: #f0f0f0 !important;}\u00bb][vc_wp_custommenu nav_menu=\u00bb86&#8243;][\/vc_column][vc_column width=\u00bb3\/4&#8243;][vc_column_text]En el a\u00f1o 2011 nuestros vinos fueron reconocidos con un sello espec\u00edfico de \u201cViticultura Heroica\u201d otorgada por el CERVIM, organismo internacional que intenta conservar los valores de la viticultura de monta\u00f1a que s\u00f3lo se d\u00e1 en el 5% del conjunto de vi\u00f1edos mundial. Este t\u00e9rmino hace referencia a las condiciones del terreno en el que nuestros bodegueros cultivan uno de los mejores caldos que se conocen.<\/p>\n<p>Sobre las paredes que descienden directamente al r\u00edo de hasta 500 m de desnivel, y con inclinaciones de hasta un 85%, brotan cada a\u00f1o las uvas que dan origen a los vinos de Amandi. Estamos hablando de cepas milenarias que ya los romanos explotaban para producir el oro l\u00edquido del Sil desafiando al v\u00e9rtigo desde los socalcos.<\/p>\n<p>Este tipo de cultivo impide la mecanizaci\u00f3n, por lo que todo el trabajo se hace a mano, movi\u00e9ndose entre las cepas coma si fuese un ejercicio acrob\u00e1tico. Es en la Feria del vino donde se celebra el resultado de este gran esfuerzo y se puede catar y premiar el resultado de todo el trabajo realizado por nuestros viticultores heroicos.<\/p>\n<p>Con la creaci\u00f3n de la Denominaci\u00f3n de Origen Ribeira Sacra el sector se profesionaliza y desde el mundo del vino se rehabilitan los vi\u00f1edos en socalcos y se recupera el paisaje. El vino es hoy un sector pujante y din\u00e1mico y uno de los principales motores econ\u00f3micos de la zona e impulsor definitivo de la Ribeira Sacra como destino tur\u00edstico.<\/p>\n<p>\u201cLa belleza que rodea este territorio es fruto de la brisa perfumada respirada al caminar entre fentos y robles, el sol que bendice los d\u00edas y las brumas de los amanaceres. El agua del Sil (sagrado coraz\u00f3n de Amandi), los incontables arroyos que serpentean en los meses m\u00e1s h\u00famedos.<\/p>\n<p>Sangre que ser\u00e1 sabia y sabia que ser\u00e1 vino, vino, fruto del trabajo para compartir o recibir a los reci\u00e9n llegados siendo esta la mejor carta de presentaci\u00f3n pues es pura esencia, sustancia del esp\u00edritu y del ecosistema que habitamos, el Para\u00edso Terrenal.<\/p>\n<p>Patrimonio Humano y Naturaleza que alg\u00fan d\u00eda conocer\u00e1 la humanidad, siendo actualmente el tesoro que encuentran las almas errantes para quedarse.\u201d\u2026<\/p>\n<p>(Eva Amaral pregonera en la XLI Feira do Vi\u00f1o de Amandi )<\/p>\n<p>Para saber m\u00e0s:<\/p>\n<p><a href=\"https:\/\/ribeirasacra.org\/subzona-amandi\/es\">https:\/\/ribeirasacra.org\/subzona-amandi\/es<\/a><\/p>\n<p><a href=\"https:\/\/ribeirasacra.org\/portada.php\">https:\/\/ribeirasacra.org\/portada.php<\/a>[\/vc_column_text]<div class=\"ult-spacer spacer-69d44406d1fa5\" data-id=\"69d44406d1fa5\" data-height=\"30\" data-height-mobile=\"20\" data-height-tab=\"20\" data-height-tab-portrait=\"20\" data-height-mobile-landscape=\"20\" style=\"clear:both;display:block;\"><\/div>[vc_single_image image=\u00bb10712&#8243; img_size=\u00bbfull\u00bb][\/vc_column][\/vc_row][vc_row ct_row_stretch=\u00bb\u00bb][vc_column]<div class=\"ult-spacer spacer-69d44406d1fe7\" data-id=\"69d44406d1fe7\" data-height=\"86\" data-height-mobile=\"86\" data-height-tab=\"86\" data-height-tab-portrait=\"\" data-height-mobile-landscape=\"\" style=\"clear:both;display:block;\"><\/div>[\/vc_column][\/vc_row]\n","protected":false},"excerpt":{"rendered":"<p>[vc_row ct_row_stretch=\u00bbstretch_row_content_no_spaces\u00bb full_width=\u00bbstretch_row_content_no_spaces\u00bb use_row_as_full_screen_section=\u00bbno\u00bb type=\u00bbfull_width\u00bb][vc_column][vc_single_image image=\u00bb10903&#8243; img_size=\u00bbfull\u00bb][\/vc_column][\/vc_row][vc_row ct_row_stretch=\u00bb\u00bb bg_type=\u00bbbg_color\u00bb bg_color_value=\u00bb#f9f9f9&#8243;][vc_column][\/vc_column][\/vc_row][vc_row ct_row_stretch=\u00bb\u00bb][vc_column][\/vc_column][\/vc_row][vc_row ct_row_stretch=\u00bb\u00bb][vc_column width=\u00bb1\/4&#8243; css=\u00bb.vc_custom_1707307919031{background-color: #f0f0f0 !important;}\u00bb][vc_wp_custommenu nav_menu=\u00bb86&#8243;][\/vc_column][vc_column width=\u00bb3\/4&#8243;][vc_column_text]En el a\u00f1o 2011 nuestros vinos fueron reconocidos con un sello espec\u00edfico de &#8230;<\/p>\n","protected":false},"author":1,"featured_media":0,"parent":0,"menu_order":0,"comment_status":"closed","ping_status":"closed","template":"","meta":{"footnotes":""},"class_list":["post-11013","page","type-page","status-publish","hentry"],"_links":{"self":[{"href":"https:\/\/concellodesober.com\/es\/wp-json\/wp\/v2\/pages\/11013","targetHints":{"allow":["GET"]}}],"collection":[{"href":"https:\/\/concellodesober.com\/es\/wp-json\/wp\/v2\/pages"}],"about":[{"href":"https:\/\/concellodesober.com\/es\/wp-json\/wp\/v2\/types\/page"}],"author":[{"embeddable":true,"href":"https:\/\/concellodesober.com\/es\/wp-json\/wp\/v2\/users\/1"}],"replies":[{"embeddable":true,"href":"https:\/\/concellodesober.com\/es\/wp-json\/wp\/v2\/comments?post=11013"}],"version-history":[{"count":2,"href":"https:\/\/concellodesober.com\/es\/wp-json\/wp\/v2\/pages\/11013\/revisions"}],"predecessor-version":[{"id":11015,"href":"https:\/\/concellodesober.com\/es\/wp-json\/wp\/v2\/pages\/11013\/revisions\/11015"}],"wp:attachment":[{"href":"https:\/\/concellodesober.com\/es\/wp-json\/wp\/v2\/media?parent=11013"}],"curies":[{"name":"wp","href":"https:\/\/api.w.org\/{rel}","templated":true}]}}