{"id":11019,"date":"2024-01-26T12:08:32","date_gmt":"2024-01-26T11:08:32","guid":{"rendered":"https:\/\/www.concellodesober.com\/?page_id=11019"},"modified":"2024-10-09T10:11:53","modified_gmt":"2024-10-09T08:11:53","slug":"feira-do-vino-de-amandi","status":"publish","type":"page","link":"https:\/\/concellodesober.com\/es\/feira-do-vino-de-amandi\/","title":{"rendered":"Feira do Vi\u00f1o de Amandi"},"content":{"rendered":"[vc_row ct_row_stretch=\u00bbstretch_row_content_no_spaces\u00bb parallax_content=\u00bbparallax_content_value\u00bb full_width=\u00bbstretch_row_content_no_spaces\u00bb use_row_as_full_screen_section=\u00bbno\u00bb type=\u00bbfull_width\u00bb][vc_column][vc_single_image image=\u00bb10893&#8243; img_size=\u00bbfull\u00bb alignment=\u00bbcenter\u00bb][\/vc_column][\/vc_row][vc_row ct_row_stretch=\u00bb\u00bb bg_type=\u00bbbg_color\u00bb source=\u00bb\u00bb main_heading=\u00bb- ALCALD\u00cdA -\u00bb heading_tag=\u00bbh2&#8243; main_heading_color=\u00bb#000000&#8243; sub_heading_color=\u00bb\u00bb alignment=\u00bbcenter\u00bb spacer=\u00bbno_spacer\u00bb spacer_position=\u00bbtop\u00bb spacer_img_width=\u00bb48&#8243; line_style=\u00bbsolid\u00bb line_height=\u00bb1&#8243; line_color=\u00bb#333333&#8243; line_icon_fixer=\u00bb10&#8243; main_heading_font_size=\u00bbdesktop:40px;tablet:40px;tablet_portrait:30px;mobile_landscape:30px;mobile:20px;\u00bb main_heading_margin=\u00bbmargin-top:80px;margin-bottom:80px;\u00bb margin_design_tab_text=\u00bb\u00bb main_heading_typograpy=\u00bb\u00bb main_heading_font_family=\u00bb\u00bb main_heading_style=\u00bb\u00bb main_heading_line_height=\u00bb\u00bb sub_heading_typograpy=\u00bb\u00bb sub_heading_font_family=\u00bb\u00bb sub_heading_style=\u00bb\u00bb sub_heading_font_size=\u00bb\u00bb sub_heading_line_height=\u00bb\u00bb sub_heading_margin=\u00bb\u00bb spacer_img=\u00bb\u00bb line_width=\u00bb\u00bb spacer_margin=\u00bb\u00bb bg_color_value=\u00bb#f9f9f9&#8243;][vc_column]<div id=\"ultimate-heading-405569d4583a974ca\" class=\"uvc-heading ult-adjust-bottom-margin ultimate-heading-405569d4583a974ca uvc-6326 \" data-hspacer=\"no_spacer\"  data-halign=\"center\" style=\"text-align:center\"><div class=\"uvc-heading-spacer no_spacer\" style=\"top\"><\/div><div class=\"uvc-main-heading ult-responsive\"  data-ultimate-target='.uvc-heading.ultimate-heading-405569d4583a974ca h2'  data-responsive-json-new='{\"font-size\":\"desktop:40px;tablet:40px;tablet_portrait:30px;mobile_landscape:30px;mobile:20px;\",\"line-height\":\"\"}' ><h2 style=\"font-weight:normal;color:#000000;margin-top:80px;margin-bottom:80px;\">- FERIA DEL VINO DE AMANDI -<\/h2><\/div><\/div>[\/vc_column][\/vc_row][vc_row ct_row_stretch=\u00bbstretch_row\u00bb ct_bg_color_overlay=\u00bbrgba(255,255,255,0.4)\u00bb full_width=\u00bbstretch_row\u00bb use_row_as_full_screen_section=\u00bbno\u00bb type=\u00bbgrid\u00bb][vc_column]<div class=\"ult-spacer spacer-69d4583a97578\" data-id=\"69d4583a97578\" data-height=\"30\" data-height-mobile=\"20\" data-height-tab=\"20\" data-height-tab-portrait=\"20\" data-height-mobile-landscape=\"20\" style=\"clear:both;display:block;\"><\/div>[\/vc_column][\/vc_row][vc_row ct_row_stretch=\u00bb\u00bb][vc_column width=\u00bb1\/4&#8243; css=\u00bb.vc_custom_1707378315894{background-color: #f0f0f0 !important;}\u00bb][vc_wp_custommenu nav_menu=\u00bb80&#8243;][\/vc_column][vc_column width=\u00bb3\/4&#8243;][vc_row_inner][vc_column_inner][vc_column_text]Una de las ferias m\u00e1s madrugadoras de Ribeira Sacra, donde cada a\u00f1o se dan cita los bodegueros de Amandi el<strong> fin de semana del Domingo de Ramos<\/strong> para dar a probar sus caldos.<\/p>\n<p>Declarada de Inter\u00e9s Tur\u00edstico de Galicia en el a\u00f1o 2000, la feria re\u00fane a miles de personas poniendo en relieve la importancia de la actividad vitivin\u00edcola en la zona, as\u00ed como el impulso y el prestigio de un vino que, seg\u00fan cuentan as leyendas era llevado a la Roma de los c\u00e9sares y se cultivaba desde los tiempos en que se asentaron las \u00f3rdenes mon\u00e1sticas en la Ribeira Sacra, en terrazas por las fuertes pendientes de las laderas de los ca\u00f1ones del Sil. Una orograf\u00eda que dificulta mucho el trabajo en las vides, raz\u00f3n por la que esta viticultura es llamada \u201cheroica\u201d.<\/p>\n<p>En el a\u00f1o 1980 se celebr\u00f3 un domingo de Ramos por inicitativa de un grupo de vecinos para revitalizar a feria de ganado y para sumar atractivo a esta feria invitaron a alg\u00fan cosechero de la zona de Amandi para que llevasen una muestra de sus caldos.<\/p>\n<p>Fue tal el \u00e9xito alcanzado en esta feria que el vino pas\u00f3 a ser o protagonista al a\u00f1o siguiente tambi\u00e9n en el domingo de Ramos, naciendo as\u00ed una cita y festividad que hizo que hasta los bodegueros m\u00e1s pesimistas comezasen a creer en un projecto que hoy es el motor econ\u00f3mico de la zona.<\/p>\n<p>El recinto ferial, en la Plaza del Ayuntamiento, se llena de la m\u00fasica de la banda de m\u00fasica de Sober, una de las m\u00e1s antiguas de Galicia, y un de los s\u00edmbolos de la localidad de Sober, para amenizar este gran encuentro en torno al vino de Amandi (subzona de la D.O. Ribeira Sacra). La cita sirve, adem\u00e1s, como excusa para mostrar los alrederores de la zona y su modo de vida, centrado en la viticultura pero tambi\u00e9n en la alfarer\u00eda con la vecina parroquia de Gundiv\u00f3s como productora. Un acercamiento a los puestos de artesan\u00eda en la feria bastar\u00e1 para comprobar la relevancia que tienen las piezas de esta antiqu\u00edsima alfarer\u00eda por su utilidad en las labores viticultoras.<\/p>\n<p>Los bodegueros de Amandi dan a probar aqu\u00ed su vino menc\u00eda, abanderado de los tintos gallegos, y los visitantes tienen la oportunidad de catarlos junto con otros excelentes productos, tambi\u00e9n la venta, como quesos y pan, miel de la Ribeira Sacra y las roscas tan apreciadas por su calidad.[\/vc_column_text][\/vc_column_inner][\/vc_row_inner]<div class=\"ult-spacer spacer-69d4583a975ea\" data-id=\"69d4583a975ea\" data-height=\"50\" data-height-mobile=\"30\" data-height-tab=\"40\" data-height-tab-portrait=\"40\" data-height-mobile-landscape=\"30\" style=\"clear:both;display:block;\"><\/div>[vc_images_carousel images=\u00bb10811,10812&#8243; img_size=\u00bbfull\u00bb slides_per_view=\u00bb2&#8243; hide_pagination_control=\u00bbyes\u00bb]<div class=\"ult-spacer spacer-69d4583a9763c\" data-id=\"69d4583a9763c\" data-height=\"50\" data-height-mobile=\"30\" data-height-tab=\"40\" data-height-tab-portrait=\"40\" data-height-mobile-landscape=\"30\" style=\"clear:both;display:block;\"><\/div>[vc_single_image image=\u00bb10712&#8243; img_size=\u00bbfull\u00bb][\/vc_column][\/vc_row][vc_row ct_row_stretch=\u00bbstretch_row\u00bb ct_bg_color_overlay=\u00bbrgba(255,255,255,0.4)\u00bb full_width=\u00bbstretch_row\u00bb use_row_as_full_screen_section=\u00bbno\u00bb type=\u00bbgrid\u00bb][vc_column]<div class=\"ult-spacer spacer-69d4583a976a3\" data-id=\"69d4583a976a3\" data-height=\"50\" data-height-mobile=\"20\" data-height-tab=\"40\" data-height-tab-portrait=\"40\" data-height-mobile-landscape=\"20\" style=\"clear:both;display:block;\"><\/div>[\/vc_column][\/vc_row]\n","protected":false},"excerpt":{"rendered":"<p>[vc_row ct_row_stretch=\u00bbstretch_row_content_no_spaces\u00bb parallax_content=\u00bbparallax_content_value\u00bb full_width=\u00bbstretch_row_content_no_spaces\u00bb use_row_as_full_screen_section=\u00bbno\u00bb type=\u00bbfull_width\u00bb][vc_column][vc_single_image image=\u00bb10893&#8243; img_size=\u00bbfull\u00bb alignment=\u00bbcenter\u00bb][\/vc_column][\/vc_row][vc_row ct_row_stretch=\u00bb\u00bb bg_type=\u00bbbg_color\u00bb source=\u00bb\u00bb main_heading=\u00bb- ALCALD\u00cdA -\u00bb heading_tag=\u00bbh2&#8243; main_heading_color=\u00bb#000000&#8243; sub_heading_color=\u00bb\u00bb alignment=\u00bbcenter\u00bb spacer=\u00bbno_spacer\u00bb spacer_position=\u00bbtop\u00bb spacer_img_width=\u00bb48&#8243; line_style=\u00bbsolid\u00bb line_height=\u00bb1&#8243; line_color=\u00bb#333333&#8243; line_icon_fixer=\u00bb10&#8243; main_heading_font_size=\u00bbdesktop:40px;tablet:40px;tablet_portrait:30px;mobile_landscape:30px;mobile:20px;\u00bb main_heading_margin=\u00bbmargin-top:80px;margin-bottom:80px;\u00bb margin_design_tab_text=\u00bb\u00bb main_heading_typograpy=\u00bb\u00bb &#8230;<\/p>\n","protected":false},"author":1,"featured_media":0,"parent":0,"menu_order":0,"comment_status":"closed","ping_status":"closed","template":"","meta":{"footnotes":""},"class_list":["post-11019","page","type-page","status-publish","hentry"],"_links":{"self":[{"href":"https:\/\/concellodesober.com\/es\/wp-json\/wp\/v2\/pages\/11019","targetHints":{"allow":["GET"]}}],"collection":[{"href":"https:\/\/concellodesober.com\/es\/wp-json\/wp\/v2\/pages"}],"about":[{"href":"https:\/\/concellodesober.com\/es\/wp-json\/wp\/v2\/types\/page"}],"author":[{"embeddable":true,"href":"https:\/\/concellodesober.com\/es\/wp-json\/wp\/v2\/users\/1"}],"replies":[{"embeddable":true,"href":"https:\/\/concellodesober.com\/es\/wp-json\/wp\/v2\/comments?post=11019"}],"version-history":[{"count":2,"href":"https:\/\/concellodesober.com\/es\/wp-json\/wp\/v2\/pages\/11019\/revisions"}],"predecessor-version":[{"id":11021,"href":"https:\/\/concellodesober.com\/es\/wp-json\/wp\/v2\/pages\/11019\/revisions\/11021"}],"wp:attachment":[{"href":"https:\/\/concellodesober.com\/es\/wp-json\/wp\/v2\/media?parent=11019"}],"curies":[{"name":"wp","href":"https:\/\/api.w.org\/{rel}","templated":true}]}}