{"id":11025,"date":"2024-02-07T09:19:55","date_gmt":"2024-02-07T08:19:55","guid":{"rendered":"https:\/\/www.concellodesober.com\/?page_id=11025"},"modified":"2025-10-14T10:35:38","modified_gmt":"2025-10-14T08:35:38","slug":"romaria-de-cadeiras","status":"publish","type":"page","link":"https:\/\/concellodesober.com\/es\/romaria-de-cadeiras\/","title":{"rendered":"Romar\u00eda de Cadeiras"},"content":{"rendered":"[vc_row ct_row_stretch=\u00bbstretch_row_content_no_spaces\u00bb parallax_content=\u00bbparallax_content_value\u00bb full_width=\u00bbstretch_row_content_no_spaces\u00bb use_row_as_full_screen_section=\u00bbno\u00bb type=\u00bbfull_width\u00bb][vc_column css=\u00bb.vc_custom_1707304855012{background-position: center !important;background-repeat: no-repeat !important;background-size: cover !important;}\u00bb][vc_single_image image=\u00bb10929&#8243; img_size=\u00bbfull\u00bb][\/vc_column][\/vc_row][vc_row ct_row_stretch=\u00bb\u00bb bg_type=\u00bbbg_color\u00bb source=\u00bb\u00bb main_heading=\u00bb- ALCALD\u00cdA -\u00bb heading_tag=\u00bbh2&#8243; main_heading_color=\u00bb#000000&#8243; sub_heading_color=\u00bb\u00bb alignment=\u00bbcenter\u00bb spacer=\u00bbno_spacer\u00bb spacer_position=\u00bbtop\u00bb spacer_img_width=\u00bb48&#8243; line_style=\u00bbsolid\u00bb line_height=\u00bb1&#8243; line_color=\u00bb#333333&#8243; line_icon_fixer=\u00bb10&#8243; main_heading_font_size=\u00bbdesktop:40px;tablet:40px;tablet_portrait:30px;mobile_landscape:30px;mobile:20px;\u00bb main_heading_margin=\u00bbmargin-top:80px;margin-bottom:80px;\u00bb margin_design_tab_text=\u00bb\u00bb main_heading_typograpy=\u00bb\u00bb main_heading_font_family=\u00bb\u00bb main_heading_style=\u00bb\u00bb main_heading_line_height=\u00bb\u00bb sub_heading_typograpy=\u00bb\u00bb sub_heading_font_family=\u00bb\u00bb sub_heading_style=\u00bb\u00bb sub_heading_font_size=\u00bb\u00bb sub_heading_line_height=\u00bb\u00bb sub_heading_margin=\u00bb\u00bb spacer_img=\u00bb\u00bb line_width=\u00bb\u00bb spacer_margin=\u00bb\u00bb bg_color_value=\u00bb#f9f9f9&#8243;][vc_column]<div id=\"ultimate-heading-921269d47059ce42f\" class=\"uvc-heading ult-adjust-bottom-margin ultimate-heading-921269d47059ce42f uvc-6624 \" data-hspacer=\"no_spacer\"  data-halign=\"center\" style=\"text-align:center\"><div class=\"uvc-heading-spacer no_spacer\" style=\"top\"><\/div><div class=\"uvc-main-heading ult-responsive\"  data-ultimate-target='.uvc-heading.ultimate-heading-921269d47059ce42f h2'  data-responsive-json-new='{\"font-size\":\"desktop:40px;tablet:40px;tablet_portrait:30px;mobile_landscape:30px;mobile:20px;\",\"line-height\":\"\"}' ><h2 style=\"font-weight:normal;color:#000000;margin-top:80px;margin-bottom:80px;\">- ROMER\u00cdA DE CADEIRAS -<\/h2><\/div><\/div>[\/vc_column][\/vc_row][vc_row ct_row_stretch=\u00bbstretch_row\u00bb ct_bg_color_overlay=\u00bbrgba(255,255,255,0.4)\u00bb full_width=\u00bbstretch_row\u00bb use_row_as_full_screen_section=\u00bbno\u00bb type=\u00bbgrid\u00bb][vc_column]<div class=\"ult-spacer spacer-69d47059ce482\" data-id=\"69d47059ce482\" data-height=\"30\" data-height-mobile=\"20\" data-height-tab=\"20\" data-height-tab-portrait=\"20\" data-height-mobile-landscape=\"20\" style=\"clear:both;display:block;\"><\/div>[\/vc_column][\/vc_row][vc_row ct_row_stretch=\u00bb\u00bb][vc_column width=\u00bb1\/4&#8243; css=\u00bb.vc_custom_1707378235381{background-color: #f0f0f0 !important;}\u00bb][vc_wp_custommenu nav_menu=\u00bb80&#8243;][\/vc_column][vc_column width=\u00bb3\/4&#8243;][vc_row_inner][vc_column_inner][vc_column_text]En la parroquia de Pinol, a medio kil\u00f3metro de la iglesia de San Vicente, en un excepcional paraje natural, lindante con el Ca\u00f1\u00f3n do Sil est\u00e1 el Santuario de la Virgen de Cadeiras. Fue construido en el siglo XVIII, quedando la obra inacabada. El edificio de una sola nave, es de piedra gran\u00edtica y siller\u00eda bien labrada. M\u00e1s que por el inter\u00e9s arquitect\u00f3nico, destaca por ser un lugar de peregrinaci\u00f3n, debido a los milagros que la tradici\u00f3n atribuye a la Virgen de Cadeiras.<\/p>\n<p>Seg\u00fan cuenta la leyenda (de la Edad Media) apareci\u00f3 milagrosamente una imagen de la Virgen en un hueco entre unas pe\u00f1as muy cerca de donde ahora est\u00e1 el Santuario. All\u00ed se levant\u00f3 una peque\u00f1a ermita que se reconstruy\u00f3 en diferentes ocasiones antes de la construcci\u00f3n del actual santuario que acog\u00eda a los visitantes que se acercaban a las romer\u00edas u otras celebraciones religiosas.<\/p>\n<p>Podemos encontrar bibliograf\u00eda dedicada a este santuario, tanto a nivel arquitect\u00f3nico como a su evoluci\u00f3n o informaci\u00f3n escrita sobre los milagros atribu\u00eddos a la Virgen.<\/p>\n<p>En este lugar se celebra, desde el siglo pasado, los d\u00edas <strong>7,8 y 9 de septiembre<\/strong>, una romer\u00eda popular dedicada a esta singular advocaci\u00f3n mariana. Oficios religiosos, procesi\u00f3n y comida campestre son los protagonistas de esta romer\u00eda.[\/vc_column_text][\/vc_column_inner][\/vc_row_inner]<div class=\"ult-spacer spacer-69d47059ce4b0\" data-id=\"69d47059ce4b0\" data-height=\"50\" data-height-mobile=\"30\" data-height-tab=\"40\" data-height-tab-portrait=\"40\" data-height-mobile-landscape=\"30\" style=\"clear:both;display:block;\"><\/div>[vc_images_carousel images=\u00bb10813,10814,10815,10816&#8243; img_size=\u00bbfull\u00bb slides_per_view=\u00bb2&#8243; hide_pagination_control=\u00bbyes\u00bb wrap=\u00bbyes\u00bb]<div class=\"ult-spacer spacer-69d47059ce4d9\" data-id=\"69d47059ce4d9\" data-height=\"50\" data-height-mobile=\"30\" data-height-tab=\"40\" data-height-tab-portrait=\"40\" data-height-mobile-landscape=\"30\" style=\"clear:both;display:block;\"><\/div>[vc_single_image image=\u00bb10712&#8243; img_size=\u00bbfull\u00bb][\/vc_column][\/vc_row][vc_row ct_row_stretch=\u00bbstretch_row\u00bb ct_bg_color_overlay=\u00bbrgba(255,255,255,0.4)\u00bb full_width=\u00bbstretch_row\u00bb use_row_as_full_screen_section=\u00bbno\u00bb type=\u00bbgrid\u00bb][vc_column]<div class=\"ult-spacer spacer-69d47059ce4fe\" data-id=\"69d47059ce4fe\" data-height=\"50\" data-height-mobile=\"20\" data-height-tab=\"40\" data-height-tab-portrait=\"40\" data-height-mobile-landscape=\"20\" style=\"clear:both;display:block;\"><\/div>[\/vc_column][\/vc_row]\n","protected":false},"excerpt":{"rendered":"<p>[vc_row ct_row_stretch=\u00bbstretch_row_content_no_spaces\u00bb parallax_content=\u00bbparallax_content_value\u00bb full_width=\u00bbstretch_row_content_no_spaces\u00bb use_row_as_full_screen_section=\u00bbno\u00bb type=\u00bbfull_width\u00bb][vc_column css=\u00bb.vc_custom_1707304855012{background-position: center !important;background-repeat: no-repeat !important;background-size: cover !important;}\u00bb][vc_single_image image=\u00bb10929&#8243; img_size=\u00bbfull\u00bb][\/vc_column][\/vc_row][vc_row ct_row_stretch=\u00bb\u00bb bg_type=\u00bbbg_color\u00bb source=\u00bb\u00bb main_heading=\u00bb- ALCALD\u00cdA -\u00bb heading_tag=\u00bbh2&#8243; main_heading_color=\u00bb#000000&#8243; sub_heading_color=\u00bb\u00bb alignment=\u00bbcenter\u00bb spacer=\u00bbno_spacer\u00bb spacer_position=\u00bbtop\u00bb spacer_img_width=\u00bb48&#8243; line_style=\u00bbsolid\u00bb line_height=\u00bb1&#8243; &#8230;<\/p>\n","protected":false},"author":1,"featured_media":0,"parent":0,"menu_order":0,"comment_status":"closed","ping_status":"closed","template":"","meta":{"footnotes":""},"class_list":["post-11025","page","type-page","status-publish","hentry"],"_links":{"self":[{"href":"https:\/\/concellodesober.com\/es\/wp-json\/wp\/v2\/pages\/11025","targetHints":{"allow":["GET"]}}],"collection":[{"href":"https:\/\/concellodesober.com\/es\/wp-json\/wp\/v2\/pages"}],"about":[{"href":"https:\/\/concellodesober.com\/es\/wp-json\/wp\/v2\/types\/page"}],"author":[{"embeddable":true,"href":"https:\/\/concellodesober.com\/es\/wp-json\/wp\/v2\/users\/1"}],"replies":[{"embeddable":true,"href":"https:\/\/concellodesober.com\/es\/wp-json\/wp\/v2\/comments?post=11025"}],"version-history":[{"count":3,"href":"https:\/\/concellodesober.com\/es\/wp-json\/wp\/v2\/pages\/11025\/revisions"}],"predecessor-version":[{"id":15012,"href":"https:\/\/concellodesober.com\/es\/wp-json\/wp\/v2\/pages\/11025\/revisions\/15012"}],"wp:attachment":[{"href":"https:\/\/concellodesober.com\/es\/wp-json\/wp\/v2\/media?parent=11025"}],"curies":[{"name":"wp","href":"https:\/\/api.w.org\/{rel}","templated":true}]}}