{"id":11034,"date":"2024-07-22T14:41:11","date_gmt":"2024-07-22T12:41:11","guid":{"rendered":"https:\/\/www.concellodesober.com\/?page_id=11034"},"modified":"2025-10-21T10:30:19","modified_gmt":"2025-10-21T08:30:19","slug":"feira-de-artesania-de-galicia","status":"publish","type":"page","link":"https:\/\/concellodesober.com\/es\/feira-de-artesania-de-galicia\/","title":{"rendered":"Feira de Artesan\u00eda de Galicia"},"content":{"rendered":"[vc_row ct_row_stretch=\u00bbstretch_row_content_no_spaces\u00bb parallax_content=\u00bbparallax_content_value\u00bb full_width=\u00bbstretch_row_content_no_spaces\u00bb use_row_as_full_screen_section=\u00bbno\u00bb type=\u00bbfull_width\u00bb][vc_column css=\u00bb.vc_custom_1707304855012{background-position: center !important;background-repeat: no-repeat !important;background-size: cover !important;}\u00bb][vc_single_image image=\u00bb10931&#8243; img_size=\u00bbfull\u00bb][\/vc_column][\/vc_row][vc_row ct_row_stretch=\u00bb\u00bb bg_type=\u00bbbg_color\u00bb source=\u00bb\u00bb main_heading=\u00bb- ALCALD\u00cdA -\u00bb heading_tag=\u00bbh2&#8243; main_heading_color=\u00bb#000000&#8243; sub_heading_color=\u00bb\u00bb alignment=\u00bbcenter\u00bb spacer=\u00bbno_spacer\u00bb spacer_position=\u00bbtop\u00bb spacer_img_width=\u00bb48&#8243; line_style=\u00bbsolid\u00bb line_height=\u00bb1&#8243; line_color=\u00bb#333333&#8243; line_icon_fixer=\u00bb10&#8243; main_heading_font_size=\u00bbdesktop:40px;tablet:40px;tablet_portrait:30px;mobile_landscape:30px;mobile:20px;\u00bb main_heading_margin=\u00bbmargin-top:80px;margin-bottom:80px;\u00bb margin_design_tab_text=\u00bb\u00bb main_heading_typograpy=\u00bb\u00bb main_heading_font_family=\u00bb\u00bb main_heading_style=\u00bb\u00bb main_heading_line_height=\u00bb\u00bb sub_heading_typograpy=\u00bb\u00bb sub_heading_font_family=\u00bb\u00bb sub_heading_style=\u00bb\u00bb sub_heading_font_size=\u00bb\u00bb sub_heading_line_height=\u00bb\u00bb sub_heading_margin=\u00bb\u00bb spacer_img=\u00bb\u00bb line_width=\u00bb\u00bb spacer_margin=\u00bb\u00bb bg_color_value=\u00bb#f9f9f9&#8243;][vc_column]<div id=\"ultimate-heading-737169d4705c42c31\" class=\"uvc-heading ult-adjust-bottom-margin ultimate-heading-737169d4705c42c31 uvc-5275 \" data-hspacer=\"no_spacer\"  data-halign=\"center\" style=\"text-align:center\"><div class=\"uvc-heading-spacer no_spacer\" style=\"top\"><\/div><div class=\"uvc-main-heading ult-responsive\"  data-ultimate-target='.uvc-heading.ultimate-heading-737169d4705c42c31 h2'  data-responsive-json-new='{\"font-size\":\"desktop:40px;tablet:40px;tablet_portrait:30px;mobile_landscape:30px;mobile:20px;\",\"line-height\":\"\"}' ><h2 style=\"font-weight:normal;color:#000000;margin-top:80px;margin-bottom:80px;\">- FEIRA DE ARTESAN\u00cdA DE GALICIA -<\/h2><\/div><\/div>[\/vc_column][\/vc_row][vc_row ct_row_stretch=\u00bbstretch_row\u00bb ct_bg_color_overlay=\u00bbrgba(255,255,255,0.4)\u00bb full_width=\u00bbstretch_row\u00bb use_row_as_full_screen_section=\u00bbno\u00bb type=\u00bbgrid\u00bb][vc_column]<div class=\"ult-spacer spacer-69d4705c42c80\" data-id=\"69d4705c42c80\" data-height=\"30\" data-height-mobile=\"20\" data-height-tab=\"20\" data-height-tab-portrait=\"20\" data-height-mobile-landscape=\"20\" style=\"clear:both;display:block;\"><\/div>[\/vc_column][\/vc_row][vc_row ct_row_stretch=\u00bb\u00bb][vc_column width=\u00bb1\/4&#8243; css=\u00bb.vc_custom_1707378235381{background-color: #f0f0f0 !important;}\u00bb][vc_wp_custommenu nav_menu=\u00bb80&#8243;][\/vc_column][vc_column width=\u00bb3\/4&#8243;][vc_row_inner][vc_column_inner width=\u00bb1\/4&#8243;][vc_single_image image=\u00bb10808&#8243; img_size=\u00bbfull\u00bb alignment=\u00bbcenter\u00bb][\/vc_column_inner][vc_column_inner width=\u00bb3\/4&#8243;][vc_column_text]En el a\u00f1o 2021 se acogi\u00f3 el primer encuentro de Artesan\u00eda de Galicia en los cobertizos del Santuario de Nuestra Se\u00f1ora de Cadeiras.<\/p>\n<p>Desde ese primer encuentro y despu\u00e9s del \u00e9xito conseguido, la feria va camino de convertirse en una cita imprescindible entre los artesanos. Impulsada por la Xunta de Galicia con la colaboraci\u00f3n del ayuntamiento para promocionar la marca de Artesan\u00eda de Galicia, con el objetivo de impulsar el comercio local y dar visibilidad y respaldo a este tipo de oficios.<\/p>\n<p>La convocatoria suele ser normalmente el <strong>tercer fin de semana de agosto <\/strong>pero no hay una fecha exacta.<\/p>\n<p>En este d\u00eda participan una veintena de artesanos de diversos oficios y los visitantes disfrutar\u00e1n de una exposici\u00f3n y venta de productos de Artesan\u00eda de Galicia, incluyendo piezas de madera, cer\u00e1mica, alfarer\u00eda tradicional, juguetes, bisuter\u00eda, marroquiner\u00eda, ropa, complementos de moda o joyer\u00eda.<\/p>\n<p>Tambi\u00e9n se imparten talleres gratuitos, como a la iniciaci\u00f3n al tejido de tap\u00edz, cer\u00e1mica en torno o t\u00e9cnicas de cester\u00eda destinados a todos los p\u00fablicos, y hay espect\u00e1culos musicales para hacer ese d\u00eda m\u00e1s festivo.[\/vc_column_text][\/vc_column_inner][\/vc_row_inner]<div class=\"ult-spacer spacer-69d4705c42cae\" data-id=\"69d4705c42cae\" data-height=\"50\" data-height-mobile=\"30\" data-height-tab=\"40\" data-height-tab-portrait=\"40\" data-height-mobile-landscape=\"30\" style=\"clear:both;display:block;\"><\/div>[vc_images_carousel images=\u00bb10806,10807,10935,10936&#8243; img_size=\u00bbfull\u00bb slides_per_view=\u00bb2&#8243; hide_pagination_control=\u00bbyes\u00bb]<div class=\"ult-spacer spacer-69d4705c42cd7\" data-id=\"69d4705c42cd7\" data-height=\"50\" data-height-mobile=\"30\" data-height-tab=\"40\" data-height-tab-portrait=\"40\" data-height-mobile-landscape=\"30\" style=\"clear:both;display:block;\"><\/div>[vc_single_image image=\u00bb10712&#8243; img_size=\u00bbfull\u00bb][\/vc_column][\/vc_row][vc_row ct_row_stretch=\u00bbstretch_row\u00bb ct_bg_color_overlay=\u00bbrgba(255,255,255,0.4)\u00bb full_width=\u00bbstretch_row\u00bb use_row_as_full_screen_section=\u00bbno\u00bb type=\u00bbgrid\u00bb][vc_column]<div class=\"ult-spacer spacer-69d4705c42cfb\" data-id=\"69d4705c42cfb\" data-height=\"50\" data-height-mobile=\"20\" data-height-tab=\"40\" data-height-tab-portrait=\"40\" data-height-mobile-landscape=\"20\" style=\"clear:both;display:block;\"><\/div>[\/vc_column][\/vc_row]\n","protected":false},"excerpt":{"rendered":"<p>[vc_row ct_row_stretch=\u00bbstretch_row_content_no_spaces\u00bb parallax_content=\u00bbparallax_content_value\u00bb full_width=\u00bbstretch_row_content_no_spaces\u00bb use_row_as_full_screen_section=\u00bbno\u00bb type=\u00bbfull_width\u00bb][vc_column css=\u00bb.vc_custom_1707304855012{background-position: center !important;background-repeat: no-repeat !important;background-size: cover !important;}\u00bb][vc_single_image image=\u00bb10931&#8243; img_size=\u00bbfull\u00bb][\/vc_column][\/vc_row][vc_row ct_row_stretch=\u00bb\u00bb bg_type=\u00bbbg_color\u00bb source=\u00bb\u00bb main_heading=\u00bb- ALCALD\u00cdA -\u00bb heading_tag=\u00bbh2&#8243; main_heading_color=\u00bb#000000&#8243; sub_heading_color=\u00bb\u00bb alignment=\u00bbcenter\u00bb spacer=\u00bbno_spacer\u00bb spacer_position=\u00bbtop\u00bb spacer_img_width=\u00bb48&#8243; line_style=\u00bbsolid\u00bb line_height=\u00bb1&#8243; &#8230;<\/p>\n","protected":false},"author":1,"featured_media":0,"parent":0,"menu_order":0,"comment_status":"closed","ping_status":"closed","template":"","meta":{"footnotes":""},"class_list":["post-11034","page","type-page","status-publish","hentry"],"_links":{"self":[{"href":"https:\/\/concellodesober.com\/es\/wp-json\/wp\/v2\/pages\/11034","targetHints":{"allow":["GET"]}}],"collection":[{"href":"https:\/\/concellodesober.com\/es\/wp-json\/wp\/v2\/pages"}],"about":[{"href":"https:\/\/concellodesober.com\/es\/wp-json\/wp\/v2\/types\/page"}],"author":[{"embeddable":true,"href":"https:\/\/concellodesober.com\/es\/wp-json\/wp\/v2\/users\/1"}],"replies":[{"embeddable":true,"href":"https:\/\/concellodesober.com\/es\/wp-json\/wp\/v2\/comments?post=11034"}],"version-history":[{"count":5,"href":"https:\/\/concellodesober.com\/es\/wp-json\/wp\/v2\/pages\/11034\/revisions"}],"predecessor-version":[{"id":15131,"href":"https:\/\/concellodesober.com\/es\/wp-json\/wp\/v2\/pages\/11034\/revisions\/15131"}],"wp:attachment":[{"href":"https:\/\/concellodesober.com\/es\/wp-json\/wp\/v2\/media?parent=11034"}],"curies":[{"name":"wp","href":"https:\/\/api.w.org\/{rel}","templated":true}]}}