{"id":11038,"date":"2024-07-22T14:48:25","date_gmt":"2024-07-22T12:48:25","guid":{"rendered":"https:\/\/www.concellodesober.com\/?page_id=11038"},"modified":"2025-10-21T10:37:11","modified_gmt":"2025-10-21T08:37:11","slug":"festa-dos-muinos-de-xabrega","status":"publish","type":"page","link":"https:\/\/concellodesober.com\/es\/festa-dos-muinos-de-xabrega\/","title":{"rendered":"Festa dos mu\u00ed\u00f1os de xabrega"},"content":{"rendered":"[vc_row ct_row_stretch=\u00bbstretch_row_content_no_spaces\u00bb parallax_content=\u00bbparallax_content_value\u00bb full_width=\u00bbstretch_row_content_no_spaces\u00bb use_row_as_full_screen_section=\u00bbno\u00bb type=\u00bbfull_width\u00bb][vc_column css=\u00bb.vc_custom_1707304855012{background-position: center !important;background-repeat: no-repeat !important;background-size: cover !important;}\u00bb][vc_single_image image=\u00bb10938&#8243; img_size=\u00bbfull\u00bb][\/vc_column][\/vc_row][vc_row ct_row_stretch=\u00bb\u00bb bg_type=\u00bbbg_color\u00bb source=\u00bb\u00bb main_heading=\u00bb- ALCALD\u00cdA -\u00bb heading_tag=\u00bbh2&#8243; main_heading_color=\u00bb#000000&#8243; sub_heading_color=\u00bb\u00bb alignment=\u00bbcenter\u00bb spacer=\u00bbno_spacer\u00bb spacer_position=\u00bbtop\u00bb spacer_img_width=\u00bb48&#8243; line_style=\u00bbsolid\u00bb line_height=\u00bb1&#8243; line_color=\u00bb#333333&#8243; line_icon_fixer=\u00bb10&#8243; main_heading_font_size=\u00bbdesktop:40px;tablet:40px;tablet_portrait:30px;mobile_landscape:30px;mobile:20px;\u00bb main_heading_margin=\u00bbmargin-top:80px;margin-bottom:80px;\u00bb margin_design_tab_text=\u00bb\u00bb main_heading_typograpy=\u00bb\u00bb main_heading_font_family=\u00bb\u00bb main_heading_style=\u00bb\u00bb main_heading_line_height=\u00bb\u00bb sub_heading_typograpy=\u00bb\u00bb sub_heading_font_family=\u00bb\u00bb sub_heading_style=\u00bb\u00bb sub_heading_font_size=\u00bb\u00bb sub_heading_line_height=\u00bb\u00bb sub_heading_margin=\u00bb\u00bb spacer_img=\u00bb\u00bb line_width=\u00bb\u00bb spacer_margin=\u00bb\u00bb bg_color_value=\u00bb#f9f9f9&#8243;][vc_column]<div id=\"ultimate-heading-671569d4705b46d4f\" class=\"uvc-heading ult-adjust-bottom-margin ultimate-heading-671569d4705b46d4f uvc-2844 \" data-hspacer=\"no_spacer\"  data-halign=\"center\" style=\"text-align:center\"><div class=\"uvc-heading-spacer no_spacer\" style=\"top\"><\/div><div class=\"uvc-main-heading ult-responsive\"  data-ultimate-target='.uvc-heading.ultimate-heading-671569d4705b46d4f h2'  data-responsive-json-new='{\"font-size\":\"desktop:40px;tablet:40px;tablet_portrait:30px;mobile_landscape:30px;mobile:20px;\",\"line-height\":\"\"}' ><h2 style=\"font-weight:normal;color:#000000;margin-top:80px;margin-bottom:80px;\">- FIESTA DE LOS MOLINOS DEL XABREGA -<\/h2><\/div><\/div>[\/vc_column][\/vc_row][vc_row ct_row_stretch=\u00bbstretch_row\u00bb ct_bg_color_overlay=\u00bbrgba(255,255,255,0.4)\u00bb full_width=\u00bbstretch_row\u00bb use_row_as_full_screen_section=\u00bbno\u00bb type=\u00bbgrid\u00bb][vc_column]<div class=\"ult-spacer spacer-69d4705b46da0\" data-id=\"69d4705b46da0\" data-height=\"30\" data-height-mobile=\"20\" data-height-tab=\"20\" data-height-tab-portrait=\"20\" data-height-mobile-landscape=\"20\" style=\"clear:both;display:block;\"><\/div>[\/vc_column][\/vc_row][vc_row ct_row_stretch=\u00bb\u00bb][vc_column width=\u00bb1\/4&#8243; css=\u00bb.vc_custom_1707378235381{background-color: #f0f0f0 !important;}\u00bb][vc_wp_custommenu nav_menu=\u00bb80&#8243;][\/vc_column][vc_column width=\u00bb3\/4&#8243;][vc_row_inner][vc_column_inner][vc_column_text]Los Molinos del Xabrega se compon\u00edan de 28 molinos y dos batanes que mov\u00edan las aguas del arroyo que lleva su nombre. Con la llegada de m\u00e9todos m\u00e1s modernos, estas construcciones se fueron abandonando llegando a un estado casi de ruinas ocultas por la maleza.<\/p>\n<p>Entre los a\u00f1os 2005 y 2010 se fueron restaurando parcialmente por el taller de empleo del ayuntamiento en un tramo de casi tres kil\u00f3metros desde la aldea de A Boca hasta Chanc\u00eds.<\/p>\n<p>Fue en el a\u00f1o 2010, en una reuni\u00f3n entre el gobierno local, vecinos y asociaciones, en la cual se estaban analizando las necesidades de la zona, cuando surgi\u00f3 la idea de hacer una fiesta en este tramo para visibilizar e incluso potenciar el valor etnogr\u00e1fico de la zona y su recuperaci\u00f3n.<\/p>\n<p>Surge as\u00ed la Fiesta de los Molinos, que no deja de ser una celebraci\u00f3n. t\u00edpicamente gallega en la que los vecinos, familias o grupos de amigos van a disfrutar de un d\u00eda de campo, llevando la comida de las casas, y se comparte la jornada.<\/p>\n<p>Como toda celebraci\u00f3n la m\u00fasica est\u00e1 presente ya sea por la participaci\u00f3n de grupos musicales for\u00e1neos o de los propios vecinos entre los que contamos con numerosos m\u00fasicos.<\/p>\n<p>Nace as\u00ed la fiesta de los Molinos de Xabrega, puede que una de las m\u00e1s castizas de la zona, fiesta que conserva las caracter\u00edsticas de las fiestas que antiguamente se hac\u00edan en cualquier aldea gallega.<\/p>\n<p>Destacar que a mayores de los vecinos, todo el que se acerque encontrar\u00e1 un rinc\u00f3n para disfrutar de dos d\u00edas de campo el <strong>primer fin de semana de julio.<\/strong>[\/vc_column_text][\/vc_column_inner][\/vc_row_inner]<div class=\"ult-spacer spacer-69d4705b46dce\" data-id=\"69d4705b46dce\" data-height=\"50\" data-height-mobile=\"30\" data-height-tab=\"40\" data-height-tab-portrait=\"40\" data-height-mobile-landscape=\"30\" style=\"clear:both;display:block;\"><\/div>[vc_images_carousel images=\u00bb10876,10877,10939,10940,10941&#8243; img_size=\u00bbfull\u00bb slides_per_view=\u00bb2&#8243; hide_pagination_control=\u00bbyes\u00bb]<div class=\"ult-spacer spacer-69d4705b46df8\" data-id=\"69d4705b46df8\" data-height=\"50\" data-height-mobile=\"30\" data-height-tab=\"40\" data-height-tab-portrait=\"40\" data-height-mobile-landscape=\"30\" style=\"clear:both;display:block;\"><\/div>[vc_single_image image=\u00bb10712&#8243; img_size=\u00bbfull\u00bb][\/vc_column][\/vc_row][vc_row ct_row_stretch=\u00bbstretch_row\u00bb ct_bg_color_overlay=\u00bbrgba(255,255,255,0.4)\u00bb full_width=\u00bbstretch_row\u00bb use_row_as_full_screen_section=\u00bbno\u00bb type=\u00bbgrid\u00bb][vc_column]<div class=\"ult-spacer spacer-69d4705b46e1e\" data-id=\"69d4705b46e1e\" data-height=\"50\" data-height-mobile=\"20\" data-height-tab=\"40\" data-height-tab-portrait=\"40\" data-height-mobile-landscape=\"20\" style=\"clear:both;display:block;\"><\/div>[\/vc_column][\/vc_row]\n","protected":false},"excerpt":{"rendered":"<p>[vc_row ct_row_stretch=\u00bbstretch_row_content_no_spaces\u00bb parallax_content=\u00bbparallax_content_value\u00bb full_width=\u00bbstretch_row_content_no_spaces\u00bb use_row_as_full_screen_section=\u00bbno\u00bb type=\u00bbfull_width\u00bb][vc_column css=\u00bb.vc_custom_1707304855012{background-position: center !important;background-repeat: no-repeat !important;background-size: cover !important;}\u00bb][vc_single_image image=\u00bb10938&#8243; img_size=\u00bbfull\u00bb][\/vc_column][\/vc_row][vc_row ct_row_stretch=\u00bb\u00bb bg_type=\u00bbbg_color\u00bb source=\u00bb\u00bb main_heading=\u00bb- ALCALD\u00cdA -\u00bb heading_tag=\u00bbh2&#8243; main_heading_color=\u00bb#000000&#8243; sub_heading_color=\u00bb\u00bb alignment=\u00bbcenter\u00bb spacer=\u00bbno_spacer\u00bb spacer_position=\u00bbtop\u00bb spacer_img_width=\u00bb48&#8243; line_style=\u00bbsolid\u00bb line_height=\u00bb1&#8243; &#8230;<\/p>\n","protected":false},"author":1,"featured_media":0,"parent":0,"menu_order":0,"comment_status":"closed","ping_status":"closed","template":"","meta":{"footnotes":""},"class_list":["post-11038","page","type-page","status-publish","hentry"],"_links":{"self":[{"href":"https:\/\/concellodesober.com\/es\/wp-json\/wp\/v2\/pages\/11038","targetHints":{"allow":["GET"]}}],"collection":[{"href":"https:\/\/concellodesober.com\/es\/wp-json\/wp\/v2\/pages"}],"about":[{"href":"https:\/\/concellodesober.com\/es\/wp-json\/wp\/v2\/types\/page"}],"author":[{"embeddable":true,"href":"https:\/\/concellodesober.com\/es\/wp-json\/wp\/v2\/users\/1"}],"replies":[{"embeddable":true,"href":"https:\/\/concellodesober.com\/es\/wp-json\/wp\/v2\/comments?post=11038"}],"version-history":[{"count":4,"href":"https:\/\/concellodesober.com\/es\/wp-json\/wp\/v2\/pages\/11038\/revisions"}],"predecessor-version":[{"id":15132,"href":"https:\/\/concellodesober.com\/es\/wp-json\/wp\/v2\/pages\/11038\/revisions\/15132"}],"wp:attachment":[{"href":"https:\/\/concellodesober.com\/es\/wp-json\/wp\/v2\/media?parent=11038"}],"curies":[{"name":"wp","href":"https:\/\/api.w.org\/{rel}","templated":true}]}}