{"id":11047,"date":"2024-02-07T09:12:12","date_gmt":"2024-02-07T08:12:12","guid":{"rendered":"https:\/\/www.concellodesober.com\/?page_id=11047"},"modified":"2024-10-09T10:17:35","modified_gmt":"2024-10-09T08:17:35","slug":"festas-parroquiais","status":"publish","type":"page","link":"https:\/\/concellodesober.com\/es\/festas-parroquiais\/","title":{"rendered":"Festas Parroqu\u00edais"},"content":{"rendered":"[vc_row ct_row_stretch=\u00bbstretch_row_content_no_spaces\u00bb parallax_content=\u00bbparallax_content_value\u00bb full_width=\u00bbstretch_row_content_no_spaces\u00bb use_row_as_full_screen_section=\u00bbno\u00bb type=\u00bbfull_width\u00bb][vc_column][vc_single_image image=\u00bb10893&#8243; img_size=\u00bbfull\u00bb alignment=\u00bbcenter\u00bb][\/vc_column][\/vc_row][vc_row ct_row_stretch=\u00bb\u00bb bg_type=\u00bbbg_color\u00bb source=\u00bb\u00bb main_heading=\u00bb- ALCALD\u00cdA -\u00bb heading_tag=\u00bbh2&#8243; main_heading_color=\u00bb#000000&#8243; sub_heading_color=\u00bb\u00bb alignment=\u00bbcenter\u00bb spacer=\u00bbno_spacer\u00bb spacer_position=\u00bbtop\u00bb spacer_img_width=\u00bb48&#8243; line_style=\u00bbsolid\u00bb line_height=\u00bb1&#8243; line_color=\u00bb#333333&#8243; line_icon_fixer=\u00bb10&#8243; main_heading_font_size=\u00bbdesktop:40px;tablet:40px;tablet_portrait:30px;mobile_landscape:30px;mobile:20px;\u00bb main_heading_margin=\u00bbmargin-top:80px;margin-bottom:80px;\u00bb margin_design_tab_text=\u00bb\u00bb main_heading_typograpy=\u00bb\u00bb main_heading_font_family=\u00bb\u00bb main_heading_style=\u00bb\u00bb main_heading_line_height=\u00bb\u00bb sub_heading_typograpy=\u00bb\u00bb sub_heading_font_family=\u00bb\u00bb sub_heading_style=\u00bb\u00bb sub_heading_font_size=\u00bb\u00bb sub_heading_line_height=\u00bb\u00bb sub_heading_margin=\u00bb\u00bb spacer_img=\u00bb\u00bb line_width=\u00bb\u00bb spacer_margin=\u00bb\u00bb bg_color_value=\u00bb#f9f9f9&#8243;][vc_column]<div id=\"ultimate-heading-788769d47048d2322\" class=\"uvc-heading ult-adjust-bottom-margin ultimate-heading-788769d47048d2322 uvc-9090 \" data-hspacer=\"no_spacer\"  data-halign=\"center\" style=\"text-align:center\"><div class=\"uvc-heading-spacer no_spacer\" style=\"top\"><\/div><div class=\"uvc-main-heading ult-responsive\"  data-ultimate-target='.uvc-heading.ultimate-heading-788769d47048d2322 h2'  data-responsive-json-new='{\"font-size\":\"desktop:40px;tablet:40px;tablet_portrait:30px;mobile_landscape:30px;mobile:20px;\",\"line-height\":\"\"}' ><h2 style=\"font-weight:normal;color:#000000;margin-top:80px;margin-bottom:80px;\">- FIESTAS PARROQUIALES -<\/h2><\/div><\/div>[\/vc_column][\/vc_row][vc_row ct_row_stretch=\u00bbstretch_row\u00bb ct_bg_color_overlay=\u00bbrgba(255,255,255,0.4)\u00bb full_width=\u00bbstretch_row\u00bb use_row_as_full_screen_section=\u00bbno\u00bb type=\u00bbgrid\u00bb][vc_column]<div class=\"ult-spacer spacer-69d47048d2386\" data-id=\"69d47048d2386\" data-height=\"30\" data-height-mobile=\"20\" data-height-tab=\"20\" data-height-tab-portrait=\"20\" data-height-mobile-landscape=\"20\" style=\"clear:both;display:block;\"><\/div>[\/vc_column][\/vc_row][vc_row ct_row_stretch=\u00bb\u00bb][vc_column width=\u00bb1\/4&#8243; css=\u00bb.vc_custom_1707378394313{background-color: #f0f0f0 !important;}\u00bb][vc_wp_custommenu nav_menu=\u00bb80&#8243;][\/vc_column][vc_column width=\u00bb3\/4&#8243;][vc_row_inner][vc_column_inner][vc_column_text]\n<div class=\"table-responsive\">\n<table class=\"table\">\n<tbody>\n<tr>\n<td>PARROQUIA<\/td>\n<td>FESTAS<\/td>\n<td>DATAS<\/td>\n<\/tr>\n<tr>\n<td>AMANDI (Santa Mar\u00eda)<\/td>\n<td>Festas na Honra da Nosa Se\u00f1ora do Rosario<\/td>\n<td>1\u00ba fin de semana de Outubro<\/td>\n<\/tr>\n<tr>\n<td>ANLLO (San Marti\u00f1o)<\/td>\n<td>Romer\u00eda das Penas en Arxemil<\/td>\n<td>\u00daltimo fin de semana de Agosto<\/td>\n<\/tr>\n<tr>\n<td>ANLLO (Santo Estevo)<\/td>\n<td>Festa na Honra de Santa Isabel en A Barca<\/td>\n<td>1\u00ba fin de semana de Xullo<\/td>\n<\/tr>\n<tr>\n<td>ANLLO (Santo Estevo)<\/td>\n<td>Festa na Honra de San Antonio<\/td>\n<td>2\u00ba ou 3\u00ba fin de semana de Xu\u00f1o<\/td>\n<\/tr>\n<tr>\n<td>ARROXO (San Marti\u00f1o)<\/td>\n<td>Festas do Carme de Sober<\/td>\n<td>3\u00ba fin de semana de Setembro<\/td>\n<\/tr>\n<tr>\n<td>BARANTES (San Xoan)<\/td>\n<td>Festa na honra de San Xo\u00e1n<\/td>\n<td>Fin de semana m\u00e1is pr\u00f3ximo \u00f3 d\u00eda de San Xo\u00e1n<\/td>\n<\/tr>\n<tr>\n<td>BOLMENTE (Sta.Mar\u00eda)<\/td>\n<td>Festa na Honra de San Antonio de Bolmente<\/td>\n<td>2\u00ba ou 3\u00ba fin de semana de Xu\u00f1o<\/td>\n<\/tr>\n<tr>\n<td>BROSMOS (Sta.Cruz)<\/td>\n<td>Festa de Santa Cruz de Brosmos<\/td>\n<td>1\u00ba fin de semana de Setembro<\/td>\n<\/tr>\n<tr>\n<td>BULSO (San Pedro)<\/td>\n<td>festa na Honra de Corpus Christi de Bulso<\/td>\n<td>Fin de semana m\u00e1is pr\u00f3ximo \u00f3 d\u00eda de Corpus (finais de Maio)<\/td>\n<\/tr>\n<tr>\n<td>CANAVAL (San Pedro)<\/td>\n<td>Festa na Honra de San Pedro de Canaval<\/td>\n<td>Fin de semana m\u00e1is pr\u00f3ximo \u00f3 29 de Xu\u00f1o<\/td>\n<\/tr>\n<tr>\n<td>CANAVAL (San Pedro)<\/td>\n<td>Festas na Honra da Nosa Se\u00f1ora do Rosario<\/td>\n<td>2\u00ba fin de semana de Outubro<\/td>\n<\/tr>\n<tr>\n<td>DOADE (San Marti\u00f1o)<\/td>\n<td>Comida &#8211; Xuntanza de San Marti\u00f1o de Doade<\/td>\n<td>11 de nocvembro<\/td>\n<\/tr>\n<tr>\n<td>DOADE (Vilach\u00e1)<\/td>\n<td>Festa na Honra de San Antonio<\/td>\n<td>13 de xu\u00f1o<\/td>\n<\/tr>\n<tr>\n<td>FIGUEIRO\u00c1 (San Salvador)<\/td>\n<td>Festa da Pascua<\/td>\n<td>S\u00e1bado e Domingo de Pascua<\/td>\n<\/tr>\n<tr>\n<td>GUNDIV\u00d3S (Santiago)<\/td>\n<td>Festa na Honra de Santiago Ap\u00f3stol e Santa Ana<\/td>\n<td>24 e 25 e 26de Xullo<\/td>\n<\/tr>\n<tr>\n<td>LOBIOS (San Xillao)<\/td>\n<td>Festa na Honra da Virxe dos Anxos<\/td>\n<td>2\u00ba fin de semana de Agosto<\/td>\n<\/tr>\n<tr>\n<td>MILL\u00c1N (San Nicolao)<\/td>\n<td>Festa na Honra da Inmaculada Concepci\u00f3n<\/td>\n<td>7 e 8 Decembro<\/td>\n<\/tr>\n<tr>\n<td>NEIRAS (San Salvador)<\/td>\n<td>Festa na Hora de San Salvador<\/td>\n<td>1\u00ba fin de semana de Agosto<\/td>\n<\/tr>\n<tr>\n<td>PINOL (San Vicente)<\/td>\n<td>Romar\u00eda de Cadeiras<\/td>\n<td>7, 8 e 9 de Setembro<\/td>\n<\/tr>\n<tr>\n<td>PROENDOS (Sta. Mar\u00eda)<\/td>\n<td>Festa na Honra de San Amaro<\/td>\n<td>2\u00ba fin de semana de Xaneiro<\/td>\n<\/tr>\n<tr>\n<td>REFOXO (San Estevo) en Telleiros<\/td>\n<td>Festas na Honra da Nosa Se\u00f1ora do Rosario telleiros<\/td>\n<td>Ocasionalmente o 3\u00ba fin de semana de Outubro<\/td>\n<\/tr>\n<tr>\n<td>ROSENDE (San Miguel)<\/td>\n<td>Festa na Honra de San Miguel<\/td>\n<td>Fin de semana m\u00e1is pr\u00f3ximo \u00f3 29 de Setembro<\/td>\n<\/tr>\n<tr>\n<td>SANTIORXO (San Xurxo)<\/td>\n<td>Festa na Honra de San Blas<\/td>\n<td>Fin de semana m\u00e1is pr\u00f3ximo \u00f3 3 de Febreiro<\/td>\n<\/tr>\n<tr>\n<td>VILAOSCURA (Sta. Mar\u00eda)<\/td>\n<td>Festa na Honra de Santa Mar\u00eda de Vilaescura<\/td>\n<td>1\u00ba fin de semana de Setembro<\/td>\n<\/tr>\n<\/tbody>\n<\/table>\n<\/div>\n[\/vc_column_text][\/vc_column_inner][\/vc_row_inner]<div class=\"ult-spacer spacer-69d47048d23b7\" data-id=\"69d47048d23b7\" data-height=\"50\" data-height-mobile=\"30\" data-height-tab=\"40\" data-height-tab-portrait=\"40\" data-height-mobile-landscape=\"30\" style=\"clear:both;display:block;\"><\/div><div class=\"ult-spacer spacer-69d47048d23e1\" data-id=\"69d47048d23e1\" data-height=\"50\" data-height-mobile=\"30\" data-height-tab=\"40\" data-height-tab-portrait=\"40\" data-height-mobile-landscape=\"30\" style=\"clear:both;display:block;\"><\/div>[vc_single_image image=\u00bb10712&#8243; img_size=\u00bbfull\u00bb][\/vc_column][\/vc_row][vc_row ct_row_stretch=\u00bbstretch_row\u00bb ct_bg_color_overlay=\u00bbrgba(255,255,255,0.4)\u00bb full_width=\u00bbstretch_row\u00bb use_row_as_full_screen_section=\u00bbno\u00bb type=\u00bbgrid\u00bb][vc_column]<div class=\"ult-spacer spacer-69d47048d2409\" data-id=\"69d47048d2409\" data-height=\"50\" data-height-mobile=\"20\" data-height-tab=\"40\" data-height-tab-portrait=\"40\" data-height-mobile-landscape=\"20\" style=\"clear:both;display:block;\"><\/div>[\/vc_column][\/vc_row]\n","protected":false},"excerpt":{"rendered":"<p>[vc_row ct_row_stretch=\u00bbstretch_row_content_no_spaces\u00bb parallax_content=\u00bbparallax_content_value\u00bb full_width=\u00bbstretch_row_content_no_spaces\u00bb use_row_as_full_screen_section=\u00bbno\u00bb type=\u00bbfull_width\u00bb][vc_column][vc_single_image image=\u00bb10893&#8243; img_size=\u00bbfull\u00bb alignment=\u00bbcenter\u00bb][\/vc_column][\/vc_row][vc_row ct_row_stretch=\u00bb\u00bb bg_type=\u00bbbg_color\u00bb source=\u00bb\u00bb main_heading=\u00bb- ALCALD\u00cdA -\u00bb heading_tag=\u00bbh2&#8243; main_heading_color=\u00bb#000000&#8243; sub_heading_color=\u00bb\u00bb alignment=\u00bbcenter\u00bb spacer=\u00bbno_spacer\u00bb spacer_position=\u00bbtop\u00bb spacer_img_width=\u00bb48&#8243; line_style=\u00bbsolid\u00bb line_height=\u00bb1&#8243; line_color=\u00bb#333333&#8243; line_icon_fixer=\u00bb10&#8243; main_heading_font_size=\u00bbdesktop:40px;tablet:40px;tablet_portrait:30px;mobile_landscape:30px;mobile:20px;\u00bb main_heading_margin=\u00bbmargin-top:80px;margin-bottom:80px;\u00bb margin_design_tab_text=\u00bb\u00bb main_heading_typograpy=\u00bb\u00bb &#8230;<\/p>\n","protected":false},"author":1,"featured_media":0,"parent":0,"menu_order":0,"comment_status":"closed","ping_status":"closed","template":"","meta":{"footnotes":""},"class_list":["post-11047","page","type-page","status-publish","hentry"],"_links":{"self":[{"href":"https:\/\/concellodesober.com\/es\/wp-json\/wp\/v2\/pages\/11047","targetHints":{"allow":["GET"]}}],"collection":[{"href":"https:\/\/concellodesober.com\/es\/wp-json\/wp\/v2\/pages"}],"about":[{"href":"https:\/\/concellodesober.com\/es\/wp-json\/wp\/v2\/types\/page"}],"author":[{"embeddable":true,"href":"https:\/\/concellodesober.com\/es\/wp-json\/wp\/v2\/users\/1"}],"replies":[{"embeddable":true,"href":"https:\/\/concellodesober.com\/es\/wp-json\/wp\/v2\/comments?post=11047"}],"version-history":[{"count":2,"href":"https:\/\/concellodesober.com\/es\/wp-json\/wp\/v2\/pages\/11047\/revisions"}],"predecessor-version":[{"id":11049,"href":"https:\/\/concellodesober.com\/es\/wp-json\/wp\/v2\/pages\/11047\/revisions\/11049"}],"wp:attachment":[{"href":"https:\/\/concellodesober.com\/es\/wp-json\/wp\/v2\/media?parent=11047"}],"curies":[{"name":"wp","href":"https:\/\/api.w.org\/{rel}","templated":true}]}}