{"id":11050,"date":"2024-07-23T09:24:10","date_gmt":"2024-07-23T07:24:10","guid":{"rendered":"https:\/\/www.concellodesober.com\/?page_id=11050"},"modified":"2025-10-14T10:59:36","modified_gmt":"2025-10-14T08:59:36","slug":"baile-a-luz-da-lua","status":"publish","type":"page","link":"https:\/\/concellodesober.com\/es\/baile-a-luz-da-lua\/","title":{"rendered":"Baile \u00e1 Luz da L\u00faa"},"content":{"rendered":"[vc_row ct_row_stretch=\u00bbstretch_row_content_no_spaces\u00bb parallax_content=\u00bbparallax_content_value\u00bb full_width=\u00bbstretch_row_content_no_spaces\u00bb use_row_as_full_screen_section=\u00bbno\u00bb type=\u00bbfull_width\u00bb][vc_column css=\u00bb.vc_custom_1707304855012{background-position: center !important;background-repeat: no-repeat !important;background-size: cover !important;}\u00bb][vc_single_image image=\u00bb10946&#8243; img_size=\u00bbfull\u00bb][\/vc_column][\/vc_row][vc_row ct_row_stretch=\u00bb\u00bb bg_type=\u00bbbg_color\u00bb source=\u00bb\u00bb main_heading=\u00bb- ALCALD\u00cdA -\u00bb heading_tag=\u00bbh2&#8243; main_heading_color=\u00bb#000000&#8243; sub_heading_color=\u00bb\u00bb alignment=\u00bbcenter\u00bb spacer=\u00bbno_spacer\u00bb spacer_position=\u00bbtop\u00bb spacer_img_width=\u00bb48&#8243; line_style=\u00bbsolid\u00bb line_height=\u00bb1&#8243; line_color=\u00bb#333333&#8243; line_icon_fixer=\u00bb10&#8243; main_heading_font_size=\u00bbdesktop:40px;tablet:40px;tablet_portrait:30px;mobile_landscape:30px;mobile:20px;\u00bb main_heading_margin=\u00bbmargin-top:80px;margin-bottom:80px;\u00bb margin_design_tab_text=\u00bb\u00bb main_heading_typograpy=\u00bb\u00bb main_heading_font_family=\u00bb\u00bb main_heading_style=\u00bb\u00bb main_heading_line_height=\u00bb\u00bb sub_heading_typograpy=\u00bb\u00bb sub_heading_font_family=\u00bb\u00bb sub_heading_style=\u00bb\u00bb sub_heading_font_size=\u00bb\u00bb sub_heading_line_height=\u00bb\u00bb sub_heading_margin=\u00bb\u00bb spacer_img=\u00bb\u00bb line_width=\u00bb\u00bb spacer_margin=\u00bb\u00bb bg_color_value=\u00bb#f9f9f9&#8243;][vc_column]<div id=\"ultimate-heading-869069d4705cc28ae\" class=\"uvc-heading ult-adjust-bottom-margin ultimate-heading-869069d4705cc28ae uvc-37 \" data-hspacer=\"no_spacer\"  data-halign=\"center\" style=\"text-align:center\"><div class=\"uvc-heading-spacer no_spacer\" style=\"top\"><\/div><div class=\"uvc-main-heading ult-responsive\"  data-ultimate-target='.uvc-heading.ultimate-heading-869069d4705cc28ae h2'  data-responsive-json-new='{\"font-size\":\"desktop:40px;tablet:40px;tablet_portrait:30px;mobile_landscape:30px;mobile:20px;\",\"line-height\":\"\"}' ><h2 style=\"font-weight:normal;color:#000000;margin-top:80px;margin-bottom:80px;\">- BAILE A LA LUZ DE LA LUNA -<\/h2><\/div><\/div>[\/vc_column][\/vc_row][vc_row ct_row_stretch=\u00bbstretch_row\u00bb ct_bg_color_overlay=\u00bbrgba(255,255,255,0.4)\u00bb full_width=\u00bbstretch_row\u00bb use_row_as_full_screen_section=\u00bbno\u00bb type=\u00bbgrid\u00bb][vc_column]<div class=\"ult-spacer spacer-69d4705cc28fe\" data-id=\"69d4705cc28fe\" data-height=\"30\" data-height-mobile=\"20\" data-height-tab=\"20\" data-height-tab-portrait=\"20\" data-height-mobile-landscape=\"20\" style=\"clear:both;display:block;\"><\/div>[\/vc_column][\/vc_row][vc_row ct_row_stretch=\u00bb\u00bb][vc_column width=\u00bb1\/4&#8243; css=\u00bb.vc_custom_1707378235381{background-color: #f0f0f0 !important;}\u00bb][vc_wp_custommenu nav_menu=\u00bb80&#8243;][\/vc_column][vc_column width=\u00bb3\/4&#8243;][vc_row_inner][vc_column_inner][vc_column_text]Desde aquel primer baile celebrado en el a\u00f1o 2000 este evento celebrado en la capitalidad del municipio, ya se convirti\u00f3 en un acto de despedida del verano.<\/p>\n<p>Amenizado por la Banda de Sober y alg\u00fan que otro espect\u00e1culo de artistas invitados, el verdadero protagonista es el p\u00fablico que se acerca a disfrutar de la m\u00fasica a la luz de la luna.<\/p>\n<p>Son los propios vecinos los que animados por el ritmo que imprimen los m\u00fasicos salen a bailar, pudiendo si lo desean participar en el concurso de baile por parejas.<\/p>\n<p>El <strong>\u00faltimo viernes de agosto<\/strong> es una noche para disfrutar de la m\u00fasica y del baile, en la que participan personas de todas las edades, desde los m\u00e1s peque\u00f1os hasta los m\u00e1s longevos.[\/vc_column_text][\/vc_column_inner][\/vc_row_inner]<div class=\"ult-spacer spacer-69d4705cc292c\" data-id=\"69d4705cc292c\" data-height=\"50\" data-height-mobile=\"30\" data-height-tab=\"40\" data-height-tab-portrait=\"40\" data-height-mobile-landscape=\"30\" style=\"clear:both;display:block;\"><\/div>[vc_images_carousel images=\u00bb10794,10795&#8243; img_size=\u00bbfull\u00bb slides_per_view=\u00bb2&#8243; hide_pagination_control=\u00bbyes\u00bb]<div class=\"ult-spacer spacer-69d4705cc2954\" data-id=\"69d4705cc2954\" data-height=\"50\" data-height-mobile=\"30\" data-height-tab=\"40\" data-height-tab-portrait=\"40\" data-height-mobile-landscape=\"30\" style=\"clear:both;display:block;\"><\/div>[vc_single_image image=\u00bb10712&#8243; img_size=\u00bbfull\u00bb][\/vc_column][\/vc_row][vc_row ct_row_stretch=\u00bbstretch_row\u00bb ct_bg_color_overlay=\u00bbrgba(255,255,255,0.4)\u00bb full_width=\u00bbstretch_row\u00bb use_row_as_full_screen_section=\u00bbno\u00bb type=\u00bbgrid\u00bb][vc_column]<div class=\"ult-spacer spacer-69d4705cc297a\" data-id=\"69d4705cc297a\" data-height=\"50\" data-height-mobile=\"20\" data-height-tab=\"40\" data-height-tab-portrait=\"40\" data-height-mobile-landscape=\"20\" style=\"clear:both;display:block;\"><\/div>[\/vc_column][\/vc_row]\n","protected":false},"excerpt":{"rendered":"<p>[vc_row ct_row_stretch=\u00bbstretch_row_content_no_spaces\u00bb parallax_content=\u00bbparallax_content_value\u00bb full_width=\u00bbstretch_row_content_no_spaces\u00bb use_row_as_full_screen_section=\u00bbno\u00bb type=\u00bbfull_width\u00bb][vc_column css=\u00bb.vc_custom_1707304855012{background-position: center !important;background-repeat: no-repeat !important;background-size: cover !important;}\u00bb][vc_single_image image=\u00bb10946&#8243; img_size=\u00bbfull\u00bb][\/vc_column][\/vc_row][vc_row ct_row_stretch=\u00bb\u00bb bg_type=\u00bbbg_color\u00bb source=\u00bb\u00bb main_heading=\u00bb- ALCALD\u00cdA -\u00bb heading_tag=\u00bbh2&#8243; main_heading_color=\u00bb#000000&#8243; sub_heading_color=\u00bb\u00bb alignment=\u00bbcenter\u00bb spacer=\u00bbno_spacer\u00bb spacer_position=\u00bbtop\u00bb spacer_img_width=\u00bb48&#8243; line_style=\u00bbsolid\u00bb line_height=\u00bb1&#8243; &#8230;<\/p>\n","protected":false},"author":1,"featured_media":0,"parent":0,"menu_order":0,"comment_status":"closed","ping_status":"closed","template":"","meta":{"footnotes":""},"class_list":["post-11050","page","type-page","status-publish","hentry"],"_links":{"self":[{"href":"https:\/\/concellodesober.com\/es\/wp-json\/wp\/v2\/pages\/11050","targetHints":{"allow":["GET"]}}],"collection":[{"href":"https:\/\/concellodesober.com\/es\/wp-json\/wp\/v2\/pages"}],"about":[{"href":"https:\/\/concellodesober.com\/es\/wp-json\/wp\/v2\/types\/page"}],"author":[{"embeddable":true,"href":"https:\/\/concellodesober.com\/es\/wp-json\/wp\/v2\/users\/1"}],"replies":[{"embeddable":true,"href":"https:\/\/concellodesober.com\/es\/wp-json\/wp\/v2\/comments?post=11050"}],"version-history":[{"count":3,"href":"https:\/\/concellodesober.com\/es\/wp-json\/wp\/v2\/pages\/11050\/revisions"}],"predecessor-version":[{"id":15020,"href":"https:\/\/concellodesober.com\/es\/wp-json\/wp\/v2\/pages\/11050\/revisions\/15020"}],"wp:attachment":[{"href":"https:\/\/concellodesober.com\/es\/wp-json\/wp\/v2\/media?parent=11050"}],"curies":[{"name":"wp","href":"https:\/\/api.w.org\/{rel}","templated":true}]}}