{"id":11053,"date":"2024-04-22T12:32:52","date_gmt":"2024-04-22T10:32:52","guid":{"rendered":"https:\/\/www.concellodesober.com\/?page_id=11053"},"modified":"2024-10-09T10:18:43","modified_gmt":"2024-10-09T08:18:43","slug":"musica","status":"publish","type":"page","link":"https:\/\/concellodesober.com\/es\/musica\/","title":{"rendered":"M\u00fasica"},"content":{"rendered":"[vc_row ct_row_stretch=\u00bbstretch_row_content_no_spaces\u00bb full_width=\u00bbstretch_row_content_no_spaces\u00bb use_row_as_full_screen_section=\u00bbno\u00bb type=\u00bbfull_width\u00bb][vc_column][vc_single_image image=\u00bb10884&#8243; img_size=\u00bbfull\u00bb][\/vc_column][\/vc_row][vc_row ct_row_stretch=\u00bb\u00bb bg_type=\u00bbbg_color\u00bb source=\u00bb\u00bb main_heading=\u00bb- ALCALD\u00cdA -\u00bb heading_tag=\u00bbh2&#8243; main_heading_color=\u00bb#000000&#8243; sub_heading_color=\u00bb\u00bb alignment=\u00bbcenter\u00bb spacer=\u00bbno_spacer\u00bb spacer_position=\u00bbtop\u00bb spacer_img_width=\u00bb48&#8243; line_style=\u00bbsolid\u00bb line_height=\u00bb1&#8243; line_color=\u00bb#333333&#8243; line_icon_fixer=\u00bb10&#8243; main_heading_font_size=\u00bbdesktop:40px;tablet:40px;tablet_portrait:30px;mobile_landscape:30px;mobile:20px;\u00bb main_heading_margin=\u00bbmargin-top:80px;margin-bottom:80px;\u00bb margin_design_tab_text=\u00bb\u00bb main_heading_typograpy=\u00bb\u00bb main_heading_font_family=\u00bb\u00bb main_heading_style=\u00bb\u00bb main_heading_line_height=\u00bb\u00bb sub_heading_typograpy=\u00bb\u00bb sub_heading_font_family=\u00bb\u00bb sub_heading_style=\u00bb\u00bb sub_heading_font_size=\u00bb\u00bb sub_heading_line_height=\u00bb\u00bb sub_heading_margin=\u00bb\u00bb spacer_img=\u00bb\u00bb line_width=\u00bb\u00bb spacer_margin=\u00bb\u00bb bg_color_value=\u00bb#f9f9f9&#8243;][vc_column]<div id=\"ultimate-heading-709969d4a147abae3\" class=\"uvc-heading ult-adjust-bottom-margin ultimate-heading-709969d4a147abae3 uvc-2480 \" data-hspacer=\"no_spacer\"  data-halign=\"center\" style=\"text-align:center\"><div class=\"uvc-heading-spacer no_spacer\" style=\"top\"><\/div><div class=\"uvc-main-heading ult-responsive\"  data-ultimate-target='.uvc-heading.ultimate-heading-709969d4a147abae3 h2'  data-responsive-json-new='{\"font-size\":\"desktop:40px;tablet:40px;tablet_portrait:30px;mobile_landscape:30px;mobile:20px;\",\"line-height\":\"\"}' ><h2 style=\"font-weight:normal;color:#000000;margin-top:80px;margin-bottom:80px;\">- M\u00daSICA -<\/h2><\/div><\/div>[\/vc_column][\/vc_row][vc_row ct_row_stretch=\u00bb\u00bb][vc_column]<div class=\"ult-spacer spacer-69d4a147abb3c\" data-id=\"69d4a147abb3c\" data-height=\"30\" data-height-mobile=\"20\" data-height-tab=\"20\" data-height-tab-portrait=\"20\" data-height-mobile-landscape=\"20\" style=\"clear:both;display:block;\"><\/div>[\/vc_column][\/vc_row][vc_row ct_row_stretch=\u00bb\u00bb][vc_column width=\u00bb1\/4&#8243; css=\u00bb.vc_custom_1707307919031{background-color: #f0f0f0 !important;}\u00bb][vc_wp_custommenu nav_menu=\u00bb85&#8243;][\/vc_column][vc_column width=\u00bb3\/4&#8243;][vc_tta_accordion][vc_tta_section title=\u00bbEscuela municipal de m\u00fasica\u00bb tab_id=\u00bb1713781916250-bea378a6-1eec\u00bb][vc_column_text]La Escuela de M\u00fasica de Sober se funda en el 1975, por iniciativa de Jos\u00e9 Ram\u00f3n L\u00f3pez Cu\u00f1as y Tadeo Guiti\u00e1n, colaborando con ellos Heriberto P\u00e9rez, Dositeo Guit\u00e1n y el sacerdote de Sober Ramiro Ares.<\/p>\n<p>En la primera promoci\u00f3n comenzaron 21 alumnos, y en las fiestas del Carmen de Sober de 1976 debut\u00f3 la primeira promoci\u00f3n de m\u00fasicos con la banda.<\/p>\n<p>Desde esa \u00e9poca se siguieron formando m\u00fasicos todos los a\u00f1os, siendo todos hombres hasta que a mediados de los 80 ingresa la primera mujer en la formaci\u00f3n, Montserrat Sanmartino.<\/p>\n<p>La direcci\u00f3n de la Escuela de M\u00fasica, fue siempre por parte del Director de la Banda, que contaba con m\u00fasicos colaboradores, los cuales eran normalmente los propios componentes de la Banda m\u00e1s destacados.<\/p>\n<p>A mediados de los 90, comenz\u00f3 a contarse con la colaboraci\u00f3n de otros m\u00fasicos externos a la propia Banda, de diversas especialidades instrumentales para impartir clases.<\/p>\n<p>Es el 28\/04\/1997 cando se crea oficialmente la Escuela Municipal de M\u00fasica homologada por la Conseller\u00eda de Educaci\u00f3n, y pasa a depender del Ayuntamiento de Sober, siendo Director de la misma Luis Fern\u00e1ndez Guiti\u00e1n.<\/p>\n<p>Desde principios de los a\u00f1os 2000 coge la direcci\u00f3n de la Escuela de M\u00fasica Laura Rodriguez Gonz\u00e1lez contando actualmente con un equipo de ocho profesores en diferentes especialidades instrumentales:<\/p>\n<ul>\n<li>Percusi\u00f3n.<\/li>\n<li>Saxof\u00f3n.<\/li>\n<li>Clarinete.<\/li>\n<li>Frauta.<\/li>\n<li>Trompeta.<\/li>\n<li>Tromb\u00f3n.<\/li>\n<li>Trompa.<\/li>\n<li>Tuba.<\/li>\n<li>Piano.<\/li>\n<li>Bombardino.<\/li>\n<li>Guitarra.<\/li>\n<li>Acorde\u00f3n.<\/li>\n<\/ul>\n<p>A mayores tambi\u00e9n se imparten clases de M\u00fasica y Movimiento para ni\u00f1os entre tres y seis a\u00f1os, que despu\u00e9s contin\u00faan con preiniciaci\u00f3n al instrumento, y adem\u00e1s clases de Lenguaje Musical, Banda Infantil, Combos Instrumentales, Coro\u2026<\/p>\n<p>Otra de las disciplinas impartidas son Batukada, m\u00fasica para adultos, contando ya con un grupo coral estable, el Coro Berea.<\/p>\n<p>El horario lectivo es polas tardes durante la semana y los s\u00e1bados por la ma\u00f1ana<\/p>\n<p><a href=\"mailto:esmu.municipal.sober@edu.xunta.es\">esmu.municipal.sober@edu.xunta.es<\/a><\/p>\n<p>Tlf: 982.460.513<\/p>\n<p>Fax: 982.460.002[\/vc_column_text]<div class=\"ult-spacer spacer-69d4a147abb70\" data-id=\"69d4a147abb70\" data-height=\"30\" data-height-mobile=\"20\" data-height-tab=\"20\" data-height-tab-portrait=\"20\" data-height-mobile-landscape=\"20\" style=\"clear:both;display:block;\"><\/div>[vc_single_image image=\u00bb10712&#8243; img_size=\u00bbfull\u00bb][vc_images_carousel images=\u00bb10894,10895,10896&#8243; img_size=\u00bbfull\u00bb slides_per_view=\u00bb2&#8243; hide_pagination_control=\u00bbyes\u00bb][\/vc_tta_section][vc_tta_section title=\u00bbBanda municipal de m\u00fasica de Sober\u00bb tab_id=\u00bb1713781916272-7edd86a7-16e7&#8243;][vc_column_text]Dos siglos de tradici\u00f3n musical<\/p>\n<p>La banda de m\u00fasica de Sober, con 130 a\u00f1os, es de las m\u00e1s antig\u00fcas de Galicia.<\/p>\n<p>El municipio de Sober tiene varios s\u00edmbolos muy caracter\u00edsticos que destacan ampliamente sobre las dem\u00e1s marabillas del municipio y que son tambi\u00e9n estandarte del Valle de Lemos y de la provincia de Lugo. El vino de Amandi, el Ca\u00f1\u00f3n del Sil, la cer\u00e1mica de Gundiv\u00f3s y la Banda de M\u00fasica de Sober son quiz\u00e1s los m\u00e1s destacados. Dentro de esta agrupaci\u00f3n musical es popular el dicho \u00abSober, tierra de m\u00fasicos\u00bb.<\/p>\n<p>La historia musical de Sober es sin duda una envidia para cualquier municipio de Galicia, pero teniendo en cuenta que el presente musical desta tierra goza de muy buena sal\u00fad todo parece indicar que el futuro est\u00e1 asegurado y ocupar\u00e1 lugares destacados en la m\u00fasica gallega.<\/p>\n<p>Al hablar de la historia musical de esta \u00abtierra de Amandi\u00bb, debemos fijarnos principalmente a partir de finales del siglo XVIII y principios del XIX, donde, todo parece indicar que en etapas anteriores esta tierra goz\u00f3 ya de m\u00fasicos propios. En la edad media la proliferaci\u00f3n de monasteiros, prioratos, capellan\u00edas y otras entidades religiosas por esta comarca nos indican que la m\u00fasica ocupaba un lugar privilegiado.<\/p>\n<p>A finales del siglo XVIII el municipio de Sober contaba con 10 000 habitantes y el n\u00famero de romer\u00edas o fiestas en los m\u00e1s de 400 n\u00facleos de poblaci\u00f3n con que contaba este t\u00e9rmino municipal, junto con los bailes que se organizaban en los pazos y en las casas grandes, hac\u00eda que los peque\u00f1os grupos musicales -propios de la \u00e9poca\u2013 o los m\u00fasicos solistas -gaiteros, acordeonistas, zanfoneros etc.- existiesen en abundancia en Sober.<\/p>\n<p>El momento m\u00e1s importante de la historia musical de Sober podemos datarlo en el a\u00f1o 1869, al regresar de una banda militar de Pamplona Casimiro P\u00e9rez L\u00f3pez apodado \u00abO Ch\u00e1\u00bb. Este vecino de Canaval junt\u00f3 a varios m\u00fasicos principalmente de Vilaescura, Telleiros, Canaval, Proendos y Sober; empez\u00f3 a ense\u00f1ar solfeo y organiz\u00f3 lo que fue la primera banda de m\u00fasica con un director al frente. Se dice que \u00abO Ch\u00e1\u00bb se fue al ej\u00e9rcito sin conocimientos musicales te\u00f3ricos. Sus condiciones musicales eran tales que de ni\u00f1o ya hac\u00eda instrumentos musicales de viento.<\/p>\n<p>En el ej\u00e9rcito se form\u00f3 musicalmente y lleg\u00f3 a ser un profesional con sueldo propio. Regres\u00f3 a Canaval por miedo a represiones al dejar una mujer embarazada. Al cabo de unos meses aquella mujer apareci\u00f3 en Canaval con la que se casar\u00eda m\u00e1s tarde. De este matrimonio s\u00f3lo naci\u00f3 una hija. Fue en ese momento cuando junt\u00f3 a todos los m\u00fasicos y les ense\u00f1\u00f3 lo que \u00e9l aprendiera. Nace as\u00ed la primera banda de m\u00fasica de Sober.<\/p>\n<p>De esa primera formaci\u00f3n musical destacaron, entre otros, m\u00fasicos como Camilo P\u00e9rez y Andr\u00e9s Rodr\u00edguez, este \u00faltimo emigr\u00f3 a Cuba y all\u00ed lleg\u00f3 a ser director de la Banda Municipal de la Habana. En 1915 regres\u00f3 de Cuba Andr\u00e9s Rodr\u00edguez y forma una banda de ni\u00f1os conocida por la \u00abM\u00fasica Nova\u00bb o \u00abA Banda de Andr\u00e9s\u00bb. Unos a\u00f1os antes \u00abO Ch\u00e1\u00bb fuera substitu\u00eddo por Camilo P\u00e9rez, \u00abO Matela\u00bb, as\u00ed la banda antig\u00fca continuaba existiendo con el nombre de \u00abM\u00fasica Vella\u00bb o la \u00abBanda de Matela\u00bb.<\/p>\n<p>Por esa misma \u00e9poca acababa de formarse en la parroquia de Santa Cruz de Brosmos otra banda de m\u00fasica que se conoc\u00eda como \u00abA Banda do Pomares\u00bb. Esta tercera banda incorpor\u00f3 a Andr\u00e9s Rodr\u00edguez como profesor de m\u00fasica, siendo substitu\u00eddo m\u00e1s tarde por su hermano Amancio Rodr\u00edguez, este a los pocos a\u00f1os dej\u00f3 la suya al frente de su hijo tambi\u00e9n llamado Amancio. A Amancio hijo lo sucede Sergio Rodr\u00edguez -fallecido en enero del 1998-, y que ocup\u00f3 la direcci\u00f3n de esta banda durante muchos a\u00f1os en las \u00e9pocas m\u00e1s dif\u00edciles, ensayando en su propia casa donde al mismo tiempo form\u00f3 a m\u00e1s de un centenar de muchachos. Durante m\u00e1s de tres d\u00e9cadas funcionaron tres bandas de m\u00fasica en Sober.<\/p>\n<p>Antes de la guerra \u00abincivil\u00bb las dos bandas de Sober se \u00fanen formando un grupo de m\u00e1s de 50 elementos, al tiempo que la de Santa Cruz contin\u00faa con su labor. Durante la guerra no hab\u00eda fiestas, pero los m\u00fasicos no llamados a filas se juntaban de vez en cuando para ensayar. Despues de la guerra se reorgan\u00edzan las bandas de Sober y la de Santa Cruz. Hacia el a\u00f1o 1960 la banda de Sober se deshace por falta de elementos y a causa, principalmente, de la formaci\u00f3n de orquestas de baile. Quedando solamente la banda de Santa Cruz de Brosmos.<\/p>\n<p>Adem\u00e1s de los directores citados fueron parte muy importante de la historia de las bandas de Sober Jos\u00e9 Ram\u00f3n L\u00f3pez, \u00abO Cu\u00f1as\u00bb, y Tadeo Guiti\u00e1n. Ambos ya jubilados de sus profesiones organizaron en el 1975 una escuela de m\u00fasica que a\u00fan hoy contin\u00faa viva y que fue el brote del presente musical de Sober. Les ayud\u00f3 mucho Heriberto P\u00e9rez que fuera el subdirector de la banda de Sober en muchas ocasiones. Tadeo y Jos\u00e9 Ram\u00f3n fueron directores de la Banda de Sober de j\u00f3venes, de maduros y de viejos.<\/p>\n<p>Desde 1975 compartieron la direcci\u00f3n de la banda y la formaci\u00f3n de m\u00fasicos hasta sus \u00faltimos d\u00edas de vida.<\/p>\n<p>En 1975, al formarse la Escuela de M\u00fasica de Sober y al incorporarse un buen n\u00famero de ni\u00f1os de la capital del municipio y de Proendos, la banda de Santa Cruz pasa a denominarse Banda de M\u00fasica de Sober. De la escuela salen todos los a\u00f1os j\u00f3venes educados. Hace una d\u00e9cada que el n\u00famero de chicas est\u00e1 superando al de chicos.<\/p>\n<p>Otros directores que pasaron por las bandas de este municipio antes del 1975 fueron: Antonio P\u00e9rez Rey, Pedro Garc\u00e9s, Antonio Taibo, Bernardo Cort\u00e9s, Pedro Rubio, Salvador S\u00e1nchez o Antonio Rodr\u00edguez Guiti\u00e1n \u2013 sobrino de Tadeo -.<\/p>\n<p>En 1985 se hizo cargo de la banda Alfonso Gonz\u00e1lez Fern\u00e1ndez, \u00abO Casete\u00bb. Con Alfonso Gonz\u00e1lez la Banda de Sober actu\u00f3 en el programa \u00abGente Joven\u00bb de TVE, y actu\u00f3 en Valladolid, Cornell\u00e1 o Madrid entre otros lugares. En el a\u00f1o 1988 fue un monfortino ex-componente de la banda del General\u00edsimo quien dirigi\u00f3 la banda hasta el a\u00f1o 1989, Julio Dopacio.<\/p>\n<p>Entre 1989 y 1991 ocup\u00f3 la direcci\u00f3n Nicanor Dom\u00ednguez Cid, profesor de clarinete del Conservatorio de Ourense y miembro de la Banda Municipal de Ourense. Entre 1991 y 1993 se hizo cargo de la banda un destacado miembro de ella, Alfonso Campos P\u00e9rez, iniciado musicalmente en la primera promoci\u00f3n de la escuela de m\u00fasica en 1975. Hoy contin\u00faa al pi\u00e9 del ca\u00f1\u00f3n como miembro de la banda de la que es hijo musical al tiempo que dirige la Coral RENFE de Monforte, la Coral de B\u00f3veda e imparte clases en la Escuela Municipal de M\u00fasica de Quiroga y en la propia Escuela de M\u00fasica de Sober. Alfonso Campos fue sustitu\u00eddo en 1993 por Jes\u00fas L\u00f3pez Prado, un nuevo m\u00fasico sarriano. En la actualidad comparte la ense\u00f1anza de clarinete en el Conservatorio de M\u00fasica de Lugo con la direcci\u00f3n de la banda de m\u00fasica de Melide. Desde 1997, ata o 2002 estuvo al frente de la banda Luis Fern\u00e1ndez Guiti\u00e1n, integrante de la banda desde 1975 -tambi\u00e9n pertence, como Alfonso Campos, a la primera promoci\u00f3n de la escuela de m\u00fasica-. El siguiente director fue Carlos Dieguez Beltran, trombonista formado en la Escuela de Musica de Sober, fue sustituido por el profesor de tuba Miguel Rodriguez Barrio y actualmente el director es el tambi\u00e9n profesor de tuba <strong>Miguel Franqueiro Becerra<\/strong>.<\/p>\n<p>La Banda de Sober actu\u00f3 en varias ocasiones para distintas televisiones. En su larga vida actu\u00f3 en directo para personajes relevantes como el rey Alfonso XIII, el l\u00edder cubano Fidel Castro, todos los presidentes con los que cont\u00f3 la Xunta de Galicia, el ex-presidente Calvo Sotelo, etc.<\/p>\n<p>Destacan en esta formaci\u00f3n musical: el primer premio de las fiestas de San Froil\u00e1n del 1919 en Lugo; el segundo de las fiestas de H\u00e1beas de Ourense no 1933; actuaciones en Barcelona, Valladolid, Madrid, Oviedo, Zamora, la pr\u00e1ctica totalidad de los municipios de Galicia y muchos de Asturias y Castilla-Le\u00f3n. Tiene editados dos discos: un LP con diez temas gallegos (1984) con Dial discos y un casete en la colecci\u00f3n Fonoteca 92 de \u00abEl Correo Gallego\u00bb.<\/p>\n<p>La banda organiz\u00f3 multitud de actuaciones ben\u00e9ficas, entre las que destacan bailes anuales para la tercera idad, un concierto para las monjas de clausura de Pant\u00f3n o la organizaci\u00f3n de un festival Pro-Ruanda.<\/p>\n<p>En 1994 la Banda de Sober celebr\u00f3 llena de vida su 125 aniversario con una importante serie de actos entre los que destac\u00f3 una reuni\u00f3n de todos los m\u00fasicos vivos que pasaron por alguna de las bandas con que cont\u00f3 el ayuntamiento y que reuni\u00f3 a m\u00e1s de 200.<\/p>\n<p>Este a\u00f1o la banda recibi\u00f3 el premio Lucense del A\u00f1o. Entre los muchos regalos y felicitaciones destac\u00f3 el poema que \u00abO poeta da Terra Ch\u00e1\u00bb y \u00abAmigo de honor de la Banda de Sober\u00bb, Manuel Mar\u00eda, dedic\u00f3 a este colectivo musical y que dice:<\/p>\n<p>&nbsp;<\/p>\n<p>Banda de Sober, os anos<br \/>\nD\u00e9ronche o son do sublime<br \/>\nQue purifica e redime<br \/>\nOs sentimentos humanos.<\/p>\n<p>Qua a tua arte musical,<br \/>\nTal como nos as queremos,<br \/>\n\u00a1 atopou no Val de Lemos<br \/>\no seu pais natural&#8230;!<\/p>\n<p>a m\u00fasica \u00e9 a certeza,<br \/>\no prodixio, a levedade<br \/>\ne la voz da natureza.<\/p>\n<p>A m\u00fasica, coa sua pureza,<br \/>\n\u00a1 l\u00e9vanos a soedade \u00a1<br \/>\ne trainos sempre a beleza![\/vc_column_text]<div class=\"ult-spacer spacer-69d4a147abb9a\" data-id=\"69d4a147abb9a\" data-height=\"30\" data-height-mobile=\"20\" data-height-tab=\"20\" data-height-tab-portrait=\"20\" data-height-mobile-landscape=\"20\" style=\"clear:both;display:block;\"><\/div>[vc_single_image image=\u00bb10712&#8243; img_size=\u00bbfull\u00bb][vc_images_carousel images=\u00bb10897,10898&#8243; img_size=\u00bbfull\u00bb slides_per_view=\u00bb2&#8243; hide_pagination_control=\u00bbyes\u00bb][\/vc_tta_section][\/vc_tta_accordion]<div class=\"ult-spacer spacer-69d4a147abbc1\" data-id=\"69d4a147abbc1\" data-height=\"30\" data-height-mobile=\"20\" data-height-tab=\"20\" data-height-tab-portrait=\"20\" data-height-mobile-landscape=\"20\" style=\"clear:both;display:block;\"><\/div>[vc_single_image image=\u00bb10712&#8243; img_size=\u00bbfull\u00bb][\/vc_column][\/vc_row][vc_row ct_row_stretch=\u00bb\u00bb][vc_column]<div class=\"ult-spacer spacer-69d4a147abbe4\" data-id=\"69d4a147abbe4\" data-height=\"86\" data-height-mobile=\"86\" data-height-tab=\"86\" data-height-tab-portrait=\"\" data-height-mobile-landscape=\"\" style=\"clear:both;display:block;\"><\/div>[\/vc_column][\/vc_row]\n","protected":false},"excerpt":{"rendered":"<p>[vc_row ct_row_stretch=\u00bbstretch_row_content_no_spaces\u00bb full_width=\u00bbstretch_row_content_no_spaces\u00bb use_row_as_full_screen_section=\u00bbno\u00bb type=\u00bbfull_width\u00bb][vc_column][vc_single_image image=\u00bb10884&#8243; img_size=\u00bbfull\u00bb][\/vc_column][\/vc_row][vc_row ct_row_stretch=\u00bb\u00bb bg_type=\u00bbbg_color\u00bb source=\u00bb\u00bb main_heading=\u00bb- ALCALD\u00cdA -\u00bb heading_tag=\u00bbh2&#8243; main_heading_color=\u00bb#000000&#8243; sub_heading_color=\u00bb\u00bb alignment=\u00bbcenter\u00bb spacer=\u00bbno_spacer\u00bb spacer_position=\u00bbtop\u00bb spacer_img_width=\u00bb48&#8243; line_style=\u00bbsolid\u00bb line_height=\u00bb1&#8243; line_color=\u00bb#333333&#8243; line_icon_fixer=\u00bb10&#8243; main_heading_font_size=\u00bbdesktop:40px;tablet:40px;tablet_portrait:30px;mobile_landscape:30px;mobile:20px;\u00bb main_heading_margin=\u00bbmargin-top:80px;margin-bottom:80px;\u00bb margin_design_tab_text=\u00bb\u00bb main_heading_typograpy=\u00bb\u00bb main_heading_font_family=\u00bb\u00bb main_heading_style=\u00bb\u00bb &#8230;<\/p>\n","protected":false},"author":1,"featured_media":0,"parent":0,"menu_order":0,"comment_status":"closed","ping_status":"closed","template":"","meta":{"footnotes":""},"class_list":["post-11053","page","type-page","status-publish","hentry"],"_links":{"self":[{"href":"https:\/\/concellodesober.com\/es\/wp-json\/wp\/v2\/pages\/11053","targetHints":{"allow":["GET"]}}],"collection":[{"href":"https:\/\/concellodesober.com\/es\/wp-json\/wp\/v2\/pages"}],"about":[{"href":"https:\/\/concellodesober.com\/es\/wp-json\/wp\/v2\/types\/page"}],"author":[{"embeddable":true,"href":"https:\/\/concellodesober.com\/es\/wp-json\/wp\/v2\/users\/1"}],"replies":[{"embeddable":true,"href":"https:\/\/concellodesober.com\/es\/wp-json\/wp\/v2\/comments?post=11053"}],"version-history":[{"count":4,"href":"https:\/\/concellodesober.com\/es\/wp-json\/wp\/v2\/pages\/11053\/revisions"}],"predecessor-version":[{"id":11057,"href":"https:\/\/concellodesober.com\/es\/wp-json\/wp\/v2\/pages\/11053\/revisions\/11057"}],"wp:attachment":[{"href":"https:\/\/concellodesober.com\/es\/wp-json\/wp\/v2\/media?parent=11053"}],"curies":[{"name":"wp","href":"https:\/\/api.w.org\/{rel}","templated":true}]}}