{"id":11058,"date":"2024-04-22T12:52:33","date_gmt":"2024-04-22T10:52:33","guid":{"rendered":"https:\/\/www.concellodesober.com\/?page_id=11058"},"modified":"2025-09-23T09:34:31","modified_gmt":"2025-09-23T07:34:31","slug":"biblioteca-municipal","status":"publish","type":"page","link":"https:\/\/concellodesober.com\/es\/biblioteca-municipal\/","title":{"rendered":"Biblioteca municipal"},"content":{"rendered":"[vc_row ct_row_stretch=\u00bbstretch_row_content_no_spaces\u00bb full_width=\u00bbstretch_row_content_no_spaces\u00bb use_row_as_full_screen_section=\u00bbno\u00bb type=\u00bbfull_width\u00bb][vc_column][vc_single_image image=\u00bb10947&#8243; img_size=\u00bbfull\u00bb][\/vc_column][\/vc_row][vc_row ct_row_stretch=\u00bb\u00bb bg_type=\u00bbbg_color\u00bb bg_color_value=\u00bb#f9f9f9&#8243;][vc_column]<div id=\"ultimate-heading-585669d4ba691bc15\" class=\"uvc-heading ult-adjust-bottom-margin ultimate-heading-585669d4ba691bc15 uvc-2288 \" data-hspacer=\"no_spacer\"  data-halign=\"center\" style=\"text-align:center\"><div class=\"uvc-heading-spacer no_spacer\" style=\"top\"><\/div><div class=\"uvc-main-heading ult-responsive\"  data-ultimate-target='.uvc-heading.ultimate-heading-585669d4ba691bc15 h2'  data-responsive-json-new='{\"font-size\":\"desktop:40px;tablet:40px;tablet_portrait:30px;mobile_landscape:30px;mobile:20px;\",\"line-height\":\"\"}' ><h2 style=\"font-weight:normal;color:#000000;margin-top:80px;margin-bottom:80px;\">- BIBLIOTECA MUNICIPAL -<\/h2><\/div><\/div>[\/vc_column][\/vc_row][vc_row ct_row_stretch=\u00bb\u00bb][vc_column]<div class=\"ult-spacer spacer-69d4ba691bc67\" data-id=\"69d4ba691bc67\" data-height=\"30\" data-height-mobile=\"20\" data-height-tab=\"20\" data-height-tab-portrait=\"20\" data-height-mobile-landscape=\"20\" style=\"clear:both;display:block;\"><\/div>[\/vc_column][\/vc_row][vc_row ct_row_stretch=\u00bb\u00bb][vc_column width=\u00bb1\/4&#8243; css=\u00bb.vc_custom_1707307919031{background-color: #f0f0f0 !important;}\u00bb][vc_wp_custommenu nav_menu=\u00bb85&#8243;][\/vc_column][vc_column width=\u00bb3\/4&#8243;][vc_column_text]<strong>BIBLIOTECA P\u00daBLICA MUNICIPAL DE SOBER<\/strong><\/p>\n<p>Creada en el a\u00f1o 1994 la BPM del Ayuntamiento de Sober se encuentra ubicada en el centro de la capitalidad, en la primera planta del Edificio Sociocultural.<\/p>\n<p>Distribuida en dos espacios: infantil\/juvenil y adultos. Cuenta adem\u00e1s con una zona con ordenadores de uso p\u00fablico.<\/p>\n<p>La biblioteca est\u00e1 integrada en la Red de Bibliotecas P\u00fablicas de Galicia\u00a0 y\u00a0 ser\u00e1 necesario un carn\u00e9 , totalmente gratu\u00edto, para emplear aquellos servicios que necesiten una identificaci\u00f3n, por ejemplo el pr\u00e9stamo de libros, revistas, pel\u00edculas.<\/p>\n<p><a href=\"https:\/\/rbgalicia.xunta.gal\/gl\/carne-da-biblioteca\" target=\"_blank\" rel=\"noopener\">Carn\u00e9 da biblioteca | Rede de Bibliotecas de Galicia (xunta.gal)<\/a><\/p>\n<p>La Red de Bibliotecas P\u00fablicas de Galicia pone a su disposici\u00f3n dos aplicaciones m\u00f3viles con las que puede acceder a los servicios de la red desde su tel\u00e9fono m\u00f3vil o tablet: app de Rede de Bibliotecas de Galicia, y app eBiblio-Galicia.<\/p>\n<p><strong>Horario<\/strong><\/p>\n<p>Invierno:\u00a0\u00a0 <em><strong>De martes a viernes de 11-13 a 16-20h.\u00a0 Lunes de 16-20. S\u00e1bados 11-13h.<\/strong><\/em><\/p>\n<p>Verano: <em><strong>De lunes a viernes de 9 a 14h.<\/strong><\/em><\/p>\n<p><strong>Servicios<\/strong><\/p>\n<p>\u00b7\u00a0\u00a0\u00a0\u00a0\u00a0\u00a0\u00a0\u00a0 Accesible a persoas con discapacidad f\u00edsica<\/p>\n<p>\u00b7\u00a0\u00a0\u00a0\u00a0\u00a0\u00a0\u00a0\u00a0Consulta del cat\u00e1logo de fondos bibliogr\u00e1ficos<\/p>\n<p><a href=\"https:\/\/rbgalicia.xunta.gal\/gl\/catalogo-da-rede-de-bibliotecas-publicas-de-galicia\" target=\"_blank\" rel=\"noopener\">Cat\u00e1logo da Rede de Bibliotecas P\u00fablicas de Galicia | Rede de Bibliotecas de Galicia (xunta.gal)<\/a><\/p>\n<p>\u00b7\u00a0\u00a0\u00a0\u00a0\u00a0\u00a0\u00a0\u00a0 Consulta p\u00fablica y gratu\u00edta de internet, toda la biblioteca es una zona wifi.<\/p>\n<p>\u00b7\u00a0\u00a0\u00a0\u00a0\u00a0\u00a0\u00a0\u00a0 Formaci\u00f3n de usuarios<\/p>\n<p>\u00b7\u00a0\u00a0\u00a0\u00a0\u00a0\u00a0\u00a0\u00a0 Informaci\u00f3n bibliogr\u00e1fica<\/p>\n<p>\u00b7\u00a0\u00a0\u00a0\u00a0\u00a0\u00a0\u00a0\u00a0 Lectura y consulta en sala<\/p>\n<p>\u00b7\u00a0\u00a0\u00a0\u00a0\u00a0\u00a0\u00a0\u00a0 Pr\u00e9stamo<\/p>\n<p>\u00b7\u00a0\u00a0\u00a0\u00a0\u00a0\u00a0\u00a0\u00a0 Actividades de promoci\u00f3n de la lectura y actividades culturales.<\/p>\n<p>En este apartado destacamos la programaci\u00f3n anual destinada a los diferentes colectivos de nuestro municipio:<\/p>\n<p>1.\u00a0\u00a0\u00a0Actividades de dinamizaci\u00f3n incluidas en el Club de lectura Pintor de Castinande para p\u00fablico adulto.<\/p>\n<p>2.\u00a0\u00a0\u00a0Obradores y charlas que se realizan \u201cFaladoiro dos luns\u201d.<\/p>\n<p>3.\u00a0\u00a0\u00a0\u00a0 En relaci\u00f3n a los ni\u00f1os y ni\u00f1as, existe una programaci\u00f3n anual denominada \u201cMerendas con Contos\u201d, que comprende una serie de actividades encaminadas a la promoci\u00f3n de la lectura.<\/p>\n<p>4.\u00a0\u00a0\u00a0En verano el ayuntamiento organiza un campamento para ni\u00f1os y ni\u00f1as entre 4 e 12 a\u00f1os.<\/p>\n<p>Todas estas actividades est\u00e1n recogidas en el blog\u00a0 https:\/\/bibliotecapublicasober.blogspot.com\/ ,en el Instagram de la biblioteca @bibliotecasober\u00a0 o en Redes Sociales do Concello de Sober.<\/p>\n<p><strong>Centro Sociocultural \u2013 Praza do Concello s\/n<\/strong><\/p>\n<p><a href=\"mailto:biblioteca@concellodesober.com\">biblioteca@concellodesober.com<\/a><\/p>\n<p>Tlf: 982.460.414 Fax: 982.460.002[\/vc_column_text]<div class=\"ult-spacer spacer-69d4ba691bc96\" data-id=\"69d4ba691bc96\" data-height=\"30\" data-height-mobile=\"20\" data-height-tab=\"20\" data-height-tab-portrait=\"20\" data-height-mobile-landscape=\"20\" style=\"clear:both;display:block;\"><\/div>[vc_single_image image=\u00bb10712&#8243; img_size=\u00bbfull\u00bb][vc_images_carousel images=\u00bb10951,10950,10949,10948&#8243; img_size=\u00bbfull\u00bb slides_per_view=\u00bb2&#8243; autoplay=\u00bbyes\u00bb hide_pagination_control=\u00bbyes\u00bb wrap=\u00bbyes\u00bb]<div class=\"ult-spacer spacer-69d4ba691bcbe\" data-id=\"69d4ba691bcbe\" data-height=\"30\" data-height-mobile=\"20\" data-height-tab=\"20\" data-height-tab-portrait=\"20\" data-height-mobile-landscape=\"20\" style=\"clear:both;display:block;\"><\/div>[\/vc_column][\/vc_row][vc_row ct_row_stretch=\u00bb\u00bb][vc_column]<div class=\"ult-spacer spacer-69d4ba691bce2\" data-id=\"69d4ba691bce2\" data-height=\"86\" data-height-mobile=\"86\" data-height-tab=\"86\" data-height-tab-portrait=\"\" data-height-mobile-landscape=\"\" style=\"clear:both;display:block;\"><\/div>[\/vc_column][\/vc_row]\n","protected":false},"excerpt":{"rendered":"<p>[vc_row ct_row_stretch=\u00bbstretch_row_content_no_spaces\u00bb full_width=\u00bbstretch_row_content_no_spaces\u00bb use_row_as_full_screen_section=\u00bbno\u00bb type=\u00bbfull_width\u00bb][vc_column][vc_single_image image=\u00bb10947&#8243; img_size=\u00bbfull\u00bb][\/vc_column][\/vc_row][vc_row ct_row_stretch=\u00bb\u00bb bg_type=\u00bbbg_color\u00bb bg_color_value=\u00bb#f9f9f9&#8243;][vc_column][\/vc_column][\/vc_row][vc_row ct_row_stretch=\u00bb\u00bb][vc_column][\/vc_column][\/vc_row][vc_row ct_row_stretch=\u00bb\u00bb][vc_column width=\u00bb1\/4&#8243; css=\u00bb.vc_custom_1707307919031{background-color: #f0f0f0 !important;}\u00bb][vc_wp_custommenu nav_menu=\u00bb85&#8243;][\/vc_column][vc_column width=\u00bb3\/4&#8243;][vc_column_text]BIBLIOTECA P\u00daBLICA MUNICIPAL DE SOBER Creada en el a\u00f1o 1994 la BPM del &#8230;<\/p>\n","protected":false},"author":1,"featured_media":0,"parent":0,"menu_order":0,"comment_status":"closed","ping_status":"closed","template":"","meta":{"footnotes":""},"class_list":["post-11058","page","type-page","status-publish","hentry"],"_links":{"self":[{"href":"https:\/\/concellodesober.com\/es\/wp-json\/wp\/v2\/pages\/11058","targetHints":{"allow":["GET"]}}],"collection":[{"href":"https:\/\/concellodesober.com\/es\/wp-json\/wp\/v2\/pages"}],"about":[{"href":"https:\/\/concellodesober.com\/es\/wp-json\/wp\/v2\/types\/page"}],"author":[{"embeddable":true,"href":"https:\/\/concellodesober.com\/es\/wp-json\/wp\/v2\/users\/1"}],"replies":[{"embeddable":true,"href":"https:\/\/concellodesober.com\/es\/wp-json\/wp\/v2\/comments?post=11058"}],"version-history":[{"count":2,"href":"https:\/\/concellodesober.com\/es\/wp-json\/wp\/v2\/pages\/11058\/revisions"}],"predecessor-version":[{"id":11060,"href":"https:\/\/concellodesober.com\/es\/wp-json\/wp\/v2\/pages\/11058\/revisions\/11060"}],"wp:attachment":[{"href":"https:\/\/concellodesober.com\/es\/wp-json\/wp\/v2\/media?parent=11058"}],"curies":[{"name":"wp","href":"https:\/\/api.w.org\/{rel}","templated":true}]}}