{"id":11061,"date":"2024-04-22T12:49:05","date_gmt":"2024-04-22T10:49:05","guid":{"rendered":"https:\/\/www.concellodesober.com\/?page_id=11061"},"modified":"2024-10-09T10:19:34","modified_gmt":"2024-10-09T08:19:34","slug":"p-a-i","status":"publish","type":"page","link":"https:\/\/concellodesober.com\/es\/p-a-i\/","title":{"rendered":"P.A.I."},"content":{"rendered":"[vc_row ct_row_stretch=\u00bbstretch_row_content_no_spaces\u00bb full_width=\u00bbstretch_row_content_no_spaces\u00bb use_row_as_full_screen_section=\u00bbno\u00bb type=\u00bbfull_width\u00bb][vc_column][vc_single_image image=\u00bb10957&#8243; img_size=\u00bbfull\u00bb][\/vc_column][\/vc_row][vc_row ct_row_stretch=\u00bb\u00bb bg_type=\u00bbbg_color\u00bb bg_color_value=\u00bb#f9f9f9&#8243;][vc_column]<div id=\"ultimate-heading-109369d4ba6658762\" class=\"uvc-heading ult-adjust-bottom-margin ultimate-heading-109369d4ba6658762 uvc-5256 \" data-hspacer=\"no_spacer\"  data-halign=\"center\" style=\"text-align:center\"><div class=\"uvc-heading-spacer no_spacer\" style=\"top\"><\/div><div class=\"uvc-main-heading ult-responsive\"  data-ultimate-target='.uvc-heading.ultimate-heading-109369d4ba6658762 h2'  data-responsive-json-new='{\"font-size\":\"desktop:40px;tablet:40px;tablet_portrait:30px;mobile_landscape:30px;mobile:20px;\",\"line-height\":\"\"}' ><h2 style=\"font-weight:normal;color:#000000;margin-top:80px;margin-bottom:80px;\">- P.A.I. -<\/h2><\/div><\/div>[\/vc_column][\/vc_row][vc_row ct_row_stretch=\u00bb\u00bb][vc_column]<div class=\"ult-spacer spacer-69d4ba6658803\" data-id=\"69d4ba6658803\" data-height=\"30\" data-height-mobile=\"20\" data-height-tab=\"20\" data-height-tab-portrait=\"20\" data-height-mobile-landscape=\"20\" style=\"clear:both;display:block;\"><\/div>[\/vc_column][\/vc_row][vc_row ct_row_stretch=\u00bb\u00bb][vc_column width=\u00bb1\/4&#8243; css=\u00bb.vc_custom_1707307919031{background-color: #f0f0f0 !important;}\u00bb][vc_wp_custommenu nav_menu=\u00bb85&#8243;][\/vc_column][vc_column width=\u00bb3\/4&#8243;][vc_column_text]<strong>Punto de Antenci\u00f3n a la Infancia pr\u00f3ximamente Escuela Infantil<\/strong><\/p>\n<p style=\"background: white; vertical-align: baseline;\"><span style=\"font-family: 'Lato','sans-serif'; color: #333333;\">El Punto de Atenci\u00f3n a la Infancia (P.A.I.) de Sober comenz\u00f3 su andadura el 26 de abril del a\u00f1o 2005 en una parte del edificio del colegio p\u00fablico Virxe do Carme con un total de siete ni\u00f1os matriculados.<\/span><\/p>\n<p style=\"background: white; vertical-align: baseline;\"><span style=\"font-family: 'Lato','sans-serif'; color: #333333;\">En sus comienzos el persoal docente eran una maestra y una t\u00e9cnica, pero en agosto aument\u00f3 la plantilla con una maestra m\u00e1s.<\/span><\/p>\n<p style=\"background: white; vertical-align: baseline;\"><span style=\"font-family: 'Lato','sans-serif'; color: #333333;\">Las instalaciones cuentan con una superficie de m\u00e1s de 200 metros cuadrados repartidos en tres aulas, dormitorio, comedor cocina, recibidor, despacho y lavabos.<\/span><\/p>\n<p style=\"background: white; vertical-align: baseline;\"><span style=\"font-family: 'Lato','sans-serif'; color: #333333;\">El exterior se compone de un patio con zona ajardinada y espacio arbolado, parque de juegos y unha peque\u00f1a huerta que se encargan de acondicionar los propios usuarios del centro.<\/span><\/p>\n<p style=\"background: white; vertical-align: baseline;\"><span style=\"font-family: 'Lato','sans-serif'; color: #333333;\">En aquellos momentos el horario era de 7:45 a 20:00h ya que se pod\u00edan admitir ni\u00f1os mayores de tres a\u00f1os en horario extraescolar, fruto de un convenio firmado entre la Conseller\u00eda de Familia y la Administraci\u00f3n Local.<\/span><\/p>\n<p style=\"background: white; vertical-align: baseline;\"><span style=\"font-family: 'Lato','sans-serif'; color: #333333;\">El PAI tiene capacidad para acoger a ni\u00f1os de entre tres meses y tres a\u00f1os y en horario extraescolar entre tres y seis a\u00f1os.<\/span><\/p>\n<p style=\"background: white; vertical-align: baseline;\"><span style=\"font-family: 'Lato','sans-serif'; color: #333333;\">Los vecinos del municipio de Sober pod\u00edan matricularse gratuitamente en este servicio.<\/span><\/p>\n<p style=\"background: white; vertical-align: baseline;\"><span style=\"font-family: 'Lato','sans-serif'; color: #333333;\">Desde casi la apertura del centro de las veinte plazas que se ofertan, el porcentaje de ocupaci\u00f3n estuvo en el 100% y con lista de espera.<\/span><\/p>\n<p style=\"background: white; vertical-align: baseline;\"><span style=\"font-family: 'Lato','sans-serif'; color: #333333;\">En el a\u00f1o 2023\/2024 el P.A.I. sufre una transformaci\u00f3n para convertirse en Escuela Infantil, esto supone una ampliaci\u00f3n del local (con dos aulas m\u00e1s, dormitorios y ba\u00f1os) y duplicar\u00e1 el n\u00famero de plazas pasando de veinte a cuarenta.<\/span><\/p>\n<p style=\"background: white; vertical-align: baseline;\"><span style=\"font-family: 'Lato','sans-serif'; color: #333333;\">El horario actual del servicio es de 07:45 a 15:55 h y sigue siendo un servicio gratuito por estar acogidos al Plan de gratuidad de las Escuelas Infantiles de la Xunta de Galicia.<\/span><\/p>\n<p style=\"background: white; vertical-align: baseline;\"><span style=\"font-family: 'Lato','sans-serif'; color: #333333;\">Si desean m\u00e1is informaci\u00f3n dir\u00edjanse al seguinte correo electr\u00f3nico:<\/span><\/p>\n<p>&nbsp;<\/p>\n<p><a href=\"mailto:pai@concellodesober.com\">pai@concellodesober.com<\/a>[\/vc_column_text]<div class=\"ult-spacer spacer-69d4ba665886c\" data-id=\"69d4ba665886c\" data-height=\"30\" data-height-mobile=\"20\" data-height-tab=\"20\" data-height-tab-portrait=\"20\" data-height-mobile-landscape=\"20\" style=\"clear:both;display:block;\"><\/div>[vc_single_image image=\u00bb10712&#8243; img_size=\u00bbfull\u00bb][vc_images_carousel images=\u00bb10845,10846,10953,10954,10955,10956&#8243; img_size=\u00bbfull\u00bb slides_per_view=\u00bb2&#8243; hide_pagination_control=\u00bbyes\u00bb][\/vc_column][\/vc_row][vc_row ct_row_stretch=\u00bb\u00bb][vc_column]<div class=\"ult-spacer spacer-69d4ba66588d6\" data-id=\"69d4ba66588d6\" data-height=\"86\" data-height-mobile=\"86\" data-height-tab=\"86\" data-height-tab-portrait=\"\" data-height-mobile-landscape=\"\" style=\"clear:both;display:block;\"><\/div>[\/vc_column][\/vc_row]\n","protected":false},"excerpt":{"rendered":"<p>[vc_row ct_row_stretch=\u00bbstretch_row_content_no_spaces\u00bb full_width=\u00bbstretch_row_content_no_spaces\u00bb use_row_as_full_screen_section=\u00bbno\u00bb type=\u00bbfull_width\u00bb][vc_column][vc_single_image image=\u00bb10957&#8243; img_size=\u00bbfull\u00bb][\/vc_column][\/vc_row][vc_row ct_row_stretch=\u00bb\u00bb bg_type=\u00bbbg_color\u00bb bg_color_value=\u00bb#f9f9f9&#8243;][vc_column][\/vc_column][\/vc_row][vc_row ct_row_stretch=\u00bb\u00bb][vc_column][\/vc_column][\/vc_row][vc_row ct_row_stretch=\u00bb\u00bb][vc_column width=\u00bb1\/4&#8243; css=\u00bb.vc_custom_1707307919031{background-color: #f0f0f0 !important;}\u00bb][vc_wp_custommenu nav_menu=\u00bb85&#8243;][\/vc_column][vc_column width=\u00bb3\/4&#8243;][vc_column_text]Punto de Antenci\u00f3n a la Infancia pr\u00f3ximamente Escuela Infantil El Punto de Atenci\u00f3n &#8230;<\/p>\n","protected":false},"author":1,"featured_media":0,"parent":0,"menu_order":0,"comment_status":"closed","ping_status":"closed","template":"","meta":{"footnotes":""},"class_list":["post-11061","page","type-page","status-publish","hentry"],"_links":{"self":[{"href":"https:\/\/concellodesober.com\/es\/wp-json\/wp\/v2\/pages\/11061","targetHints":{"allow":["GET"]}}],"collection":[{"href":"https:\/\/concellodesober.com\/es\/wp-json\/wp\/v2\/pages"}],"about":[{"href":"https:\/\/concellodesober.com\/es\/wp-json\/wp\/v2\/types\/page"}],"author":[{"embeddable":true,"href":"https:\/\/concellodesober.com\/es\/wp-json\/wp\/v2\/users\/1"}],"replies":[{"embeddable":true,"href":"https:\/\/concellodesober.com\/es\/wp-json\/wp\/v2\/comments?post=11061"}],"version-history":[{"count":2,"href":"https:\/\/concellodesober.com\/es\/wp-json\/wp\/v2\/pages\/11061\/revisions"}],"predecessor-version":[{"id":11063,"href":"https:\/\/concellodesober.com\/es\/wp-json\/wp\/v2\/pages\/11061\/revisions\/11063"}],"wp:attachment":[{"href":"https:\/\/concellodesober.com\/es\/wp-json\/wp\/v2\/media?parent=11061"}],"curies":[{"name":"wp","href":"https:\/\/api.w.org\/{rel}","templated":true}]}}