{"id":11073,"date":"2024-04-22T12:57:17","date_gmt":"2024-04-22T10:57:17","guid":{"rendered":"https:\/\/www.concellodesober.com\/?page_id=11073"},"modified":"2025-09-23T09:34:36","modified_gmt":"2025-09-23T07:34:36","slug":"casa-museo-genia-trigo","status":"publish","type":"page","link":"https:\/\/concellodesober.com\/es\/casa-museo-genia-trigo\/","title":{"rendered":"Casa Museo Genia Trigo"},"content":{"rendered":"[vc_row ct_row_stretch=\u00bbstretch_row_content_no_spaces\u00bb full_width=\u00bbstretch_row_content_no_spaces\u00bb use_row_as_full_screen_section=\u00bbno\u00bb type=\u00bbfull_width\u00bb][vc_column][vc_single_image image=\u00bb10966&#8243; img_size=\u00bbfull\u00bb][\/vc_column][\/vc_row][vc_row ct_row_stretch=\u00bb\u00bb bg_type=\u00bbbg_color\u00bb bg_color_value=\u00bb#f9f9f9&#8243;][vc_column]<div id=\"ultimate-heading-339969d4bbe08148a\" class=\"uvc-heading ult-adjust-bottom-margin ultimate-heading-339969d4bbe08148a uvc-4020 \" data-hspacer=\"no_spacer\"  data-halign=\"center\" style=\"text-align:center\"><div class=\"uvc-heading-spacer no_spacer\" style=\"top\"><\/div><div class=\"uvc-main-heading ult-responsive\"  data-ultimate-target='.uvc-heading.ultimate-heading-339969d4bbe08148a h2'  data-responsive-json-new='{\"font-size\":\"desktop:40px;tablet:40px;tablet_portrait:30px;mobile_landscape:30px;mobile:20px;\",\"line-height\":\"\"}' ><h2 style=\"font-weight:normal;color:#000000;margin-top:80px;margin-bottom:80px;\">- CASA MUSEO GENIA TRIGO -<\/h2><\/div><\/div>[\/vc_column][\/vc_row][vc_row ct_row_stretch=\u00bb\u00bb][vc_column]<div class=\"ult-spacer spacer-69d4bbe081509\" data-id=\"69d4bbe081509\" data-height=\"30\" data-height-mobile=\"20\" data-height-tab=\"20\" data-height-tab-portrait=\"20\" data-height-mobile-landscape=\"20\" style=\"clear:both;display:block;\"><\/div>[\/vc_column][\/vc_row][vc_row ct_row_stretch=\u00bb\u00bb][vc_column width=\u00bb1\/4&#8243; css=\u00bb.vc_custom_1707307919031{background-color: #f0f0f0 !important;}\u00bb][vc_wp_custommenu nav_menu=\u00bb85&#8243;][\/vc_column][vc_column width=\u00bb3\/4&#8243;][vc_column_text]En Junio del 2024 Modesto Trigo, natural de Gundiv\u00f3s abri\u00f3 las puertas de su museo, en su localidad natal, que se convirti\u00f3 tambi\u00e9n en su residencia fija.<\/p>\n<p>Modesto Trigo est\u00e1 considerado como uno de los pintores contempor\u00e1neos de m\u00e1is \u00e9xito. Su obra basada en el hiperrealismo sembrado de notas subrealistas es seguida por un numeros\u00edsimo p\u00fablico.<\/p>\n<p>Este afamado pintor que expuso en pa\u00edses de todo el mundo como los Estados Unidos, M\u00e9xico o China, entre otros muchos, y que es profesor universitario decidi\u00f3 arraigarse definitivamente en la casa que lo vi\u00f3 nacer.<\/p>\n<p>El proyecto, que a\u00fan est\u00e1 tomando forma es un ambicioso centro cultural que dar\u00e1 cabida a distintos talleres de arte y cultura, impartidos por gente que el pintor fue conociendo a lo largo de su trayectoria profesional.<\/p>\n<p>En Gundiv\u00f3s est\u00e1 su exposici\u00f3n permanente, pero acoger\u00e1 tambi\u00e9n obras de otros autores, as\u00ed como un peque\u00f1o museo etnogr\u00e1fico, y espacio para las clases, talleres e incluso alojamento para los interesados en participar de sus cursos.<\/p>\n<p>Para saber m\u00e1s pincha aqu\u00ed. <a href=\"https:\/\/mtrigotrigo.com\/\">https:\/\/mtrigotrigo.com\/<\/a>[\/vc_column_text]<div class=\"ult-spacer spacer-69d4bbe081558\" data-id=\"69d4bbe081558\" data-height=\"30\" data-height-mobile=\"20\" data-height-tab=\"20\" data-height-tab-portrait=\"20\" data-height-mobile-landscape=\"20\" style=\"clear:both;display:block;\"><\/div>[vc_single_image image=\u00bb10712&#8243; img_size=\u00bbfull\u00bb][vc_images_carousel images=\u00bb10889&#8243; img_size=\u00bbfull\u00bb slides_per_view=\u00bb2&#8243; hide_pagination_control=\u00bbyes\u00bb][\/vc_column][\/vc_row][vc_row ct_row_stretch=\u00bb\u00bb][vc_column]<div class=\"ult-spacer spacer-69d4bbe0815aa\" data-id=\"69d4bbe0815aa\" data-height=\"86\" data-height-mobile=\"86\" data-height-tab=\"86\" data-height-tab-portrait=\"\" data-height-mobile-landscape=\"\" style=\"clear:both;display:block;\"><\/div>[\/vc_column][\/vc_row]\n","protected":false},"excerpt":{"rendered":"<p>[vc_row ct_row_stretch=\u00bbstretch_row_content_no_spaces\u00bb full_width=\u00bbstretch_row_content_no_spaces\u00bb use_row_as_full_screen_section=\u00bbno\u00bb type=\u00bbfull_width\u00bb][vc_column][vc_single_image image=\u00bb10966&#8243; img_size=\u00bbfull\u00bb][\/vc_column][\/vc_row][vc_row ct_row_stretch=\u00bb\u00bb bg_type=\u00bbbg_color\u00bb bg_color_value=\u00bb#f9f9f9&#8243;][vc_column][\/vc_column][\/vc_row][vc_row ct_row_stretch=\u00bb\u00bb][vc_column][\/vc_column][\/vc_row][vc_row ct_row_stretch=\u00bb\u00bb][vc_column width=\u00bb1\/4&#8243; css=\u00bb.vc_custom_1707307919031{background-color: #f0f0f0 !important;}\u00bb][vc_wp_custommenu nav_menu=\u00bb85&#8243;][\/vc_column][vc_column width=\u00bb3\/4&#8243;][vc_column_text]En Junio del 2024 Modesto Trigo, natural de Gundiv\u00f3s abri\u00f3 las puertas de &#8230;<\/p>\n","protected":false},"author":1,"featured_media":0,"parent":0,"menu_order":0,"comment_status":"closed","ping_status":"closed","template":"","meta":{"footnotes":""},"class_list":["post-11073","page","type-page","status-publish","hentry"],"_links":{"self":[{"href":"https:\/\/concellodesober.com\/es\/wp-json\/wp\/v2\/pages\/11073","targetHints":{"allow":["GET"]}}],"collection":[{"href":"https:\/\/concellodesober.com\/es\/wp-json\/wp\/v2\/pages"}],"about":[{"href":"https:\/\/concellodesober.com\/es\/wp-json\/wp\/v2\/types\/page"}],"author":[{"embeddable":true,"href":"https:\/\/concellodesober.com\/es\/wp-json\/wp\/v2\/users\/1"}],"replies":[{"embeddable":true,"href":"https:\/\/concellodesober.com\/es\/wp-json\/wp\/v2\/comments?post=11073"}],"version-history":[{"count":2,"href":"https:\/\/concellodesober.com\/es\/wp-json\/wp\/v2\/pages\/11073\/revisions"}],"predecessor-version":[{"id":11075,"href":"https:\/\/concellodesober.com\/es\/wp-json\/wp\/v2\/pages\/11073\/revisions\/11075"}],"wp:attachment":[{"href":"https:\/\/concellodesober.com\/es\/wp-json\/wp\/v2\/media?parent=11073"}],"curies":[{"name":"wp","href":"https:\/\/api.w.org\/{rel}","templated":true}]}}