{"id":11079,"date":"2024-08-07T11:19:22","date_gmt":"2024-08-07T09:19:22","guid":{"rendered":"https:\/\/www.concellodesober.com\/?page_id=11079"},"modified":"2024-10-09T10:22:23","modified_gmt":"2024-10-09T08:22:23","slug":"outros-servizos-publicos","status":"publish","type":"page","link":"https:\/\/concellodesober.com\/es\/outros-servizos-publicos\/","title":{"rendered":"Outros servizos p\u00fablicos"},"content":{"rendered":"[vc_row ct_row_stretch=\u00bbstretch_row_content_no_spaces\u00bb full_width=\u00bbstretch_row_content_no_spaces\u00bb use_row_as_full_screen_section=\u00bbno\u00bb type=\u00bbfull_width\u00bb][vc_column][vc_single_image image=\u00bb10747&#8243; img_size=\u00bbfull\u00bb][\/vc_column][\/vc_row][vc_row ct_row_stretch=\u00bb\u00bb bg_type=\u00bbbg_color\u00bb bg_color_value=\u00bb#f9f9f9&#8243;][vc_column]<div id=\"ultimate-heading-404369d4705e4dbc3\" class=\"uvc-heading ult-adjust-bottom-margin ultimate-heading-404369d4705e4dbc3 uvc-6523 \" data-hspacer=\"no_spacer\"  data-halign=\"center\" style=\"text-align:center\"><div class=\"uvc-heading-spacer no_spacer\" style=\"top\"><\/div><div class=\"uvc-main-heading ult-responsive\"  data-ultimate-target='.uvc-heading.ultimate-heading-404369d4705e4dbc3 h2'  data-responsive-json-new='{\"font-size\":\"desktop:40px;tablet:40px;tablet_portrait:30px;mobile_landscape:30px;mobile:20px;\",\"line-height\":\"\"}' ><h2 style=\"font-weight:normal;color:#000000;margin-top:80px;margin-bottom:80px;\">- OTROS SERVICIOS P\u00daBLICOS -<\/h2><\/div><\/div>[\/vc_column][\/vc_row][vc_row ct_row_stretch=\u00bb\u00bb][vc_column]<div class=\"ult-spacer spacer-69d4705e4dc10\" data-id=\"69d4705e4dc10\" data-height=\"30\" data-height-mobile=\"20\" data-height-tab=\"20\" data-height-tab-portrait=\"20\" data-height-mobile-landscape=\"20\" style=\"clear:both;display:block;\"><\/div>[\/vc_column][\/vc_row][vc_row ct_row_stretch=\u00bb\u00bb][vc_column width=\u00bb1\/4&#8243; css=\u00bb.vc_custom_1707307919031{background-color: #f0f0f0 !important;}\u00bb][vc_wp_custommenu nav_menu=\u00bb84&#8243;][\/vc_column][vc_column width=\u00bb3\/4&#8243;][vc_row_inner][vc_column_inner][vc_column_text]\n<p style=\"text-align: center;\"><strong>CENTRO DE SAL\u00daD DE SOBER<\/strong><\/p>\n<p style=\"text-align: center;\">R\u00faa da Mina s\/n<\/p>\n<p style=\"text-align: center;\">Tlf: 982.460.701<\/p>\n<p style=\"text-align: center;\">De lunes a viernes de 8:00h a 15:00h<\/p>\n<p style=\"text-align: center;\"><strong>RESIDENCIA NUESTRA SE\u00d1ORA DEL CARMEN<\/strong><\/p>\n<p style=\"text-align: center;\">Fundaci\u00f3n San Rosendo<\/p>\n<p style=\"text-align: center;\">Carretera de Gundiv\u00f3s s\/n<\/p>\n<p style=\"text-align: center;\">Tlf: 982 460 094<\/p>\n<p style=\"text-align: center;\"><strong><u>www.fundacionsanrosendo.es\/residencia-nuestra-senora-carmen<\/u><\/strong><\/p>\n<p style=\"text-align: center;\"><strong><u>sober@fundacionsanrosendo.es<\/u><\/strong><\/p>\n<p style=\"text-align: center;\"><strong>OFICINA DE CORREOS<\/strong><\/p>\n<p style=\"text-align: center;\">Centro Sociocultural \u2013 Praza do Concello s\/n<\/p>\n<p style=\"text-align: center;\">De lunes a viernes de 9:00 a 10:30<\/p>\n<p style=\"text-align: center;\">Tlf: 902.197.197<\/p>\n<p style=\"text-align: center;\"><u>www.correos.es<\/u><\/p>\n<p style=\"text-align: center;\"><strong>OFICINAS BANCARIAS<\/strong><\/p>\n<p style=\"text-align: center;\"><strong>ABANCA<\/strong><\/p>\n<p style=\"text-align: center;\">Av. Belan, Esq. Plaza Ayuntamiento,\u00a027460,\u00a0Sober<\/p>\n<p style=\"text-align: center;\">De lunes a viernes de 8:15 a 14:00.<\/p>\n<p style=\"text-align: center;\">Telf:\u00a0 982 460 030<\/p>\n<p style=\"text-align: center;\"><strong><u>www.aban<\/u><\/strong><strong><u>ca.com\/es\/oficinas\/oficina\/0144<\/u><\/strong><\/p>\n<p style=\"text-align: center;\"><strong>BBVA (Agente Autorizado)<\/strong><\/p>\n<p style=\"text-align: center;\">Pza. Concello, 1 &#8211; 27460 &#8211;\u00a0Sober\u00a0(Lugo)<\/p>\n<p style=\"text-align: center;\">De lunes a viernes de 9:00 a 14:00.<\/p>\n<p style=\"text-align: center;\">Telf:\u00a0 982 460 305<\/p>\n<p style=\"text-align: center;\"><a href=\"http:\/\/www.bbva.es\"><strong>www.bbva<\/strong><strong>.es<\/strong><\/a><\/p>\n<p style=\"text-align: center;\"><strong>FARMACIAS<\/strong><\/p>\n<p style=\"text-align: center;\"><strong>Farmacia Lda. Paula Su\u00e1rez D\u00edaz<\/strong><\/p>\n<p style=\"text-align: center;\">Praza do concello, 17, 27460, Sober<\/p>\n<p style=\"text-align: center;\">De lunes a viernes de 9:00 a 22:00 y s\u00e1bados hasta las 14:30h<\/p>\n<p style=\"text-align: center;\">Telf: 982 460 012<\/p>\n<p style=\"text-align: center;\"><strong><u>https:\/\/paulafarma.wixsite.com\/farmaciasober<\/u><\/strong><\/p>\n<p style=\"text-align: center;\"><strong><u>\u00a0<\/u><\/strong><\/p>\n<p style=\"text-align: center;\"><strong>Farmacia \u00d3ptica Jose Lu\u00eds P\u00e9rez Coto<\/strong><\/p>\n<p style=\"text-align: center;\">R\u00faa da Mina, 1, 27460, Sober<\/p>\n<p style=\"text-align: center;\">De lunes a viernes de 9:00 a 20:00 y s\u00e1bados hasta las 14:00h<\/p>\n<p style=\"text-align: center;\">Telf: 982 460 0007<\/p>\n<p style=\"text-align: center;\"><a href=\"https:\/\/farmaciaopticasober.com\/\"><strong>https:\/\/farmaciaopticasober.com\/<\/strong><\/a><\/p>\n<p style=\"text-align: center;\"><strong><u>\u00a0<\/u><\/strong><\/p>\n<p style=\"text-align: center;\"><strong>TRANSPORTE P\u00daBLICO<\/strong><\/p>\n<p style=\"text-align: center;\"><strong>TAXIS<\/strong><\/p>\n<p style=\"text-align: center;\"><strong><em>Jos\u00e9 Luis Gonz\u00e1lez Salgado<\/em><\/strong> : Telf: 677 436 091<\/p>\n<p style=\"text-align: center;\"><em><strong>Roberto P\u00e9rez<\/strong><\/em> : Telf:617.911.073<\/p>\n<p style=\"text-align: center;\"><a href=\"https:\/\/www.google.com\/maps\/place\/data=!4m2!3m1!1s0xd3010216ec1ec43:0x462979cb60b9044d?sa=X&amp;ved=1t:8290&amp;hl=es&amp;ictx=111\">R\u00faa do Comercio, 1, 27460<\/a><\/p>\n<p style=\"text-align: center;\"><strong>TREN<\/strong><\/p>\n<p style=\"text-align: center;\">Apeadero de Areas (Rosende) &#8211; Estaci\u00f3n de Tren de Canabal (Renfe &#8211; Adif)<\/p>\n<p style=\"text-align: center;\">Telf: 912 320 320<\/p>\n<p style=\"text-align: center;\"><a href=\"https:\/\/www.renfe.com\/\"><strong>https:\/\/www.renfe.com\/<\/strong><\/a><\/p>\n<p style=\"text-align: center;\"><strong><u>\u00a0<\/u><\/strong><\/p>\n<p style=\"text-align: center;\"><strong>AUTOB\u00daS<\/strong><\/p>\n<p style=\"text-align: center;\">Rutas XG 64500101; XG 64500201; XG 64500901; XG 64501101<\/p>\n<p style=\"text-align: center;\">Rutas baixo demanda: XG 64800501; XG 64801401; XG 74300101; XG 74300401<\/p>\n<p style=\"text-align: center;\">Telf : 988 687 800 ( De lunes a viernes de 8:00h a 19:00h)<\/p>\n<p style=\"text-align: center;\"><a href=\"http:\/\/www.bus.gal\"><strong>www.bus.gal<\/strong><\/a><\/p>\n[\/vc_column_text][\/vc_column_inner][\/vc_row_inner]<div class=\"ult-spacer spacer-69d4705e4dc3d\" data-id=\"69d4705e4dc3d\" data-height=\"30\" data-height-mobile=\"20\" data-height-tab=\"20\" data-height-tab-portrait=\"20\" data-height-mobile-landscape=\"20\" style=\"clear:both;display:block;\"><\/div>[vc_single_image image=\u00bb10712&#8243; img_size=\u00bbfull\u00bb][\/vc_column][\/vc_row][vc_row ct_row_stretch=\u00bb\u00bb][vc_column]<div class=\"ult-spacer spacer-69d4705e4dc64\" data-id=\"69d4705e4dc64\" data-height=\"86\" data-height-mobile=\"86\" data-height-tab=\"86\" data-height-tab-portrait=\"\" data-height-mobile-landscape=\"\" style=\"clear:both;display:block;\"><\/div>[\/vc_column][\/vc_row]\n","protected":false},"excerpt":{"rendered":"<p>[vc_row ct_row_stretch=\u00bbstretch_row_content_no_spaces\u00bb full_width=\u00bbstretch_row_content_no_spaces\u00bb use_row_as_full_screen_section=\u00bbno\u00bb type=\u00bbfull_width\u00bb][vc_column][vc_single_image image=\u00bb10747&#8243; img_size=\u00bbfull\u00bb][\/vc_column][\/vc_row][vc_row ct_row_stretch=\u00bb\u00bb bg_type=\u00bbbg_color\u00bb bg_color_value=\u00bb#f9f9f9&#8243;][vc_column][\/vc_column][\/vc_row][vc_row ct_row_stretch=\u00bb\u00bb][vc_column][\/vc_column][\/vc_row][vc_row ct_row_stretch=\u00bb\u00bb][vc_column width=\u00bb1\/4&#8243; css=\u00bb.vc_custom_1707307919031{background-color: #f0f0f0 !important;}\u00bb][vc_wp_custommenu nav_menu=\u00bb84&#8243;][\/vc_column][vc_column width=\u00bb3\/4&#8243;][vc_row_inner][vc_column_inner][vc_column_text] CENTRO DE SAL\u00daD DE SOBER R\u00faa da Mina s\/n Tlf: 982.460.701 De &#8230;<\/p>\n","protected":false},"author":1,"featured_media":0,"parent":0,"menu_order":0,"comment_status":"closed","ping_status":"closed","template":"","meta":{"footnotes":""},"class_list":["post-11079","page","type-page","status-publish","hentry"],"_links":{"self":[{"href":"https:\/\/concellodesober.com\/es\/wp-json\/wp\/v2\/pages\/11079","targetHints":{"allow":["GET"]}}],"collection":[{"href":"https:\/\/concellodesober.com\/es\/wp-json\/wp\/v2\/pages"}],"about":[{"href":"https:\/\/concellodesober.com\/es\/wp-json\/wp\/v2\/types\/page"}],"author":[{"embeddable":true,"href":"https:\/\/concellodesober.com\/es\/wp-json\/wp\/v2\/users\/1"}],"replies":[{"embeddable":true,"href":"https:\/\/concellodesober.com\/es\/wp-json\/wp\/v2\/comments?post=11079"}],"version-history":[{"count":3,"href":"https:\/\/concellodesober.com\/es\/wp-json\/wp\/v2\/pages\/11079\/revisions"}],"predecessor-version":[{"id":11082,"href":"https:\/\/concellodesober.com\/es\/wp-json\/wp\/v2\/pages\/11079\/revisions\/11082"}],"wp:attachment":[{"href":"https:\/\/concellodesober.com\/es\/wp-json\/wp\/v2\/media?parent=11079"}],"curies":[{"name":"wp","href":"https:\/\/api.w.org\/{rel}","templated":true}]}}