{"id":11090,"date":"2024-07-23T13:18:41","date_gmt":"2024-07-23T11:18:41","guid":{"rendered":"https:\/\/www.concellodesober.com\/?page_id=11090"},"modified":"2025-10-15T11:15:46","modified_gmt":"2025-10-15T09:15:46","slug":"patrimonio-relixoso","status":"publish","type":"page","link":"https:\/\/concellodesober.com\/es\/patrimonio-relixoso\/","title":{"rendered":"Patrimonio Relixoso"},"content":{"rendered":"[vc_row ct_row_stretch=\u00bbstretch_row_content_no_spaces\u00bb full_width=\u00bbstretch_row_content_no_spaces\u00bb use_row_as_full_screen_section=\u00bbno\u00bb type=\u00bbfull_width\u00bb][vc_column][vc_single_image image=\u00bb10758&#8243; img_size=\u00bbfull\u00bb][\/vc_column][\/vc_row][vc_row ct_row_stretch=\u00bb\u00bb bg_type=\u00bbbg_color\u00bb bg_color_value=\u00bb#f9f9f9&#8243;][vc_column]<div id=\"ultimate-heading-33569e08a3e27662\" class=\"uvc-heading ult-adjust-bottom-margin ultimate-heading-33569e08a3e27662 uvc-1538 \" data-hspacer=\"no_spacer\"  data-halign=\"center\" style=\"text-align:center\"><div class=\"uvc-heading-spacer no_spacer\" style=\"top\"><\/div><div class=\"uvc-main-heading ult-responsive\"  data-ultimate-target='.uvc-heading.ultimate-heading-33569e08a3e27662 h2'  data-responsive-json-new='{\"font-size\":\"desktop:40px;tablet:40px;tablet_portrait:30px;mobile_landscape:30px;mobile:20px;\",\"line-height\":\"\"}' ><h2 style=\"font-weight:normal;color:#000000;margin-top:80px;margin-bottom:80px;\">- PATRIMONIO RELIGIOSO -<\/h2><\/div><\/div>[\/vc_column][\/vc_row][vc_row ct_row_stretch=\u00bb\u00bb][vc_column]<div class=\"ult-spacer spacer-69e08a3e27707\" data-id=\"69e08a3e27707\" data-height=\"30\" data-height-mobile=\"20\" data-height-tab=\"20\" data-height-tab-portrait=\"20\" data-height-mobile-landscape=\"20\" style=\"clear:both;display:block;\"><\/div>[\/vc_column][\/vc_row][vc_row ct_row_stretch=\u00bb\u00bb][vc_column][vc_row_inner][vc_column_inner width=\u00bb1\/2&#8243;][vc_single_image image=\u00bb10823&#8243; img_size=\u00bbfull\u00bb]<div class=\"ult-spacer spacer-69e08a3e27769\" data-id=\"69e08a3e27769\" data-height=\"20\" data-height-mobile=\"20\" data-height-tab=\"20\" data-height-tab-portrait=\"20\" data-height-mobile-landscape=\"20\" style=\"clear:both;display:block;\"><\/div><div id=\"ultimate-heading-888769e08a3e277ea\" class=\"uvc-heading ult-adjust-bottom-margin ultimate-heading-888769e08a3e277ea uvc-7654 \" data-hspacer=\"no_spacer\"  data-halign=\"left\" style=\"text-align:left\"><div class=\"uvc-heading-spacer no_spacer\" style=\"top\"><\/div><div class=\"uvc-main-heading ult-responsive\"  data-ultimate-target='.uvc-heading.ultimate-heading-888769e08a3e277ea span'  data-responsive-json-new='{\"font-size\":\"desktop:20px;tablet:20px;tablet_portrait:17px;mobile_landscape:17px;mobile:15px;\",\"line-height\":\"desktop:25px;tablet:25px;tablet_portrait:22px;mobile_landscape:22px;mobile:20px;\"}' ><span style=\"font-weight:bold;color:#0a467c;\">IGLESIA DE SANTA MAR\u00cdA DE PROENDOS<\/span><\/div><\/div><div class=\"ult-spacer spacer-69e08a3e27861\" data-id=\"69e08a3e27861\" data-height=\"20\" data-height-mobile=\"20\" data-height-tab=\"20\" data-height-tab-portrait=\"20\" data-height-mobile-landscape=\"20\" style=\"clear:both;display:block;\"><\/div>[vc_column_text]En los anos 70 el p\u00e1rroco de la iglesia descubri\u00f3 los frescos del presbiterio, muros laterales y sacrist\u00eda. Estas pinturas fueron restauradas en el a\u00f1o 2002<\/p>\n<p>Las pinturas renacentistas recogen las escenas de la \u201cAdoraci\u00f3n a los Reyes Magos\u201d, \u201cLa Huida a Egipto\u201d, \u201cLa Anunciaci\u00f3n\u201d (en la cabecera, el sitio m\u00e1s destacado del presbiterio),\u201c La Visitaci\u00f3n\u201d , \u201cSan Blas\u201d y \u201cLa Adoraci\u00f3n a los Pastores\u201d.[\/vc_column_text][\/vc_column_inner][vc_column_inner width=\u00bb1\/2&#8243;][vc_single_image image=\u00bb10821&#8243; img_size=\u00bbfull\u00bb]<div class=\"ult-spacer spacer-69e08a3e278b4\" data-id=\"69e08a3e278b4\" data-height=\"20\" data-height-mobile=\"20\" data-height-tab=\"20\" data-height-tab-portrait=\"20\" data-height-mobile-landscape=\"20\" style=\"clear:both;display:block;\"><\/div><div id=\"ultimate-heading-165969e08a3e2790d\" class=\"uvc-heading ult-adjust-bottom-margin ultimate-heading-165969e08a3e2790d uvc-8870 \" data-hspacer=\"no_spacer\"  data-halign=\"left\" style=\"text-align:left\"><div class=\"uvc-heading-spacer no_spacer\" style=\"top\"><\/div><div class=\"uvc-main-heading ult-responsive\"  data-ultimate-target='.uvc-heading.ultimate-heading-165969e08a3e2790d p'  data-responsive-json-new='{\"font-size\":\"desktop:20px;tablet:20px;tablet_portrait:17px;mobile_landscape:17px;mobile:15px;\",\"line-height\":\"desktop:25px;tablet:25px;tablet_portrait:22px;mobile_landscape:22px;mobile:20px;\"}' ><p style=\"font-weight:bold;color:#0a467c;\">IGLESIA ROM\u00c1NICA DE SAN VICENTE DE PINOL<\/p><\/div><\/div><div class=\"ult-spacer spacer-69e08a3e27973\" data-id=\"69e08a3e27973\" data-height=\"20\" data-height-mobile=\"20\" data-height-tab=\"20\" data-height-tab-portrait=\"20\" data-height-mobile-landscape=\"20\" style=\"clear:both;display:block;\"><\/div>[vc_column_text]Este templo tras ocho meses de trabajo en el a\u00f1o 2020 recuper\u00f3 sus murales renacentistas<\/p>\n<p>Destacan aqu\u00ed varias pinturas como las del \u201cErmita\u00f1o\u201d o la de \u201cSan Crist\u00f3bal\u201d como salvador de la gente. Siendo esta obra muy singular puesto que cuenta con elementos que no se ven en otros murales de este estilo hispano flamenco.[\/vc_column_text][\/vc_column_inner][\/vc_row_inner][\/vc_column][\/vc_row][vc_row ct_row_stretch=\u00bb\u00bb][vc_column]<div class=\"ult-spacer spacer-69e08a3e279be\" data-id=\"69e08a3e279be\" data-height=\"20\" data-height-mobile=\"20\" data-height-tab=\"20\" data-height-tab-portrait=\"20\" data-height-mobile-landscape=\"20\" style=\"clear:both;display:block;\"><\/div>[\/vc_column][\/vc_row][vc_row ct_row_stretch=\u00bb\u00bb][vc_column][vc_row_inner][vc_column_inner width=\u00bb1\/2&#8243;][vc_single_image image=\u00bb10822&#8243; img_size=\u00bbfull\u00bb]<div class=\"ult-spacer spacer-69e08a3e27a09\" data-id=\"69e08a3e27a09\" data-height=\"20\" data-height-mobile=\"20\" data-height-tab=\"20\" data-height-tab-portrait=\"20\" data-height-mobile-landscape=\"20\" style=\"clear:both;display:block;\"><\/div><div id=\"ultimate-heading-516769e08a3e27a5c\" class=\"uvc-heading ult-adjust-bottom-margin ultimate-heading-516769e08a3e27a5c uvc-8259 \" data-hspacer=\"no_spacer\"  data-halign=\"left\" style=\"text-align:left\"><div class=\"uvc-heading-spacer no_spacer\" style=\"top\"><\/div><div class=\"uvc-main-heading ult-responsive\"  data-ultimate-target='.uvc-heading.ultimate-heading-516769e08a3e27a5c span'  data-responsive-json-new='{\"font-size\":\"desktop:20px;tablet:20px;tablet_portrait:17px;mobile_landscape:17px;mobile:15px;\",\"line-height\":\"desktop:25px;tablet:25px;tablet_portrait:22px;mobile_landscape:22px;mobile:20px;\"}' ><span style=\"font-weight:bold;color:#0a467c;\">IGLESIA ROM\u00c1NICA DE SAN XILLAO DE LOBIOS<\/span><\/div><\/div><div class=\"ult-spacer spacer-69e08a3e27abc\" data-id=\"69e08a3e27abc\" data-height=\"20\" data-height-mobile=\"20\" data-height-tab=\"20\" data-height-tab-portrait=\"20\" data-height-mobile-landscape=\"20\" style=\"clear:both;display:block;\"><\/div>[vc_column_text]En este templo se hizo una rehablitaci\u00f3n que finaliz\u00f3 en el a\u00f1o 2020 para proteger el conjunto pict\u00f3rico de murales renacentistas que se encontraban en su interior, que con motivo de la humedad estaban bastante deterioradas, por lo que tambi\u00e9n se hizo una actuaci\u00f3n de renovaci\u00f3n de la cubierta y reparaci\u00f3n de muros y suelo del edificio para controlar las humedades que estaban deteriorando el templo.<\/p>\n<p>Esta iglesia, junto con las dos anteriores contienen uno de los conjuntos pict\u00f3ricos m\u00e1s valiosos de Sober y de toda la Ribeira Sacra<\/p>\n<p>Mientras se restauraban las pinturas de Lobios, se comprob\u00f3 la estrecha similitud estil\u00edstica entre los murales que aparecieron y los que se conservan en la iglesia de Nogueira de Mi\u00f1o en Chantada. Los dos murales fueron datados en la segunda mitad del siglo XVI. A mayores, en Lobios surgi\u00f3 un fragmento de un mural m\u00e1s antiguo de entre finales del siglo XV y comienzos del XVI. Tambi\u00e9n la Iglesia de Pinol tiene simulitudes con la iglesia de Santa Mar\u00eda de Ma\u00f1\u00f3n en Ortegal<\/p>\n<p>Cabe subrayar que despu\u00e9s de la restauraci\u00f3n de estos tres templos los colectivos vecinales de estas tres parroquias editaron un libro con la finalidad de divulgar este patrimonio art\u00edstico.<\/p>\n<p>La extensa obra- de 256 p\u00e1ginas \u2013 titulada \u201c<strong>A pintura manierista en Sober<\/strong>\u201d se edit\u00f3 con la colaboraci\u00f3n de la asociaci\u00f3n cultural \u201cXermolos\u201d de Guitir\u00edz. Los textos son del escritor e historiador Xos\u00e9 Lois Garc\u00eda, que ya publicara un estudio sobre las iglesias de Sober.<\/p>\n<p>El libro contiene 82 ilustraciones de Fran Rodr\u00edguez Lua\u00f1a. Este libro tambi\u00e9n incluye un cap\u00edtulo de la iglesia de Santa Mar\u00eda de Bolmente donde se encuentra un peque\u00f1o conjunto de pinturas renacentistas que a pesar de no haber sido restauradas est\u00e1 en buenas condiciones.<\/p>\n[\/vc_column_text][\/vc_column_inner][vc_column_inner width=\u00bb1\/2&#8243;][vc_single_image image=\u00bb10819&#8243; img_size=\u00bbfull\u00bb]<div class=\"ult-spacer spacer-69e08a3e27b02\" data-id=\"69e08a3e27b02\" data-height=\"20\" data-height-mobile=\"20\" data-height-tab=\"20\" data-height-tab-portrait=\"20\" data-height-mobile-landscape=\"20\" style=\"clear:both;display:block;\"><\/div><div id=\"ultimate-heading-184669e08a3e27b55\" class=\"uvc-heading ult-adjust-bottom-margin ultimate-heading-184669e08a3e27b55 uvc-9156 \" data-hspacer=\"no_spacer\"  data-halign=\"left\" style=\"text-align:left\"><div class=\"uvc-heading-spacer no_spacer\" style=\"top\"><\/div><div class=\"uvc-main-heading ult-responsive\"  data-ultimate-target='.uvc-heading.ultimate-heading-184669e08a3e27b55 p'  data-responsive-json-new='{\"font-size\":\"desktop:20px;tablet:20px;tablet_portrait:17px;mobile_landscape:17px;mobile:15px;\",\"line-height\":\"desktop:25px;tablet:25px;tablet_portrait:22px;mobile_landscape:22px;mobile:20px;\"}' ><p style=\"font-weight:bold;color:#0a467c;\">IGLESIA DE SAN PEDRO DE CANAVAL DO S\u00c9CULO XVIII<\/p><\/div><\/div><div class=\"ult-spacer spacer-69e08a3e27bb0\" data-id=\"69e08a3e27bb0\" data-height=\"20\" data-height-mobile=\"20\" data-height-tab=\"20\" data-height-tab-portrait=\"20\" data-height-mobile-landscape=\"20\" style=\"clear:both;display:block;\"><\/div>[vc_column_text]El a\u00f1o 1115 ya se tiene constancia de su existencia, luego se vincula a la Orden Templaria hasta que esta desaparece y pasa a ser de los Condes de Lemos.<br \/>\nEdificio de planta rectangular, con \u00e1bside tambi\u00e9n rectangular y sacrist\u00eda pegada por la cara norte, que fue restaurado en el siglo XVIII. Quedan algunos restos de la anterior iglesia en el interior pero destaca la portada de la fachada occidental.[\/vc_column_text][\/vc_column_inner][\/vc_row_inner][\/vc_column][\/vc_row][vc_row ct_row_stretch=\u00bb\u00bb][vc_column]<div class=\"ult-spacer spacer-69e08a3e27c00\" data-id=\"69e08a3e27c00\" data-height=\"20\" data-height-mobile=\"20\" data-height-tab=\"20\" data-height-tab-portrait=\"20\" data-height-mobile-landscape=\"20\" style=\"clear:both;display:block;\"><\/div>[\/vc_column][\/vc_row][vc_row ct_row_stretch=\u00bb\u00bb][vc_column][vc_row_inner][vc_column_inner width=\u00bb1\/2&#8243;][vc_single_image image=\u00bb10820&#8243; img_size=\u00bbfull\u00bb]<div class=\"ult-spacer spacer-69e08a3e27c82\" data-id=\"69e08a3e27c82\" data-height=\"20\" data-height-mobile=\"20\" data-height-tab=\"20\" data-height-tab-portrait=\"20\" data-height-mobile-landscape=\"20\" style=\"clear:both;display:block;\"><\/div><div id=\"ultimate-heading-931469e08a3e27d13\" class=\"uvc-heading ult-adjust-bottom-margin ultimate-heading-931469e08a3e27d13 uvc-2936 \" data-hspacer=\"no_spacer\"  data-halign=\"left\" style=\"text-align:left\"><div class=\"uvc-heading-spacer no_spacer\" style=\"top\"><\/div><div class=\"uvc-main-heading ult-responsive\"  data-ultimate-target='.uvc-heading.ultimate-heading-931469e08a3e27d13 p'  data-responsive-json-new='{\"font-size\":\"desktop:20px;tablet:20px;tablet_portrait:17px;mobile_landscape:17px;mobile:15px;\",\"line-height\":\"desktop:25px;tablet:25px;tablet_portrait:22px;mobile_landscape:22px;mobile:20px;\"}' ><p style=\"font-weight:bold;color:#0a467c;\">SANTUARIO DE NUESTRA SE\u00d1ORA DE CADEIRAS DO SIGLO XVII<\/p><\/div><\/div><div class=\"ult-spacer spacer-69e08a3e27d94\" data-id=\"69e08a3e27d94\" data-height=\"20\" data-height-mobile=\"20\" data-height-tab=\"20\" data-height-tab-portrait=\"20\" data-height-mobile-landscape=\"20\" style=\"clear:both;display:block;\"><\/div>[vc_column_text]El lugar de construcci\u00f3n de este templo era un lugar de culto pagano anterior a la cristianizaci\u00f3n.<\/p>\n<p>El actual Santuario es una obra inacabada del siglo XVIII y sigue siendo un destino de peregrinaci\u00f3n debido a los milagros atribuidos a la Virgen de Cadeiras.[\/vc_column_text][\/vc_column_inner][\/vc_row_inner][\/vc_column][\/vc_row][vc_row ct_row_stretch=\u00bb\u00bb][vc_column]<div class=\"ult-spacer spacer-69e08a3e27e1d\" data-id=\"69e08a3e27e1d\" data-height=\"20\" data-height-mobile=\"20\" data-height-tab=\"20\" data-height-tab-portrait=\"20\" data-height-mobile-landscape=\"20\" style=\"clear:both;display:block;\"><\/div>[\/vc_column][\/vc_row]\n","protected":false},"excerpt":{"rendered":"<p>[vc_row ct_row_stretch=\u00bbstretch_row_content_no_spaces\u00bb full_width=\u00bbstretch_row_content_no_spaces\u00bb use_row_as_full_screen_section=\u00bbno\u00bb type=\u00bbfull_width\u00bb][vc_column][vc_single_image image=\u00bb10758&#8243; img_size=\u00bbfull\u00bb][\/vc_column][\/vc_row][vc_row ct_row_stretch=\u00bb\u00bb bg_type=\u00bbbg_color\u00bb bg_color_value=\u00bb#f9f9f9&#8243;][vc_column][\/vc_column][\/vc_row][vc_row ct_row_stretch=\u00bb\u00bb][vc_column][\/vc_column][\/vc_row][vc_row ct_row_stretch=\u00bb\u00bb][vc_column][vc_row_inner][vc_column_inner width=\u00bb1\/2&#8243;][vc_single_image image=\u00bb10823&#8243; img_size=\u00bbfull\u00bb][vc_column_text]En los anos 70 el p\u00e1rroco de la iglesia descubri\u00f3 los frescos del presbiterio, muros laterales &#8230;<\/p>\n","protected":false},"author":1,"featured_media":0,"parent":0,"menu_order":0,"comment_status":"closed","ping_status":"closed","template":"","meta":{"footnotes":""},"class_list":["post-11090","page","type-page","status-publish","hentry"],"_links":{"self":[{"href":"https:\/\/concellodesober.com\/es\/wp-json\/wp\/v2\/pages\/11090","targetHints":{"allow":["GET"]}}],"collection":[{"href":"https:\/\/concellodesober.com\/es\/wp-json\/wp\/v2\/pages"}],"about":[{"href":"https:\/\/concellodesober.com\/es\/wp-json\/wp\/v2\/types\/page"}],"author":[{"embeddable":true,"href":"https:\/\/concellodesober.com\/es\/wp-json\/wp\/v2\/users\/1"}],"replies":[{"embeddable":true,"href":"https:\/\/concellodesober.com\/es\/wp-json\/wp\/v2\/comments?post=11090"}],"version-history":[{"count":4,"href":"https:\/\/concellodesober.com\/es\/wp-json\/wp\/v2\/pages\/11090\/revisions"}],"predecessor-version":[{"id":15055,"href":"https:\/\/concellodesober.com\/es\/wp-json\/wp\/v2\/pages\/11090\/revisions\/15055"}],"wp:attachment":[{"href":"https:\/\/concellodesober.com\/es\/wp-json\/wp\/v2\/media?parent=11090"}],"curies":[{"name":"wp","href":"https:\/\/api.w.org\/{rel}","templated":true}]}}