{"id":11093,"date":"2024-07-29T14:13:36","date_gmt":"2024-07-29T12:13:36","guid":{"rendered":"https:\/\/www.concellodesober.com\/?page_id=11093"},"modified":"2025-10-21T13:08:52","modified_gmt":"2025-10-21T11:08:52","slug":"restos-arqueoloxicos","status":"publish","type":"page","link":"https:\/\/concellodesober.com\/es\/restos-arqueoloxicos\/","title":{"rendered":"Restos arqueoloxicos"},"content":{"rendered":"[vc_row ct_row_stretch=\u00bbstretch_row_content_no_spaces\u00bb full_width=\u00bbstretch_row_content_no_spaces\u00bb use_row_as_full_screen_section=\u00bbno\u00bb type=\u00bbfull_width\u00bb][vc_column][vc_single_image image=\u00bb10739&#8243; img_size=\u00bbfull\u00bb][\/vc_column][\/vc_row][vc_row ct_row_stretch=\u00bb\u00bb bg_type=\u00bbbg_color\u00bb bg_color_value=\u00bb#f9f9f9&#8243;][vc_column]<div id=\"ultimate-heading-226569d367a450c28\" class=\"uvc-heading ult-adjust-bottom-margin ultimate-heading-226569d367a450c28 uvc-5885 \" data-hspacer=\"no_spacer\"  data-halign=\"center\" style=\"text-align:center\"><div class=\"uvc-heading-spacer no_spacer\" style=\"top\"><\/div><div class=\"uvc-main-heading ult-responsive\"  data-ultimate-target='.uvc-heading.ultimate-heading-226569d367a450c28 h2'  data-responsive-json-new='{\"font-size\":\"desktop:40px;tablet:40px;tablet_portrait:30px;mobile_landscape:30px;mobile:20px;\",\"line-height\":\"\"}' ><h2 style=\"font-weight:normal;color:#000000;margin-top:80px;margin-bottom:80px;\">- RESTOS ARQUEOL\u00d3GICOS -<\/h2><\/div><\/div>[\/vc_column][\/vc_row][vc_row ct_row_stretch=\u00bb\u00bb][vc_column]<div class=\"ult-spacer spacer-69d367a450c7c\" data-id=\"69d367a450c7c\" data-height=\"30\" data-height-mobile=\"20\" data-height-tab=\"20\" data-height-tab-portrait=\"20\" data-height-mobile-landscape=\"20\" style=\"clear:both;display:block;\"><\/div>[\/vc_column][\/vc_row][vc_row ct_row_stretch=\u00bb\u00bb][vc_column width=\u00bb1\/4&#8243; css=\u00bb.vc_custom_1707307919031{background-color: #f0f0f0 !important;}\u00bb][vc_wp_custommenu nav_menu=\u00bb115&#8243;][\/vc_column][vc_column width=\u00bb3\/4&#8243;][vc_column_text]<strong>LOS PETROGLIFOS DE SOBER<\/strong><\/p>\n<p>En el patrimonio arqueol\u00f3gico de Sober destaca la existencia de un buen n\u00famero (m\u00e1s de 40) de grabados rupestres de la Edad de Bronce, siendo estas rocas con grabados milenarios las que nos llevan de viaje por la Prehistoria.<\/p>\n<p>Durante siglos, los petroglifos gallegos fueron vistos por nuestros antepasados como manifestaciones enigm\u00e1ticas de un mundo m\u00edtico que es, al fin y al cabo, un intento de explicaci\u00f3n muy humana de la realidad.<\/p>\n<p>Por lo tanto, la explicaci\u00f3n legendaria de los petroglifos es un valor a\u00f1adido que completa de poes\u00eda una de las manifestaciones m\u00e1s singulares del arte galaico<strong>.<\/strong><strong><br \/>\n<\/strong><\/p>\n<p>Para poder conocer un poco m\u00e1s sobre estas m\u00edticas rocas podemos dirigirnos a la\u00a0 p\u00e1xina web de la asociaci\u00f3n cultural\u201cO Colado do Vento\u201d <a href=\"https:\/\/coladodovento.blogspot.com\/search\/label\/PETROGLIFOS\">https:\/\/coladodovento.blogspot.com\/search\/label\/PETROGLIFOS<\/a><\/p>\n<p>Y para conocer de primera mano cada una de estas joyas en piedra de la mano de gu\u00edas especializadas tenemos que contactar con la empresa <a href=\"https:\/\/maisqueromanico.com\/visitas_guiadas\/petroglifos-de-sober\/\">M\u00e1is que Rom\u00e1nico.<\/a><\/p>\n<p>En el siguiente Link se puede descargar el folleto explicativo sobre los petroglifos m\u00e1s relevantes de nuestro municipio<\/p>\n<p><a href=\"https:\/\/concellodesober.com\/wp-content\/uploads\/2024\/07\/FOLLETO-RUTA-DOS-PETROGLIFOS-para-descargar.pdf\" target=\"_blank\" rel=\"noopener\">Descargar folleto ruta dos petroglifos<\/a>[\/vc_column_text]<div class=\"ult-spacer spacer-69d367a450cab\" data-id=\"69d367a450cab\" data-height=\"30\" data-height-mobile=\"20\" data-height-tab=\"20\" data-height-tab-portrait=\"20\" data-height-mobile-landscape=\"20\" style=\"clear:both;display:block;\"><\/div>[vc_single_image image=\u00bb10712&#8243; img_size=\u00bbfull\u00bb][vc_images_carousel images=\u00bb10859,10857,10860&#8243; img_size=\u00bbfull\u00bb slides_per_view=\u00bb2&#8243; hide_pagination_control=\u00bbyes\u00bb][\/vc_column][\/vc_row][vc_row ct_row_stretch=\u00bb\u00bb][vc_column]<div class=\"ult-spacer spacer-69d367a450cd4\" data-id=\"69d367a450cd4\" data-height=\"86\" data-height-mobile=\"86\" data-height-tab=\"86\" data-height-tab-portrait=\"\" data-height-mobile-landscape=\"\" style=\"clear:both;display:block;\"><\/div>[\/vc_column][\/vc_row]\n","protected":false},"excerpt":{"rendered":"<p>[vc_row ct_row_stretch=\u00bbstretch_row_content_no_spaces\u00bb full_width=\u00bbstretch_row_content_no_spaces\u00bb use_row_as_full_screen_section=\u00bbno\u00bb type=\u00bbfull_width\u00bb][vc_column][vc_single_image image=\u00bb10739&#8243; img_size=\u00bbfull\u00bb][\/vc_column][\/vc_row][vc_row ct_row_stretch=\u00bb\u00bb bg_type=\u00bbbg_color\u00bb bg_color_value=\u00bb#f9f9f9&#8243;][vc_column][\/vc_column][\/vc_row][vc_row ct_row_stretch=\u00bb\u00bb][vc_column][\/vc_column][\/vc_row][vc_row ct_row_stretch=\u00bb\u00bb][vc_column width=\u00bb1\/4&#8243; css=\u00bb.vc_custom_1707307919031{background-color: #f0f0f0 !important;}\u00bb][vc_wp_custommenu nav_menu=\u00bb115&#8243;][\/vc_column][vc_column width=\u00bb3\/4&#8243;][vc_column_text]LOS PETROGLIFOS DE SOBER En el patrimonio arqueol\u00f3gico de Sober destaca la existencia &#8230;<\/p>\n","protected":false},"author":1,"featured_media":0,"parent":0,"menu_order":0,"comment_status":"closed","ping_status":"closed","template":"","meta":{"footnotes":""},"class_list":["post-11093","page","type-page","status-publish","hentry"],"_links":{"self":[{"href":"https:\/\/concellodesober.com\/es\/wp-json\/wp\/v2\/pages\/11093","targetHints":{"allow":["GET"]}}],"collection":[{"href":"https:\/\/concellodesober.com\/es\/wp-json\/wp\/v2\/pages"}],"about":[{"href":"https:\/\/concellodesober.com\/es\/wp-json\/wp\/v2\/types\/page"}],"author":[{"embeddable":true,"href":"https:\/\/concellodesober.com\/es\/wp-json\/wp\/v2\/users\/1"}],"replies":[{"embeddable":true,"href":"https:\/\/concellodesober.com\/es\/wp-json\/wp\/v2\/comments?post=11093"}],"version-history":[{"count":6,"href":"https:\/\/concellodesober.com\/es\/wp-json\/wp\/v2\/pages\/11093\/revisions"}],"predecessor-version":[{"id":15144,"href":"https:\/\/concellodesober.com\/es\/wp-json\/wp\/v2\/pages\/11093\/revisions\/15144"}],"wp:attachment":[{"href":"https:\/\/concellodesober.com\/es\/wp-json\/wp\/v2\/media?parent=11093"}],"curies":[{"name":"wp","href":"https:\/\/api.w.org\/{rel}","templated":true}]}}