{"id":11096,"date":"2024-08-07T12:49:23","date_gmt":"2024-08-07T10:49:23","guid":{"rendered":"https:\/\/www.concellodesober.com\/?page_id=11096"},"modified":"2025-10-14T13:42:19","modified_gmt":"2025-10-14T11:42:19","slug":"horreum-de-proendos","status":"publish","type":"page","link":"https:\/\/concellodesober.com\/es\/horreum-de-proendos\/","title":{"rendered":"horreum de proendos"},"content":{"rendered":"[vc_row ct_row_stretch=\u00bbstretch_row_content_no_spaces\u00bb full_width=\u00bbstretch_row_content_no_spaces\u00bb use_row_as_full_screen_section=\u00bbno\u00bb type=\u00bbfull_width\u00bb][vc_column][vc_single_image image=\u00bb10739&#8243; img_size=\u00bbfull\u00bb][\/vc_column][\/vc_row][vc_row ct_row_stretch=\u00bb\u00bb bg_type=\u00bbbg_color\u00bb bg_color_value=\u00bb#f9f9f9&#8243;][vc_column]<div id=\"ultimate-heading-408669d351b36245a\" class=\"uvc-heading ult-adjust-bottom-margin ultimate-heading-408669d351b36245a uvc-6967 \" data-hspacer=\"no_spacer\"  data-halign=\"center\" style=\"text-align:center\"><div class=\"uvc-heading-spacer no_spacer\" style=\"top\"><\/div><div class=\"uvc-main-heading ult-responsive\"  data-ultimate-target='.uvc-heading.ultimate-heading-408669d351b36245a h2'  data-responsive-json-new='{\"font-size\":\"desktop:40px;tablet:40px;tablet_portrait:30px;mobile_landscape:30px;mobile:20px;\",\"line-height\":\"\"}' ><h2 style=\"font-weight:normal;color:#000000;margin-top:80px;margin-bottom:80px;\">- RESTOS ARQUEOL\u00d3GICOS -<\/h2><\/div><\/div>[\/vc_column][\/vc_row][vc_row ct_row_stretch=\u00bb\u00bb][vc_column]<div class=\"ult-spacer spacer-69d351b3624b1\" data-id=\"69d351b3624b1\" data-height=\"30\" data-height-mobile=\"20\" data-height-tab=\"20\" data-height-tab-portrait=\"20\" data-height-mobile-landscape=\"20\" style=\"clear:both;display:block;\"><\/div>[\/vc_column][\/vc_row][vc_row ct_row_stretch=\u00bb\u00bb][vc_column width=\u00bb1\/4&#8243; css=\u00bb.vc_custom_1707307919031{background-color: #f0f0f0 !important;}\u00bb][vc_wp_custommenu nav_menu=\u00bb97&#8243;][\/vc_column][vc_column width=\u00bb3\/4&#8243;][vc_column_text]<strong>Horreum de Proendos<\/strong><\/p>\n<p>El ayuntamiento de Sober inici\u00f3 en el a\u00f1o 2019 varias prospecciones geof\u00edsicas en 20.000 metros cuadrados que ya permitieron constatar la existencia de un complejo de hipocaustos de gran extensi\u00f3n.<\/p>\n<p>Destacaba entre los restos, un curioso edificio que los arque\u00f3logos llamaron \u201cen parrilla\u201d por la forma que ten\u00eda.<\/p>\n<p>Este edificio con el \u00e1bside ya hac\u00eda pensar en una villa romana pero no estaba claro que se tratase de un horreum porque no hab\u00eda constancia de ninguno de este tipo en Galicia.<\/p>\n<p>Con las primeras excavaciones del 2020 y en una segunda fase se descubre cuales eran las verdaderas dimensiones e importancia de este granero.<\/p>\n<p>Se trataba de un edificio realmente singular ya que est\u00e1 constru\u00eddo mediante siete muros paralelos de muy buena calidad, para as\u00ed ventilar bien el cereal y favorecer su conservaci\u00f3n, a mayores el muro del medio es m\u00e1s grueso, quiz\u00e1s para sostener las columnas de una cubierta a dos augas. Hay que imaginar que hablamos de lo que podr\u00eda ser una construci\u00f3n de <strong>seis metros de altura y<\/strong> quince metros de largo. Podr\u00eda tener incluso un segundo piso. Para encontrar algo similar tenemos que ir hasta Extremadura o al sur del Douro, en Portugal<\/p>\n<p>Ese gran tama\u00f1o hizo pensar a los cient\u00edficos que desde Proendos sal\u00eda mucho cereal que ser\u00eda consumido en muchos puntos de la actual Galicia e incluso en el Lucus Augusti, (el Lugo actual).<\/p>\n<p>Nace as\u00ed <strong>el primer horreum con muros paralelos de Galicia<\/strong> que forma parte de una <strong>villa del Alto Imperio<\/strong> con un edificio central y diferentes estructuras agr\u00edcolas asociadas cuyos restos est\u00e1n cerca de este granero.<\/p>\n<p>Gracias a las cer\u00e1micas recuperadas en la excavaci\u00f3n se pudo datar el horreum en el siglo I d.de C. y se puede considerar que la villa ser\u00eda de la misma \u00e9poca.<\/p>\n<p>En el \u00e1rea central se descubri\u00f3 una gran estancia con planta en \u00e1bside de m\u00e1s de 10 metros de largo y que se encontrar\u00eda vinculada a restos de mosaicos de varios colores, localizados en posici\u00f3n secundaria. Asociada a la estancia en \u00e1bside se localizar\u00eda una peque\u00f1a habitaci\u00f3n con muros reforzados, que albergar\u00eda un hipocausto, un sistema de calefacci\u00f3n subterr\u00e1neo que podr\u00eda estar calefactando simplemente la estancia o una zona de ba\u00f1os. Este gran edificio estar\u00eda datado en el Bajo Imperio y cuando se abandona, en los siglos V-VI, es utilizado para la produci\u00f3n de grandes cantidades de hierro o cobre evidenciado por el gran n\u00famero de escorias localizadas.<\/p>\n<p>Durante los trabajos se localizaron dos \u00e1reas con ocupaci\u00f3n romana diferenciada, una del Alto Imperio, vinculada al horreum y estruturas agr\u00edcolas y otra del Bajo Imperio, con un gran edificio noble con elementos de lujo, como mosaicos. Estas evidencias formulan la posible existencia en Proendos de una compleja villa romana fundada en el Alto Imperio y con una importante ocupaci\u00f3n en \u00e9poca bajoimperial, aunque esta hip\u00f3tesis debe ser refutada con mayores investigaciones.<\/p>\n<p>Francisco Alonso Toucido director t\u00e9cnico de la excavaci\u00f3n afirma que. \u201cEsta estrutura altoimperial nos indicar\u00eda que Roma fue cap\u00e1z de organizar el territorio rural pocos a\u00f1os despu\u00e9s de llegar a Galicia, al noroeste de la pen\u00ednsula. Estamos viendo los primeros procesos de control del rural, desde unha l\u00f3gica romana, aqu\u00ed en Proendos. Colocar unha villa, posiblemente de alguien importante, en una zona rural recientemente conquistada, tiene su m\u00e9rito\u201d<\/p>\n<p>\u201cEl descubrimento deste h\u00f3rreum es una gran noticia arqueol\u00f3gica para Galicia, pero tam\u00e9n para toda la Pen\u00ednsula Ib\u00e9rica, porque no hay tantas estructuras similares documentadas. Este granero ya es un referente porque nos conecta con otros lugares de Europa\u201d<\/p>\n<p>Despu\u00e9s de la consolidaci\u00f3n de la estructura y la protecci\u00f3n para la adaptaci\u00f3n a la nueva realidad y el estudio de muestras de cereal que se fueron extrayendo de la excavaci\u00f3n, se dej\u00f3 una buena parte a la vista para poder visitarlo.<\/p>\n<p>Durante los trabajos se recuperaron m\u00e1s de 1.200 elementos, depositados en el Museo de Viladonga y para parte de los cuales el Ayuntamiento de Sober gestion\u00f3 su traslado y exposici\u00f3n en la propia villa, en la Oficina de Turismo. Entre estos materiales destacan cer\u00e1micas de tradici\u00f3n ind\u00edgena, piezas de Tierra Sigillata, cer\u00e1mica com\u00fan lucense, cer\u00e1micas comunes de los siglos V\/VI d.C. y una cuenta de acibeche.<\/p>\n<p>El estudio realizado por un equipo de arque\u00f3logos revel\u00f3 el descubrimiento de una posible Villa romana junto al horreum. Los datos obtenidos por el georadar hablan de una construcci\u00f3n de 5000 metros cuadrados que pudieran haber sido la residencia del due\u00f1o o administrador del granero.<\/p>\n<p>Este edificio tendr\u00eda la disposici\u00f3n t\u00edpica de las casas rurales romanas, con varios cuartos rodeando un patio central que podr\u00eda tener un peristilo o columnata. Los arque\u00f3logos consideran que La cronolog\u00eda de la edificaci\u00f3n podr\u00eda coincidir con la del horreum (s. I d.C.) formando parte del complejo agr\u00edcola.<\/p>\n<p>Se descarta as\u00ed que la vivenda asociada al granero fuera la excavada en el 2020 en una parcela lim\u00edtrofe que result\u00f3 ser del siglo IV.<\/p>\n<p>En este estudio con georadar de 15.000 metros cuadrados se encontraron vestigios de otras edificaciones escondidas bajo la tierra, y gran parte de estas est\u00e1n en un terreno lim\u00edtrofe adquirido recientemente por el ayuntamiento en el cual se localiza tambi\u00e9n parte del granero.<\/p>\n<p>Francisco Alonso, arque\u00f3logo que dirigi\u00f3 este trabajo dice que estas edificaciones son de dif\u00edcil interpretaci\u00f3n, pero sugire la posibilidad de que formen parte de la denominada &#8216;pars rustica&#8217; de la villa. Es decir, que podr\u00edan ser construcciones auxiliares relacionadas con labores agr\u00edcolas, o para guardar los carros, como almacenes o cuadras, pero todo esto son suposiciones.<\/p>\n<p>Proendos se convierte as\u00ed en un lugar fundamental para comprender la articulaci\u00f3n del paisaje agr\u00edcola en la Ribeira Sacra, y entender la llegada e implantaci\u00f3n del imperio romano en las tierras del noroeste peninsular.<\/p>\n<p>En el a\u00f1o 2025 se est\u00e1 realizando la excavaci\u00f3n de esa posible Villa situada muy cerca el horreum, estaremos atentos a intrerpretar los restos que se encuentranescondidos en lo que ser\u00eda la antigua \u201cProencia Romana.<\/p>\n<p>Cient\u00edficos, autoridades y amantes del patrimonio y la arqueolog\u00eda, no disimulan su impaciencia por descubrir nuevos tesoros en la antigua Proencia. Con los resultados del georadar, las fincas limpias y la complicidad de los vecinos, todos quieren conocer el verdadero alcance del yacimiento y por qu\u00e9 no, llevarse alguna sorpresa. \u00abEs seguro que aqu\u00ed, en Proendos- termina Francisco-,no son pocas\u00bb.<\/p>\n[\/vc_column_text]<div class=\"ult-spacer spacer-69d351b3624e1\" data-id=\"69d351b3624e1\" data-height=\"30\" data-height-mobile=\"20\" data-height-tab=\"20\" data-height-tab-portrait=\"20\" data-height-mobile-landscape=\"20\" style=\"clear:both;display:block;\"><\/div>[vc_single_image image=\u00bb10712&#8243; img_size=\u00bbfull\u00bb][vc_images_carousel images=\u00bb10859,10860&#8243; img_size=\u00bbfull\u00bb slides_per_view=\u00bb2&#8243; hide_pagination_control=\u00bbyes\u00bb][\/vc_column][\/vc_row][vc_row ct_row_stretch=\u00bb\u00bb][vc_column]<div class=\"ult-spacer spacer-69d351b36250a\" data-id=\"69d351b36250a\" data-height=\"86\" data-height-mobile=\"86\" data-height-tab=\"86\" data-height-tab-portrait=\"\" data-height-mobile-landscape=\"\" style=\"clear:both;display:block;\"><\/div>[\/vc_column][\/vc_row]\n","protected":false},"excerpt":{"rendered":"<p>[vc_row ct_row_stretch=\u00bbstretch_row_content_no_spaces\u00bb full_width=\u00bbstretch_row_content_no_spaces\u00bb use_row_as_full_screen_section=\u00bbno\u00bb type=\u00bbfull_width\u00bb][vc_column][vc_single_image image=\u00bb10739&#8243; img_size=\u00bbfull\u00bb][\/vc_column][\/vc_row][vc_row ct_row_stretch=\u00bb\u00bb bg_type=\u00bbbg_color\u00bb bg_color_value=\u00bb#f9f9f9&#8243;][vc_column][\/vc_column][\/vc_row][vc_row ct_row_stretch=\u00bb\u00bb][vc_column][\/vc_column][\/vc_row][vc_row ct_row_stretch=\u00bb\u00bb][vc_column width=\u00bb1\/4&#8243; css=\u00bb.vc_custom_1707307919031{background-color: #f0f0f0 !important;}\u00bb][vc_wp_custommenu nav_menu=\u00bb97&#8243;][\/vc_column][vc_column width=\u00bb3\/4&#8243;][vc_column_text]Horreum de Proendos El ayuntamiento de Sober inici\u00f3 en el a\u00f1o 2019 varias &#8230;<\/p>\n","protected":false},"author":1,"featured_media":0,"parent":0,"menu_order":0,"comment_status":"closed","ping_status":"closed","template":"","meta":{"footnotes":""},"class_list":["post-11096","page","type-page","status-publish","hentry"],"_links":{"self":[{"href":"https:\/\/concellodesober.com\/es\/wp-json\/wp\/v2\/pages\/11096","targetHints":{"allow":["GET"]}}],"collection":[{"href":"https:\/\/concellodesober.com\/es\/wp-json\/wp\/v2\/pages"}],"about":[{"href":"https:\/\/concellodesober.com\/es\/wp-json\/wp\/v2\/types\/page"}],"author":[{"embeddable":true,"href":"https:\/\/concellodesober.com\/es\/wp-json\/wp\/v2\/users\/1"}],"replies":[{"embeddable":true,"href":"https:\/\/concellodesober.com\/es\/wp-json\/wp\/v2\/comments?post=11096"}],"version-history":[{"count":3,"href":"https:\/\/concellodesober.com\/es\/wp-json\/wp\/v2\/pages\/11096\/revisions"}],"predecessor-version":[{"id":15040,"href":"https:\/\/concellodesober.com\/es\/wp-json\/wp\/v2\/pages\/11096\/revisions\/15040"}],"wp:attachment":[{"href":"https:\/\/concellodesober.com\/es\/wp-json\/wp\/v2\/media?parent=11096"}],"curies":[{"name":"wp","href":"https:\/\/api.w.org\/{rel}","templated":true}]}}