{"id":11099,"date":"2024-07-31T10:52:30","date_gmt":"2024-07-31T08:52:30","guid":{"rendered":"https:\/\/www.concellodesober.com\/?page_id=11099"},"modified":"2025-10-21T13:14:20","modified_gmt":"2025-10-21T11:14:20","slug":"senderismo","status":"publish","type":"page","link":"https:\/\/concellodesober.com\/es\/senderismo\/","title":{"rendered":"Senderismo"},"content":{"rendered":"[vc_row ct_row_stretch=\u00bbstretch_row_content_no_spaces\u00bb full_width=\u00bbstretch_row_content_no_spaces\u00bb use_row_as_full_screen_section=\u00bbno\u00bb type=\u00bbfull_width\u00bb][vc_column][vc_single_image image=\u00bb10961&#8243; img_size=\u00bbfull\u00bb][\/vc_column][\/vc_row][vc_row ct_row_stretch=\u00bb\u00bb bg_type=\u00bbbg_color\u00bb bg_color_value=\u00bb#f9f9f9&#8243;][vc_column]<div id=\"ultimate-heading-763669d470458ea23\" class=\"uvc-heading ult-adjust-bottom-margin ultimate-heading-763669d470458ea23 uvc-605 \" data-hspacer=\"no_spacer\"  data-halign=\"center\" style=\"text-align:center\"><div class=\"uvc-heading-spacer no_spacer\" style=\"top\"><\/div><div class=\"uvc-main-heading ult-responsive\"  data-ultimate-target='.uvc-heading.ultimate-heading-763669d470458ea23 h2'  data-responsive-json-new='{\"font-size\":\"desktop:40px;tablet:40px;tablet_portrait:30px;mobile_landscape:30px;mobile:20px;\",\"line-height\":\"\"}' ><h2 style=\"font-weight:normal;color:#000000;margin-top:80px;margin-bottom:80px;\">- SENDERISMO -<\/h2><\/div><\/div>[\/vc_column][\/vc_row][vc_row ct_row_stretch=\u00bb\u00bb][vc_column]<div class=\"ult-spacer spacer-69d470458ea7b\" data-id=\"69d470458ea7b\" data-height=\"30\" data-height-mobile=\"20\" data-height-tab=\"20\" data-height-tab-portrait=\"20\" data-height-mobile-landscape=\"20\" style=\"clear:both;display:block;\"><\/div>[\/vc_column][\/vc_row][vc_row ct_row_stretch=\u00bb\u00bb][vc_column][vc_column_text]Este municipio de 133 km cuadrados tiene el privilegio de estar en un entorno natural espectacular, siendo el Ca\u00f1\u00f3n del Sil la referencia m\u00e1s importante, haciendo de l\u00edmite municipal y provincial por el sur pero sin desmerecer en ning\u00fan momento el curso del r\u00edo Cabe que ser\u00eda el l\u00edmite por el lado oeste.<\/p>\n<p>Los espacios naturales de este municipio pertenecen a red Natura 2000 y est\u00e1n catalogados como Zonas de Especial Conservaci\u00f3n (Z.E.C.) ya que tienen un gran potencial para la restauraci\u00f3n de su h\u00e1bitat natural por su riqueza y diversidad.<\/p>\n<p>Recorrer algunos senderos con especies t\u00edpicamente mediterr\u00e1neas como los alcornoques o madro\u00f1os, mezcladas con otras propias como los robles, casta\u00f1os, brezos o tojos, es, sin duda una experiencia inolvidable.<\/p>\n<p>Y en medio de estos bosques, si tenemos suerte podremos avistar alg\u00fan ave como la garza real, halc\u00f3n, murci\u00e9lago o b\u00faho. Tambi\u00e9n podemos encontrarnos con jabal\u00eds, corzos, ginetas, gato mont\u00e9s, ardillas\u2026<\/p>\n<p>Sober es un municipio por lo tanto con una gran masa forestal y espacios naturales, cursos fluviales y rincones en los cuales la flora, la fauna, y el vecindario conviven en sinton\u00eda.<\/p>\n<p>Somos todos responsables de que esto siga siendo as\u00ed, responsabiliz\u00e1ndonos de contribuir a su conservaci\u00f3n y protecci\u00f3n.<\/p>\n<p>Cualquier camino, pista o bosque puede convertirse en una ruta de senderismo en estas tierras, pero vamos a hacer una lista de alguna de las m\u00e1s populares.[\/vc_column_text]<div class=\"ult-spacer spacer-69d470458eaad\" data-id=\"69d470458eaad\" data-height=\"30\" data-height-mobile=\"20\" data-height-tab=\"20\" data-height-tab-portrait=\"20\" data-height-mobile-landscape=\"20\" style=\"clear:both;display:block;\"><\/div>[vc_single_image image=\u00bb10712&#8243; img_size=\u00bbfull\u00bb alignment=\u00bbcenter\u00bb][\/vc_column][\/vc_row][vc_row ct_row_stretch=\u00bb\u00bb][vc_column]<div class=\"ult-spacer spacer-69d470458eada\" data-id=\"69d470458eada\" data-height=\"30\" data-height-mobile=\"20\" data-height-tab=\"20\" data-height-tab-portrait=\"20\" data-height-mobile-landscape=\"20\" style=\"clear:both;display:block;\"><\/div>[\/vc_column][\/vc_row][vc_row ct_row_stretch=\u00bb\u00bb][vc_column][vc_row_inner][vc_column_inner width=\u00bb1\/2&#8243;][vc_single_image image=\u00bb10902&#8243; img_size=\u00bbfull\u00bb]<div class=\"ult-spacer spacer-69d470458eb03\" data-id=\"69d470458eb03\" data-height=\"20\" data-height-mobile=\"20\" data-height-tab=\"20\" data-height-tab-portrait=\"20\" data-height-mobile-landscape=\"20\" style=\"clear:both;display:block;\"><\/div><div id=\"ultimate-heading-847169d470458eb43\" class=\"uvc-heading ult-adjust-bottom-margin ultimate-heading-847169d470458eb43 uvc-3833 \" data-hspacer=\"no_spacer\"  data-halign=\"left\" style=\"text-align:left\"><div class=\"uvc-heading-spacer no_spacer\" style=\"top\"><\/div><div class=\"uvc-main-heading ult-responsive\"  data-ultimate-target='.uvc-heading.ultimate-heading-847169d470458eb43 p'  data-responsive-json-new='{\"font-size\":\"desktop:20px;tablet:20px;tablet_portrait:17px;mobile_landscape:17px;mobile:15px;\",\"line-height\":\"desktop:25px;tablet:25px;tablet_portrait:22px;mobile_landscape:22px;mobile:20px;\"}' ><p style=\"font-weight:bold;color:#0a467c;\">PR-G 86 SENDERO DE LOS VI\u00d1EDOS DE LA RIBEIRA SACRA<\/p><\/div><\/div><div class=\"ult-spacer spacer-69d470458eb7d\" data-id=\"69d470458eb7d\" data-height=\"20\" data-height-mobile=\"20\" data-height-tab=\"20\" data-height-tab-portrait=\"20\" data-height-mobile-landscape=\"20\" style=\"clear:both;display:block;\"><\/div>[vc_column_text]Esta ruta homologada en el a\u00f1o 2015 comunica el pueblo de Rosende con el r\u00edo Sil en un trazado lineal de 12,3 km atravesando varios pueblos, vi\u00f1edos, pinares y acabando en un descenso entre antiguos molinos hasta el Sil.[\/vc_column_text]<span id=\"creative-link-wrap-5439\" class=\"ult_main_cl ult-adjust-bottom-margin  \" >\n\t \t\t\t<span class=\"  ult_crlink\" >\n\t\t\t\t\t<a  data-ultimate-target='#creative-link-wrap-5439 .ult_colorlink'  data-responsive-json-new='{\"font-size\":\"\",\"line-height\":\"\"}'  href=\"https:\/\/www.concellodesober.com\/es\/sendeiro-dos-vinedos-da-ribeira-sacra\/\" title=\"Sendeiro dos vi\u00f1edos da ribeira sacra\"  class=\"ult_colorlink ult-responsive \" style=\"float:left;font-weight:normal; \"  data-textcolor=\"#333333\" data-texthover=\"#333333\"data-style=\"\">\n\t\t\t\t\t\t\n\t\t\t\t\t\t<span data-hover=\"SABER M\u00c1S\" style=\"color:#333333;;;\" class=\"ult_btn10_span   \">SABER M\u00c1S<\/span>\n\t\t\t\t\t\t\n\t\t\t\t\t<\/a>\n\t\t\t\t<\/span>\n\t\t\t<\/span>[\/vc_column_inner][vc_column_inner width=\u00bb1\/2&#8243;][vc_single_image image=\u00bb10881&#8243; img_size=\u00bbfull\u00bb]<div class=\"ult-spacer spacer-69d470458ec16\" data-id=\"69d470458ec16\" data-height=\"20\" data-height-mobile=\"20\" data-height-tab=\"20\" data-height-tab-portrait=\"20\" data-height-mobile-landscape=\"20\" style=\"clear:both;display:block;\"><\/div><div id=\"ultimate-heading-11169d470458ec48\" class=\"uvc-heading ult-adjust-bottom-margin ultimate-heading-11169d470458ec48 uvc-3054 \" data-hspacer=\"no_spacer\"  data-halign=\"left\" style=\"text-align:left\"><div class=\"uvc-heading-spacer no_spacer\" style=\"top\"><\/div><div class=\"uvc-main-heading ult-responsive\"  data-ultimate-target='.uvc-heading.ultimate-heading-11169d470458ec48 span'  data-responsive-json-new='{\"font-size\":\"desktop:20px;tablet:20px;tablet_portrait:17px;mobile_landscape:17px;mobile:15px;\",\"line-height\":\"desktop:25px;tablet:25px;tablet_portrait:22px;mobile_landscape:22px;mobile:20px;\"}' ><span style=\"font-weight:bold;color:#0a467c;\">PR-G 157 ROTEIRO DE DOADE \u2013 AUGASMESTAS<\/span><\/div><\/div><div class=\"ult-spacer spacer-69d470458ec7c\" data-id=\"69d470458ec7c\" data-height=\"20\" data-height-mobile=\"20\" data-height-tab=\"20\" data-height-tab-portrait=\"20\" data-height-mobile-landscape=\"20\" style=\"clear:both;display:block;\"><\/div>[vc_column_text]La ruta lineal comienza en la localidad de Doade en la parte alta de la ladera norte del Ca\u00f1\u00f3n del Sil y va a recorrer hermosos paisajes y tupidos bosques, descubriendo pueblos casi abandonados, valles y r\u00edos como el Lor.[\/vc_column_text]<span id=\"creative-link-wrap-5895\" class=\"ult_main_cl ult-adjust-bottom-margin  \" >\n\t \t\t\t<span class=\"  ult_crlink\" >\n\t\t\t\t\t<a  data-ultimate-target='#creative-link-wrap-5895 .ult_colorlink'  data-responsive-json-new='{\"font-size\":\"\",\"line-height\":\"\"}'  href=\"https:\/\/www.concellodesober.com\/es\/roteiro-doade-augasmestas\/\" title=\"Roteiro Doade Augasmestas\"  class=\"ult_colorlink ult-responsive \" style=\"float:left;font-weight:normal; \"  data-textcolor=\"#333333\" data-texthover=\"#333333\"data-style=\"\">\n\t\t\t\t\t\t\n\t\t\t\t\t\t<span data-hover=\"SABER M\u00c1S\" style=\"color:#333333;;;\" class=\"ult_btn10_span   \">SABER M\u00c1S<\/span>\n\t\t\t\t\t\t\n\t\t\t\t\t<\/a>\n\t\t\t\t<\/span>\n\t\t\t<\/span>[\/vc_column_inner][\/vc_row_inner]<div class=\"ult-spacer spacer-69d470458ecde\" data-id=\"69d470458ecde\" data-height=\"20\" data-height-mobile=\"20\" data-height-tab=\"20\" data-height-tab-portrait=\"20\" data-height-mobile-landscape=\"20\" style=\"clear:both;display:block;\"><\/div>[vc_row_inner][vc_column_inner width=\u00bb1\/2&#8243;][vc_single_image image=\u00bb10864&#8243; img_size=\u00bbfull\u00bb]<div class=\"ult-spacer spacer-69d470458ed04\" data-id=\"69d470458ed04\" data-height=\"20\" data-height-mobile=\"20\" data-height-tab=\"20\" data-height-tab-portrait=\"20\" data-height-mobile-landscape=\"20\" style=\"clear:both;display:block;\"><\/div><div id=\"ultimate-heading-165269d470458ed30\" class=\"uvc-heading ult-adjust-bottom-margin ultimate-heading-165269d470458ed30 uvc-754 \" data-hspacer=\"no_spacer\"  data-halign=\"left\" style=\"text-align:left\"><div class=\"uvc-heading-spacer no_spacer\" style=\"top\"><\/div><div class=\"uvc-main-heading ult-responsive\"  data-ultimate-target='.uvc-heading.ultimate-heading-165269d470458ed30 p'  data-responsive-json-new='{\"font-size\":\"desktop:20px;tablet:20px;tablet_portrait:17px;mobile_landscape:17px;mobile:15px;\",\"line-height\":\"desktop:25px;tablet:25px;tablet_portrait:22px;mobile_landscape:22px;mobile:20px;\"}' ><p style=\"font-weight:bold;color:#0a467c;\">RUTA DE LOS MOLINOS DEL XABREGA<\/p><\/div><\/div><div class=\"ult-spacer spacer-69d470458ed61\" data-id=\"69d470458ed61\" data-height=\"20\" data-height-mobile=\"20\" data-height-tab=\"20\" data-height-tab-portrait=\"20\" data-height-mobile-landscape=\"20\" style=\"clear:both;display:block;\"><\/div>[vc_column_text]Esta ruta es un tramo de la ruta homologada PRG-86 del sendero por los vi\u00f1edos. Son tan solo 1,2 km que comprenden la parte en la que caminamos paralelos al riachuelo del Xabrega hasta llegar a su desembocadura en el Sil. Podremos observar los molinos parcialmente restaurados que mov\u00edan las augas del arroyo aprovechando la fuerza de las corrientes.[\/vc_column_text]<span id=\"creative-link-wrap-2398\" class=\"ult_main_cl ult-adjust-bottom-margin  \" >\n\t \t\t\t<span class=\"  ult_crlink\" >\n\t\t\t\t\t<a  data-ultimate-target='#creative-link-wrap-2398 .ult_colorlink'  data-responsive-json-new='{\"font-size\":\"\",\"line-height\":\"\"}'  href=\"https:\/\/www.concellodesober.com\/es\/ruta-dos-muinos-do-xabrega-2\/\" title=\"Ruta dos mui\u00f1os do xabrega\"  class=\"ult_colorlink ult-responsive \" style=\"float:left;font-weight:normal; \"  data-textcolor=\"#333333\" data-texthover=\"#333333\"data-style=\"\">\n\t\t\t\t\t\t\n\t\t\t\t\t\t<span data-hover=\"SABER M\u00c1S\" style=\"color:#333333;;;\" class=\"ult_btn10_span   \">SABER M\u00c1S<\/span>\n\t\t\t\t\t\t\n\t\t\t\t\t<\/a>\n\t\t\t\t<\/span>\n\t\t\t<\/span>[\/vc_column_inner][vc_column_inner width=\u00bb1\/2&#8243;][vc_single_image image=\u00bb10908&#8243; img_size=\u00bb570&#215;380&#8243;]<div class=\"ult-spacer spacer-69d470458edbe\" data-id=\"69d470458edbe\" data-height=\"20\" data-height-mobile=\"20\" data-height-tab=\"20\" data-height-tab-portrait=\"20\" data-height-mobile-landscape=\"20\" style=\"clear:both;display:block;\"><\/div><div id=\"ultimate-heading-606669d470458edea\" class=\"uvc-heading ult-adjust-bottom-margin ultimate-heading-606669d470458edea uvc-3077 \" data-hspacer=\"no_spacer\"  data-halign=\"left\" style=\"text-align:left\"><div class=\"uvc-heading-spacer no_spacer\" style=\"top\"><\/div><div class=\"uvc-main-heading ult-responsive\"  data-ultimate-target='.uvc-heading.ultimate-heading-606669d470458edea span'  data-responsive-json-new='{\"font-size\":\"desktop:20px;tablet:20px;tablet_portrait:17px;mobile_landscape:17px;mobile:15px;\",\"line-height\":\"desktop:25px;tablet:25px;tablet_portrait:22px;mobile_landscape:22px;mobile:20px;\"}' ><span style=\"font-weight:bold;color:#0a467c;\">RUTA DEL EUCALIPTO DEL M\u00c9DICO<\/span><\/div><\/div><div class=\"ult-spacer spacer-69d470458ee1b\" data-id=\"69d470458ee1b\" data-height=\"20\" data-height-mobile=\"20\" data-height-tab=\"20\" data-height-tab-portrait=\"20\" data-height-mobile-landscape=\"20\" style=\"clear:both;display:block;\"><\/div>[vc_column_text]La ruta circular comienza junto al mirador de Boqueiri\u00f1o donde subiremos por una pista en tierra que hace la funci\u00f3n de cortafuegos, descubriremos vistas impresionantes al ca\u00f1\u00f3n, bosques de monte bajo, otros de alcornoques y madro\u00f1os o de robles, mezclados con vi\u00f1edos. La ruta recibe este nombre porque encontraremos un ejemplar de eucalipto de notables dimensiones y que supera la edad de cien a\u00f1os.[\/vc_column_text]<span id=\"creative-link-wrap-4635\" class=\"ult_main_cl ult-adjust-bottom-margin  \" >\n\t \t\t\t<span class=\"  ult_crlink\" >\n\t\t\t\t\t<a  data-ultimate-target='#creative-link-wrap-4635 .ult_colorlink'  data-responsive-json-new='{\"font-size\":\"\",\"line-height\":\"\"}'  href=\"https:\/\/www.concellodesober.com\/es\/ruta-do-eucalipto-do-medico\/\" title=\"Ruta do eucalipto do medico\"  class=\"ult_colorlink ult-responsive \" style=\"float:left;font-weight:normal; \"  data-textcolor=\"#333333\" data-texthover=\"#333333\"data-style=\"\">\n\t\t\t\t\t\t\n\t\t\t\t\t\t<span data-hover=\"SABER M\u00c1S\" style=\"color:#333333;;;\" class=\"ult_btn10_span   \">SABER M\u00c1S<\/span>\n\t\t\t\t\t\t\n\t\t\t\t\t<\/a>\n\t\t\t\t<\/span>\n\t\t\t<\/span>[\/vc_column_inner][\/vc_row_inner]<div class=\"ult-spacer spacer-69d470458ee75\" data-id=\"69d470458ee75\" data-height=\"20\" data-height-mobile=\"20\" data-height-tab=\"20\" data-height-tab-portrait=\"20\" data-height-mobile-landscape=\"20\" style=\"clear:both;display:block;\"><\/div>[\/vc_column][\/vc_row]\n","protected":false},"excerpt":{"rendered":"<p>[vc_row ct_row_stretch=\u00bbstretch_row_content_no_spaces\u00bb full_width=\u00bbstretch_row_content_no_spaces\u00bb use_row_as_full_screen_section=\u00bbno\u00bb type=\u00bbfull_width\u00bb][vc_column][vc_single_image image=\u00bb10961&#8243; img_size=\u00bbfull\u00bb][\/vc_column][\/vc_row][vc_row ct_row_stretch=\u00bb\u00bb bg_type=\u00bbbg_color\u00bb bg_color_value=\u00bb#f9f9f9&#8243;][vc_column][\/vc_column][\/vc_row][vc_row ct_row_stretch=\u00bb\u00bb][vc_column][\/vc_column][\/vc_row][vc_row ct_row_stretch=\u00bb\u00bb][vc_column][vc_column_text]Este municipio de 133 km cuadrados tiene el privilegio de estar en un entorno natural espectacular, siendo el Ca\u00f1\u00f3n &#8230;<\/p>\n","protected":false},"author":1,"featured_media":0,"parent":0,"menu_order":0,"comment_status":"closed","ping_status":"closed","template":"","meta":{"footnotes":""},"class_list":["post-11099","page","type-page","status-publish","hentry"],"_links":{"self":[{"href":"https:\/\/concellodesober.com\/es\/wp-json\/wp\/v2\/pages\/11099","targetHints":{"allow":["GET"]}}],"collection":[{"href":"https:\/\/concellodesober.com\/es\/wp-json\/wp\/v2\/pages"}],"about":[{"href":"https:\/\/concellodesober.com\/es\/wp-json\/wp\/v2\/types\/page"}],"author":[{"embeddable":true,"href":"https:\/\/concellodesober.com\/es\/wp-json\/wp\/v2\/users\/1"}],"replies":[{"embeddable":true,"href":"https:\/\/concellodesober.com\/es\/wp-json\/wp\/v2\/comments?post=11099"}],"version-history":[{"count":6,"href":"https:\/\/concellodesober.com\/es\/wp-json\/wp\/v2\/pages\/11099\/revisions"}],"predecessor-version":[{"id":15149,"href":"https:\/\/concellodesober.com\/es\/wp-json\/wp\/v2\/pages\/11099\/revisions\/15149"}],"wp:attachment":[{"href":"https:\/\/concellodesober.com\/es\/wp-json\/wp\/v2\/media?parent=11099"}],"curies":[{"name":"wp","href":"https:\/\/api.w.org\/{rel}","templated":true}]}}