{"id":11105,"date":"2024-08-13T13:04:19","date_gmt":"2024-08-13T11:04:19","guid":{"rendered":"https:\/\/www.concellodesober.com\/?page_id=11105"},"modified":"2024-10-07T11:23:37","modified_gmt":"2024-10-07T09:23:37","slug":"sendeiro-dos-vinedos-da-ribeira-sacra","status":"publish","type":"page","link":"https:\/\/concellodesober.com\/es\/sendeiro-dos-vinedos-da-ribeira-sacra\/","title":{"rendered":"Sendeiro dos vi\u00f1edos da ribeira sacra"},"content":{"rendered":"[vc_row ct_row_stretch=\u00bbstretch_row_content_no_spaces\u00bb full_width=\u00bbstretch_row_content_no_spaces\u00bb use_row_as_full_screen_section=\u00bbno\u00bb type=\u00bbfull_width\u00bb][vc_column][vc_single_image image=\u00bb10962&#8243; img_size=\u00bbfull\u00bb][\/vc_column][\/vc_row][vc_row ct_row_stretch=\u00bb\u00bb bg_type=\u00bbbg_color\u00bb bg_color_value=\u00bb#f9f9f9&#8243;][vc_column]<div id=\"ultimate-heading-94569d1c2d0d1705\" class=\"uvc-heading ult-adjust-bottom-margin ultimate-heading-94569d1c2d0d1705 uvc-5206 \" data-hspacer=\"no_spacer\"  data-halign=\"center\" style=\"text-align:center\"><div class=\"uvc-heading-spacer no_spacer\" style=\"top\"><\/div><div class=\"uvc-main-heading ult-responsive\"  data-ultimate-target='.uvc-heading.ultimate-heading-94569d1c2d0d1705 h2'  data-responsive-json-new='{\"font-size\":\"desktop:40px;tablet:40px;tablet_portrait:30px;mobile_landscape:30px;mobile:20px;\",\"line-height\":\"\"}' ><h2 style=\"font-weight:normal;color:#000000;margin-top:80px;margin-bottom:80px;\">- PR-G 86 SENDERO DE LOS VI\u00d1EDOS DE LA RIBEIRA SACRA -<\/h2><\/div><\/div>[\/vc_column][\/vc_row][vc_row ct_row_stretch=\u00bb\u00bb][vc_column]<div class=\"ult-spacer spacer-69d1c2d0d175b\" data-id=\"69d1c2d0d175b\" data-height=\"30\" data-height-mobile=\"20\" data-height-tab=\"20\" data-height-tab-portrait=\"20\" data-height-mobile-landscape=\"20\" style=\"clear:both;display:block;\"><\/div>[\/vc_column][\/vc_row][vc_row ct_row_stretch=\u00bb\u00bb][vc_column width=\u00bb1\/4&#8243; css=\u00bb.vc_custom_1707307919031{background-color: #f0f0f0 !important;}\u00bb][\/vc_column][vc_column width=\u00bb3\/4&#8243;][vc_column_text]Esta ruta homologada en el a\u00f1o 2015 comunica el pueblo de Rosende con el r\u00edo Sil en un trazado lineal de 12,3 km atravesando varios pueblos, vi\u00f1edos, pinares y acabando en un descenso entre antiguos molinos hasta el Sil.<\/p>\n<ul>\n<li><strong>Distancia de la ruta<\/strong>: 12.3 km<\/li>\n<li><strong>Tiempo estimado<\/strong>: 4 horas<\/li>\n<li><strong>Altura m\u00e1xima<\/strong>: 520 m<\/li>\n<li><strong>Desnivel acumulado<\/strong>: 325m<\/li>\n<li><strong>Comienzo<\/strong>: San Miguel de Rosende<\/li>\n<li><strong>Llegada<\/strong>: Os Chanc\u00eds<\/li>\n<li><strong>Dificultad<\/strong>: Media<\/li>\n<\/ul>\n<p>La ruta comieza en el pueblo de Rosende recorriendo el ca\u00f1\u00f3n del Cabe entre vi\u00f1edos distribuidos en socalcos, descenderemos m\u00e1s tarde hasta los pueblos de Souto Novo y Hort\u00e1s.no sin antes parar a deleitarnos con la hermosa Cascada<strong> de Portiz\u00f3<\/strong>. Por pistas entre pinares, continuamos hacia el Ca\u00f1\u00f3n del Sil y llegaremos al pueblo de Arrox\u00f3.<\/p>\n<p>Desde Arrox\u00f3 el sendero sigue el curso del r\u00edo Xabrega, que cuenta con numerosos molinos, parcialmente restaurados. La ruta finaliza en el embarcadero de os Chanc\u00eds, donde podremos hacer una ruta en el catamar\u00e1n que tiene all\u00ed su embarcadero.<\/p>\n<p>Para descargar la ruta podemos hacerlo en el seguinte link:<\/p>\n<p><a href=\"https:\/\/es.wikiloc.com\/rutas-senderismo\/pr-g-86-sendeiro-dos-vinedos-da-ribeira-sacra-12072405\">https:\/\/es.wikiloc.com\/rutas-senderismo\/pr-g-86-sendeiro-dos-vinedos-da-ribeira-sacra-12072405<\/a>[\/vc_column_text]<div class=\"ult-spacer spacer-69d1c2d0d1789\" data-id=\"69d1c2d0d1789\" data-height=\"30\" data-height-mobile=\"20\" data-height-tab=\"20\" data-height-tab-portrait=\"20\" data-height-mobile-landscape=\"20\" style=\"clear:both;display:block;\"><\/div>[vc_single_image image=\u00bb10712&#8243; img_size=\u00bbfull\u00bb][vc_images_carousel images=\u00bb10909,10910,10911,10913,10915&#8243; img_size=\u00bb960&#215;539&#8243; slides_per_view=\u00bb2&#8243; autoplay=\u00bbyes\u00bb hide_pagination_control=\u00bbyes\u00bb wrap=\u00bbyes\u00bb][\/vc_column][\/vc_row][vc_row ct_row_stretch=\u00bb\u00bb][vc_column]<div class=\"ult-spacer spacer-69d1c2d0d17b0\" data-id=\"69d1c2d0d17b0\" data-height=\"86\" data-height-mobile=\"86\" data-height-tab=\"86\" data-height-tab-portrait=\"\" data-height-mobile-landscape=\"\" style=\"clear:both;display:block;\"><\/div>[\/vc_column][\/vc_row]\n","protected":false},"excerpt":{"rendered":"<p>[vc_row ct_row_stretch=\u00bbstretch_row_content_no_spaces\u00bb full_width=\u00bbstretch_row_content_no_spaces\u00bb use_row_as_full_screen_section=\u00bbno\u00bb type=\u00bbfull_width\u00bb][vc_column][vc_single_image image=\u00bb10962&#8243; img_size=\u00bbfull\u00bb][\/vc_column][\/vc_row][vc_row ct_row_stretch=\u00bb\u00bb bg_type=\u00bbbg_color\u00bb bg_color_value=\u00bb#f9f9f9&#8243;][vc_column][\/vc_column][\/vc_row][vc_row ct_row_stretch=\u00bb\u00bb][vc_column][\/vc_column][\/vc_row][vc_row ct_row_stretch=\u00bb\u00bb][vc_column width=\u00bb1\/4&#8243; css=\u00bb.vc_custom_1707307919031{background-color: #f0f0f0 !important;}\u00bb][\/vc_column][vc_column width=\u00bb3\/4&#8243;][vc_column_text]Esta ruta homologada en el a\u00f1o 2015 comunica el pueblo de Rosende con el &#8230;<\/p>\n","protected":false},"author":1,"featured_media":0,"parent":0,"menu_order":0,"comment_status":"closed","ping_status":"closed","template":"","meta":{"footnotes":""},"class_list":["post-11105","page","type-page","status-publish","hentry"],"_links":{"self":[{"href":"https:\/\/concellodesober.com\/es\/wp-json\/wp\/v2\/pages\/11105","targetHints":{"allow":["GET"]}}],"collection":[{"href":"https:\/\/concellodesober.com\/es\/wp-json\/wp\/v2\/pages"}],"about":[{"href":"https:\/\/concellodesober.com\/es\/wp-json\/wp\/v2\/types\/page"}],"author":[{"embeddable":true,"href":"https:\/\/concellodesober.com\/es\/wp-json\/wp\/v2\/users\/1"}],"replies":[{"embeddable":true,"href":"https:\/\/concellodesober.com\/es\/wp-json\/wp\/v2\/comments?post=11105"}],"version-history":[{"count":2,"href":"https:\/\/concellodesober.com\/es\/wp-json\/wp\/v2\/pages\/11105\/revisions"}],"predecessor-version":[{"id":11107,"href":"https:\/\/concellodesober.com\/es\/wp-json\/wp\/v2\/pages\/11105\/revisions\/11107"}],"wp:attachment":[{"href":"https:\/\/concellodesober.com\/es\/wp-json\/wp\/v2\/media?parent=11105"}],"curies":[{"name":"wp","href":"https:\/\/api.w.org\/{rel}","templated":true}]}}