{"id":11108,"date":"2024-08-13T11:01:42","date_gmt":"2024-08-13T09:01:42","guid":{"rendered":"https:\/\/www.concellodesober.com\/?page_id=11108"},"modified":"2024-10-07T11:39:43","modified_gmt":"2024-10-07T09:39:43","slug":"roteiro-doade-augasmestas","status":"publish","type":"page","link":"https:\/\/concellodesober.com\/es\/roteiro-doade-augasmestas\/","title":{"rendered":"Roteiro Doade Augasmestas"},"content":{"rendered":"[vc_row ct_row_stretch=\u00bbstretch_row_content_no_spaces\u00bb full_width=\u00bbstretch_row_content_no_spaces\u00bb use_row_as_full_screen_section=\u00bbno\u00bb type=\u00bbfull_width\u00bb][vc_column][vc_single_image image=\u00bb10963&#8243; img_size=\u00bbfull\u00bb][\/vc_column][\/vc_row][vc_row ct_row_stretch=\u00bb\u00bb bg_type=\u00bbbg_color\u00bb bg_color_value=\u00bb#f9f9f9&#8243;][vc_column]<div id=\"ultimate-heading-184769e1ea4859de4\" class=\"uvc-heading ult-adjust-bottom-margin ultimate-heading-184769e1ea4859de4 uvc-6285 \" data-hspacer=\"no_spacer\"  data-halign=\"center\" style=\"text-align:center\"><div class=\"uvc-heading-spacer no_spacer\" style=\"top\"><\/div><div class=\"uvc-main-heading ult-responsive\"  data-ultimate-target='.uvc-heading.ultimate-heading-184769e1ea4859de4 h2'  data-responsive-json-new='{\"font-size\":\"desktop:40px;tablet:40px;tablet_portrait:30px;mobile_landscape:30px;mobile:20px;\",\"line-height\":\"\"}' ><h2 style=\"font-weight:normal;color:#000000;margin-top:80px;margin-bottom:80px;\">- PR-G 157 ROTEIRO DE DOADE \u2013 AUGASMESTAS -<\/h2><\/div><\/div>[\/vc_column][\/vc_row][vc_row ct_row_stretch=\u00bb\u00bb][vc_column]<div class=\"ult-spacer spacer-69e1ea4859e37\" data-id=\"69e1ea4859e37\" data-height=\"30\" data-height-mobile=\"20\" data-height-tab=\"20\" data-height-tab-portrait=\"20\" data-height-mobile-landscape=\"20\" style=\"clear:both;display:block;\"><\/div>[\/vc_column][\/vc_row][vc_row ct_row_stretch=\u00bb\u00bb][vc_column width=\u00bb1\/4&#8243; css=\u00bb.vc_custom_1707307919031{background-color: #f0f0f0 !important;}\u00bb][\/vc_column][vc_column width=\u00bb3\/4&#8243;][vc_column_text]La ruta lineal comienza en la localidad de Doade en la parte alta de la ladera norte del Ca\u00f1\u00f3n del Sil y va a recorrer hermosos paisajes y tupidos bosques, descubriendo pueblos casi abandonados, valles y r\u00edos como el Lor.<\/p>\n<ul>\n<li><strong>Distancia de la ruta<\/strong>: 27,1 km<\/li>\n<li><strong>Tiempo estimado<\/strong>: 9 horas<\/li>\n<li><strong>Desnivel baixada<\/strong>: 1167m<\/li>\n<li><strong>Desnivel subida<\/strong>: 882m<\/li>\n<li><strong>Comienzo<\/strong>: Doade<\/li>\n<li><strong>Llegada<\/strong>: Augas Mestas<\/li>\n<li><strong>Dificultad<\/strong>: Media<\/li>\n<\/ul>\n<p>En Doade podemos visitar el espectacular mirador de Pena do Castelo, que nos deleita con vistas increibles de los vi\u00f1edos y del ca\u00f1\u00f3n del Sil bajo nuestros pies. Despu\u00e9s encontraremos aldeas rodeadas de bosques y verdes prados.<\/p>\n<p>Repentinamente, un pronunciado descenso nos llevar\u00e1 hasta la base del gran meadro de A Cubela, que nos anima a seguir caminando cerca de las augas del Sil hasta un peque\u00f1o puente, que invita a un nuevo ascenso entre pinares llegando as\u00ed a la aldea de Vilach\u00e1 donde podremos ver bodegas de origen medieval.<\/p>\n<p>Finalmente descenderemos entre vi\u00f1edos para alcanzar de nuevo las augas del Sil y posteriormente la desembocadura del r\u00edo Lor donde finaliza esta ruta.<\/p>\n<p><a href=\"https:\/\/es.wikiloc.com\/rutas-senderismo\/pr-g-157-roteiro-augas-mestas-doade-5698955\">https:\/\/es.wikiloc.com\/rutas-senderismo\/pr-g-157-roteiro-augas-mestas-doade-5698955<\/a>[\/vc_column_text]<div class=\"ult-spacer spacer-69e1ea4859e66\" data-id=\"69e1ea4859e66\" data-height=\"30\" data-height-mobile=\"20\" data-height-tab=\"20\" data-height-tab-portrait=\"20\" data-height-mobile-landscape=\"20\" style=\"clear:both;display:block;\"><\/div>[vc_single_image image=\u00bb10712&#8243; img_size=\u00bbfull\u00bb][vc_images_carousel images=\u00bb10900&#8243; img_size=\u00bbfull\u00bb slides_per_view=\u00bb2&#8243; hide_pagination_control=\u00bbyes\u00bb][\/vc_column][\/vc_row][vc_row ct_row_stretch=\u00bb\u00bb][vc_column]<div class=\"ult-spacer spacer-69e1ea4859e8e\" data-id=\"69e1ea4859e8e\" data-height=\"86\" data-height-mobile=\"86\" data-height-tab=\"86\" data-height-tab-portrait=\"\" data-height-mobile-landscape=\"\" style=\"clear:both;display:block;\"><\/div>[\/vc_column][\/vc_row]\n","protected":false},"excerpt":{"rendered":"<p>[vc_row ct_row_stretch=\u00bbstretch_row_content_no_spaces\u00bb full_width=\u00bbstretch_row_content_no_spaces\u00bb use_row_as_full_screen_section=\u00bbno\u00bb type=\u00bbfull_width\u00bb][vc_column][vc_single_image image=\u00bb10963&#8243; img_size=\u00bbfull\u00bb][\/vc_column][\/vc_row][vc_row ct_row_stretch=\u00bb\u00bb bg_type=\u00bbbg_color\u00bb bg_color_value=\u00bb#f9f9f9&#8243;][vc_column][\/vc_column][\/vc_row][vc_row ct_row_stretch=\u00bb\u00bb][vc_column][\/vc_column][\/vc_row][vc_row ct_row_stretch=\u00bb\u00bb][vc_column width=\u00bb1\/4&#8243; css=\u00bb.vc_custom_1707307919031{background-color: #f0f0f0 !important;}\u00bb][\/vc_column][vc_column width=\u00bb3\/4&#8243;][vc_column_text]La ruta lineal comienza en la localidad de Doade en la parte alta de &#8230;<\/p>\n","protected":false},"author":1,"featured_media":0,"parent":0,"menu_order":0,"comment_status":"closed","ping_status":"closed","template":"","meta":{"footnotes":""},"class_list":["post-11108","page","type-page","status-publish","hentry"],"_links":{"self":[{"href":"https:\/\/concellodesober.com\/es\/wp-json\/wp\/v2\/pages\/11108","targetHints":{"allow":["GET"]}}],"collection":[{"href":"https:\/\/concellodesober.com\/es\/wp-json\/wp\/v2\/pages"}],"about":[{"href":"https:\/\/concellodesober.com\/es\/wp-json\/wp\/v2\/types\/page"}],"author":[{"embeddable":true,"href":"https:\/\/concellodesober.com\/es\/wp-json\/wp\/v2\/users\/1"}],"replies":[{"embeddable":true,"href":"https:\/\/concellodesober.com\/es\/wp-json\/wp\/v2\/comments?post=11108"}],"version-history":[{"count":2,"href":"https:\/\/concellodesober.com\/es\/wp-json\/wp\/v2\/pages\/11108\/revisions"}],"predecessor-version":[{"id":11110,"href":"https:\/\/concellodesober.com\/es\/wp-json\/wp\/v2\/pages\/11108\/revisions\/11110"}],"wp:attachment":[{"href":"https:\/\/concellodesober.com\/es\/wp-json\/wp\/v2\/media?parent=11108"}],"curies":[{"name":"wp","href":"https:\/\/api.w.org\/{rel}","templated":true}]}}