{"id":11111,"date":"2024-07-31T13:01:43","date_gmt":"2024-07-31T11:01:43","guid":{"rendered":"https:\/\/www.concellodesober.com\/?page_id=11111"},"modified":"2024-10-07T11:46:59","modified_gmt":"2024-10-07T09:46:59","slug":"ruta-dos-muinos-do-xabrega","status":"publish","type":"page","link":"https:\/\/concellodesober.com\/es\/ruta-dos-muinos-do-xabrega\/","title":{"rendered":"Ruta dos mui\u00f1os do xabrega"},"content":{"rendered":"[vc_row ct_row_stretch=\u00bbstretch_row_content_no_spaces\u00bb full_width=\u00bbstretch_row_content_no_spaces\u00bb use_row_as_full_screen_section=\u00bbno\u00bb type=\u00bbfull_width\u00bb][vc_column][vc_single_image image=\u00bb10904&#8243; img_size=\u00bbfull\u00bb][\/vc_column][\/vc_row][vc_row ct_row_stretch=\u00bb\u00bb bg_type=\u00bbbg_color\u00bb bg_color_value=\u00bb#f9f9f9&#8243;][vc_column]<div id=\"ultimate-heading-267669e1ea486c375\" class=\"uvc-heading ult-adjust-bottom-margin ultimate-heading-267669e1ea486c375 uvc-8604 \" data-hspacer=\"no_spacer\"  data-halign=\"center\" style=\"text-align:center\"><div class=\"uvc-heading-spacer no_spacer\" style=\"top\"><\/div><div class=\"uvc-main-heading ult-responsive\"  data-ultimate-target='.uvc-heading.ultimate-heading-267669e1ea486c375 h2'  data-responsive-json-new='{\"font-size\":\"desktop:40px;tablet:40px;tablet_portrait:30px;mobile_landscape:30px;mobile:20px;\",\"line-height\":\"\"}' ><h2 style=\"font-weight:normal;color:#000000;margin-top:80px;margin-bottom:80px;\">- RUTA DE LOS MOLINOS DEL XABREGA -<\/h2><\/div><\/div>[\/vc_column][\/vc_row][vc_row ct_row_stretch=\u00bb\u00bb][vc_column]<div class=\"ult-spacer spacer-69e1ea486c3f2\" data-id=\"69e1ea486c3f2\" data-height=\"30\" data-height-mobile=\"20\" data-height-tab=\"20\" data-height-tab-portrait=\"20\" data-height-mobile-landscape=\"20\" style=\"clear:both;display:block;\"><\/div>[\/vc_column][\/vc_row][vc_row ct_row_stretch=\u00bb\u00bb][vc_column width=\u00bb1\/4&#8243; css=\u00bb.vc_custom_1707307919031{background-color: #f0f0f0 !important;}\u00bb][\/vc_column][vc_column width=\u00bb3\/4&#8243;][vc_column_text]Esta ruta es un tramo de la ruta homologada PRG-86 del sendero por los vi\u00f1edos. Son tan solo 1,2 km que comprenden la parte en la que caminamos paralelos al riachuelo del Xabrega hasta llegar a su desembocadura en el Sil. Podremos observar los molinos parcialmente restaurados que mov\u00edan las augas del arroyo aprovechando la fuerza de las corrientes.<\/p>\n<p><strong>Longitud: <\/strong>1,2 km<br \/>\n<strong>Duraci\u00f3n: <\/strong>45 minutos<br \/>\n<strong>Dificultad:<\/strong> Baixa<\/p>\n<p>En el arroyo del Xabrega se encuentra el conjunto m\u00e1s importante de molinos del municipio de Sober. En poco m\u00e1s de tres kil\u00f3metros de longitud, sus aguas mov\u00edan 28 molinos y dos bat\u00e1nes. Este excepcional conjunto etnogr\u00e1fico fue restaurado parcialmente por el taller municipal de empleo, en el tramo comprendido entre la aldea de a Boca y la desembocadura del arroyo en el Sil, en el lugar de Os Chanc\u00eds.<\/p>\n<p>La ruta comienza en el lugar de Pouso do Branco, a 500 metros de la aldea de A Boca. El sendero baja al principio hacia el arroyo de Xabrega. El primer molino que se encuentra es el de Roque de Arrox\u00f3, de regios muros y en buen estado de conservaci\u00f3n. Ahora hay que caminar por el muro del caneiro o canal de conducci\u00f3n del agua para visitar los dos molinos siguientes, llamados de Nemesio da Boca. En ambos casos se rehabilitaron \u00edntegramente los muros, el cubo y la cubierta. El de mayores dimensiones ten\u00eda habilitada en su interior una estancia que era usada por el propietario para descansar.<\/p>\n<p>De vuelta al sendero, hai que cruzar el arroyo por unos pasos de piedra y volver caminar por el canal, que ahora d\u00e1 acceso al molino de Ramiro da Boca, tambi\u00e9n restaurado \u00edntegramente. En esta zona se puede observar la altura a la que se elevan los caneiros, que parecen verdaderos acueductos.<\/p>\n<p>A continuaci\u00f3n, hay otros dos molinos, llamados del Chuc\u00e1n do Couto. En el primero se consolidaron los muros y sobre el segundo se construy\u00f3 una plataforma para poder observar el funcionamento del rodicio, al que se le adapt\u00f3 un generador el\u00e9ctrico. A este lugar se le llamaba La Calzada, ya que por aqu\u00ed pasaba una calzada romana, de la que se pueden apreciar algunos restos en este tramo.<\/p>\n<p>El siguiente molino es el de los Nab\u00e1s, del que solo quedan los muros. En este lugar, conocido como A Alvariza, el camino se bifurca. El ramal de la izquierda bordea un saliente rocoso, discurre entre altos muros de piedra y se une nuevamente, doscientos metros m\u00e1s adelante, al camino principal. Hay que seguir por el camino de la derecha, que cruza el arroyo por un peque\u00f1o puente de piedra y conduce seguidamente al molino del Conde de Camilo. Esta construcci\u00f3n conserva en buen estado sus altos muros y en su interior se guardan dos piedras de molino que funcionaban de forma simult\u00e1nea. Una de ellas se hizo con granito del pa\u00eds y la otra es del tipo denominado albar \u2013de piedra m\u00e1s fina-, con la que se mol\u00eda el trigo. Este lugar se llamaba As Gardu\u00f1eiras, nombre relacionado con el car\u00e1cter abrupto y boscoso del terreno.<\/p>\n<p><a href=\"https:\/\/es.wikiloc.com\/rutas-senderismo\/muinos-do-xabrega-mirador-de-os-chancis-ribeira-sacra-15926823\">https:\/\/es.wikiloc.com\/rutas-senderismo\/muinos-do-xabrega-mirador-de-os-chancis-ribeira-sacra-15926823<\/a>[\/vc_column_text]<div class=\"ult-spacer spacer-69e1ea486c442\" data-id=\"69e1ea486c442\" data-height=\"30\" data-height-mobile=\"20\" data-height-tab=\"20\" data-height-tab-portrait=\"20\" data-height-mobile-landscape=\"20\" style=\"clear:both;display:block;\"><\/div>[vc_single_image image=\u00bb10712&#8243; img_size=\u00bbfull\u00bb][vc_images_carousel images=\u00bb10866,10867,10868,10869&#8243; img_size=\u00bbfull\u00bb slides_per_view=\u00bb2&#8243; hide_pagination_control=\u00bbyes\u00bb][\/vc_column][\/vc_row][vc_row ct_row_stretch=\u00bb\u00bb][vc_column]<div class=\"ult-spacer spacer-69e1ea486c48a\" data-id=\"69e1ea486c48a\" data-height=\"86\" data-height-mobile=\"86\" data-height-tab=\"86\" data-height-tab-portrait=\"\" data-height-mobile-landscape=\"\" style=\"clear:both;display:block;\"><\/div>[\/vc_column][\/vc_row]\n","protected":false},"excerpt":{"rendered":"<p>[vc_row ct_row_stretch=\u00bbstretch_row_content_no_spaces\u00bb full_width=\u00bbstretch_row_content_no_spaces\u00bb use_row_as_full_screen_section=\u00bbno\u00bb type=\u00bbfull_width\u00bb][vc_column][vc_single_image image=\u00bb10904&#8243; img_size=\u00bbfull\u00bb][\/vc_column][\/vc_row][vc_row ct_row_stretch=\u00bb\u00bb bg_type=\u00bbbg_color\u00bb bg_color_value=\u00bb#f9f9f9&#8243;][vc_column][\/vc_column][\/vc_row][vc_row ct_row_stretch=\u00bb\u00bb][vc_column][\/vc_column][\/vc_row][vc_row ct_row_stretch=\u00bb\u00bb][vc_column width=\u00bb1\/4&#8243; css=\u00bb.vc_custom_1707307919031{background-color: #f0f0f0 !important;}\u00bb][\/vc_column][vc_column width=\u00bb3\/4&#8243;][vc_column_text]Esta ruta es un tramo de la ruta homologada PRG-86 del sendero por los &#8230;<\/p>\n","protected":false},"author":1,"featured_media":0,"parent":0,"menu_order":0,"comment_status":"closed","ping_status":"closed","template":"","meta":{"footnotes":""},"class_list":["post-11111","page","type-page","status-publish","hentry"],"_links":{"self":[{"href":"https:\/\/concellodesober.com\/es\/wp-json\/wp\/v2\/pages\/11111","targetHints":{"allow":["GET"]}}],"collection":[{"href":"https:\/\/concellodesober.com\/es\/wp-json\/wp\/v2\/pages"}],"about":[{"href":"https:\/\/concellodesober.com\/es\/wp-json\/wp\/v2\/types\/page"}],"author":[{"embeddable":true,"href":"https:\/\/concellodesober.com\/es\/wp-json\/wp\/v2\/users\/1"}],"replies":[{"embeddable":true,"href":"https:\/\/concellodesober.com\/es\/wp-json\/wp\/v2\/comments?post=11111"}],"version-history":[{"count":2,"href":"https:\/\/concellodesober.com\/es\/wp-json\/wp\/v2\/pages\/11111\/revisions"}],"predecessor-version":[{"id":11113,"href":"https:\/\/concellodesober.com\/es\/wp-json\/wp\/v2\/pages\/11111\/revisions\/11113"}],"wp:attachment":[{"href":"https:\/\/concellodesober.com\/es\/wp-json\/wp\/v2\/media?parent=11111"}],"curies":[{"name":"wp","href":"https:\/\/api.w.org\/{rel}","templated":true}]}}