{"id":11120,"date":"2015-06-22T12:43:27","date_gmt":"2015-06-22T10:43:27","guid":{"rendered":"https:\/\/www.concellodesober.com\/?page_id=11120"},"modified":"2025-11-28T14:05:29","modified_gmt":"2025-11-28T13:05:29","slug":"home-1","status":"publish","type":"page","link":"https:\/\/concellodesober.com\/es\/","title":{"rendered":"Inicio"},"content":{"rendered":"[vc_row ct_row_stretch=\u00bbstretch_row_content_no_spaces\u00bb full_height=\u00bbyes\u00bb ct_bg_image=\u00bb9263&#8243; ct_bg_repeat=\u00bbno-repeat\u00bb ct_bg_size=\u00bbcover\u00bb full_width=\u00bbstretch_row_content_no_spaces\u00bb use_row_as_full_screen_section=\u00bbno\u00bb type=\u00bbfull_width\u00bb][vc_column css=\u00bb.vc_custom_1448019345221{background-position: center !important;background-repeat: no-repeat !important;background-size: cover !important;}\u00bb][vc_row_inner gap=\u00bb35&#8243;][vc_column_inner width=\u00bb1\/6&#8243;][\/vc_column_inner][vc_column_inner width=\u00bb2\/3&#8243;][vc_single_image image=\u00bb11536&#8243; img_size=\u00bbfull\u00bb][\/vc_column_inner][vc_column_inner width=\u00bb1\/6&#8243;][\/vc_column_inner][\/vc_row_inner][\/vc_column][\/vc_row][vc_row ct_row_stretch=\u00bbstretch_row\u00bb full_width=\u00bbstretch_row\u00bb use_row_as_full_screen_section=\u00bbno\u00bb type=\u00bbgrid\u00bb css=\u00bb.vc_custom_1707915414374{margin-top: -200px !important;}\u00bb][vc_column offset=\u00bbvc_col-xs-12&#8243;]<div class=\"ult-spacer spacer-69d42984e933f\" data-id=\"69d42984e933f\" data-height=\"95\" data-height-mobile=\"57\" data-height-tab=\"\" data-height-tab-portrait=\"\" data-height-mobile-landscape=\"\" style=\"clear:both;display:block;\"><\/div>[vc_row_inner][vc_column_inner width=\u00bb1\/5&#8243;][vc_single_image image=\u00bb11496&#8243; img_size=\u00bbfull\u00bb alignment=\u00bbcenter\u00bb onclick=\u00bbcustom_link\u00bb link=\u00bbhttps:\/\/www.concellodesober.com\/es\/miradoiros\/\u00bb][\/vc_column_inner][vc_column_inner width=\u00bb1\/5&#8243;][vc_single_image image=\u00bb11125&#8243; img_size=\u00bbfull\u00bb alignment=\u00bbcenter\u00bb onclick=\u00bbcustom_link\u00bb img_link_target=\u00bb_blank\u00bb link=\u00bbhttps:\/\/concellodesober.sedelectronica.gal\/info.0&#8243;][\/vc_column_inner][vc_column_inner width=\u00bb1\/5&#8243;][vc_single_image image=\u00bb11127&#8243; img_size=\u00bbfull\u00bb alignment=\u00bbcenter\u00bb onclick=\u00bbcustom_link\u00bb link=\u00bbhttps:\/\/www.concellodesober.com\/perfil-do-contratante\/\u00bb][\/vc_column_inner][vc_column_inner width=\u00bb1\/5&#8243;][vc_single_image image=\u00bb10730&#8243; img_size=\u00bbfull\u00bb alignment=\u00bbcenter\u00bb onclick=\u00bbcustom_link\u00bb link=\u00bbhttps:\/\/www.concellodesober.com\/es\/turismo\/\u00bb][\/vc_column_inner][vc_column_inner width=\u00bb1\/5&#8243;][vc_single_image image=\u00bb11505&#8243; img_size=\u00bbfull\u00bb alignment=\u00bbcenter\u00bb onclick=\u00bbcustom_link\u00bb link=\u00bbhttps:\/\/www.concellodesober.com\/es\/novas\/\u00bb][\/vc_column_inner][\/vc_row_inner][\/vc_column][\/vc_row][vc_row ct_row_stretch=\u00bb\u00bb][vc_column]<div class=\"ult-spacer spacer-69d42984e939e\" data-id=\"69d42984e939e\" data-height=\"100\" data-height-mobile=\"25\" data-height-tab=\"50\" data-height-tab-portrait=\"50\" data-height-mobile-landscape=\"25\" style=\"clear:both;display:block;\"><\/div>[\/vc_column][\/vc_row][vc_row ct_row_stretch=\u00bbstretch_row_content\u00bb disable_element=\u00bbyes\u00bb bg_type=\u00bbimage\u00bb parallax_style=\u00bbvcpb-default\u00bb][vc_column][vc_row_inner][vc_column_inner]<div class=\"ult-spacer spacer-69d42984e93ec\" data-id=\"69d42984e93ec\" data-height=\"100\" data-height-mobile=\"25\" data-height-tab=\"100\" data-height-tab-portrait=\"50\" data-height-mobile-landscape=\"25\" style=\"clear:both;display:block;\"><\/div><div id=\"ultimate-heading-701569d42984e943c\" class=\"uvc-heading ult-adjust-bottom-margin ultimate-heading-701569d42984e943c uvc-196 \" data-hspacer=\"no_spacer\"  data-halign=\"center\" style=\"text-align:center\"><div class=\"uvc-heading-spacer no_spacer\" style=\"top\"><\/div><div class=\"uvc-sub-heading ult-responsive\"  data-ultimate-target='.uvc-heading.ultimate-heading-701569d42984e943c .uvc-sub-heading '  data-responsive-json-new='{\"font-size\":\"\",\"line-height\":\"\"}'  style=\"font-weight:normal;\">\n<h2 style=\"text-align: center;\"><span style=\"color: #ffffff;\"><strong>\u00daLTIMAS NOTICIAS<\/strong><\/span><\/h2>\n<\/div><\/div><div class=\"crane-blog-widget crane-blog-layout-masonry crane-column-4 crane-blog-style-flat crane-blog-ratio_4x3\" data-params=\"{&quot;layout&quot;:&quot;masonry&quot;,&quot;style&quot;:&quot;flat&quot;,&quot;img_proportion&quot;:&quot;4x3&quot;,&quot;image_resolution&quot;:&quot;crane-related&quot;,&quot;show_title_description&quot;:&quot;true&quot;,&quot;show_tags&quot;:&quot;&quot;,&quot;show_excerpt&quot;:&quot;true&quot;,&quot;excerpt_strip_html&quot;:&quot;true&quot;,&quot;excerpt_height&quot;:&quot;170&quot;,&quot;show_read_more&quot;:&quot;&quot;,&quot;show_comment_link&quot;:&quot;&quot;,&quot;show_share_button&quot;:&quot;&quot;,&quot;show_post_meta&quot;:&quot;date&quot;,&quot;grid_spacing&quot;:&quot;10&quot;,&quot;columns&quot;:&quot;4&quot;,&quot;max_width&quot;:&quot;768&quot;,&quot;posts_limit&quot;:&quot;4&quot;,&quot;author&quot;:&quot;&quot;,&quot;category&quot;:&quot;&quot;,&quot;tag&quot;:&quot;&quot;,&quot;order&quot;:&quot;DESC&quot;,&quot;orderby&quot;:&quot;post_date&quot;,&quot;show_custom_order&quot;:&quot;&quot;,&quot;include_sticky_blog_posts&quot;:&quot;true&quot;,&quot;target&quot;:&quot;blank&quot;,&quot;hover_type&quot;:&quot;standard&quot;,&quot;hover_gradient__from&quot;:&quot;#7ad4f1&quot;,&quot;hover_gradient__to&quot;:&quot;#cef17a&quot;,&quot;show_pubdate&quot;:true,&quot;show_author&quot;:true,&quot;show_cats&quot;:true,&quot;blog_cell_item_bg_color&quot;:&quot;#f8f7f5&quot;,&quot;columns_cell&quot;:2,&quot;post_height_desktop&quot;:350,&quot;post_height_mobile&quot;:350}\"><div class=\"crane-blog-grid loading\"><div class=\"crane-blog-grid-sizer\"><\/div><div id=\"post-15263\" class=\"crane-blog-grid-item post-15263 post type-post status-publish format-standard has-post-thumbnail hentry category-concello-de-sober-es\">\n\t<div class=\"crane-blog-grid-item-wrapper\">\n\n\t\t<div class=\"crane-blog-header\" >\t\t\t\t\t<div class=\"crane-blog-grid-item-placeholder\" style=\"background-image: url('https:\/\/concellodesober.com\/wp-content\/uploads\/2025\/12\/amandi-600x400.jpg');\">\n\t\t\t\t\t\t<a href=\"https:\/\/concellodesober.com\/es\/2025\/12\/07\/o-concello-de-sober-convoca-o-concurso-de-deseno-grafico-do-que-saira-o-cartel-anunciador-da-xlv-feira-do-vino-de-amandi\/\" target=\"_blank\"><\/a>\n\t\t\t\t\t<\/div>\n\t\t\t\t\t<\/div>\n\t\t\t<div class=\"crane-blog-grid-meta\">\n\t\t<h4 class=\"crane-blog-grid-meta__title\"><a href=\"https:\/\/concellodesober.com\/es\/2025\/12\/07\/o-concello-de-sober-convoca-o-concurso-de-deseno-grafico-do-que-saira-o-cartel-anunciador-da-xlv-feira-do-vino-de-amandi\/\" rel=\"bookmark\" target=\"_blank\" class=\"blog-masonry__item__title\">O CONCELLO DE SOBER CONVOCA O CONCURSO DE DESE\u00d1O GR\u00c1FICO DO QUE SAIR\u00c1 O CARTEL ANUNCIADOR DA XLVI FEIRA DO VI\u00d1O DE AMANDI<\/a><\/h4>\t\t<div class=\"crane-blog-grid-meta__excerpt\">\n\t\t\t<em>O certame, dotado con 800 euros, pecha o seu prazo de admisi\u00f3n o 1 de febreiro<\/em><br \/>\r\n&nbsp;\t\t<\/div>\n\t\t\t<div class=\"crane-blog-grid-meta__wrapper\">\n\t\t\t\t\t\t\t<div class=\"crane-blog-grid-meta__author__info\">\n\t\t\t\t\t\t\t\t<span class=\"crane-blog-grid-meta__author__pub-date\">7 de diciembre de 2025<\/span>\n\t\t\t<\/div>\n\t\t\t\t<\/div>\n\t<\/div>\n\n\t<\/div>\n<\/div>\n<div id=\"post-15265\" class=\"crane-blog-grid-item post-15265 post type-post status-publish format-standard has-post-thumbnail hentry category-concello-de-sober-es\">\n\t<div class=\"crane-blog-grid-item-wrapper\">\n\n\t\t<div class=\"crane-blog-header\" >\t\t\t\t\t<div class=\"crane-blog-grid-item-placeholder\" style=\"background-image: url('https:\/\/concellodesober.com\/wp-content\/uploads\/2025\/12\/nadal-portada.jpg');\">\n\t\t\t\t\t\t<a href=\"https:\/\/concellodesober.com\/es\/2025\/12\/05\/certames-de-nadal-2025-concello-de-sober\/\" target=\"_blank\"><\/a>\n\t\t\t\t\t<\/div>\n\t\t\t\t\t<\/div>\n\t\t\t<div class=\"crane-blog-grid-meta\">\n\t\t<h4 class=\"crane-blog-grid-meta__title\"><a href=\"https:\/\/concellodesober.com\/es\/2025\/12\/05\/certames-de-nadal-2025-concello-de-sober\/\" rel=\"bookmark\" target=\"_blank\" class=\"blog-masonry__item__title\">CERTAMES DE NADAL 2025 CONCELLO DE SOBER<\/a><\/h4>\t\t<div class=\"crane-blog-grid-meta__excerpt\">\n\t\t\tBASES CERTAMES DE NADAL 2025 DO CONCELLO DE SOBER CERTAME DE POES\u00cdA INFANTIL \u00abNADAL 2025\u00bb\t\t<\/div>\n\t\t\t<div class=\"crane-blog-grid-meta__wrapper\">\n\t\t\t\t\t\t\t<div class=\"crane-blog-grid-meta__author__info\">\n\t\t\t\t\t\t\t\t<span class=\"crane-blog-grid-meta__author__pub-date\">5 de diciembre de 2025<\/span>\n\t\t\t<\/div>\n\t\t\t\t<\/div>\n\t<\/div>\n\n\t<\/div>\n<\/div>\n<div id=\"post-15267\" class=\"crane-blog-grid-item post-15267 post type-post status-publish format-standard has-post-thumbnail hentry\">\n\t<div class=\"crane-blog-grid-item-wrapper\">\n\n\t\t<div class=\"crane-blog-header\" >\t\t\t\t\t<div class=\"crane-blog-grid-item-placeholder\" style=\"background-image: url('https:\/\/concellodesober.com\/wp-content\/uploads\/2025\/08\/escudo-noticias-sober.jpg');\">\n\t\t\t\t\t\t<a href=\"https:\/\/concellodesober.com\/es\/2025\/08\/05\/o-concello-de-sober-presenta-a-programacion-da-xxviii-feira-da-rosca-e-o-vii-tunel-do-vino-de-amandi\/\" target=\"_blank\"><\/a>\n\t\t\t\t\t<\/div>\n\t\t\t\t\t<\/div>\n\t\t\t<div class=\"crane-blog-grid-meta\">\n\t\t<h4 class=\"crane-blog-grid-meta__title\"><a href=\"https:\/\/concellodesober.com\/es\/2025\/08\/05\/o-concello-de-sober-presenta-a-programacion-da-xxviii-feira-da-rosca-e-o-vii-tunel-do-vino-de-amandi\/\" rel=\"bookmark\" target=\"_blank\" class=\"blog-masonry__item__title\">O CONCELLO DE SOBER PRESENTA A PROGRAMACI\u00d3N DA XXVIII FEIRA DA ROSCA E O VII T\u00daNEL DO VI\u00d1O DE AMANDI<\/a><\/h4>\t\t<div class=\"crane-blog-grid-meta__excerpt\">\n\t\t\t<em>O martes 12 &aacute;s 13:00 horas farase a tradicional degustaci&oacute;n gratu&iacute;ta de 2.000 raci&oacute;ns de rosca con queixo<\/em><br \/>\r\n&nbsp;\t\t<\/div>\n\t\t\t<div class=\"crane-blog-grid-meta__wrapper\">\n\t\t\t\t\t\t\t<div class=\"crane-blog-grid-meta__author__info\">\n\t\t\t\t\t\t\t\t<span class=\"crane-blog-grid-meta__author__pub-date\">5 de agosto de 2025<\/span>\n\t\t\t<\/div>\n\t\t\t\t<\/div>\n\t<\/div>\n\n\t<\/div>\n<\/div>\n<div id=\"post-15269\" class=\"crane-blog-grid-item post-15269 post type-post status-publish format-standard has-post-thumbnail hentry\">\n\t<div class=\"crane-blog-grid-item-wrapper\">\n\n\t\t<div class=\"crane-blog-header\" >\t\t\t\t\t<div class=\"crane-blog-grid-item-placeholder\" style=\"background-image: url('https:\/\/concellodesober.com\/wp-content\/uploads\/2025\/08\/escudo-noticias-sober.jpg');\">\n\t\t\t\t\t\t<a href=\"https:\/\/concellodesober.com\/es\/2025\/07\/03\/o-concello-de-sober-convoca-tres-bolsas-culturais-internacionais-pintor-de-castinandi\/\" target=\"_blank\"><\/a>\n\t\t\t\t\t<\/div>\n\t\t\t\t\t<\/div>\n\t\t\t<div class=\"crane-blog-grid-meta\">\n\t\t<h4 class=\"crane-blog-grid-meta__title\"><a href=\"https:\/\/concellodesober.com\/es\/2025\/07\/03\/o-concello-de-sober-convoca-tres-bolsas-culturais-internacionais-pintor-de-castinandi\/\" rel=\"bookmark\" target=\"_blank\" class=\"blog-masonry__item__title\">O CONCELLO DE SOBER CONVOCA TRES BOLSAS CULTURAIS INTERNACIONAIS \u2018PINTOR DE CASTINANDI\u2019<\/a><\/h4>\t\t<div class=\"crane-blog-grid-meta__excerpt\">\n\t\t\t<em>As persoas beneficiarias poder&aacute;n asistir de maneira gratu&iacute;ta ao Taller de Ver&aacute;n que La Plantaci&oacute;n organiza na Casa Grande de Rosende co reco&ntilde;ecido fot&oacute;grafo David Jim&eacute;nez do 27 de xullo ao 1 de agosto<\/em><br \/>\r\n&nbsp;\t\t<\/div>\n\t\t\t<div class=\"crane-blog-grid-meta__wrapper\">\n\t\t\t\t\t\t\t<div class=\"crane-blog-grid-meta__author__info\">\n\t\t\t\t\t\t\t\t<span class=\"crane-blog-grid-meta__author__pub-date\">3 de julio de 2025<\/span>\n\t\t\t<\/div>\n\t\t\t\t<\/div>\n\t<\/div>\n\n\t<\/div>\n<\/div>\n<\/div><\/div><div class=\"ult-spacer spacer-69d429851c3b0\" data-id=\"69d429851c3b0\" data-height=\"100\" data-height-mobile=\"25\" data-height-tab=\"100\" data-height-tab-portrait=\"50\" data-height-mobile-landscape=\"25\" style=\"clear:both;display:block;\"><\/div>[\/vc_column_inner][\/vc_row_inner][\/vc_column][\/vc_row][vc_row ct_row_stretch=\u00bb\u00bb][vc_column]<div class=\"ult-spacer spacer-69d429851c3fd\" data-id=\"69d429851c3fd\" data-height=\"100\" data-height-mobile=\"25\" data-height-tab=\"50\" data-height-tab-portrait=\"50\" data-height-mobile-landscape=\"25\" style=\"clear:both;display:block;\"><\/div>[\/vc_column][\/vc_row][vc_row ct_row_stretch=\u00bbstretch_row_content\u00bb gap=\u00bb5&#8243; equal_height=\u00bbyes\u00bb content_placement=\u00bbmiddle\u00bb bg_type=\u00bbbg_color\u00bb bg_color_value=\u00bb#f1f1f1&#8243; css=\u00bb.vc_custom_1714042938804{padding-top: 40px !important;padding-bottom: 40px !important;}\u00bb][vc_column width=\u00bb1\/4&#8243; css=\u00bb.vc_custom_1697708235226{background-position: center !important;background-repeat: no-repeat !important;background-size: cover !important;}\u00bb]<div class=\"ult-new-ib ult-ib-effect-style2  ult-ib-resp  \" data-min-width=\"768\" data-max-width=\"900\" style=\"\" data-opacity=\"1\" data-hover-opacity=\"1\" ><img decoding=\"async\" class=\"ult-new-ib-img\" style=\"opacity:1;\" alt=\"null\" src=\"https:\/\/concellodesober.com\/wp-content\/uploads\/2023\/10\/acc-rutasfluviales.png\"   \/><div id=\"interactive-banner-wrap-8916\" class=\"ult-new-ib-desc\" style=\"\"><h2 class=\"ult-new-ib-title ult-responsive\"  data-ultimate-target='#interactive-banner-wrap-8916 .ult-new-ib-title'  data-responsive-json-new='{\"font-size\":\"desktop:14px;\",\"line-height\":\"\"}'  style=\"font-weight:bold;color:#ffffff;\">RUTAS FLUVIALES - R\u00cdO SIL<\/h2><div class=\"ult-new-ib-content ult-responsive\"  data-ultimate-target='#interactive-banner-wrap-8916 .ult-new-ib-content'  data-responsive-json-new='{\"font-size\":\"desktop:12px;\",\"line-height\":\"\"}'  style=\"text-decoration:underline;font-weight:normal;color:#ffffff;\"><p>SABER M\u00c1S<\/p><\/div><\/div><\/div>[\/vc_column][vc_column width=\u00bb1\/4&#8243;]<div class=\"ult-new-ib ult-ib-effect-style2  ult-ib-resp  \" data-min-width=\"768\" data-max-width=\"900\" style=\"\" data-opacity=\"1\" data-hover-opacity=\"1\" ><img decoding=\"async\" class=\"ult-new-ib-img\" style=\"opacity:1;\" alt=\"null\" src=\"https:\/\/concellodesober.com\/wp-content\/uploads\/2023\/10\/acc-turismorural.png\"   \/><div id=\"interactive-banner-wrap-3711\" class=\"ult-new-ib-desc\" style=\"\"><h2 class=\"ult-new-ib-title ult-responsive\"  data-ultimate-target='#interactive-banner-wrap-3711 .ult-new-ib-title'  data-responsive-json-new='{\"font-size\":\"desktop:14px;\",\"line-height\":\"\"}'  style=\"font-weight:bold;color:#ffffff;\">ALOJAMIENTOS - TURISMO RURAL<\/h2><div class=\"ult-new-ib-content ult-responsive\"  data-ultimate-target='#interactive-banner-wrap-3711 .ult-new-ib-content'  data-responsive-json-new='{\"font-size\":\"desktop:12px;\",\"line-height\":\"\"}'  style=\"text-decoration:underline;font-weight:normal;color:#ffffff;\"><p>SABER M\u00c1S<\/p><\/div><\/div><\/div>[\/vc_column][vc_column width=\u00bb1\/4&#8243;]<div class=\"ult-new-ib ult-ib-effect-style2  ult-ib-resp  \" data-min-width=\"768\" data-max-width=\"900\" style=\"\" data-opacity=\"1\" data-hover-opacity=\"1\" ><img decoding=\"async\" class=\"ult-new-ib-img\" style=\"opacity:1;\" alt=\"null\" src=\"https:\/\/concellodesober.com\/wp-content\/uploads\/2023\/10\/acc-bodegas.png\"   \/><div id=\"interactive-banner-wrap-4401\" class=\"ult-new-ib-desc\" style=\"\"><h2 class=\"ult-new-ib-title ult-responsive\"  data-ultimate-target='#interactive-banner-wrap-4401 .ult-new-ib-title'  data-responsive-json-new='{\"font-size\":\"desktop:14px;\",\"line-height\":\"\"}'  style=\"font-weight:bold;color:#ffffff;\">BODEGAS RIBEIRA SACRA<\/h2><div class=\"ult-new-ib-content ult-responsive\"  data-ultimate-target='#interactive-banner-wrap-4401 .ult-new-ib-content'  data-responsive-json-new='{\"font-size\":\"desktop:12px;\",\"line-height\":\"\"}'  style=\"text-decoration:underline;font-weight:normal;color:#ffffff;\"><p>SABER M\u00c1S<\/p><\/div><\/div><\/div>[\/vc_column][vc_column width=\u00bb1\/4&#8243;]<div class=\"ult-new-ib ult-ib-effect-style2  ult-ib-resp  \" data-min-width=\"768\" data-max-width=\"900\" style=\"\" data-opacity=\"1\" data-hover-opacity=\"1\" ><img decoding=\"async\" class=\"ult-new-ib-img\" style=\"opacity:1;\" alt=\"null\" src=\"https:\/\/concellodesober.com\/wp-content\/uploads\/2023\/10\/acc-gundivos.png\"   \/><div id=\"interactive-banner-wrap-8799\" class=\"ult-new-ib-desc\" style=\"\"><h2 class=\"ult-new-ib-title ult-responsive\"  data-ultimate-target='#interactive-banner-wrap-8799 .ult-new-ib-title'  data-responsive-json-new='{\"font-size\":\"desktop:14px;\",\"line-height\":\"\"}'  style=\"font-weight:bold;color:#ffffff;\">ALFARER\u00cdA DE GUNDIV\u00d3S<\/h2><div class=\"ult-new-ib-content ult-responsive\"  data-ultimate-target='#interactive-banner-wrap-8799 .ult-new-ib-content'  data-responsive-json-new='{\"font-size\":\"desktop:12px;\",\"line-height\":\"\"}'  style=\"text-decoration:underline;font-weight:normal;color:#ffffff;\"><p>SABER M\u00c1S<\/p><\/div><\/div><\/div>[\/vc_column][\/vc_row][vc_row ct_row_stretch=\u00bb\u00bb][vc_column]<div class=\"ult-spacer spacer-69d4298522ac1\" data-id=\"69d4298522ac1\" data-height=\"100\" data-height-mobile=\"25\" data-height-tab=\"50\" data-height-tab-portrait=\"50\" data-height-mobile-landscape=\"25\" style=\"clear:both;display:block;\"><\/div>[\/vc_column][\/vc_row][vc_row ct_row_stretch=\u00bb\u00bb][vc_column][vc_single_image image=\u00bb11385&#8243; img_size=\u00bbfull\u00bb alignment=\u00bbcenter\u00bb onclick=\u00bbcustom_link\u00bb link=\u00bbhttps:\/\/www.concellodesober.com\/es\/aldea-modelo-francos-proendos\/\u00bb][\/vc_column][\/vc_row]\n","protected":false},"excerpt":{"rendered":"<p>[vc_row ct_row_stretch=\u00bbstretch_row_content_no_spaces\u00bb full_height=\u00bbyes\u00bb ct_bg_image=\u00bb9263&#8243; ct_bg_repeat=\u00bbno-repeat\u00bb ct_bg_size=\u00bbcover\u00bb full_width=\u00bbstretch_row_content_no_spaces\u00bb use_row_as_full_screen_section=\u00bbno\u00bb type=\u00bbfull_width\u00bb][vc_column css=\u00bb.vc_custom_1448019345221{background-position: center !important;background-repeat: no-repeat !important;background-size: cover !important;}\u00bb][vc_row_inner gap=\u00bb35&#8243;][vc_column_inner width=\u00bb1\/6&#8243;][\/vc_column_inner][vc_column_inner width=\u00bb2\/3&#8243;][vc_single_image image=\u00bb11536&#8243; img_size=\u00bbfull\u00bb][\/vc_column_inner][vc_column_inner width=\u00bb1\/6&#8243;][\/vc_column_inner][\/vc_row_inner][\/vc_column][\/vc_row][vc_row ct_row_stretch=\u00bbstretch_row\u00bb full_width=\u00bbstretch_row\u00bb use_row_as_full_screen_section=\u00bbno\u00bb type=\u00bbgrid\u00bb css=\u00bb.vc_custom_1707915414374{margin-top: -200px !important;}\u00bb][vc_column offset=\u00bbvc_col-xs-12&#8243;][vc_row_inner][vc_column_inner &#8230;<\/p>\n","protected":false},"author":1,"featured_media":0,"parent":0,"menu_order":0,"comment_status":"closed","ping_status":"closed","template":"","meta":{"footnotes":""},"class_list":["post-11120","page","type-page","status-publish","hentry"],"_links":{"self":[{"href":"https:\/\/concellodesober.com\/es\/wp-json\/wp\/v2\/pages\/11120","targetHints":{"allow":["GET"]}}],"collection":[{"href":"https:\/\/concellodesober.com\/es\/wp-json\/wp\/v2\/pages"}],"about":[{"href":"https:\/\/concellodesober.com\/es\/wp-json\/wp\/v2\/types\/page"}],"author":[{"embeddable":true,"href":"https:\/\/concellodesober.com\/es\/wp-json\/wp\/v2\/users\/1"}],"replies":[{"embeddable":true,"href":"https:\/\/concellodesober.com\/es\/wp-json\/wp\/v2\/comments?post=11120"}],"version-history":[{"count":27,"href":"https:\/\/concellodesober.com\/es\/wp-json\/wp\/v2\/pages\/11120\/revisions"}],"predecessor-version":[{"id":15200,"href":"https:\/\/concellodesober.com\/es\/wp-json\/wp\/v2\/pages\/11120\/revisions\/15200"}],"wp:attachment":[{"href":"https:\/\/concellodesober.com\/es\/wp-json\/wp\/v2\/media?parent=11120"}],"curies":[{"name":"wp","href":"https:\/\/api.w.org\/{rel}","templated":true}]}}