{"id":11410,"date":"2024-10-14T13:10:55","date_gmt":"2024-10-14T11:10:55","guid":{"rendered":"https:\/\/www.concellodesober.com\/?page_id=11410"},"modified":"2025-11-28T14:28:23","modified_gmt":"2025-11-28T13:28:23","slug":"accesibilidad","status":"publish","type":"page","link":"https:\/\/concellodesober.com\/es\/accesibilidad\/","title":{"rendered":"Accesibilidad"},"content":{"rendered":"[vc_row ct_row_stretch=\u00bbstretch_row_content_no_spaces\u00bb full_width=\u00bbstretch_row_content_no_spaces\u00bb use_row_as_full_screen_section=\u00bbno\u00bb type=\u00bbfull_width\u00bb][vc_column][vc_single_image image=\u00bb10742&#8243; img_size=\u00bbfull\u00bb][\/vc_column][\/vc_row][vc_row ct_row_stretch=\u00bbstretch_row_content_no_spaces\u00bb ct_bg_color=\u00bb#f9f9f9&#8243; bg_type=\u00bbbg_color\u00bb bg_color_value=\u00bb#f9f9f9&#8243;][vc_column]<div id=\"ultimate-heading-257569d211079ab2f\" class=\"uvc-heading ult-adjust-bottom-margin ultimate-heading-257569d211079ab2f uvc-9946 \" data-hspacer=\"no_spacer\"  data-halign=\"center\" style=\"text-align:center\"><div class=\"uvc-heading-spacer no_spacer\" style=\"top\"><\/div><div class=\"uvc-main-heading ult-responsive\"  data-ultimate-target='.uvc-heading.ultimate-heading-257569d211079ab2f h2'  data-responsive-json-new='{\"font-size\":\"desktop:40px;tablet:40px;tablet_portrait:30px;mobile_landscape:30px;mobile:20px;\",\"line-height\":\"\"}' ><h2 style=\"font-weight:normal;color:#000000;margin-top:80px;margin-bottom:80px;\">- ACCESIBILIDAD -<\/h2><\/div><\/div>[\/vc_column][\/vc_row][vc_row ct_row_stretch=\u00bb\u00bb][vc_column]<div class=\"ult-spacer spacer-69d211079abbb\" data-id=\"69d211079abbb\" data-height=\"30\" data-height-mobile=\"20\" data-height-tab=\"20\" data-height-tab-portrait=\"20\" data-height-mobile-landscape=\"20\" style=\"clear:both;display:block;\"><\/div>[\/vc_column][\/vc_row][vc_row ct_row_stretch=\u00bb\u00bb][vc_column width=\u00bb1\/4&#8243; css=\u00bb.vc_custom_1707307919031{background-color: #f0f0f0 !important;}\u00bb][\/vc_column][vc_column width=\u00bb3\/4&#8243;][vc_row_inner][vc_column_inner][vc_column_text]<strong>Declaraci\u00f3n de accesibilidad Provisional<\/strong><\/p>\n<p><strong>Introducci\u00f3n<\/strong><br \/>\nEl Concello de Sober se ha comprometido a hacer accesible su sitio web de conformidad con el <a href=\"https:\/\/www.boe.es\/diario_boe\/txt.php?id=BOE-A-2018-12699\">Real Decreto 1112\/2018, de 7 de septiembre, sobre accesibilidad de los sitios web y aplicaciones para dispositivos m\u00f3viles del sector p\u00fablico<\/a>, por el que se traspone la <a href=\"https:\/\/www.boe.es\/buscar\/doc.php?id=DOUE-L-2016-82305\">Directiva (UE) 2016\/2102 del Parlamento Europeo y del Consejo, de 26 de octubre de 2016<\/a>.<\/p>\n<p>La presente declaraci\u00f3n de accesibilidad se aplica al sitio web del <a href=\"https:\/\/www.concellodesober.com\/\">Concello de Sober<\/a>, excluyendo los contenidos incrustados provenientes de otros dominios.<\/p>\n<p><strong>Situaci\u00f3n de cumplimiento<\/strong><br \/>\nEste sitio web es parcialmente conforme con el Real Decreto 1112\/2018 debido a la falta de conformidad de los aspectos que se<br \/>\nindican a continuaci\u00f3n, en una revisi\u00f3n parcial llevaba a cabo de forma autom\u00e1tica.<\/p>\n<p><strong>Contenido no accesible<\/strong><br \/>\nEl contenido que se recoge a continuaci\u00f3n no es accesible por los siguientes motivos:<br \/>\nFalta de conformidad con Real Decreto 1112\/2018<\/p>\n<p>Algunas im\u00e1genes no est\u00e1n etiquetadas o tienen una alternativa textual gen\u00e9rica [requisito n\u00famero 9.1.1.1 de la norma UNE-EN 301549:2022-03Contenido no textual].<\/p>\n<p>De manera puntual alg\u00fan enlace podr\u00eda no tener definido el prop\u00f3sito espec\u00edfico de manera textual [requisito n\u00famero 9.2.4.4 de la norma UNE-EN301549:2022-03 prop\u00f3sito de los enlaces].<\/p>\n<p>En alguna p\u00e1gina no se indica el lenguaje por defecto que se utiliza [requisito n\u00famero 9.3.1.1 de la norma UNE-EN 301549:2022-03 Lenguaje de la p\u00e1gina].<\/p>\n<p>En algunas p\u00e1ginas puede haber atributos e ID duplicados [requisito n\u00famero 9.4.1.1 de la norma UNE-EN 301549:2022-03 procesamiento].<\/p>\n<p>En algunas p\u00e1ginas los componentes de interfaz de usuario como elementos de formulario, enlaces y componentes generados por script no siguen la estructura recomendada por las pautas de accesibilidad [requisito n\u00famero 9.4.1.2 de la norma UNE-EN 301549:2022-03 Nombre, funci\u00f3n, valor].<\/p>\n<p>En alg\u00fan documento la relaci\u00f3n de contraste en texto o im\u00e1genes podr\u00eda no ser de al menos 4.5:1 [requisito n\u00famero 10.1.4.3 de la norma UNE-EN301549:2022-03 contraste m\u00ednimo].<br \/>\nCarga desproporcionada No aplica.<\/p>\n<p>El contenido no entra dentro del \u00e1mbito de la legislaci\u00f3n aplicable<\/p>\n<p>Pueden existir archivos de ofim\u00e1tica en PDF y otros formatos publicados antes del 20 de septiembre de 2018 que no cumplan en su totalidad todos los requisitos de accesibilidad. Aunque se ha procurado que la mayor\u00eda de ellos s\u00ed lo cumplan.<br \/>\nPuede haber contenidos de terceros que no est\u00e9n desarrollados por el Concello de Sober o que no est\u00e9n bajo su control, como por ejemplo, archivos ofim\u00e1ticos.<\/p>\n<p>Pueden existir archivos pregrabados publicados antes del 20 de septiembre de 2018 que no cumplan en su totalidad todos los requisitos de accesibilidad.<\/p>\n<p><strong>Preparaci\u00f3n de la presente declaraci\u00f3n de accesibilidad provisional<\/strong><br \/>\nLa presente declaraci\u00f3n fue preparada el d\u00eda 31\/07\/2024.<br \/>\nEl m\u00e9todo empleado para preparar la declaraci\u00f3n ha sido una autoevaluaci\u00f3n el d\u00eda 30\/07\/2024.<br \/>\n\u00daltima revisi\u00f3n de la declaraci\u00f3n: 31\/07\/2024.<\/p>\n<p><strong>Observaciones y datos de contacto<\/strong><br \/>\nPuede realizar comunicaciones sobre requisitos de accesibilidad (art\u00edculo 10.2.a del RD 1112\/2018) como, por ejemplo:<\/p>\n<p>Informar sobre cualquier posible incumplimiento por parte de este sitio web.<br \/>\nTransmitir otras dificultades de acceso al contenido.<br \/>\nFormular cualquier otra consulta o sugerencia de mejora relativa a la accesibilidad del sitio web.<\/p>\n<p>Para estas comunicaciones tiene disponible estos canales de comunicaci\u00f3n:<\/p>\n<p>Tel\u00e9fono: <strong>982 460 001 \/ 982 460 005<\/strong><br \/>\nAcorde al art\u00edculo 10.2.b del RD 1112\/2018, tambi\u00e9n puede presentar:<br \/>\nUna queja relativa al cumplimiento de los requisitos del RD 1112\/2018.<br \/>\nUna solicitud de informaci\u00f3n accesible relativa a:<\/p>\n<p>Contenidos que est\u00e1n excluidos del \u00e1mbito de aplicaci\u00f3n del RD 1112\/2018 seg\u00fan lo establecido por el art\u00edculo 3, apartado 4.<br \/>\nContenidos que est\u00e1n exentos del cumplimiento de los requisitos de accesibilidad por imponer una carga desproporcionada.<\/p>\n<p>En la Solicitud de informaci\u00f3n accesible, se debe concretar, con toda claridad, los hechos, razones y petici\u00f3n que permitan constatar que se trata de una solicitud razonable y leg\u00edtima.<\/p>\n<p>Las solicitudes de informaci\u00f3n accesible y quejas se pueden presentar a trav\u00e9s de tel\u00e9fono: 982460001 \/ 982460005, as\u00ed como del resto de opciones recogidas en la Ley 39\/ 2015, de 1 de octubre, del Procedimiento Administrativo Com\u00fan de las Administraciones P\u00fablicas.<\/p>\n<p>Las comunicaciones, quejas y solicitudes de informaci\u00f3n accesible ser\u00e1n recibidas y tratadas por la Unidad Responsable de Accesibilidad del Concello de Sober.<\/p>\n<p><strong>Procedimiento de reclamaci\u00f3n<\/strong><br \/>\nSi una vez realizada una solicitud de informaci\u00f3n accesible o queja, \u00e9sta hubiera sido desestimada, no se estuviera de acuerdo con la decisi\u00f3n adoptada, o la respuesta no cumpliera los requisitos contemplados en el art\u00edculo 12.5, la persona interesada podr\u00e1 iniciar una reclamaci\u00f3n. Igualmente se podr\u00e1 iniciar una reclamaci\u00f3n en el caso de que haya transcurrido el plazo de veinte d\u00edas h\u00e1biles sin haber obtenido respuesta.<\/p>\n<p>La reclamaci\u00f3n puede ser presentada trav\u00e9s de <span style=\"color: #000000;\">tel\u00e9fono: <strong>982 460 001 \/ 982 460 005<\/strong><\/span><strong>,<\/strong><br \/>\nas\u00ed como en el resto de opciones recogidas en la Ley 39\/ 2015, de 1 de octubre, del Procedimiento Administrativo Com\u00fan de las Administraciones P\u00fablicas.<\/p>\n<p>Las reclamaciones ser\u00e1n recibidas y tratadas por la Unidad Responsable de Accesibilidad del Concello de Sober.<\/p>\n<p><strong>Contenido opcional<\/strong><\/p>\n<p>El Concello de Sober ha incorporado a su sitio web la plataforma de accesibilidad web universal <a href=\"https:\/\/www.insuit.net\/\">inSuit<\/a>. Un servicio que mejora de forma autom\u00e1tica la accesibilidad y la usabilidad de la p\u00e1gina web, haci\u00e9ndola m\u00e1s accesible e<br \/>\ninclusiva.<\/p>\n<p>Para activar la plataforma inSuit en la web del Concello de Sober: hay que activar la pesta\u00f1a de inSuit insertada en el lado izquierdo (HERRAMIENTAS DE ACCESIBILIDAD).<\/p>\n<p align=\"center\"><img loading=\"lazy\" decoding=\"async\" src=\"data:image\/jpg;base64,\/9j\/4AAQSkZJRgABAQEAYABgAAD\/2wBDAAIBAQIBAQICAgICAgICAwUDAwMDAwYEBAMFBwYHBwcGBwcICQsJCAgKCAcHCg0KCgsMDAwMBwkODw0MDgsMDAz\/2wBDAQICAgMDAwYDAwYMCAcIDAwMDAwMDAwMDAwMDAwMDAwMDAwMDAwMDAwMDAwMDAwMDAwMDAwMDAwMDAwMDAwMDAz\/wAARCAC+ADsDASIAAhEBAxEB\/8QAHwAAAQUBAQEBAQEAAAAAAAAAAAECAwQFBgcICQoL\/8QAtRAAAgEDAwIEAwUFBAQAAAF9AQIDAAQRBRIhMUEGE1FhByJxFDKBkaEII0KxwRVS0fAkM2JyggkKFhcYGRolJicoKSo0NTY3ODk6Q0RFRkdISUpTVFVWV1hZWmNkZWZnaGlqc3R1dnd4eXqDhIWGh4iJipKTlJWWl5iZmqKjpKWmp6ipqrKztLW2t7i5usLDxMXGx8jJytLT1NXW19jZ2uHi4+Tl5ufo6erx8vP09fb3+Pn6\/8QAHwEAAwEBAQEBAQEBAQAAAAAAAAECAwQFBgcICQoL\/8QAtREAAgECBAQDBAcFBAQAAQJ3AAECAxEEBSExBhJBUQdhcRMiMoEIFEKRobHBCSMzUvAVYnLRChYkNOEl8RcYGRomJygpKjU2Nzg5OkNERUZHSElKU1RVVldYWVpjZGVmZ2hpanN0dXZ3eHl6goOEhYaHiImKkpOUlZaXmJmaoqOkpaanqKmqsrO0tba3uLm6wsPExcbHyMnK0tPU1dbX2Nna4uPk5ebn6Onq8vP09fb3+Pn6\/9oADAMBAAIRAxEAPwD3j\/iIH+Mv\/QtfDL\/wXX3\/AMl0f8RA\/wAZf+ha+GX\/AILr7\/5Lr4Xr7z\/Z8\/4J2Wfx48H\/AAK1228HfbvDWoaVqreLb2G+8hpLgecLXd+8D53qg+QY9eK\/prNsi4by6mquJw0Unf8ACLl1a1drLu2j+Zcpz3iTMajpYbEyclb8ZKPRPRXu+yTKn\/EQP8Zf+ha+GX\/guvv\/AJLo\/wCIgf4y\/wDQtfDL\/wAF19\/8l15f+1R+yRdfsz\/sjfD6XxP4ZTQfHWo63qEd+5uEmkmt1VDCCUdkwMnGOfWvmeujAcM8O4yl7ahh4uN2r7p2bV1Z7O2hz4\/ibiLB1fY18RJSsnbZq6Ts7rdX1Pulf+Dgf4yBhnwz8MyO+NPvh\/7d1678Av8Ag4KsdW1eKz+JHg5dKglYA6nosrTRw9cloHy2On3XJ9q\/LmitcTwFkVam4ewUfOLaa\/H87mWG49z2jUU\/buXlJJp\/h+Vj+lL4ffETQ\/it4Rs9e8Oapaaxo+oJ5lvdWz745B\/Q+oPI71tV+MH\/AARs\/bSv\/gR+0DYeB9TvGfwh42uFsxFK\/wAljeucRSrk4Xc2Eb13A9q\/Z+v5+4r4bqZLjXhpPmi9YvuvPzXX7z+geFOJKedYL6zFcsk7SXZ+Xk+h\/MnX0to\/hP4Y\/s3fs5eCPEvjPwJN8SPE3xEW5vbe3m1u502x0m0hl8pf+Pcq8krnJOTgfz+aa9r+GH\/BRP4y\/BnwNYeGvDXja40zRNMVktbUWFpKIgWLEBniZjySeT3r+nM2w2JrQhHD9HeS55QurPTmim1rZ6b2sfzJlGJw1Gc5YnqrRfJGdnda8smk9LrXa9y9+098LvBmofBTwX8UvAOi3fhbSvEt1daTqOhz3z3qafeQbTmGVxvaN0bPzEkEYryDwV8OPEPxKvpLXw7oOs6\/cwrvkh02xlunRfUrGpIHvXY\/Hn9sL4j\/ALTmn6fa+OfE02vW+lSPLaI9pbwCFmADH91GucgDrmvpXwSdam\/Y3+HGi\/C34xfDz4bzSpdah4pjuPGdvoeqXd60xEfmEMJdqxqAASBgjjpXnSxWKy\/CQhXs5Sk1dylJRWrV5cvNKyVtUm3a76noLC4XMMXOdC6jGKdlGMXJ+6naPNyxu3fR2SvZdD4q13Qb7wvq89hqVld6df2rbJra6haKaFvRkYAg\/UVUr6x\/bvnXU\/2dPhw\/ifx34L8e\/EnSry80+71HRNeg1aebT8K8H2iWM7mZWyoLjPXk818nV62V414vDqs1Z3a8tG1dXS0e60PJzTBLCYh0Yu6sn56pOzs3qtnqXPD2tz+GtfsdRtm2XNhcR3MTD+F0YMp\/MCv6YK\/mTr+myvyPxhSvhH\/18\/8AbD9c8Hm7Ytf9e\/8A28\/mP3t\/s\/lX2t8EPjR8JLf4TfCnxH4j13Torr4P6fqbv4PksZpJta1SSUyW0yEIYmQsVZizDaUGeM18U19efsceEvgnqHw6026jj8MeIviwZj52k+O9Wk03SIxvIX7MqoILlmBH7uedcntX6VxLCm8NGVRT0f2LdYuLu3olZu8t101PzXhmdRYmUabhqvt36SUlZLVu6Vo7ProYH7Xv7Q7ftD\/sq\/DnWPFGt6Xr3xHm1fU2uJII0E9jYbl8u3l2gbfmO5FPO0\/Wt\/8AY7\/ZS+GXxG+GNlr8s918UvHEsxE3gSy1aHQ3tIw2Gd2kbz7kBcN\/owB529apf8FadQ8c2n7QF1oeq2N9pnw90eUJ4TtYtNWz0pITDGX+zlEVJOc\/MCx7ZxWN4R8BfC\/9m74B+DfGfxB8L638QfEfj8XF3puk22stpFnplpDL5YleaNWkaVmyQB8uB6jJ8in\/AMiiksK3B1JNxjCz+K8uS\/uWSW9pRs1bmfX16n\/I3qvFRU1TilKU7r4eWPPb37tva8ZXTvy9m\/8ABTzXT4b\/AGg9S+HumeF\/DfhTwt4NmC6XbadpCWsswkijLSyzY8yZiRjJbHy9MjNfNe9v9n8q+of229fk+Kn7P3w68baJrvi6fwZqF1eWKaD4g1I6nN4fvY9m+OK6ZQ8sLJgpvOVGeBnA+Xq9\/h7TAQg1Zxun35k7Nvzb1e+uza1PA4i1x85p3UrNduVq6S8ktFotN0noG9v9n8q\/pH\/4SPWfTTv+\/b\/\/ABVfzcV\/SRX5d4xf8wn\/AHE\/9sP1Hwd\/5i\/+4f8A7efzb19k\/EWx+ETfsifAdviJceP7W8bR9Q+y\/wDCM2dlKrr9sO4zGeRDuzjGAeM18bV91\/sOfCHxl4v+Cmn6zqXwu+EEPgOyD48Qaz4Nm1vWtVAdtwht4H82dgflBIRcfxHFfo3E1SNGnSxE58vJLo0m7xkrLe712SbZ+c8M05VqtXDxhzc8eqbStKLu9rLTdtJHzR8ffFPw\/wBR8K6HpfgPXvipqVnp0srGy8VC2S1swwHNukMrhWJHzcDOBXu37OP7Sk\/hj4H+H9Jl\/aU8M+Do9OieOLQ734anV5NOUyM237R9jk35J3cMcbsVy3\/BRvxjo3iCfQrPw98ELn4XaVYySgareeHv7HuNefAz+7CBVReoXe5+bkiuB+Gnwi+DniTwVZXnib4yat4Z1qZSbnTYvBM1+lsQxAAmW5QPkYP3R1xXNKlQxWW03iYySu38Easr67pQmvnZNbN30OlVK+FzKpHDSi3ZL4pUo202bnB\/K7T3StZncft0\/FDV\/iL8PvDBl+L1l8TtGS9na3Sy8Dv4dt7SXaoZg5toVlYjAIBYrjtmvmSvov8Aac8ffDqx\/ZZ8B\/D3wP4wv\/GU3h7V7\/Ubq8uNDk0oBZwm0BGd84IPRvwFfOlerkMFDCckYuKTla8VFtczs+VRglda\/Cjys+m54vnlJSbUb2k5JPlV1zOU722+JhX9JFfzb1\/SRX5b4xf8wn\/cT\/2w\/UvB3\/mL\/wC4f\/t5\/NvX3r+z18DfHniHwf8AAmz8MeNPjNo\/hnxbpWq3OtzaJrF2llpksPnNAqBP3UIdkAwR8xY45NfBVfZP7MnjCx034JaJDLrf7ZNrIiODF4LkUaInzt\/x75ccevH3s1+jcUKo8PF097vdX3jJJ28m7rzR+dcLSprEyVXay2dtpRbV\/NKz8mcf+1V4L8Z2\/wCyL8PfEnxB1j4j3fijU9b1G1msvFF\/dSrbRRqmxo4Z\/mQsDy3cYr2n9jez+JVt8I\/hxoNt+0JqPw\/m8ZRXl14f8Px6Al5ELS3kYyu1xu+RmAkdUKnO3GRnjwr9ubxDa63ougC31P8AaNvyk8pI+JrhoU+Uf8e2Gb5v73tivX\/2U\/jn4h0D4MeDDB4t\/ZQs5\/DlvPDpZ8Xx3ba7piSO+9WdIyE3bm4Q4KtzXg4+nWnlMLKLbnJ2cU0r83KkpRkrJ26Xts0e7gKlGGbTu5JKEVdSabty8zbjKLu1fra+6Zwf\/BQnxTrPxX+Fngvxla\/E3xP8RPA99fXdjajXtOhs7vT7yLaJOIhtKyIQy9wBgjNfJ9fUX7eXxG1LWvh14X0H+2\/gDdaLZX093Dp\/w0inhSCV0UNJPG6IvIGARz1zXy7X03DcHDARjZJXlayS0u7Xsoq9t9Fc+Z4jmp46Uk23aN9W9bK9ruTtfbV2Cv6SK\/m3r+kivzHxi\/5hP+4n\/th+neDv\/MX\/ANw\/\/bz+bev0X\/4Jyar8erz4D2drqUYg+CcYcwXS3l5p+qqgZt4sG03\/AEuRt+Th0ZT0zX50V9b\/ALOfwi+L1r8EtF8Uar8a9b+EnwwvJvs2mSJrt7K9yxcri2srZ\/8AnpkHcY+56c1+icWUYVcGqc3FXkrcybd9fgS15+1k9L6H53wnWnSxjqQUnaLvytJWuvjb05O92tbanD\/t+XXitviVLDdan8aNU8DRXDf2FL8QDeeczbR5nlicAdemAG243DNes\/Ayy+Dmt\/CT4U+LPEeseCLfT\/hnp+qT6\/4cu5o11jXtRM2+3Tycb54X+UjkhQCCBkiuA\/4KS6xZeF\/iBF8PI\/FPxQ8Zap4OnZdR1XxXrzXkFxJJHG3+jW5z5SgHqW3HJBzgGvX\/ANn3wX8MviL4M+A2reIPGvwfsdP8IaVq1t4h0bX9RhS7uJZ\/OEBMLIyvtZkbLkEYBGSBXj4qollGHm+aK11ju1yTs7W3mtno1Jp+R7OEpt5viILlk9NJPRPnhdXvtB7rVOKa8zyT9sT4l2Hxx\/Zk+HvjLWk8Kx\/EHVdW1KORdGht4JI9MRl8mOeOEAAox2pvG\/b1JJJr5ir6c\/as8I+HPhR+x\/8ADvwjZ+Mfh\/4w8R2Gt6jd30\/hnUVvVSGUIY977Vfseox6V826Jot34l1q007T7aa8v7+dLa2t4ULSTyuwVEUDkkkgAepr6TIfZxwj9npBSna+mnM7WvsrbHzWfe0li17TWbjC9tdeVXv3d9\/Mq1\/SRX4lftyfsEzfsSfCD4VTa1ctN4w8ZDUrjWIUcNBYCIWflQIRwzL5z7nBwScDhQT+2tfkXilmFDG0MHicM7wbqpPvZxi\/ldaH674W5fXwVfGYbEq00qTa7XUpL52ep\/NvX1t+yH8HfjR4Y+G2ma74F+IWjaFdeMEupND8GX16zy+KUgJE5W0lja2b7pCmQgtg4IHJ+Sa++f2UviF41t\/gP4E8Z2fwK0zxlJ8N7a9ttA1h\/FMtrfXMW6T7T5Fkjgz7N7KcRuR\/DyOP1TimtUp4VKCi7u1pclno7L32lrK17a2vbU\/LOFqNOpi26jkrK94891qrv3E3pG9r6Xtc8p\/4KSTWmoano17rs3w1m+K91NMPFX\/CJXV3OqbAqRLMGLW6zDDBxGcgqOMUL8Dov2uP2Y\/hxF8Nz4T\/AOEs8GQXlh4h0a41C103UblpJ\/MjuladoxNGVOM7zsPAHWsv9u34VxfDnRfDU8\/wr0D4W6zq0k1xcWUXi+41jVJEwpVriCaVzCGJJB6kghsHArVh\/ZbuP2qf2YPhxc\/CTQ9G1XxD4bivLPxZYW89vBqxneffFcSB2VpYinCnJ29MDnHm0atOlgMNUjU5EpO0pcrgtJKz5Ztcv2YpT093Xo\/RrUqlXH4mnKnzNxV4x5lN6xd1zQT5\/tSbhr72nVZf7WPhzSPgt+zR8PPhve6h4b1jx\/o+o3+papJo9xHdrpME2zZaSzpw8hI3FQTtxjOMZ+cYpWglV0ZkdCGVlOCpHQg19H\/tZfCjT\/2ev2aPh54K1218PwfFKC\/vtR1aOwaGa5srSXb5UN1LESGkyMgFjtUYHFfN1e9kUoywvPF815Td+kryeq\/uvpvp1e54WexlDF8rXLaMFbrG0Vo\/7y67a9Fse2ftOftteIP2r\/hB8N9C8VB7zXPAH2+BtWeTc+pwzi18oyDr5qeQwZv4gVJ+bcT+7lfzb1\/SRX5F4rYOjhaWDo4ePLFOq7LzcW\/xbP1zwpxlbFVcZWxEuaVqSu\/JSS\/BI\/m3r70\/Z++OHh\/4eeHv2f8AWNe+H\/xW1TxT4a03Uh4ZXw\/NZy2urxFpRPJ5AV5iUVmJ+59zJyBXwXX6Afsq\/EGCT4dfCPXrn4MfH3xLqPw6sNQstPv\/AA5pIm0jUEujKkjEmFmcqJCBtdcMOc1+l8WxTw0eaPMry68u8JK17rRt2fk2fmnCUmsTLllyu0enNtOLvaz1SV15pHzf+1H4T8Iat4J0fx94Q0z4mra+KNTu47nVPFepWF0t\/OmGk8tbdEcMGYklxg54r0v9jv8AZP8Ahh8RvhlZa\/LPd\/FLxxLMRN4Es9Xh0N7SMNhndpG8+5AXDf6OAedvWsf9tW6s\/Bf7PHgXwJpXw5+LvgvSdG1S9vorrxzYrBJevMq7kjZYo1bbjoF4Br5eilaGRXRirqQyspwQR3FXhaFfGZeo0qjp+87O924ptJNp32t8Motd+hOKr0MHmDlVpqp7sbq1kpNJtpNW3v8AFFp9up9Jf8FPdb\/4Rv8AaD1H4e6Z4X8O+FPC3g2YLpdtp2kJayzCSKMtLLMR5kzEjGS2Pl6ZGa+a67D4gftAeNfiv4X0nRvE3ifWdf07Q2drGPULg3DW+\/AIDtlyOBgEkDsBXH16+U4SeGwkKFS14qzau7vvrrd7vze73PHzbFwxOLnXp3tJ3SdlZdtNLLZbaLZbBX9JFfzb1\/SRX5J4xf8AMJ\/3E\/8AbD9b8Hf+Yv8A7h\/+3n829faf\/BOXRLvwR4q8I+Lda+O3w\/0PwnBFeCbw1feLpoLuDfBPEga1K+UP3jq\/3unPXiviyiv1rNcveNw7w\/Nyp3T0T0at129T8lyrMFgsRHEcvM42a1a1TT6b+h7N+1L8OfEHgbTdJfWvjB4Q+JyTyusUOi+J59YaxIAyzrIi7A3QEdcV4zRRXThKEqNJU5O772S\/BaHNi68a1V1Iqy7Xb\/FhRRRXScwV\/SRX829f0kV+J+MX\/MJ\/3E\/9sP2zwd\/5i\/8AuH\/7efzb12HwE+BviD9pH4taN4M8MWyXGsa1KY4\/MbZFCiqWeWRuyIisx4JwMAEkA8fXuf8AwTz\/AGntJ\/ZQ\/aIj1\/X7O8u9B1TTbjRtQazI+1WkU4XM0WcfMpVe4OC2OeK\/Xszq4inhKlTCx5qii+Vd30\/4bqfkOWU8PUxdOnipctNyXM+yvr\/w\/Qy\/jj8O\/hZ8L1vvDWgeJPEnjHxdY3C28urxxQWeg+YHxKsasXmlUcgSFkBPO3b18++JvgGb4XePNS0C41DR9Vm0yXynu9KvFvLOc4BzHKvDDnH1BHavsb9mX\/glb4P+PXxy0Wfwz8WfBvjz4fQ3AvNUsYpprDX1tF52PaldyBm2RmQMuN5IwRXzJ+0t+zR4z\/Zy8c3dt4n8Hav4Vs7q5lOni5HmwPHuJVEnUskhVcZwxPr1ryMrzjC1cR9ThWcppXakuWTb8nytWs7xUbK6PXzTJ8VSw\/1ydFRg3ZOL5opLzXMne6tJy1szzaipbqymsWUTRSwl1DqHQruU9CM9j61FX0h83sFf0kV\/NvX9JFfinjF\/zCf9xP8A2w\/a\/B3\/AJi\/+4f\/ALefzb0UUV+2H4mfpv8A8EqfgR4W\/ZDitvFPxU8ZaD4a174ueHpYNE0S8ufssg01mjkaWWc48p5MJsXcDgcEuCqfQ\/we\/ay8D6p8YtC+EMXivw74ql1CKW20ex8MQ3GoR+H0ht5pPOn1SaZzLJsRkUxqGQkZAHI+O\/2hvgf4b\/4KOSeEviT4X+Lfw18KJHoFnpGsaJ4n1X+z59EkgBVljXDboyWYrkKp6hju45G++O3wz\/4J7fDnV9B+D2tf8J78VfEVobHU\/G4gMNno0DfeisQeSx4+cEjIVtxwEX8WxmTLNZzrTlOWJno4cto02rpNya0UV\/29K2jtKx+04POXlUIUqcYRw0NVPmvKonZtKKd25P8A7dj1V43MT\/gqBp+k+KYfA3xAgTUbfXPFtxren6hBcazPqsRj02++yQTRSzFnCviT5c4BTgAHn5Ors\/ip8Zbv4o+HvBmlSWyWdl4K0UaRaoshfzSZ5riSZiR953mbjsFUe9cZX6rk2EnhcJHD1H8LlbrpzPlXyjZH5VnOLhisXLEU18SjfpryrmfzldhX9JFfzleDPDM\/jXxhpWj2oLXOrXkNnEAOS8jhB+pr+jWvyXxhkr4SPX3\/AP2w\/WvB6L5cXLp7n\/t5\/NvRX6Sf8Q93\/VXf\/LW\/+7KP+Ie7\/qrv\/lrf\/dlfcf8AEReHv+gj\/wAkn\/8AInw\/\/EOuIf8AoH\/8nh\/8kfm3RX6Sf8Q93\/VXf\/LW\/wDuyj\/iHu\/6q7\/5a3\/3ZR\/xEXh7\/oI\/8kn\/APIh\/wAQ64h\/6B\/\/ACeH\/wAkfm3RX6Sp\/wAG94Djd8XCR3A8LYP\/AKV16t8Cv+CI\/wAL\/hfq8eoeI73VPHNzCQyQXirb2WRn70SZLfRnI46Vz4nxLyGlByp1HN9lGS\/9KSX4nThvDTPqs1GpTUF3cov\/ANJbf4Hzr\/wRs\/Yb1Hxt8SbP4p+IbOS28P8Ah9jJo6yqQdQuuiyD\/YjySD3bHpX6r1Bp2m2+j2ENraQQ2ttboI4oYUCRxKOAFUcAD0FT1+C8S8Q1s5xrxVVWW0V2X+fVs\/eeGuHqOTYJYWk7veT7v\/Lsj\/\/Z\" alt=\"Activaci\u00f3n de inSuit\" width=\"59\" height=\"190\" name=\"Imagen1\" align=\"bottom\" border=\"0\" \/><\/p>\n<p>El usuario recibir\u00e1 desde la web las ayudas t\u00e9cnicas que le permitir\u00e1n navegar de manera adaptada a sus necesidades y preferencias.<\/p>\n<p><b>Ayudas t\u00e9cnicas de inSuit<\/b><\/p>\n<p><strong>Ayuda t\u00e9cnica<\/strong><\/p>\n<p>Dirigida a:<br \/>\nNavegaci\u00f3n con teclado<br \/>\nDirigida a:<b>Personas invidentes.<\/b> Permite escuchar una locuci\u00f3n del contenido de la p\u00e1gina y navegar con el teclado utilizando balizas num\u00e9ricas.<\/p>\n<p>Navegaci\u00f3n para visi\u00f3n reducida<br \/>\nDirigida a:<b>Personas con visi\u00f3n reducida.<\/b> Permite magnificar el contenido de las p\u00e1ginas, ajustar contrastes y facilitar la lectura a personas con dislexia.<\/p>\n<p>Comandos de voz<br \/>\nDirigida a:<b>Personas con discapacidad motriz.<\/b> Acceso a todo el contenido de la p\u00e1gina a trav\u00e9s de sencillos comandos de voz.<\/p>\n<p>Navegaci\u00f3n con Sonidos<br \/>\nDirigida a:<b>Personas con discapacidad motriz que tienen afectada el habla.<\/b> Permite la navegaci\u00f3n emitiendo cualquier tipo de sonidos, mediante un barrido de las opciones disponibles.<\/p>\n<p>Navegaci\u00f3n con Pulsador<br \/>\nDirigida a:<b>Personas con discapacidad motriz severa.<\/b> Navegaci\u00f3n utilizando cualquier tecla del teclado como un \u00fanico pulsador, mediante un barrido de las opciones disponibles.<\/p>\n<p>Navegaci\u00f3n sencilla con botones<br \/>\nDirigida a: <b>Personas con discapacidad cognitiva y personas mayores.<\/b> Navegaci\u00f3n sencilla mediante el rat\u00f3n con elementos visuales destacados y botones virtuales.<\/p>\n<p>Navegaci\u00f3n sencilla con texto grande<br \/>\nDirigida a: <b>Personas mayores o con pocas competencias digitales.<br \/>\n<\/b>Navegaci\u00f3n utilizando el rat\u00f3n que permite aumentar el tama\u00f1o del puntero, resaltar enlaces, cambiar el contraste del color, hacer zoom sobre el contenido y la estructura, cambiar a una tipograf\u00eda m\u00e1s legible o especial para dislexia, y botones de conversi\u00f3n de texto a voz en el contenido textual.<b><br \/>\n<\/b><br \/>\nEstas son algunas de las ayudas que permiten a personas con discapacidad acceder a toda la informaci\u00f3n publicada en cualquier formato dentro de nuestra web: PDFs, im\u00e1genes, v\u00eddeos, audios, tablas, etc., adem\u00e1s de permitir rellenar formularios de forma accesible.<b><br \/>\n<\/b><br \/>\nEl sitio web est\u00e1 optimizado para las \u00faltimas versiones de Firefox, Safari, Opera y Google Chrome.\u00a0La resoluci\u00f3n web m\u00ednima recomendada es 1280&#215;1024.<b><br \/>\n<\/b><\/p>\n<p><center><br \/>\n<img decoding=\"async\" style=\"height: 45px;\" src=\"https:\/\/www.deputacionlugo.gal\/sites\/deputacionlugo.org\/files\/logodipu.png\" alt=\"Diputacion de Lugo\" name=\"logoDipu\" align=\"bottom\" border=\"0\" \/><br \/>\n<img decoding=\"async\" style=\"width: 412px; height: 45px;\" src=\"https:\/\/www.deputacionlugo.gal\/sites\/deputacionlugo.org\/files\/inline-images\/logos%20fondos.png\" alt=\"Activaci\u00f3n de inSuit\" name=\"Imagen1\" align=\"bottom\" border=\"0\" \/><br \/>\n<img decoding=\"async\" style=\"width: 179px; height: 45px;\" src=\"https:\/\/www.deputacionlugo.gal\/sites\/deputacionlugo.org\/files\/inline-images\/Logo%20impulsatic.png\" alt=\"Activaci\u00f3n de inSuit\" name=\"Imagen1\" align=\"bottom\" border=\"0\" \/><\/center>[\/vc_column_text][\/vc_column_inner][\/vc_row_inner]<div class=\"ult-spacer spacer-69d211079ac08\" data-id=\"69d211079ac08\" data-height=\"30\" data-height-mobile=\"20\" data-height-tab=\"20\" data-height-tab-portrait=\"20\" data-height-mobile-landscape=\"20\" style=\"clear:both;display:block;\"><\/div>[vc_single_image image=\u00bb10712&#8243; img_size=\u00bbfull\u00bb][\/vc_column][\/vc_row][vc_row ct_row_stretch=\u00bb\u00bb][vc_column]<div class=\"ult-spacer spacer-69d211079ac4a\" data-id=\"69d211079ac4a\" data-height=\"86\" data-height-mobile=\"86\" data-height-tab=\"86\" data-height-tab-portrait=\"\" data-height-mobile-landscape=\"\" style=\"clear:both;display:block;\"><\/div>[\/vc_column][\/vc_row]\n","protected":false},"excerpt":{"rendered":"<p>[vc_row ct_row_stretch=\u00bbstretch_row_content_no_spaces\u00bb full_width=\u00bbstretch_row_content_no_spaces\u00bb use_row_as_full_screen_section=\u00bbno\u00bb type=\u00bbfull_width\u00bb][vc_column][vc_single_image image=\u00bb10742&#8243; img_size=\u00bbfull\u00bb][\/vc_column][\/vc_row][vc_row ct_row_stretch=\u00bbstretch_row_content_no_spaces\u00bb ct_bg_color=\u00bb#f9f9f9&#8243; bg_type=\u00bbbg_color\u00bb bg_color_value=\u00bb#f9f9f9&#8243;][vc_column][\/vc_column][\/vc_row][vc_row ct_row_stretch=\u00bb\u00bb][vc_column][\/vc_column][\/vc_row][vc_row ct_row_stretch=\u00bb\u00bb][vc_column width=\u00bb1\/4&#8243; css=\u00bb.vc_custom_1707307919031{background-color: #f0f0f0 !important;}\u00bb][\/vc_column][vc_column width=\u00bb3\/4&#8243;][vc_row_inner][vc_column_inner][vc_column_text]Declaraci\u00f3n de accesibilidad Provisional Introducci\u00f3n El Concello de Sober se ha comprometido a &#8230;<\/p>\n","protected":false},"author":1,"featured_media":0,"parent":0,"menu_order":0,"comment_status":"closed","ping_status":"closed","template":"","meta":{"footnotes":""},"class_list":["post-11410","page","type-page","status-publish","hentry"],"_links":{"self":[{"href":"https:\/\/concellodesober.com\/es\/wp-json\/wp\/v2\/pages\/11410","targetHints":{"allow":["GET"]}}],"collection":[{"href":"https:\/\/concellodesober.com\/es\/wp-json\/wp\/v2\/pages"}],"about":[{"href":"https:\/\/concellodesober.com\/es\/wp-json\/wp\/v2\/types\/page"}],"author":[{"embeddable":true,"href":"https:\/\/concellodesober.com\/es\/wp-json\/wp\/v2\/users\/1"}],"replies":[{"embeddable":true,"href":"https:\/\/concellodesober.com\/es\/wp-json\/wp\/v2\/comments?post=11410"}],"version-history":[{"count":4,"href":"https:\/\/concellodesober.com\/es\/wp-json\/wp\/v2\/pages\/11410\/revisions"}],"predecessor-version":[{"id":11532,"href":"https:\/\/concellodesober.com\/es\/wp-json\/wp\/v2\/pages\/11410\/revisions\/11532"}],"wp:attachment":[{"href":"https:\/\/concellodesober.com\/es\/wp-json\/wp\/v2\/media?parent=11410"}],"curies":[{"name":"wp","href":"https:\/\/api.w.org\/{rel}","templated":true}]}}