{"id":11441,"date":"2024-07-29T13:54:52","date_gmt":"2024-07-29T11:54:52","guid":{"rendered":"https:\/\/www.concellodesober.com\/?page_id=11441"},"modified":"2026-02-20T13:52:29","modified_gmt":"2026-02-20T12:52:29","slug":"catamarans","status":"publish","type":"page","link":"https:\/\/concellodesober.com\/es\/catamarans\/","title":{"rendered":"Catamar\u00e1ns"},"content":{"rendered":"[vc_row ct_row_stretch=\u00bbstretch_row_content_no_spaces\u00bb full_width=\u00bbstretch_row_content_no_spaces\u00bb use_row_as_full_screen_section=\u00bbno\u00bb type=\u00bbfull_width\u00bb][vc_column][vc_single_image image=\u00bb10853&#8243; img_size=\u00bbfull\u00bb][\/vc_column][\/vc_row][vc_row ct_row_stretch=\u00bb\u00bb bg_type=\u00bbbg_color\u00bb bg_color_value=\u00bb#f9f9f9&#8243;][vc_column]<div id=\"ultimate-heading-75369d1df77ce18f\" class=\"uvc-heading ult-adjust-bottom-margin ultimate-heading-75369d1df77ce18f uvc-7380 \" data-hspacer=\"no_spacer\"  data-halign=\"center\" style=\"text-align:center\"><div class=\"uvc-heading-spacer no_spacer\" style=\"top\"><\/div><div class=\"uvc-main-heading ult-responsive\"  data-ultimate-target='.uvc-heading.ultimate-heading-75369d1df77ce18f h2'  data-responsive-json-new='{\"font-size\":\"desktop:40px;tablet:40px;tablet_portrait:30px;mobile_landscape:30px;mobile:20px;\",\"line-height\":\"\"}' ><h2 style=\"font-weight:normal;color:#000000;margin-top:80px;margin-bottom:80px;\">- CATAMARANES -<\/h2><\/div><\/div>[\/vc_column][\/vc_row][vc_row ct_row_stretch=\u00bb\u00bb][vc_column]<div class=\"ult-spacer spacer-69d1df77ce22a\" data-id=\"69d1df77ce22a\" data-height=\"30\" data-height-mobile=\"20\" data-height-tab=\"20\" data-height-tab-portrait=\"20\" data-height-mobile-landscape=\"20\" style=\"clear:both;display:block;\"><\/div>[\/vc_column][\/vc_row][vc_row ct_row_stretch=\u00bb\u00bb][vc_column width=\u00bb1\/4&#8243; css=\u00bb.vc_custom_1707307919031{background-color: #f0f0f0 !important;}\u00bb][\/vc_column][vc_column width=\u00bb3\/4&#8243;][vc_column_text]Recorrer las aguas del Sil a bordo de una embarcaci\u00f3n es quiz\u00e1s una de las actividades que mejor sensaci\u00f3n nos puede dejar la visita a los ca\u00f1ones del Sil.<\/p>\n<p>Para poder hacerlo hay varias empresas que prestan su servicio desde diferentes embarcaderos reserva el viaje en el que m\u00e1s te apetezca.<\/p>\n<p>Siltrip, (salida del embarcadero de <strong>Chanc\u00eds<\/strong> a 7,7 km de Sober capital)<\/p>\n<p><a href=\"https:\/\/siltrip.com\/\"><strong>https:\/\/siltrip.com\/<\/strong><\/a><\/p>\n<p><strong>Deputaci\u00f3n de Lugo<\/strong> (salida del embarcadero de <strong>Ponte do Sil<\/strong> a 20km de Sober capital. )<\/p>\n<p><a href=\"https:\/\/reservas.rutasembalses.es\/\"><strong>https:\/\/reservas.rutasembalses.es\/<\/strong><\/a><\/p>\n<p><strong>Catamar\u00e1n R\u00edo Sil<\/strong>, paseos por la Ribeira Sacra y los Ca\u00f1ones del Sil. (salida desde el embarcadero de A Abeleda, a 20 km de la capital de Sober).<\/p>\n<p><a href=\"https:\/\/www.catamaranesriosil.com\" target=\"_blank\" rel=\"noopener\">https:\/\/www.catamaranesriosil.com<\/a><\/p>\n<p><strong>Barco Brand\u00e1n <\/strong>(salida del embarcadero de <strong>Abeleda<\/strong> a 20 km de Sober capital.)<\/p>\n<p><a href=\"http:\/\/www.adegaalgueira.com\/\">http:\/\/www.adegaalgueira.com\/<\/a><\/p>\n<p><strong>Viajes Hemisferios<\/strong> (salida del embarcadero de <strong>Santo Estevo<\/strong> a 30km de Sober capital.)<\/p>\n<p><a href=\"https:\/\/www.hemisferios.org\/\">https:\/\/www.hemisferios.org\/<\/a>[\/vc_column_text]<div class=\"ult-spacer spacer-69d1df77ce282\" data-id=\"69d1df77ce282\" data-height=\"30\" data-height-mobile=\"20\" data-height-tab=\"20\" data-height-tab-portrait=\"20\" data-height-mobile-landscape=\"20\" style=\"clear:both;display:block;\"><\/div>[vc_single_image image=\u00bb10712&#8243; img_size=\u00bbfull\u00bb][vc_images_carousel images=\u00bb10854,10855&#8243; img_size=\u00bbfull\u00bb slides_per_view=\u00bb2&#8243; hide_pagination_control=\u00bbyes\u00bb][\/vc_column][\/vc_row][vc_row ct_row_stretch=\u00bb\u00bb][vc_column]<div class=\"ult-spacer spacer-69d1df77ce2d5\" data-id=\"69d1df77ce2d5\" data-height=\"86\" data-height-mobile=\"86\" data-height-tab=\"86\" data-height-tab-portrait=\"\" data-height-mobile-landscape=\"\" style=\"clear:both;display:block;\"><\/div>[\/vc_column][\/vc_row]\n","protected":false},"excerpt":{"rendered":"<p>[vc_row ct_row_stretch=\u00bbstretch_row_content_no_spaces\u00bb full_width=\u00bbstretch_row_content_no_spaces\u00bb use_row_as_full_screen_section=\u00bbno\u00bb type=\u00bbfull_width\u00bb][vc_column][vc_single_image image=\u00bb10853&#8243; img_size=\u00bbfull\u00bb][\/vc_column][\/vc_row][vc_row ct_row_stretch=\u00bb\u00bb bg_type=\u00bbbg_color\u00bb bg_color_value=\u00bb#f9f9f9&#8243;][vc_column][\/vc_column][\/vc_row][vc_row ct_row_stretch=\u00bb\u00bb][vc_column][\/vc_column][\/vc_row][vc_row ct_row_stretch=\u00bb\u00bb][vc_column width=\u00bb1\/4&#8243; css=\u00bb.vc_custom_1707307919031{background-color: #f0f0f0 !important;}\u00bb][\/vc_column][vc_column width=\u00bb3\/4&#8243;][vc_column_text]Recorrer las aguas del Sil a bordo de una embarcaci\u00f3n es quiz\u00e1s una de &#8230;<\/p>\n","protected":false},"author":1,"featured_media":0,"parent":0,"menu_order":0,"comment_status":"closed","ping_status":"closed","template":"","meta":{"footnotes":""},"class_list":["post-11441","page","type-page","status-publish","hentry"],"_links":{"self":[{"href":"https:\/\/concellodesober.com\/es\/wp-json\/wp\/v2\/pages\/11441","targetHints":{"allow":["GET"]}}],"collection":[{"href":"https:\/\/concellodesober.com\/es\/wp-json\/wp\/v2\/pages"}],"about":[{"href":"https:\/\/concellodesober.com\/es\/wp-json\/wp\/v2\/types\/page"}],"author":[{"embeddable":true,"href":"https:\/\/concellodesober.com\/es\/wp-json\/wp\/v2\/users\/1"}],"replies":[{"embeddable":true,"href":"https:\/\/concellodesober.com\/es\/wp-json\/wp\/v2\/comments?post=11441"}],"version-history":[{"count":4,"href":"https:\/\/concellodesober.com\/es\/wp-json\/wp\/v2\/pages\/11441\/revisions"}],"predecessor-version":[{"id":15331,"href":"https:\/\/concellodesober.com\/es\/wp-json\/wp\/v2\/pages\/11441\/revisions\/15331"}],"wp:attachment":[{"href":"https:\/\/concellodesober.com\/es\/wp-json\/wp\/v2\/media?parent=11441"}],"curies":[{"name":"wp","href":"https:\/\/api.w.org\/{rel}","templated":true}]}}